{"id":1336,"date":"2020-11-24T16:15:10","date_gmt":"2020-11-24T07:15:10","guid":{"rendered":"https:\/\/international-marriage.info\/?page_id=1336"},"modified":"2020-11-24T16:51:06","modified_gmt":"2020-11-24T07:51:06","slug":"como-obter-um-visto-de-conjuge-para-casamento-internacional-e-viver-no-japao","status":"publish","type":"page","link":"https:\/\/international-marriage.info\/pt-br\/","title":{"rendered":"Como obter um visto de c\u00f4njuge para casamento internacional e viver no Jap\u00e3o"},"content":{"rendered":"<p><span style=\"color: #ff0000;\"><strong>Se voc\u00ea \u00e9 casado internacionalmente e registrado, podem viver juntos no Jap\u00e3o, \u00e9 claro! Voc\u00ea est\u00e1 pensando nisso?<\/strong><\/span><\/p>\n<p>Na verdade, para viver juntos no Jap\u00e3o, \u00e9 preciso obter um visto de c\u00f4njuge (formalmente &#8220;c\u00f4njuge de cidad\u00e3o japon\u00eas&#8221; ou &#8220;c\u00f4njuge de residente permanente&#8221;) al\u00e9m de se casar e se registrar como um casal internacional (*a n\u00e3o ser que o c\u00f4njuge estrangeiro j\u00e1 esteja no Jap\u00e3o com outro visto).<\/p>\n<p>Se for um casamento japon\u00eas, voc\u00eas poder\u00e3o viver juntos assim que houver consentimento m\u00fatuo. Entretanto, se a outra parte for estrangeira, o processo \u00e9 muito demorado e demorado. Come\u00e7ando com a coleta de documentos, a prepara\u00e7\u00e3o cuidadosa e deliberada e a aplica\u00e7\u00e3o de documentos de solicita\u00e7\u00e3o, e depois o per\u00edodo de exame, somente ent\u00e3o voc\u00ea ser\u00e1 eleg\u00edvel para entrar no Jap\u00e3o.<\/p>\n<p>Devido ao alto n\u00famero de casamentos falsos nos dias de hoje, o Bureau de Imigra\u00e7\u00e3o \u00e9 muito rigoroso no exame dos pedidos, e n\u00e3o \u00e9 raro que um pedido seja rejeitado mesmo que seja um verdadeiro casamento, se o pedido for feito de maneira f\u00e1cil.<\/p>\n<p>Hoje em dia, ouvimos muitas opini\u00f5es como esta: &#8220;N\u00e3o \u00e9 uma farsa, \u00e9 um verdadeiro casamento. Por que n\u00e3o posso obter uma licen\u00e7a? Este sistema n\u00e3o \u00e9 uma loucura?&#8221;<\/p>\n<p>Na verdade, h\u00e1 mais de alguns casos que claramente n\u00e3o est\u00e3o disfar\u00e7ados, e eu acho que deveria haver alguns limites na discri\u00e7\u00e3o dos examinadores. Entretanto, levar\u00e1 tempo para que o sistema seja revisado, e n\u00e3o sabemos quando isso ser\u00e1 feito. Portanto, a primeira coisa a fazer \u00e9 pensar em como apresentar um pedido que possa passar facilmente no exame do Bureau de Imigra\u00e7\u00e3o para que seu c\u00f4njuge estrangeiro possa vir ao Jap\u00e3o o mais r\u00e1pido poss\u00edvel.<\/p>\n<p><span style=\"text-decoration: underline; color: #ff0000;\"><strong>Uma vez que o pedido for rejeitado, o obst\u00e1culo \u00e9 levantado porque, da pr\u00f3xima vez que voc\u00ea solicitar um visto, voc\u00ea ser\u00e1 obrigado a preencher um formul\u00e1rio baseado no pedido que voc\u00ea fez anteriormente.<\/strong><\/span><\/p>\n<p><span style=\"text-decoration: underline;\"><strong>Nosso escrit\u00f3rio auxilia pessoas em Chiba, T\u00f3quio, Saitama, Ibaraki, Tochigi, Gunma, Nagano, Niigata, Yamanashi, e todos de Kyushu nos procedimentos para obter um visto de c\u00f4njuge para casamentos internacionais.<\/strong><\/span><\/p>\n<p>Por favor, sinta-se \u00e0 vontade para entrar em contato conosco se voc\u00ea tiver alguma d\u00favida sobre seu visto de casamento internacional. <span style=\"text-decoration: underline; color: #3366ff;\"><strong>As consultas iniciais est\u00e3o dispon\u00edveis a qualquer momento.<\/strong><\/span><\/p>\n<h2>Passos para poder viver com seu c\u00f4njuge no Jap\u00e3o<\/h2>\n<p>Para casar com um estrangeiro e morar juntos no Jap\u00e3o, \u00e9 necess\u00e1rio tomar as cinco etapas b\u00e1sicas a seguir.<\/p>\n<p>Dependendo da nacionalidade de seu parceiro, o processo pode tomar cerca de quatro etapas. Se o c\u00f4njuge estrangeiro j\u00e1 estiver no Jap\u00e3o com um visto diferente, por exemplo, para estudar ou trabalhar, o processo pode tomar apenas tr\u00eas etapas. Em qualquer caso, ainda \u00e9 dif\u00edcil para os cidad\u00e3os japoneses completar o processo de solicita\u00e7\u00e3o, considerando que \u00e9 preciso apenas uma etapa para se reportar ao escrit\u00f3rio do governo local.<\/p>\n<h3>Um exemplo de como trazer um c\u00f4njuge estrangeiro residente no exterior para o Jap\u00e3o<\/h3>\n<h4>1. a notifica\u00e7\u00e3o de casamento \u00e0s autoridades japonesas<\/h4>\n<p>Isto \u00e9 feito no escrit\u00f3rio municipal do local de resid\u00eancia ou domic\u00edlio do cidad\u00e3o japon\u00eas.<\/p>\n<p>Se voc\u00ea for casado no exterior, tamb\u00e9m pode solicitar uma notifica\u00e7\u00e3o de casamento em uma miss\u00e3o diplom\u00e1tica japonesa (embaixada ou consulado japon\u00eas em um pa\u00eds estrangeiro).<\/p>\n<h4>2.Notifica\u00e7\u00e3o de casamento no pa\u00eds de seu c\u00f4njuge<\/h4>\n<p>Dependendo do pa\u00eds, voc\u00ea precisa fazer mais do que apenas registrar seu casamento; voc\u00ea precisa fazer um exame m\u00e9dico, etc., por isso \u00e9 importante verificar o procedimento com bastante anteced\u00eancia.<\/p>\n<p>Mesmo no mesmo pa\u00eds, os procedimentos podem ser completamente diferentes dependendo da regi\u00e3o, por isso \u00e9 importante estar ciente disso tamb\u00e9m.<\/p>\n<p>Se seu c\u00f4njuge estrangeiro j\u00e1 estiver morando no Jap\u00e3o, \u00e9 poss\u00edvel solicitar na embaixada ou consulado da outra parte no Jap\u00e3o (com algumas exce\u00e7\u00f5es).<\/p>\n<p>Dependendo do pa\u00eds, voc\u00ea pode ter que reverter a ordem dos passos 1 e 2, ou pode ser capaz de ir em qualquer dire\u00e7\u00e3o.<\/p>\n<h4>3. Procedimento de solicita\u00e7\u00e3o na Ag\u00eancia de Imigra\u00e7\u00e3o<\/h4>\n<p>O processo de solicita\u00e7\u00e3o difere dependendo se o c\u00f4njuge estrangeiro est\u00e1 no Jap\u00e3o ou no exterior.<\/p>\n<p>Se voc\u00ea j\u00e1 estiver morando no Jap\u00e3o, voc\u00ea deve ter algum tipo de status de resid\u00eancia, para que possa solicitar uma mudan\u00e7a de status para &#8220;C\u00f4njuge de um cidad\u00e3o japon\u00eas&#8221; ou &#8220;C\u00f4njuge de um residente permanente&#8221;.<\/p>\n<p>Se voc\u00ea mora no exterior, voc\u00ea pode solicitar um Certificado de Elegibilidade para obter um visto.<\/p>\n<h4>4.Procedimento para emiss\u00e3o de visto na embaixada ou consulado do Jap\u00e3o no pa\u00eds do c\u00f4njuge estrangeiro<\/h4>\n<p>Ap\u00f3s as autoridades de imigra\u00e7\u00e3o terem emitido com sucesso um visto de c\u00f4njuge (Certificado de Elegibilidade), envie-o ao c\u00f4njuge estrangeiro e depois v\u00e1 at\u00e9 a embaixada japonesa (consulado) no pa\u00eds de seu c\u00f4njuge para emitir o visto.<\/p>\n<h4>5. Inspe\u00e7\u00e3o da imigra\u00e7\u00e3o no aeroporto japon\u00eas<\/h4>\n<p>O termo &#8220;imigra\u00e7\u00e3o&#8221; pode soar assustador, mas raramente \u00e9 um problema aqui. Entretanto, se suas impress\u00f5es digitais mostram que voc\u00ea esteve no pa\u00eds ilegalmente no passado, ou se voc\u00ea est\u00e1 trazendo algo com voc\u00ea que n\u00e3o est\u00e1 autorizado a trazer para o Jap\u00e3o, voc\u00ea n\u00e3o ter\u00e1 um problema.<\/p>\n<hr \/>\n<p><span style=\"text-decoration: underline;\"><strong>A parte mais dif\u00edcil do procedimento acima \u00e9 &#8220;solicitar ao escrit\u00f3rio de imigra\u00e7\u00e3o&#8221;. Se voc\u00ea puder desobstruir este procedimento, voc\u00ea poder\u00e1 entrar no Jap\u00e3o.<\/strong><\/span><\/p>\n<p>\u00c9 um longo caminho, mas \u00e9 poss\u00edvel encurtar o tempo de entrada no Jap\u00e3o usando um especialista para evitar documentos incompletos e erros. Entretanto, voc\u00ea ainda ter\u00e1 que passar por um per\u00edodo de espera tempor\u00e1ria durante o qual n\u00e3o poder\u00e1 encontr\u00e1-los. \u00c9 importante ter esperan\u00e7a e esperar pacientemente.<\/p>\n<p>H\u00e1 tamb\u00e9m procedimentos que lhe permitir\u00e3o casar-se internacionalmente e viver no Jap\u00e3o legalmente, mesmo que voc\u00ea esteja em um status ilegal, como entrada ilegal ou perman\u00eancia excessiva. Por favor, n\u00e3o desista, e sinta-se \u00e0 vontade para nos contatar para maiores informa\u00e7\u00f5es se isto se aplicar a voc\u00ea.<\/p>\n","protected":false},"excerpt":{"rendered":"<p>Se voc\u00ea \u00e9 casado internacionalmente e registrado, podem viver juntos no Jap\u00e3o, \u00e9 claro! Voc\u00ea est\u00e1 pensando nisso? Na verdade, para viver juntos no Jap\u00e3o, \u00e9 preciso obter um visto de c\u00f4njuge (formalmente &#8220;c\u00f4njuge de cidad\u00e3o japon\u00eas&#8221; ou &#8220;c\u00f4njuge de residente permanente&#8221;) al\u00e9m de se casar e se registrar como um casal internacional (*a n\u00e3o ser que o c\u00f4njuge estrangeiro j\u00e1 esteja no Jap\u00e3o com outro visto). Se for um casamento japon\u00eas, voc\u00eas poder\u00e3o viver juntos assim que houver consentimento m\u00fatuo. Entretanto, se a outra parte for estrangeira, o processo \u00e9 muito demorado e demorado. Come\u00e7ando com a coleta de documentos, a prepara\u00e7\u00e3o cuidadosa e deliberada e a aplica\u00e7\u00e3o de [&hellip;]<\/p>\n","protected":false},"author":2,"featured_media":0,"parent":0,"menu_order":0,"comment_status":"closed","ping_status":"closed","template":"","meta":{"footnotes":""},"tags":[],"class_list":["post-1336","page","type-page","status-publish"],"aioseo_notices":[],"_links":{"self":[{"href":"https:\/\/international-marriage.info\/pt-br\/wp-json\/wp\/v2\/pages\/1336","targetHints":{"allow":["GET"]}}],"collection":[{"href":"https:\/\/international-marriage.info\/pt-br\/wp-json\/wp\/v2\/pages"}],"about":[{"href":"https:\/\/international-marriage.info\/pt-br\/wp-json\/wp\/v2\/types\/page"}],"author":[{"embeddable":true,"href":"https:\/\/international-marriage.info\/pt-br\/wp-json\/wp\/v2\/users\/2"}],"replies":[{"embeddable":true,"href":"https:\/\/international-marriage.info\/pt-br\/wp-json\/wp\/v2\/comments?post=1336"}],"version-history":[{"count":0,"href":"https:\/\/international-marriage.info\/pt-br\/wp-json\/wp\/v2\/pages\/1336\/revisions"}],"wp:attachment":[{"href":"https:\/\/international-marriage.info\/pt-br\/wp-json\/wp\/v2\/media?parent=1336"}],"wp:term":[{"taxonomy":"post_tag","embeddable":true,"href":"https:\/\/international-marriage.info\/pt-br\/wp-json\/wp\/v2\/tags?post=1336"}],"curies":[{"name":"wp","href":"https:\/\/api.w.org\/{rel}","templated":true}]}}