{"id":1475,"date":"2020-12-07T16:15:30","date_gmt":"2020-12-07T07:15:30","guid":{"rendered":"https:\/\/international-marriage.info\/?page_id=1475"},"modified":"2020-12-07T16:15:30","modified_gmt":"2020-12-07T07:15:30","slug":"map","status":"publish","type":"page","link":"https:\/\/international-marriage.info\/pt-br\/map\/","title":{"rendered":"Mapa de acesso"},"content":{"rendered":"<p>Nosso escrit\u00f3rio est\u00e1 localizado em frente \u00e0 sa\u00edda oeste da esta\u00e7\u00e3o Kashiwa, por isso \u00e9 conveniente vir por transporte p\u00fablico.<br \/>\nO edif\u00edcio em frente \u00e0 sa\u00edda oeste da esta\u00e7\u00e3o Kashiwa na linha JR Joban ou Tobu Noda Line \u00e9 o edif\u00edcio \u00e0 nossa frente.<br \/>\nNo final da sa\u00edda oeste, des\u00e7a as escadas \u00e0 direita, a entrada do edif\u00edcio \u00e9 no final das escadas.<\/p>\n<p>O escrit\u00f3rio n\u00e3o tem um estacionamento, mas h\u00e1 v\u00e1rios estacionamentos operados por moedas nas proximidades.<br \/>\n<a href=\"https:\/\/www.google.com\/maps\/d\/viewer?ie=UTF8&amp;hl=ja&amp;msa=0&amp;ll=35.8627%2C139.97094899999996&amp;spn=0.003043%2C0.00456&amp;z=17&amp;source=embed&amp;mid=19nfcQwZIDI1bwEKDVAWDL9opOX0\">Ver em um mapa maior<\/a><\/p>\n","protected":false},"excerpt":{"rendered":"<p>Nosso escrit\u00f3rio est\u00e1 localizado em frente \u00e0 sa\u00edda oeste da esta\u00e7\u00e3o Kashiwa, por isso \u00e9 conveniente vir por transporte p\u00fablico. O edif\u00edcio em frente \u00e0 sa\u00edda oeste da esta\u00e7\u00e3o Kashiwa na linha JR Joban ou Tobu Noda Line \u00e9 o edif\u00edcio \u00e0 nossa frente. No final da sa\u00edda oeste, des\u00e7a as escadas \u00e0 direita, a entrada do edif\u00edcio \u00e9 no final das escadas. O escrit\u00f3rio n\u00e3o tem um estacionamento, mas h\u00e1 v\u00e1rios estacionamentos operados por moedas nas proximidades. Ver em um mapa maior<\/p>\n","protected":false},"author":2,"featured_media":0,"parent":0,"menu_order":0,"comment_status":"open","ping_status":"open","template":"","meta":{"footnotes":""},"tags":[],"class_list":["post-1475","page","type-page","status-publish"],"aioseo_notices":[],"_links":{"self":[{"href":"https:\/\/international-marriage.info\/pt-br\/wp-json\/wp\/v2\/pages\/1475","targetHints":{"allow":["GET"]}}],"collection":[{"href":"https:\/\/international-marriage.info\/pt-br\/wp-json\/wp\/v2\/pages"}],"about":[{"href":"https:\/\/international-marriage.info\/pt-br\/wp-json\/wp\/v2\/types\/page"}],"author":[{"embeddable":true,"href":"https:\/\/international-marriage.info\/pt-br\/wp-json\/wp\/v2\/users\/2"}],"replies":[{"embeddable":true,"href":"https:\/\/international-marriage.info\/pt-br\/wp-json\/wp\/v2\/comments?post=1475"}],"version-history":[{"count":0,"href":"https:\/\/international-marriage.info\/pt-br\/wp-json\/wp\/v2\/pages\/1475\/revisions"}],"wp:attachment":[{"href":"https:\/\/international-marriage.info\/pt-br\/wp-json\/wp\/v2\/media?parent=1475"}],"wp:term":[{"taxonomy":"post_tag","embeddable":true,"href":"https:\/\/international-marriage.info\/pt-br\/wp-json\/wp\/v2\/tags?post=1475"}],"curies":[{"name":"wp","href":"https:\/\/api.w.org\/{rel}","templated":true}]}}