{"id":1604,"date":"2020-12-14T17:10:41","date_gmt":"2020-12-14T08:10:41","guid":{"rendered":"https:\/\/international-marriage.info\/?page_id=1604"},"modified":"2020-12-14T17:13:48","modified_gmt":"2020-12-14T08:13:48","slug":"israel","status":"publish","type":"page","link":"https:\/\/international-marriage.info\/pt-br\/israel\/","title":{"rendered":"Procedimento de casamento com um israelense"},"content":{"rendered":"\n<p>Voc\u00ea pode se casar com um israelense de uma das seguintes maneiras, mas se voc\u00ea for um israelense que n\u00e3o tem um endere\u00e7o no Jap\u00e3o, voc\u00ea precisar\u00e1 completar primeiro as formalidades de casamento do lado israelense.<\/p>\n\n\n\n<h2 class=\"wp-block-heading\">Como se inscrever para o casamento do Jap\u00e3o<\/h2>\n\n\n\n<div class=\"wp-block-group has-pale-cyan-blue-background-color has-background\"><div class=\"wp-block-group__inner-container is-layout-flow wp-block-group-is-layout-flow\">\n<p class=\"has-medium-font-size\">(1) Preparar &#8220;teudat leida (registro nacional)&#8221; do israelense.<\/p>\n\n\n\n<p>Preparar o &#8220;teudat leida (registro nacional)&#8221; do nacional israelense. Pe\u00e7a \u00e0 embaixada israelense no Jap\u00e3o ou a um membro da fam\u00edlia que vive em Israel para obt\u00ea-lo para voc\u00ea.<\/p>\n<\/div><\/div>\n\n\n\n<p class=\"has-text-align-center has-vivid-cyan-blue-color has-text-color has-medium-font-size\">\u25bc<\/p>\n\n\n\n<div class=\"wp-block-group has-pale-cyan-blue-background-color has-background\"><div class=\"wp-block-group__inner-container is-layout-flow wp-block-group-is-layout-flow\">\n<p class=\"has-medium-font-size\">(2) Receba uma apostila na embaixada israelense no Jap\u00e3o para os documentos mencionados em (1) acima.<\/p>\n\n\n\n<p>Se voc\u00ea pedir \u00e0 embaixada israelense no Jap\u00e3o para encomendar os documentos, levar\u00e1 cerca de 3 semanas para concluir este procedimento.<\/p>\n\n\n\n<p>Levar\u00e1 cerca de 3 semanas para completar este processo se voc\u00ea encomendar os documentos na embaixada israelense em T\u00f3quio. Voc\u00ea tamb\u00e9m precisar\u00e1 ter os documentos traduzidos e certificados pela embaixada israelense em T\u00f3quio.<\/p>\n\n\n\n<p>Se voc\u00ea j\u00e1 foi casado antes, tamb\u00e9m precisar\u00e1 de uma certid\u00e3o de \u00f3bito caso tenha perdido seu ex-c\u00f4njuge, ou de uma certid\u00e3o de div\u00f3rcio caso tenha se separado.<\/p>\n<\/div><\/div>\n\n\n\n<p class=\"has-text-align-center has-vivid-cyan-blue-color has-text-color has-medium-font-size\">\u25bc<\/p>\n\n\n\n<div class=\"wp-block-group has-pale-cyan-blue-background-color has-background\"><div class=\"wp-block-group__inner-container is-layout-flow wp-block-group-is-layout-flow\">\n<p class=\"has-medium-font-size\">(3) Se voc\u00ea j\u00e1 foi casado antes, precisar\u00e1 de uma certid\u00e3o de \u00f3bito, se perdeu seu ex-c\u00f4njuge, ou uma certid\u00e3o de div\u00f3rcio, se perdeu seu ex-c\u00f4njuge.<\/p>\n\n\n\n<p>(Documentos requeridos)<\/p>\n\n\n\n<ul class=\"wp-block-list\"><li>Um certificado de capacidade legal para contratar casamento (com tradu\u00e7\u00e3o em japon\u00eas)<\/li><li>No caso de Israel, \u00e9 necess\u00e1ria uma &#8220;teudat leida&#8221; com uma apostila.<\/li><li>Em Israel, ser\u00e1 necess\u00e1rio apresentar uma &#8220;teudat leida&#8221; com uma apostila, que tamb\u00e9m \u00e9 exigida para um pedido de visto de c\u00f4njuge.<\/li><li>Certid\u00e3o de nascimento do cidad\u00e3o israelense (com tradu\u00e7\u00e3o em japon\u00eas)<\/li><li>Certificado de nacionalidade do cidad\u00e3o israelense (com tradu\u00e7\u00e3o em japon\u00eas)<\/li><li>Comprovante de identidade (cart\u00e3o de resid\u00eancia, carteira de motorista, passaporte, etc.)<\/li><li>Uma c\u00f3pia do registro de fam\u00edlia tamb\u00e9m \u00e9 necess\u00e1ria se o casamento for realizado fora do domic\u00edlio do cidad\u00e3o japon\u00eas.<\/li><\/ul>\n<\/div><\/div>\n\n\n\n<p class=\"has-text-align-center has-vivid-cyan-blue-color has-text-color has-medium-font-size\">\u25bc<\/p>\n\n\n\n<p class=\"has-pale-cyan-blue-background-color has-background\">(4) Uma c\u00f3pia do registro de fam\u00edlia tamb\u00e9m \u00e9 necess\u00e1ria.<\/p>\n\n\n\n<p class=\"has-text-align-center has-vivid-cyan-blue-color has-text-color has-medium-font-size\">\u25bc<\/p>\n\n\n\n<p class=\"has-pale-cyan-blue-background-color has-background\">(5) Enviar o &#8220;Certificado de Aceita\u00e7\u00e3o de Casamento&#8221; com apostila \u00e0 Embaixada de Israel no Jap\u00e3o com tradu\u00e7\u00e3o em ingl\u00eas ou hebraico, e receber um documento oficial declarando que o casamento foi aceito.<\/p>\n\n\n\n<h2 class=\"wp-block-heading\">Como se casar em Israel<\/h2>\n\n\n\n<div class=\"wp-block-group has-pale-cyan-blue-background-color has-background\"><div class=\"wp-block-group__inner-container is-layout-flow wp-block-group-is-layout-flow\">\n<p class=\"has-medium-font-size\">(1) Um cidad\u00e3o japon\u00eas obt\u00e9m um certificado de capacidade legal para casar-se e obt\u00e9m uma apostila do Minist\u00e9rio das Rela\u00e7\u00f5es Exteriores.<\/p>\n\n\n\n<p>Se o documento for traduzido para o ingl\u00eas ou para o hebraico, ele deve ser certificado por um not\u00e1rio.<\/p>\n<\/div><\/div>\n\n\n\n<p class=\"has-text-align-center has-vivid-cyan-blue-color has-text-color has-medium-font-size\">\u25bc<\/p>\n\n\n\n<p class=\"has-pale-cyan-blue-background-color has-background\">(2) Um japon\u00eas obt\u00e9m um &#8220;Certificado de Singleness&#8221; etc. na Embaixada do Jap\u00e3o em Israel.<\/p>\n\n\n\n<p class=\"has-text-align-center has-vivid-cyan-blue-color has-text-color has-medium-font-size\">\u25bc<\/p>\n\n\n\n<p class=\"has-pale-cyan-blue-background-color has-background\">(3) O &#8220;Certificado de Singleness&#8221; \u00e9 autenticado pelo Minist\u00e9rio das Rela\u00e7\u00f5es Exteriores em Israel.<\/p>\n\n\n\n<p class=\"has-text-align-center has-vivid-cyan-blue-color has-text-color has-medium-font-size\">\u25bc<\/p>\n\n\n\n<p class=\"has-pale-cyan-blue-background-color has-background\">(4) As duas partes do casamento v\u00e3o ao escrit\u00f3rio municipal com jurisdi\u00e7\u00e3o sobre o endere\u00e7o do israelense e obt\u00eam uma certid\u00e3o de casamento.<\/p>\n\n\n\n<p class=\"has-text-align-center has-vivid-cyan-blue-color has-text-color has-medium-font-size\">\u25bc<\/p>\n\n\n\n<p class=\"has-pale-cyan-blue-background-color has-background\">(5) Apresentar a &#8220;Notifica\u00e7\u00e3o de Casamento&#8221; \u00e0 Embaixada do Jap\u00e3o em Israel ou \u00e0 secretaria municipal no Jap\u00e3o.<\/p>\n\n\n\n<p>Observe que os documentos necess\u00e1rios para o procedimento podem diferir dependendo da regi\u00e3o ou da organiza\u00e7\u00e3o solicitante, portanto \u00e9 recomend\u00e1vel que voc\u00ea verifique com a organiza\u00e7\u00e3o \u00e0 qual est\u00e1 solicitando com anteced\u00eancia.<\/p>\n\n\n\n<div style=\"height:50px\" aria-hidden=\"true\" class=\"wp-block-spacer\"><\/div>\n\n\n\n<p>Podemos ajud\u00e1-lo com as formalidades de seu casamento internacional com um cidad\u00e3o israelense.<br>Por favor, n\u00e3o hesite em nos contatar.<\/p>\n","protected":false},"excerpt":{"rendered":"<p>Voc\u00ea pode se casar com um israelense de uma das seguintes maneiras, mas se voc\u00ea for um israelense que n\u00e3o tem um endere\u00e7o no Jap\u00e3o, voc\u00ea precisar\u00e1 completar primeiro as formalidades de casamento do lado israelense. Como se inscrever para o casamento do Jap\u00e3o (1) Preparar &#8220;teudat leida (registro nacional)&#8221; do israelense. Preparar o &#8220;teudat leida (registro nacional)&#8221; do nacional israelense. Pe\u00e7a \u00e0 embaixada israelense no Jap\u00e3o ou a um membro da fam\u00edlia que vive em Israel para obt\u00ea-lo para voc\u00ea. \u25bc (2) Receba uma apostila na embaixada israelense no Jap\u00e3o para os documentos mencionados em (1) acima. Se voc\u00ea pedir \u00e0 embaixada israelense no Jap\u00e3o para encomendar os documentos, [&hellip;]<\/p>\n","protected":false},"author":2,"featured_media":0,"parent":0,"menu_order":0,"comment_status":"closed","ping_status":"closed","template":"","meta":{"footnotes":""},"tags":[],"class_list":["post-1604","page","type-page","status-publish"],"aioseo_notices":[],"_links":{"self":[{"href":"https:\/\/international-marriage.info\/pt-br\/wp-json\/wp\/v2\/pages\/1604","targetHints":{"allow":["GET"]}}],"collection":[{"href":"https:\/\/international-marriage.info\/pt-br\/wp-json\/wp\/v2\/pages"}],"about":[{"href":"https:\/\/international-marriage.info\/pt-br\/wp-json\/wp\/v2\/types\/page"}],"author":[{"embeddable":true,"href":"https:\/\/international-marriage.info\/pt-br\/wp-json\/wp\/v2\/users\/2"}],"replies":[{"embeddable":true,"href":"https:\/\/international-marriage.info\/pt-br\/wp-json\/wp\/v2\/comments?post=1604"}],"version-history":[{"count":0,"href":"https:\/\/international-marriage.info\/pt-br\/wp-json\/wp\/v2\/pages\/1604\/revisions"}],"wp:attachment":[{"href":"https:\/\/international-marriage.info\/pt-br\/wp-json\/wp\/v2\/media?parent=1604"}],"wp:term":[{"taxonomy":"post_tag","embeddable":true,"href":"https:\/\/international-marriage.info\/pt-br\/wp-json\/wp\/v2\/tags?post=1604"}],"curies":[{"name":"wp","href":"https:\/\/api.w.org\/{rel}","templated":true}]}}