{"id":1975,"date":"2020-12-17T17:24:19","date_gmt":"2020-12-17T08:24:19","guid":{"rendered":"https:\/\/international-marriage.info\/?page_id=1975"},"modified":"2020-12-17T17:24:42","modified_gmt":"2020-12-17T08:24:42","slug":"singapore","status":"publish","type":"page","link":"https:\/\/international-marriage.info\/pt-br\/singapore\/","title":{"rendered":"Procedimento para Casamento com um Cingapuriano"},"content":{"rendered":"\n<p>O procedimento para casar com um cingapuriano pode ser realizado de uma das seguintes formas<\/p>\n\n\n\n<h2 class=\"wp-block-heading\">Se as formalidades matrimoniais forem realizadas a partir do Jap\u00e3o<\/h2>\n\n\n\n<h5 class=\"wp-block-heading\">(1)Ambas as partes v\u00e3o \u00e0 Embaixada de Cingapura em T\u00f3quio para obter uma declara\u00e7\u00e3o juramentada.<\/h5>\n\n\n\n<p>Como Cingapura n\u00e3o emite uma &#8220;Certid\u00e3o de Casamento&#8221;, a declara\u00e7\u00e3o juramentada e a certid\u00e3o de nascimento podem ser usadas em seu lugar.<\/p>\n\n\n\n<p>Documentos requeridos<\/p>\n\n\n\n<ul class=\"wp-block-list\"><li>Resultado da Busca de Casamento<\/li><li>Um Resultado de Busca de Casamento deve ser obtido do Registrador de Casamentos ou do Registrador de Casamentos Mu\u00e7ulmanos.<\/li><li>Passaportes de ambas as partes do casamento.<\/li><\/ul>\n\n\n\n<h5 class=\"wp-block-heading\">(2)Uma c\u00f3pia da certid\u00e3o de casamento de ambas as partes do casamento.<\/h5>\n\n\n\n<p>O casamento ser\u00e1 validado quando os seguintes documentos forem apresentados (a apresenta\u00e7\u00e3o \u00e0 Embaixada de Cingapura \u00e9 opcional)<\/p>\n\n\n\n<ul class=\"wp-block-list\"><li>Declara\u00e7\u00e3o juramentada de casamento<\/li><li>O passaporte de Cingapura<\/li><li>O cart\u00e3o de resid\u00eancia de Cingapura<\/li><li>Certid\u00e3o de nascimento do cingapuriano.<\/li><li>Uma c\u00f3pia do registro de fam\u00edlia tamb\u00e9m \u00e9 necess\u00e1ria se o casamento for realizado fora do domic\u00edlio do cidad\u00e3o japon\u00eas.<\/li><\/ul>\n\n\n\n<h2 class=\"wp-block-heading\">Para mu\u00e7ulmanos que desejam registrar seu casamento em Cingapura<\/h2>\n\n\n\n<h5 class=\"wp-block-heading\">(1)O japon\u00eas deve obter um &#8220;Certificado de Elegibilidade para Casamento&#8221; do Bureau de Assuntos Jur\u00eddicos no Jap\u00e3o ou da Embaixada de Cingapura.<\/h5>\n\n\n\n<p>Se o certificado for obtido junto ao Departamento Jur\u00eddico, dever\u00e1 ser autenticado pelo Minist\u00e9rio das Rela\u00e7\u00f5es Exteriores e pela Embaixada de Cingapura.<\/p>\n\n\n\n<h5 class=\"wp-block-heading\">(2)Registre o casamento no Registro de Casamento Isl\u00e2mico em Cingapura e realize a cerim\u00f4nia de casamento dentro de 150 dias a partir de 7 dias ap\u00f3s o registro.<\/h5>\n\n\n\n<p>O registro deve atender \u00e0s exig\u00eancias da lei isl\u00e2mica e da Lei de Execu\u00e7\u00e3o Mu\u00e7ulmana, e ap\u00f3s o registro, as duas partes do casamento e o Wali (pai ou parente masculino) da esposa devem confirmar o registro. Para registrar um casamento, s\u00e3o necess\u00e1rios os seguintes documentos<\/p>\n\n\n\n<ul class=\"wp-block-list\"><li>Passaportes das partes e duas testemunhas (maiores de 21 anos)<\/li><li>Certificado de capacidade legal para casar (com tradu\u00e7\u00e3o)<\/li><li>Uma c\u00f3pia do registro da fam\u00edlia (com tradu\u00e7\u00e3o)<\/li><\/ul>\n\n\n\n<h5 class=\"wp-block-heading\">(3)Certificado de registro de casamento certificado pelo Minist\u00e9rio das Rela\u00e7\u00f5es Exteriores de Cingapura.<\/h5>\n\n\n\n<h5 class=\"wp-block-heading\">(4) Relatar o casamento no Jap\u00e3o \u00e0 Embaixada do Jap\u00e3o em Cingapura ou ao escrit\u00f3rio do governo local no Jap\u00e3o.<\/h5>\n\n\n\n<p>Apresente os seguintes documentos junto com sua solicita\u00e7\u00e3o (se seu domic\u00edlio japon\u00eas e seu domic\u00edlio ap\u00f3s o casamento forem diferentes, voc\u00ea precisar\u00e1 de duas c\u00f3pias cada).<\/p>\n\n\n\n<ul class=\"wp-block-list\"><li>Uma c\u00f3pia do registro de fam\u00edlia (shouhon)<\/li><li>Certificado de registro de casamento (original) (com tradu\u00e7\u00e3o em japon\u00eas)<\/li><li>Um documento que certifica a nacionalidade do estrangeiro no momento do casamento (com tradu\u00e7\u00e3o em japon\u00eas)<\/li><li>Uma c\u00f3pia das carteiras de identidade das duas partes do casamento.<\/li><\/ul>\n\n\n\n<h2 class=\"wp-block-heading\">No caso de n\u00e3o-mu\u00e7ulmanos, o casamento deve ser realizado a partir de Cingapura.<\/h2>\n\n\n\n<h5 class=\"wp-block-heading\">(1)Ap\u00f3s uma das partes estar em Cingapura por pelo menos 15 dias, ambas as partes apresentam uma notifica\u00e7\u00e3o de casamento ao Registro de Casamento de Cingapura.<\/h5>\n\n\n\n<h5 class=\"wp-block-heading\">(2) Uma licen\u00e7a de casamento \u00e9 emitida pelo Registrar de Casamentos.<\/h5>\n\n\n\n<h5 class=\"wp-block-heading\">(3)Ap\u00f3s 21 dias da data de apresenta\u00e7\u00e3o da notifica\u00e7\u00e3o de casamento, a cerim\u00f4nia de casamento deve ser realizada dentro de 3 meses e o Registrador deve registrar o casamento ap\u00f3s a cerim\u00f4nia.<\/h5>\n\n\n\n<h5 class=\"wp-block-heading\">(4)Obter uma certid\u00e3o de casamento do Governo de Cingapura.<\/h5>\n\n\n\n<p>Podemos ajud\u00e1-lo com os procedimentos para o casamento com um cingapuriano, n\u00e3o hesite em nos contatar.<\/p>\n","protected":false},"excerpt":{"rendered":"<p>O procedimento para casar com um cingapuriano pode ser realizado de uma das seguintes formas Se as formalidades matrimoniais forem realizadas a partir do Jap\u00e3o (1)Ambas as partes v\u00e3o \u00e0 Embaixada de Cingapura em T\u00f3quio para obter uma declara\u00e7\u00e3o juramentada. Como Cingapura n\u00e3o emite uma &#8220;Certid\u00e3o de Casamento&#8221;, a declara\u00e7\u00e3o juramentada e a certid\u00e3o de nascimento podem ser usadas em seu lugar. Documentos requeridos Resultado da Busca de Casamento Um Resultado de Busca de Casamento deve ser obtido do Registrador de Casamentos ou do Registrador de Casamentos Mu\u00e7ulmanos. Passaportes de ambas as partes do casamento. (2)Uma c\u00f3pia da certid\u00e3o de casamento de ambas as partes do casamento. O casamento ser\u00e1 [&hellip;]<\/p>\n","protected":false},"author":2,"featured_media":0,"parent":0,"menu_order":0,"comment_status":"closed","ping_status":"closed","template":"","meta":{"footnotes":""},"tags":[],"class_list":["post-1975","page","type-page","status-publish"],"aioseo_notices":[],"_links":{"self":[{"href":"https:\/\/international-marriage.info\/pt-br\/wp-json\/wp\/v2\/pages\/1975","targetHints":{"allow":["GET"]}}],"collection":[{"href":"https:\/\/international-marriage.info\/pt-br\/wp-json\/wp\/v2\/pages"}],"about":[{"href":"https:\/\/international-marriage.info\/pt-br\/wp-json\/wp\/v2\/types\/page"}],"author":[{"embeddable":true,"href":"https:\/\/international-marriage.info\/pt-br\/wp-json\/wp\/v2\/users\/2"}],"replies":[{"embeddable":true,"href":"https:\/\/international-marriage.info\/pt-br\/wp-json\/wp\/v2\/comments?post=1975"}],"version-history":[{"count":0,"href":"https:\/\/international-marriage.info\/pt-br\/wp-json\/wp\/v2\/pages\/1975\/revisions"}],"wp:attachment":[{"href":"https:\/\/international-marriage.info\/pt-br\/wp-json\/wp\/v2\/media?parent=1975"}],"wp:term":[{"taxonomy":"post_tag","embeddable":true,"href":"https:\/\/international-marriage.info\/pt-br\/wp-json\/wp\/v2\/tags?post=1975"}],"curies":[{"name":"wp","href":"https:\/\/api.w.org\/{rel}","templated":true}]}}