{"id":2079,"date":"2020-12-21T15:32:13","date_gmt":"2020-12-21T06:32:13","guid":{"rendered":"https:\/\/international-marriage.info\/?page_id=2079"},"modified":"2020-12-21T15:39:05","modified_gmt":"2020-12-21T06:39:05","slug":"sri-lanka","status":"publish","type":"page","link":"https:\/\/international-marriage.info\/pt-br\/sri-lanka\/","title":{"rendered":"Procedimento para Casamento com Sri Lankan"},"content":{"rendered":"\n<p>N\u00e3o importa qual lado do processo de casamento voc\u00ea escolhe, Jap\u00e3o ou Sri Lanka.<\/p>\n\n\n\n<p>Entretanto, considerando o n\u00famero de documentos a serem apresentados e a complexidade das condi\u00e7\u00f5es, recomenda-se que o lado cingal\u00eas se encarregue primeiro das formalidades.<\/p>\n\n\n\n<p>A dura\u00e7\u00e3o da estadia no Sri Lanka para as formalidades do casamento \u00e9 de cerca de uma semana.<br>Diz-se que o Sri Lanka \u00e9 um pa\u00eds onde \u00e9 relativamente f\u00e1cil se casar com um n\u00e3o-Sri Lankan.<\/p>\n\n\n\n<p>A menos que voc\u00ea n\u00e3o possa viajar para o Sri Lanka devido a compromissos de trabalho ou outras raz\u00f5es, pode ser mais r\u00e1pido completar as formalidades no Sri Lanka do que completar primeiro as formalidades japonesas.<\/p>\n\n\n\n<p>Portanto, aqui est\u00e1 o fluxo de procedimentos para o casamento com um cingal\u00eas.<\/p>\n\n\n\n<h2 class=\"wp-block-heading\">Se o casamento for realizado a partir do lado cingal\u00eas<\/h2>\n\n\n\n<h5 class=\"wp-block-heading\">(1) Solicitar e obter uma c\u00f3pia do registro de fam\u00edlia no escrit\u00f3rio local do domic\u00edlio da pessoa japonesa.<\/h5>\n\n\n\n<h5 class=\"wp-block-heading\">(2) Ter a &#8220;c\u00f3pia do registro de fam\u00edlia&#8221; obtida em (1) acima autenticada pelo Minist\u00e9rio das Rela\u00e7\u00f5es Exteriores.<\/h5>\n\n\n\n<p>O local pode ser em T\u00f3quio ou Osaka.<\/p>\n\n\n\n<p><strong>T\u00f3quio:<\/strong> Minist\u00e9rio das Rela\u00e7\u00f5es Exteriores, South Bldg. 1F, 2-2-1 Kasumigaseki, Chiyoda-ku, T\u00f3quio; Minist\u00e9rio das Rela\u00e7\u00f5es Exteriores, Centro de Servi\u00e7o Consular, Se\u00e7\u00e3o de Certifica\u00e7\u00e3o<br><strong>Osaka:<\/strong> Minist\u00e9rio das Rela\u00e7\u00f5es Exteriores, Filial de Osaka, 4F, Edif\u00edcio Osaka Godocho N\u00ba 4, 4-1-76 Otemae, Chuo-ku, Cidade de Osaka, Osaka<\/p>\n\n\n\n<h5 class=\"wp-block-heading\">(3) Ter a &#8220;C\u00f3pia Certificada do Registro de Fam\u00edlia&#8221; obtida em (2) acima autenticada pela Embaixada do Sri Lanka no Jap\u00e3o.<\/h5>\n\n\n\n<p>V\u00e1 para Sri Lanka e tenha a c\u00f3pia autenticada do registro de sua fam\u00edlia.<\/p>\n\n\n\n<h5 class=\"wp-block-heading\">(4)O candidato ir\u00e1 ent\u00e3o ao Sri Lanka e ter\u00e1 a &#8220;Certid\u00e3o de Casamento&#8221; e a &#8220;Certid\u00e3o de Nascimento&#8221; em ingl\u00eas preparadas na Embaixada do Jap\u00e3o no Sri Lanka com base na &#8220;C\u00f3pia Certificada do Registro de Fam\u00edlia&#8221;. Os certificados ser\u00e3o emitidos no pr\u00f3ximo dia de abertura ap\u00f3s a data da solicita\u00e7\u00e3o.<\/h5>\n\n\n\n<p>Se a pessoa japonesa tem um hist\u00f3rico de div\u00f3rcio ou luto, \u00e9 necess\u00e1rio ter uma certid\u00e3o de div\u00f3rcio\/morte preparada tamb\u00e9m neste momento.<br>Se a pessoa japonesa foi divorciada ou enlutada, a certid\u00e3o de div\u00f3rcio\/morte tamb\u00e9m deve ser preparada neste momento.<\/p>\n\n\n\n<div class=\"wp-block-group has-pale-cyan-blue-background-color has-background\"><div class=\"wp-block-group__inner-container is-layout-flow wp-block-group-is-layout-flow\">\n<p><strong>Documentos necess\u00e1rios para a prepara\u00e7\u00e3o<\/strong><\/p>\n\n\n\n<p>Documentos a serem preparados por japoneses<\/p>\n\n\n\n<ul class=\"wp-block-list\"><li>Formul\u00e1rio de solicita\u00e7\u00e3o (dispon\u00edvel na Embaixada)<\/li><li>Uma c\u00f3pia autenticada do registro de fam\u00edlia (certificada pelo Minist\u00e9rio das Rela\u00e7\u00f5es Exteriores do Jap\u00e3o e pela Embaixada do Sri Lanka no Jap\u00e3o e emitida nos \u00faltimos 3 meses)<\/li><li>Se voc\u00ea j\u00e1 foi casado no passado, todos os documentos que mostram seu hist\u00f3rico conjugal<\/li><li>C\u00f3pia original do passaporte<\/li><\/ul>\n\n\n\n<p>Documentos necess\u00e1rios para cidad\u00e3os cingaleses<\/p>\n\n\n\n<ul class=\"wp-block-list\"><li>Uma c\u00f3pia autenticada da certid\u00e3o de nascimento do cidad\u00e3o cingal\u00eas<\/li><li>Uma c\u00f3pia da certid\u00e3o de nascimento emitida pelas Secretarias de Divis\u00e3o do Sri Lanka.<\/li><li>(no caso de um menor) Casamento Consentimento de um representante legal (por exemplo, pais)<\/li><\/ul>\n<\/div><\/div>\n\n\n\n<h5 class=\"wp-block-heading\">(5) O casal deve comparecer no escrit\u00f3rio local de registro do local onde o casamento ser\u00e1 realizado, solicitar o registro do casamento e ter uma &#8220;Certid\u00e3o de Casamento&#8221; emitida.<\/h5>\n\n\n\n<div class=\"wp-block-group has-pale-cyan-blue-background-color has-background\"><div class=\"wp-block-group__inner-container is-layout-flow wp-block-group-is-layout-flow\">\n<p><strong>Documentos necess\u00e1rios para a prepara\u00e7\u00e3o<\/strong><\/p>\n\n\n\n<p>Documentos necess\u00e1rios para os japoneses<br>Todos os documentos em japon\u00eas precisam ser traduzidos e autenticados.<\/p>\n\n\n\n<ul class=\"wp-block-list\"><li>Passaporte original (tamb\u00e9m \u00e9 necess\u00e1ria uma fotoc\u00f3pia da foto e uma p\u00e1gina de carimbo)<\/li><li>Duas fotografias certificadas (tamanho do passaporte, cor)<\/li><li>4) C\u00f3pias originais da &#8220;Certid\u00e3o de Casamento&#8221; e da &#8220;Certid\u00e3o de Nascimento<\/li><\/ul>\n\n\n\n<p>Se voc\u00ea j\u00e1 experimentou o div\u00f3rcio ou o luto, voc\u00ea tamb\u00e9m precisar\u00e1 de uma certid\u00e3o de div\u00f3rcio\/morte neste momento.<\/p>\n\n\n\n<p>Os japoneses s\u00e3o obrigados a permanecer no Sri Lanka por um m\u00ednimo de 4 dias antes de solicitar o registro de casamento. Entretanto, se for obtida permiss\u00e3o especial do Escrit\u00f3rio Distrital de Registro, a certid\u00e3o de casamento poder\u00e1 ser emitida no mesmo dia.<\/p>\n\n\n\n<p>Documentos necess\u00e1rios a serem preparados por cidad\u00e3os cingaleses<\/p>\n\n\n\n<ul class=\"wp-block-list\"><li>Apresenta\u00e7\u00e3o original do passaporte<\/li><li>Duas fotografias certificadas (tamanho do passaporte, cor)<\/li><li>Uma c\u00f3pia original da certid\u00e3o de nascimento<\/li><\/ul>\n<\/div><\/div>\n\n\n\n<h5 class=\"wp-block-heading\">(6)Tenha sua &#8220;Certid\u00e3o de Casamento&#8221; autenticada pelo Minist\u00e9rio das Rela\u00e7\u00f5es Exteriores do Sri Lanka, a qual voc\u00ea solicitou o registro em \u2464.<\/h5>\n\n\n\n<h5 class=\"wp-block-heading\">(7) Envie os seguintes documentos para a Embaixada do Jap\u00e3o no Sri Lanka ou para o escrit\u00f3rio do governo local no Jap\u00e3o.<\/h5>\n\n\n\n<p>Se voc\u00ea deseja obter imediatamente um visto de c\u00f4njuge para morar no Jap\u00e3o com um cingal\u00eas, favor apresentar o pedido no escrit\u00f3rio municipal no Jap\u00e3o. Se voc\u00ea se inscrever na Embaixada do Jap\u00e3o no Sri Lanka, \u00e9 prov\u00e1vel que leve de dois a tr\u00eas meses antes que o fato do casamento se reflita no registro da fam\u00edlia.<\/p>\n\n\n\n<div class=\"wp-block-group has-pale-cyan-blue-background-color has-background\"><div class=\"wp-block-group__inner-container is-layout-flow wp-block-group-is-layout-flow\">\n<p><strong>Documentos a serem apresentados<\/strong><\/p>\n\n\n\n<p>Documentos a serem preparados por japoneses<\/p>\n\n\n\n<ul class=\"wp-block-list\"><li>Duas c\u00f3pias do formul\u00e1rio de registro de casamento (dispon\u00edvel na embaixada) (tr\u00eas c\u00f3pias se o domic\u00edlio legal mudar antes ou depois do casamento)<\/li><li>Um original e uma fotoc\u00f3pia do registro de fam\u00edlia (dois originais e uma fotoc\u00f3pia se o domic\u00edlio legal mudar antes ou depois do casamento)<\/li><li>Documento de identifica\u00e7\u00e3o pessoal (carteira de motorista, etc.)<\/li><li>Selo pessoal<\/li><\/ul>\n\n\n\n<p>Documentos requeridos para os cingaleses<br>A tradu\u00e7\u00e3o em japon\u00eas tamb\u00e9m \u00e9 necess\u00e1ria para documentos.<\/p>\n\n\n\n<ul class=\"wp-block-list\"><li>C\u00f3pia certificada da certid\u00e3o de nascimento (emitida pelo escrit\u00f3rio local de registro no Sri Lanka): 1 original e 1 c\u00f3pia (2 originais e 1 c\u00f3pia em caso de mudan\u00e7a de domic\u00edlio antes e depois do casamento)<\/li><li>C\u00f3pia certificada da certid\u00e3o de casamento (emitida pelo escrit\u00f3rio local de registro no Sri Lanka) 1 original e 1 c\u00f3pia (se seu domic\u00edlio legal mudar antes ou depois do casamento)<\/li><li>(Se o domic\u00edlio legal mudar antes e depois do casamento, dois originais e uma c\u00f3pia)<\/li><li>Uma c\u00f3pia do certificado de capacidade jur\u00eddica para contrair casamento (tr\u00eas c\u00f3pias se o domic\u00edlio do requerente mudar antes ou depois do casamento)<\/li><\/ul>\n<\/div><\/div>\n\n\n\n<h2 class=\"wp-block-heading\">No caso das formalidades matrimoniais serem realizadas a partir do Jap\u00e3o<\/h2>\n\n\n\n<h5 class=\"wp-block-heading\">(1) Obter da Embaixada do Sri Lanka no Jap\u00e3o um certificado de capacidade legal para se casar.<\/h5>\n\n\n\n<p>Isto \u00e9 basicamente para cidad\u00e3os cingaleses que vivem no Jap\u00e3o (com um visto de m\u00e9dio a longo prazo, como visto de trabalho ou visto de estudante universit\u00e1rio). Entretanto, h\u00e1 casos em que um visto de curta dura\u00e7\u00e3o tamb\u00e9m pode ser emitido, portanto, favor verificar com a Embaixada do Sri Lanka em seu pa\u00eds.<br>O pedido \u00e9 aceito somente nas manh\u00e3s dos dias \u00fateis. O visto ser\u00e1 emitido no mesmo dia do pedido, mas poder\u00e1 ser emitido no dia seguinte, dependendo de qu\u00e3o lotado ele esteja.<\/p>\n\n\n\n<div class=\"wp-block-group has-pale-cyan-blue-background-color has-background\"><div class=\"wp-block-group__inner-container is-layout-flow wp-block-group-is-layout-flow\">\n<p><strong>Documentos necess\u00e1rios para a aquisi\u00e7\u00e3o<\/strong><\/p>\n\n\n\n<p>Documentos necess\u00e1rios para os japoneses<\/p>\n\n\n\n<ul class=\"wp-block-list\"><li>Passaporte<\/li><li>Uma c\u00f3pia do registro de sua fam\u00edlia e um certificado de capacidade legal para casar<\/li><\/ul>\n\n\n\n<p>\u00c9 necess\u00e1ria uma tradu\u00e7\u00e3o em ingl\u00eas preparada por um tradutor juramentado. N\u00e3o h\u00e1 tradutores certificados no Jap\u00e3o, mas voc\u00ea pode t\u00ea-los traduzidos na Embaixada do Sri Lanka em T\u00f3quio.<\/p>\n\n\n\n<p>Se voc\u00ea se divorciou, precisar\u00e1 apresentar um Certificado de Aceita\u00e7\u00e3o de Div\u00f3rcio (tamb\u00e9m traduzido para o ingl\u00eas).<\/p>\n<\/div><\/div>\n\n\n\n<h4 class=\"wp-block-heading\">Como obter seu &#8220;Certificado de Capacidade Jur\u00eddica para o Casamento&#8221; certificado pelo Minist\u00e9rio das Rela\u00e7\u00f5es Exteriores<\/h4>\n\n\n\n<p>Uma vez que voc\u00ea tenha obtido um &#8220;Certificado de Capacidade Jur\u00eddica para Realizar Exig\u00eancias Matrimoniais&#8221; do Departamento Jur\u00eddico, voc\u00ea poder\u00e1 t\u00ea-lo autenticado pelo Minist\u00e9rio das Rela\u00e7\u00f5es Exteriores. Voc\u00ea pode trazer o certificado pessoalmente ou solicitar a certifica\u00e7\u00e3o pelo correio. A diferen\u00e7a \u00e9 que se voc\u00ea o trouxer pessoalmente, poder\u00e1 receb\u00ea-lo no dia seguinte, mas se voc\u00ea se inscrever pelo correio, levar\u00e1 de 10 dias a 2 semanas. Portanto, se voc\u00ea estiver com pressa, \u00e9 melhor levar o pedido pessoalmente.<\/p>\n\n\n\n<div class=\"wp-block-group has-pale-cyan-blue-background-color has-background\"><div class=\"wp-block-group__inner-container is-layout-flow wp-block-group-is-layout-flow\">\n<p><strong>Documentos necess\u00e1rios<\/strong><\/p>\n\n\n\n<ul class=\"wp-block-list\"><li>Formul\u00e1rio de solicita\u00e7\u00e3o (download no site do Minist\u00e9rio das Rela\u00e7\u00f5es Exteriores)<\/li><li>Certificado de capacidade jur\u00eddica para contrair casamento (emitido pelo Minist\u00e9rio da Justi\u00e7a)<\/li><li>Documentos de identifica\u00e7\u00e3o (carteira de habilita\u00e7\u00e3o, passaporte, etc.) * Apenas no caso de solicita\u00e7\u00e3o no balc\u00e3o<\/li><li>Envelope com endere\u00e7o de retorno (carimbo anexo) * Solicita\u00e7\u00e3o pelo correio Se voc\u00ea solicitar pelo balc\u00e3o e desejar retornar pelo correio<\/li><\/ul>\n\n\n\n<p>Documentos requeridos para os cingaleses<\/p>\n\n\n\n<ul class=\"wp-block-list\"><li>Formul\u00e1rio de solicita\u00e7\u00e3o (dispon\u00edvel na Embaixada)<\/li><li>Passaporte do Sri Lanka ou cart\u00e3o de residente<\/li><li>Uma c\u00f3pia autenticada da certid\u00e3o de nascimento da pessoa cingalesa ou sua c\u00f3pia autenticada (somente o documento com uma tradu\u00e7\u00e3o oficial em ingl\u00eas n\u00e3o pode ser aceito). O documento original tamb\u00e9m \u00e9 necess\u00e1rio)<\/li><li>Declara\u00e7\u00e3o juramentada de pai ou m\u00e3e cingalesa (ou irm\u00e3o ou irm\u00e3 em caso de morte) (documento com o c\u00f3digo QR)<\/li><\/ul>\n\n\n\n<p>O documento deve ser autenticado por um advogado do Sri Lanka e posteriormente autenticado pelo Escriv\u00e3o da Suprema Corte ou autenticado por um Juiz de Seguran\u00e7a do Sri Lanka e posteriormente autenticado pelo Minist\u00e9rio da Justi\u00e7a e posteriormente autenticado pela Se\u00e7\u00e3o Consular do Minist\u00e9rio das Rela\u00e7\u00f5es Exteriores do Sri Lanka.<br>Se o Sri Lanka foi divorciado ou enlutado, isto tamb\u00e9m deve ser declarado na declara\u00e7\u00e3o juramentada e autenticado. Tamb\u00e9m deve ser declarado que n\u00e3o h\u00e1 impedimento legal a este casamento, pois n\u00e3o h\u00e1 um casamento separado.<br>Al\u00e9m disso, no caso de div\u00f3rcio, ser\u00e1 necess\u00e1rio preparar uma senten\u00e7a provis\u00f3ria de div\u00f3rcio e uma c\u00f3pia certificada da senten\u00e7a de div\u00f3rcio emitida por um tribunal local credenciado pela Se\u00e7\u00e3o Consular do Minist\u00e9rio das Rela\u00e7\u00f5es Exteriores.<br>No caso de falecimento, voc\u00ea tamb\u00e9m deve preparar uma c\u00f3pia original e certificada da certid\u00e3o de \u00f3bito.<br>Se seus pais forem falecidos, voc\u00ea precisar\u00e1 apresentar as certid\u00f5es de nascimento de seus irm\u00e3os e as c\u00f3pias originais e autenticadas das certid\u00f5es de \u00f3bito de seus pais.<\/p>\n<\/div><\/div>\n\n\n\n<h5 class=\"wp-block-heading\">(2) Apresentar os seguintes documentos \u00e0 secretaria municipal no Jap\u00e3o.<\/h5>\n\n\n\n<div class=\"wp-block-group has-pale-cyan-blue-background-color has-background\"><div class=\"wp-block-group__inner-container is-layout-flow wp-block-group-is-layout-flow\">\n<p><strong>Documentos a serem apresentados<\/strong><\/p>\n\n\n\n<p>Documentos necess\u00e1rios a serem preparados por japoneses<\/p>\n\n\n\n<ul class=\"wp-block-list\"><li>Notifica\u00e7\u00e3o de casamento (documento assinado e selado por duas testemunhas adultas)<\/li><li>Documento de verifica\u00e7\u00e3o de identidade (carteira de motorista, passaporte, etc.)<\/li><li>Uma c\u00f3pia do registro de fam\u00edlia (se o domic\u00edlio de origem estiver localizado em um local diferente da prefeitura onde a notifica\u00e7\u00e3o \u00e9 feita)<\/li><\/ul>\n\n\n\n<p>Documentos necess\u00e1rios a serem preparados pelos cingaleses<\/p>\n\n\n\n<ul class=\"wp-block-list\"><li>Certificado de capacidade jur\u00eddica para contratar casamento (com tradu\u00e7\u00e3o em japon\u00eas)<\/li><li>O certificado pode ser obtido junto \u00e0 Embaixada do Sri Lanka em T\u00f3quio (ou solicitado pelo correio).<\/li><li>Certid\u00e3o de nascimento (com tradu\u00e7\u00e3o em japon\u00eas e certificada pelo Minist\u00e9rio das Rela\u00e7\u00f5es Exteriores do Sri Lanka)<\/li><li>Passaporte ou cart\u00e3o de resid\u00eancia (com tradu\u00e7\u00e3o em japon\u00eas)<\/li><li>Em caso de separa\u00e7\u00e3o ou morte de um casamento anterior, uma senten\u00e7a de div\u00f3rcio ou certid\u00e3o de \u00f3bito (com tradu\u00e7\u00e3o japonesa e certificada pelo Minist\u00e9rio das Rela\u00e7\u00f5es Exteriores do Sri Lanka)<\/li><\/ul>\n<\/div><\/div>\n\n\n\n<h5 class=\"wp-block-heading\">(3) Ap\u00f3s o casamento no Jap\u00e3o, o cingal\u00eas informar\u00e1 o casamento \u00e0 Embaixada do Sri Lanka no Jap\u00e3o e obter\u00e1 um &#8220;Certificado de Casamento&#8221;.<\/h5>\n\n\n\n<p>Ap\u00f3s o casamento no Jap\u00e3o, o cingal\u00eas informar\u00e1 o casamento \u00e0 Embaixada do Sri Lanka no Jap\u00e3o e obter\u00e1 um &#8220;Certificado de Casamento&#8221;.<br>Tamb\u00e9m \u00e9 poss\u00edvel solicitar pelo correio. Se voc\u00ea desejar se inscrever pelo correio, precisar\u00e1 enviar uma carta (em ingl\u00eas ou cingal\u00eas) indicando que deseja solicitar uma certid\u00e3o de casamento e um envelope carimbado. (Leva cerca de uma semana)<\/p>\n\n\n\n<div class=\"wp-block-group has-pale-cyan-blue-background-color has-background\"><div class=\"wp-block-group__inner-container is-layout-flow wp-block-group-is-layout-flow\">\n<p><strong>Documentos requeridos<\/strong><\/p>\n\n\n\n<p>Documentos necess\u00e1rios para os japoneses<\/p>\n\n\n\n<ul class=\"wp-block-list\"><li>Uma c\u00f3pia do registro de fam\u00edlia japon\u00eas (com tradu\u00e7\u00e3o em ingl\u00eas e certificado pelo Minist\u00e9rio das Rela\u00e7\u00f5es Exteriores do Jap\u00e3o) ou um certificado de aceita\u00e7\u00e3o da notifica\u00e7\u00e3o de casamento (obtido no escrit\u00f3rio onde a notifica\u00e7\u00e3o de casamento foi apresentada)<\/li><li>Apresenta\u00e7\u00e3o do passaporte japon\u00eas<\/li><\/ul>\n\n\n\n<p>Documentos requeridos para os cingaleses<\/p>\n\n\n\n<ul class=\"wp-block-list\"><li>Formul\u00e1rio de solicita\u00e7\u00e3o (dispon\u00edvel na Embaixada)<\/li><li>Passaporte do Sri Lanka<\/li><li>Testemunhas (2 pessoas) apresentam passaporte e cart\u00e3o de resid\u00eancia<\/li><\/ul>\n\n\n\n<p>Um deve ser cingal\u00eas e o outro pode ser cingal\u00eas ou japon\u00eas. Se a pessoa japonesa for testemunha, ela ter\u00e1 que apresentar seu passaporte e carteira de motorista.<\/p>\n<\/div><\/div>\n\n\n\n<p>Este \u00e9 um guia para o processo de casamento com um cingal\u00eas.<br>Existe a possibilidade de mudan\u00e7as, portanto \u00e9 aconselh\u00e1vel verificar com seu escrit\u00f3rio do governo local onde voc\u00ea estar\u00e1 apresentando seus documentos e onde os obter\u00e1 antes de prosseguir com os procedimentos de casamento.<\/p>\n\n\n\n<p>Nosso escrit\u00f3rio pode ajud\u00e1-lo com os procedimentos para o casamento internacional com um cidad\u00e3o do Sri Lanka.<br>Por favor, n\u00e3o hesite em entrar em contato conosco.<\/p>\n","protected":false},"excerpt":{"rendered":"<p>N\u00e3o importa qual lado do processo de casamento voc\u00ea escolhe, Jap\u00e3o ou Sri Lanka. Entretanto, considerando o n\u00famero de documentos a serem apresentados e a complexidade das condi\u00e7\u00f5es, recomenda-se que o lado cingal\u00eas se encarregue primeiro das formalidades. A dura\u00e7\u00e3o da estadia no Sri Lanka para as formalidades do casamento \u00e9 de cerca de uma semana.Diz-se que o Sri Lanka \u00e9 um pa\u00eds onde \u00e9 relativamente f\u00e1cil se casar com um n\u00e3o-Sri Lankan. A menos que voc\u00ea n\u00e3o possa viajar para o Sri Lanka devido a compromissos de trabalho ou outras raz\u00f5es, pode ser mais r\u00e1pido completar as formalidades no Sri Lanka do que completar primeiro as formalidades japonesas. Portanto, [&hellip;]<\/p>\n","protected":false},"author":2,"featured_media":0,"parent":0,"menu_order":0,"comment_status":"closed","ping_status":"closed","template":"","meta":{"footnotes":""},"tags":[],"class_list":["post-2079","page","type-page","status-publish"],"aioseo_notices":[],"_links":{"self":[{"href":"https:\/\/international-marriage.info\/pt-br\/wp-json\/wp\/v2\/pages\/2079","targetHints":{"allow":["GET"]}}],"collection":[{"href":"https:\/\/international-marriage.info\/pt-br\/wp-json\/wp\/v2\/pages"}],"about":[{"href":"https:\/\/international-marriage.info\/pt-br\/wp-json\/wp\/v2\/types\/page"}],"author":[{"embeddable":true,"href":"https:\/\/international-marriage.info\/pt-br\/wp-json\/wp\/v2\/users\/2"}],"replies":[{"embeddable":true,"href":"https:\/\/international-marriage.info\/pt-br\/wp-json\/wp\/v2\/comments?post=2079"}],"version-history":[{"count":0,"href":"https:\/\/international-marriage.info\/pt-br\/wp-json\/wp\/v2\/pages\/2079\/revisions"}],"wp:attachment":[{"href":"https:\/\/international-marriage.info\/pt-br\/wp-json\/wp\/v2\/media?parent=2079"}],"wp:term":[{"taxonomy":"post_tag","embeddable":true,"href":"https:\/\/international-marriage.info\/pt-br\/wp-json\/wp\/v2\/tags?post=2079"}],"curies":[{"name":"wp","href":"https:\/\/api.w.org\/{rel}","templated":true}]}}