{"id":3929,"date":"2021-01-14T22:26:55","date_gmt":"2021-01-14T13:26:55","guid":{"rendered":"https:\/\/international-marriage.info\/?page_id=3929"},"modified":"2021-01-14T22:28:38","modified_gmt":"2021-01-14T13:28:38","slug":"stuff","status":"publish","type":"page","link":"https:\/\/international-marriage.info\/pt-br\/stuff\/","title":{"rendered":"Introdu\u00e7\u00e3o de pessoal e escrit\u00f3rios"},"content":{"rendered":"<p>Para viver no Jap\u00e3o com paz de esp\u00edrito, voc\u00ea deve passar no exame do Bureau de Imigra\u00e7\u00e3o.<\/p>\n<p>Este exame \u00e9 mais dif\u00edcil do que a maioria das pessoas imagina. Se voc\u00ea criar e apresentar documentos que n\u00e3o sejam consistentes, voc\u00ea pode ser recusado mesmo que n\u00e3o haja nada de errado.<\/p>\n<p>N\u00f3s o apoiamos com todas as nossas for\u00e7as para obter sua permiss\u00e3o o mais r\u00e1pido poss\u00edvel, sinta-se \u00e0 vontade para nos consultar primeiro.<\/p>\n<h2>Equipe de suporte a pedidos de visto para o Bureau de Imigra\u00e7\u00e3o<\/h2>\n<figure class=\"wp-block-image size-large\"><img loading=\"lazy\" decoding=\"async\" class=\"wp-image-2397\" src=\"https:\/\/www.visa-support.info\/wp-content\/uploads\/staff-yoko2019-e.jpg.pagespeed.ce.64TPO5hREr.jpg\" sizes=\"auto, (max-width: 677px) 100vw, 677px\" srcset=\"https:\/\/www.visa-support.info\/wp-content\/uploads\/staff-yoko2019-e.jpg.pagespeed.ce.64TPO5hREr.jpg 677w, https:\/\/www.visa-support.info\/wp-content\/uploads\/staff-yoko2019-e-300x50.jpg.pagespeed.ce.6nnpNQAMpp.jpg 300w\" alt=\"\" width=\"677\" height=\"112\" \/><\/figure>\n<p class=\"has-text-align-right\"><a href=\"#jimusho\">Introdu\u00e7\u00e3o do escrit\u00f3rio<\/a><\/p>\n<h3>Representante, Diretor Administrativo Espec\u00edfico Yoshitomo Nomura<\/h3>\n<div class=\"wp-block-image\">\n<figure class=\"alignleft\"><img loading=\"lazy\" decoding=\"async\" class=\"wp-image-2142\" src=\"https:\/\/www.visa-support.info\/wp-content\/uploads\/nomura200.jpg.pagespeed.ce.faT_B8Ae2h.jpg\" sizes=\"auto, (max-width: 200px) 100vw, 200px\" srcset=\"https:\/\/www.visa-support.info\/wp-content\/uploads\/nomura200.jpg.pagespeed.ce.faT_B8Ae2h.jpg 200w, https:\/\/www.visa-support.info\/wp-content\/uploads\/nomura200-150x150.jpg.pagespeed.ce.4tvuz8-xSV.jpg 150w, https:\/\/www.visa-support.info\/wp-content\/uploads\/nomura200-60x60.jpg.pagespeed.ce.sZGL669zER.jpg 60w\" alt=\"\" width=\"200\" height=\"200\" \/><\/figure>\n<\/div>\n<p>Nascido em Aichi, Jap\u00e3o, em 1972.<\/p>\n<p>Quando eu mesmo usava aconselhamento jur\u00eddico como usu\u00e1rio, fiquei chocado com a m\u00e1 atitude, a m\u00e1 resposta e a insensibilidade \u00e0 repeti\u00e7\u00e3o de jarg\u00f5es dif\u00edceis. Acontece que eu achava que meu s\u00f3cio era ruim, ent\u00e3o consultei outra pessoa, mas n\u00e3o havia grande diferen\u00e7a, e mais tarde aprendi que a profiss\u00e3o de consultor jur\u00eddico era um n\u00edvel muito baixo de conscientiza\u00e7\u00e3o na ind\u00fastria de servi\u00e7os.<\/p>\n<p>Para resolver v\u00e1rias ansiedades, acredito que \u00e9 essencial n\u00e3o s\u00f3 ter conhecimento jur\u00eddico, mas tamb\u00e9m ter uma ampla experi\u00eancia social. Por esta raz\u00e3o, experimentei o trabalho no gerente da filial de uma empresa de pessoal, no gerente de armaz\u00e9m e no motorista de caminh\u00e3o para distribui\u00e7\u00e3o, no gerente de habita\u00e7\u00e3o e de transa\u00e7\u00e3o de constru\u00e7\u00e3o de uma empresa imobili\u00e1ria para habita\u00e7\u00e3o e no escrit\u00f3rio do administrador judicial, que est\u00e1 ligado ao trabalho atual.<\/p>\n<p>Em nosso escrit\u00f3rio, sempre nos esfor\u00e7amos ao m\u00e1ximo para criar uma atmosfera que facilite sua consulta, responda mais r\u00e1pido do que qualquer outra pessoa, explique mais facilmente, mesmo que voc\u00ea seja novo para n\u00f3s, e tentamos ao m\u00e1ximo alcan\u00e7ar seus objetivos o mais r\u00e1pido poss\u00edvel.<\/p>\n<h3>Yoshihiro Ikeda, gerente da filial Hakata, diretor administrativo da filial<\/h3>\n<div class=\"wp-block-image\">\n<figure class=\"alignleft\"><img loading=\"lazy\" decoding=\"async\" class=\"wp-image-2112\" src=\"https:\/\/www.visa-support.info\/wp-content\/uploads\/ikeda200.jpg.pagespeed.ce.VUHDe0fU-H.jpg\" sizes=\"auto, (max-width: 200px) 100vw, 200px\" srcset=\"https:\/\/www.visa-support.info\/wp-content\/uploads\/ikeda200.jpg.pagespeed.ce.VUHDe0fU-H.jpg 200w, https:\/\/www.visa-support.info\/wp-content\/uploads\/ikeda200-150x150.jpg.pagespeed.ce.Zx9OnpcdUL.jpg 150w, https:\/\/www.visa-support.info\/wp-content\/uploads\/ikeda200-60x60.jpg.pagespeed.ce.iwQHDD_vww.jpg 60w\" alt=\"\" width=\"200\" height=\"200\" \/><\/figure>\n<\/div>\n<p>Nascido em Hiroshima, Jap\u00e3o, em 1973.<\/p>\n<p>Antes do meu atual trabalho de suporte legal, eu j\u00e1 havia vivenciado diferentes campos, como servi\u00e7o, consultoria e produ\u00e7\u00e3o de design gr\u00e1fico. Portanto, acho que n\u00e3o devemos ser capazes de falar palavras e a\u00e7\u00f5es rudes que s\u00e3o comuns nesta ind\u00fastria e termos t\u00e9cnicos que s\u00e3o dif\u00edceis de entender para o p\u00fablico em geral. Do ponto de vista do cliente, propomos formas de atingir nossos objetivos e fazemos o melhor para garantir a paz de esp\u00edrito o mais r\u00e1pido poss\u00edvel.<\/p>\n<p>Voc\u00ea pode ter muitas preocupa\u00e7\u00f5es quando nos contatar pela primeira vez.<br \/>\nEntretanto, mesmo que voc\u00ea n\u00e3o conhe\u00e7a a premissa, estamos sempre pensando no que fazer para obter sua compreens\u00e3o, criando uma atmosfera que seja f\u00e1cil de conversar e de resposta r\u00e1pida. Sinta-se \u00e0 vontade para entrar em contato conosco.<\/p>\n<h3>Kenji Sengoku, Diretor Administrativo<\/h3>\n<div class=\"wp-block-image\">\n<figure class=\"alignleft\"><img loading=\"lazy\" decoding=\"async\" class=\"wp-image-2172\" src=\"https:\/\/www.visa-support.info\/wp-content\/uploads\/sengoku200-2.jpg.pagespeed.ce.m39GKUM294.jpg\" sizes=\"auto, (max-width: 200px) 100vw, 200px\" srcset=\"https:\/\/www.visa-support.info\/wp-content\/uploads\/sengoku200-2.jpg.pagespeed.ce.m39GKUM294.jpg 200w, https:\/\/www.visa-support.info\/wp-content\/uploads\/sengoku200-2-150x150.jpg.pagespeed.ce.qlBlFu8YvX.jpg 150w, https:\/\/www.visa-support.info\/wp-content\/uploads\/sengoku200-2-60x60.jpg.pagespeed.ce.Gi38iquyzc.jpg 60w\" alt=\"\" width=\"200\" height=\"200\" \/><\/figure>\n<\/div>\n<p>Nascido em Chiba, Jap\u00e3o, em 1974.<\/p>\n<p>Depois de me formar na faculdade, descobri o trabalho de administrador scrivener atrav\u00e9s da ind\u00fastria hoteleira e empregos relacionados \u00e0s telecomunica\u00e7\u00f5es. Enquanto trabalhava em meu emprego regular, li obscuros guias do governo e ouvi explica\u00e7\u00f5es pouco amig\u00e1veis sobre os procedimentos. Eu experimentei como \u00e9 dif\u00edcil fazer. Tornei-me escritur\u00e1rio de direito administrativo porque ele me explicou em linguagem simples e tornou o tedioso processo mais r\u00e1pido. Estamos muito conscientes da necessidade de profissionais que possam nos representar de forma confi\u00e1vel.<\/p>\n<p>\u00c9 claro que \u00e9 importante proceder sem problemas, mas tamb\u00e9m \u00e9 importante para n\u00f3s fornecer solu\u00e7\u00f5es para as preocupa\u00e7\u00f5es de nossos clientes e eu explicarei como explicar o processo e os documentos necess\u00e1rios a voc\u00eas de uma maneira que seja f\u00e1cil de entender.<\/p>\n<p>Se voc\u00ea tiver algum problema com um procedimento, sinta-se \u00e0 vontade para entrar em contato conosco, mesmo que ele seja trivial. Gostaria de valorizar meu relacionamento com voc\u00ea, portanto, n\u00e3o hesite em entrar em contato comigo.<\/p>\n<h3>Kazuya Hirose, diretor administrativo<\/h3>\n<div class=\"wp-block-image\">\n<figure class=\"alignleft\"><img loading=\"lazy\" decoding=\"async\" class=\"wp-image-2097\" src=\"https:\/\/www.visa-support.info\/wp-content\/uploads\/hirose200.jpg.pagespeed.ce.7uPFrSH-l3.jpg\" sizes=\"auto, (max-width: 200px) 100vw, 200px\" srcset=\"https:\/\/www.visa-support.info\/wp-content\/uploads\/hirose200.jpg.pagespeed.ce.7uPFrSH-l3.jpg 200w, https:\/\/www.visa-support.info\/wp-content\/uploads\/hirose200-150x150.jpg.pagespeed.ce.yU9xbvKZ4f.jpg 150w, https:\/\/www.visa-support.info\/wp-content\/uploads\/hirose200-60x60.jpg.pagespeed.ce.dGbX1bOAso.jpg 60w\" alt=\"\" width=\"200\" height=\"200\" \/><\/figure>\n<\/div>\n<p>Nascido em Hyogo, Jap\u00e3o, em 1977.<\/p>\n<p>Voc\u00ea j\u00e1 teve problemas para preparar documentos ou apresentar documentos a um escrit\u00f3rio do governo?<\/p>\n<p>Meu amigo era um deles. Ele estava incomodado com os complicados procedimentos para o casamento e a vida no Jap\u00e3o. A pessoa que o ajudava era um administrador de escrit\u00f3rio. Quando ouvi esta hist\u00f3ria, percebi que havia este tipo de trabalho que eu podia fazer para me relacionar com as pessoas e ajud\u00e1-las, uma esp\u00e9cie de apoio nos bastidores, e foi por isso que decidi me tornar um scrivener administrativo.<\/p>\n<p>Eu gostaria de fazer uso de minha experi\u00eancia na ind\u00fastria de atendimento ao cliente por mais de 10 anos, e gostaria de fazer o meu melhor esfor\u00e7o para fazer meus clientes felizes.<br \/>\nEu ajudo no problema de um cliente para que eu possa encontrar o sorriso de muitos clientes. Por favor, sinta-se \u00e0 vontade para nos contatar.<\/p>\n<h3>Shotaro Ishizaki, diretor administrativo<\/h3>\n<div class=\"wp-block-image\">\n<figure class=\"alignleft\"><img loading=\"lazy\" decoding=\"async\" class=\"wp-image-2427\" src=\"https:\/\/www.visa-support.info\/wp-content\/uploads\/ishizaki.jpg.pagespeed.ce.QpV4YqztBA.jpg\" sizes=\"auto, (max-width: 200px) 100vw, 200px\" srcset=\"https:\/\/www.visa-support.info\/wp-content\/uploads\/ishizaki.jpg.pagespeed.ce.QpV4YqztBA.jpg 200w, https:\/\/www.visa-support.info\/wp-content\/uploads\/ishizaki-150x150.jpg.pagespeed.ce.pLxd4t8Kzm.jpg 150w, https:\/\/www.visa-support.info\/wp-content\/uploads\/ishizaki-60x60.jpg.pagespeed.ce.q8XK9A9r-d.jpg 60w\" alt=\"\" width=\"200\" height=\"200\" \/><\/figure>\n<\/div>\n<p>Nascido em T\u00f3quio, Jap\u00e3o, em fevereiro de 1995<\/p>\n<p>Antes de assumir meu trabalho atual, trabalhei para uma corpora\u00e7\u00e3o de scrivener judicial. Acredito que h\u00e1 pessoas que est\u00e3o confusas com os procedimentos legais com os quais normalmente n\u00e3o est\u00e3o familiarizadas.<\/p>\n<p>A partir de minha experi\u00eancia em meu trabalho anterior, pude trabalhar com meus clientes para remover suas preocupa\u00e7\u00f5es e perguntas. Aprendi a import\u00e2ncia de fazer isso. Quero ajudar os clientes em uma gama mais ampla de campos como administrador, n\u00e3o apenas em neg\u00f3cios relacionados ao registro, por isso me juntei \u00e0 Ai-Support porque queria ser capaz de fazer isso.<\/p>\n<p>\u201cPreparar e apresentar documentos aos \u00f3rg\u00e3os p\u00fablicos\u201d \u00e9 f\u00e1cil de descrever, mas na realidade, \u00e9 quase sempre dif\u00edcil de entender devido \u00e0s leis envolvidas. Se voc\u00ea tiver alguma preocupa\u00e7\u00e3o ou preocupa\u00e7\u00e3o com os procedimentos, por favor, entre em contato conosco. Faremos nosso melhor para evitar o uso de terminologia dif\u00edcil e apoiaremos nossos clientes a prosseguir com o procedimento com sua satisfa\u00e7\u00e3o. Todo o nosso pessoal far\u00e1 o melhor para ajud\u00e1-lo, portanto, sinta-se \u00e0 vontade para entrar em contato conosco.<\/p>\n<h3>Diretora administrativa Megumi Honda<\/h3>\n<div class=\"wp-block-image\">\n<figure class=\"alignleft\"><img loading=\"lazy\" decoding=\"async\" class=\"wp-image-2442\" src=\"https:\/\/www.visa-support.info\/wp-content\/uploads\/honda.jpg.pagespeed.ce.fJq-6pIJ3Y.jpg\" sizes=\"auto, (max-width: 200px) 100vw, 200px\" srcset=\"https:\/\/www.visa-support.info\/wp-content\/uploads\/honda.jpg.pagespeed.ce.fJq-6pIJ3Y.jpg 200w, https:\/\/www.visa-support.info\/wp-content\/uploads\/honda-150x150.jpg.pagespeed.ce.RsUugnS8p9.jpg 150w, https:\/\/www.visa-support.info\/wp-content\/uploads\/honda-60x60.jpg.pagespeed.ce.0PDe-FESmL.jpg 60w\" alt=\"\" width=\"200\" height=\"200\" \/><\/figure>\n<\/div>\n<p>Nascido em Chiba, Jap\u00e3o, em 1983.<\/p>\n<p>Meus pais estavam ambos em neg\u00f3cios particulares.<br \/>\nQuando eu era jovem, eu costumava reclamar de como sentia falta de minha m\u00e3e quando voltava da escola, porque ela n\u00e3o estava em casa.<\/p>\n<p>Talvez seja porque fui criado neste tipo de ambiente que tive a impress\u00e3o de que ser aut\u00f4nomo era um trabalho duro.<br \/>\nNo entanto, decidi abrir meu pr\u00f3prio neg\u00f3cio de limpeza como um \u00fanico propriet\u00e1rio.<br \/>\nUma vez que comecei realmente a dirigir a loja, tive que encontrar a m\u00e3o-de-obra, apresentar declara\u00e7\u00f5es de imposto de renda, e assim por diante, tudo isso enquanto fazia o neg\u00f3cio do dia-a-dia, o que era muito dif\u00edcil.<\/p>\n<p>Naquela \u00e9poca, era um administrador de escrivaninha que se encarregava de dar consultas sobre os procedimentos.<br \/>\nEste foi o catalisador para que eu me tornasse um scrivener administrativo mais tarde.<\/p>\n<p>Sei que as pessoas que v\u00eam a mim para consultas t\u00eam uma variedade de sentimentos.<br \/>\nVoc\u00ea j\u00e1 passou por um momento dif\u00edcil quando decidiu come\u00e7ar algo?<\/p>\n<p>Estamos comprometidos em fornecer as melhores solu\u00e7\u00f5es poss\u00edveis para os problemas de nossos clientes.<br \/>\nPor favor, sinta-se \u00e0 vontade para entrar em contato conosco com qualquer pensamento que voc\u00ea possa ter.<\/p>\n<h3>Makiko Okakawa<\/h3>\n<div class=\"wp-block-image\">\n<figure class=\"alignleft\"><img loading=\"lazy\" decoding=\"async\" class=\"wp-image-2127\" src=\"https:\/\/www.visa-support.info\/wp-content\/uploads\/okagawa200.jpg.pagespeed.ce.kfW0nM12FQ.jpg\" sizes=\"auto, (max-width: 200px) 100vw, 200px\" srcset=\"https:\/\/www.visa-support.info\/wp-content\/uploads\/okagawa200.jpg.pagespeed.ce.kfW0nM12FQ.jpg 200w, https:\/\/www.visa-support.info\/wp-content\/uploads\/okagawa200-150x150.jpg.pagespeed.ce.aoYQqyR7kW.jpg 150w, https:\/\/www.visa-support.info\/wp-content\/uploads\/okagawa200-60x60.jpg.pagespeed.ce.jIGz5foMjc.jpg 60w\" alt=\"\" width=\"200\" height=\"200\" \/><\/figure>\n<\/div>\n<p>Nascido em 1975, em Hokkaido, Jap\u00e3o. Qualificou-se como um administrador de escrit\u00f3rio enquanto estava na faculdade.<br \/>\nDepois de me formar na universidade, trabalhei como diretor de programas de informa\u00e7\u00e3o em uma esta\u00e7\u00e3o de TV em Sapporo por cerca de cinco anos.<\/p>\n<p>Aprendi como fazer um programa mais compreens\u00edvel e memor\u00e1vel sob prazos apertados, e como coordenar uma equipe para coloc\u00e1-lo no ar.<\/p>\n<p>Fui respons\u00e1vel por uma grande variedade de empresas, incluindo propriet\u00e1rios de restaurantes e chefs, departamentos de rela\u00e7\u00f5es p\u00fablicas de lojas de departamentos, escrit\u00f3rios governamentais e a pol\u00edcia.<\/p>\n<p>Meu trabalho anterior e meu trabalho como diretor administrativo parecem muito diferentes, mas na verdade acho que s\u00e3o muito parecidos. Eu conhe\u00e7o bem meus clientes, escuto seus pedidos e escolho o m\u00e9todo que acho que \u00e9 o melhor para eles. Neste sentido, sinto que minha experi\u00eancia passada \u00e9 extremamente \u00fatil.<\/p>\n<p>Em meu trabalho como administrador, sou obrigado a atender a situa\u00e7\u00f5es importantes da vida. Vou escut\u00e1-los com aten\u00e7\u00e3o e tentar fazer o meu melhor para ser preciso e sincero, portanto, por favor, fa\u00e7am-no! Obrigado por seu apoio.<\/p>\n<h3>Assistente de dire\u00e7\u00e3o administrativa, cobran\u00e7a do cliente Mayu Namimoto<\/h3>\n<div class=\"wp-block-image\">\n<figure class=\"alignleft\"><img loading=\"lazy\" decoding=\"async\" class=\"wp-image-2157\" src=\"https:\/\/www.visa-support.info\/wp-content\/uploads\/namimoto200.jpg.pagespeed.ce.YhaPh6waqp.jpg\" sizes=\"auto, (max-width: 200px) 100vw, 200px\" srcset=\"https:\/\/www.visa-support.info\/wp-content\/uploads\/namimoto200.jpg.pagespeed.ce.YhaPh6waqp.jpg 200w, https:\/\/www.visa-support.info\/wp-content\/uploads\/namimoto200-150x150.jpg.pagespeed.ce.n0ElVnENwq.jpg 150w, https:\/\/www.visa-support.info\/wp-content\/uploads\/namimoto200-60x60.jpg.pagespeed.ce.tsu8UmUsfp.jpg 60w\" alt=\"\" width=\"200\" height=\"200\" \/><\/figure>\n<\/div>\n<p>Quando voc\u00ea quer falar com algu\u00e9m sobre seus problemas, voc\u00ea pode n\u00e3o saber com quem falar, e alguns de voc\u00eas podem se sentir inquietos.<\/p>\n<p>Recomendamos que voc\u00ea entre em contato com o Ai-Support Escrit\u00f3rio jur\u00eddico geral quando precisar de ajuda com quest\u00f5es processuais e prepara\u00e7\u00e3o de documentos.<\/p>\n<p>Como somos uma organiza\u00e7\u00e3o empresarial com uma ampla rede, a maioria dos problemas que n\u00e3o podem ser resolvidos em nosso escrit\u00f3rio pode ser resolvida referindo-se a outros profissionais em quem se pode confiar.<\/p>\n<p>Al\u00e9m disso, damos grande import\u00e2ncia \u00e0 cria\u00e7\u00e3o de uma atmosfera que seja f\u00e1cil de conversar, o que \u00e9 incomum para um escrit\u00f3rio de administra\u00e7\u00e3o. Temos um sistema para receber consultas de forma leve e simp\u00e1tica. Portanto, os visitantes da primeira vez n\u00e3o se sentir\u00e3o intimidados.<\/p>\n<p>Vou me certificar de que nossos clientes possam ouvir qualquer coisa com a qual estejam tendo problemas ou sobre a qual tenham d\u00favidas. Nosso pessoal est\u00e1 trabalhando duro dia e noite. Antes de tudo, sinta-se \u00e0 vontade para entrar em contato conosco.<\/p>\n<h3>Assuntos gerais, Assistente de dire\u00e7\u00e3o administrativa, Cobran\u00e7a de cliente Shizue Yamanaka<\/h3>\n<div class=\"wp-block-image\"><img loading=\"lazy\" decoding=\"async\" class=\"wp-image-3944 size-full alignleft\" src=\"https:\/\/international-marriage.info\/wp-content\/uploads\/yamanaka200.pagespeed.ce_.840piGQUXK.jpg\" alt=\"\" width=\"200\" height=\"200\" srcset=\"https:\/\/international-marriage.info\/wp-content\/uploads\/yamanaka200.pagespeed.ce_.840piGQUXK.jpg 200w, https:\/\/international-marriage.info\/wp-content\/uploads\/yamanaka200.pagespeed.ce_.840piGQUXK-150x150.jpg 150w, https:\/\/international-marriage.info\/wp-content\/uploads\/yamanaka200.pagespeed.ce_.840piGQUXK-100x100.jpg 100w\" sizes=\"auto, (max-width: 200px) 100vw, 200px\" \/><\/div>\n<p>Depois de dar \u00e0 luz e criar meu filho, entrei para a Ai-Support Escrit\u00f3rio jur\u00eddico geral em agosto de 2007 como assistente de um contador e escriv\u00e3o administrativo, e aqui estou hoje.<\/p>\n<p>Como muitos de nossos clientes t\u00eam que lidar com procedimentos que podem ou n\u00e3o ocorrer uma vez na vida, acredito que muitos daqueles que v\u00eam at\u00e9 n\u00f3s para consulta est\u00e3o muitas vezes ansiosos e nervosos.<\/p>\n<p>Portanto, o que tentamos fazer em nosso escrit\u00f3rio como um todo \u00e9 aliviar a ansiedade e a tens\u00e3o de nossos clientes, para que eles possam se sentir livres para nos consultar. Criamos uma atmosfera que \u00e9 f\u00e1cil de fazer. Al\u00e9m disso, tentamos evitar o uso de termos t\u00e9cnicos e fornecemos explica\u00e7\u00f5es f\u00e1ceis de entender que podem ser compreendidas sem nenhum conhecimento pr\u00e9vio. Penso que outra caracter\u00edstica deste escrit\u00f3rio \u00e9 que todo o escrit\u00f3rio realiza regularmente sess\u00f5es de treinamento para que possamos ajud\u00e1-los.<\/p>\n<p>Por favor, sinta-se \u00e0 vontade para entrar em contato conosco, pois nosso pessoal e nosso diretor administrativo far\u00e3o todos os esfor\u00e7os para que voc\u00ea se sinta bem em nos consultar e solicitar o procedimento.<\/p>\n<h3>Rie Iguchi<\/h3>\n<div class=\"wp-block-image\">\n<figure class=\"alignleft\"><img loading=\"lazy\" decoding=\"async\" class=\"wp-image-2412\" src=\"https:\/\/www.visa-support.info\/wp-content\/uploads\/iguchi2.png.pagespeed.ce.-4b11zfBM0.png\" sizes=\"auto, (max-width: 200px) 100vw, 200px\" srcset=\"https:\/\/www.visa-support.info\/wp-content\/uploads\/iguchi2.png.pagespeed.ce.-4b11zfBM0.png 200w, https:\/\/www.visa-support.info\/wp-content\/uploads\/iguchi2-150x150.png.pagespeed.ce.8Iw6310n6Y.png 150w, https:\/\/www.visa-support.info\/wp-content\/uploads\/iguchi2-60x60.png.pagespeed.ce.4QB3-iHf4S.png 60w\" alt=\"\" width=\"200\" height=\"200\" \/><\/figure>\n<\/div>\n<p>Entendemos que voc\u00ea pode se sentir inquieto quando nunca fez nada antes, como quando \u00e9 solicitado a preencher um documento n\u00e3o familiar ou quando \u00e9 solicitado a preencher um pedido complicado.<\/p>\n<p>Nesses casos, eu sempre tento criar uma atmosfera na qual voc\u00ea possa se sentir livre para me consultar sobre suas perguntas e preocupa\u00e7\u00f5es, e para proporcionar uma comunica\u00e7\u00e3o suave entre voc\u00ea e a pessoa respons\u00e1vel, assim como apoio suplementar, para que voc\u00ea possa se sentir \u00e0 vontade.<\/p>\n<p>Farei o meu melhor para estar a servi\u00e7o de meus clientes.<\/p>\n<h2 id=\"aa\"><a id=\"jimusho\"><\/a>Vis\u00e3o geral do escrit\u00f3rio<\/h2>\n<figure class=\"wp-block-table\">\n<table>\n<tbody>\n<tr class=\"even\">\n<td>Nome do escrit\u00f3rio<\/td>\n<td>Ai-Support Escrit\u00f3rio jur\u00eddico geral (Especialistas legais em procedimentos administrativos certificados)<\/td>\n<\/tr>\n<tr class=\"odd\">\n<td>Funda\u00e7\u00e3o<\/td>\n<td>Agosto de 2007<\/td>\n<\/tr>\n<tr class=\"even\">\n<td>Hist\u00f3ria<\/td>\n<td>Junho de 2011 Incorporou um escrit\u00f3rio privado<br \/>\nAbril de 2015 Abertura da filial Hakata em frente \u00e0 esta\u00e7\u00e3o Hakata em Fukuoka, Jap\u00e3o<\/td>\n<\/tr>\n<tr class=\"odd\">\n<td>afilia\u00e7\u00e3o<\/td>\n<td>Federa\u00e7\u00e3o das Associa\u00e7\u00f5es de Dirigentes Administrativos do Jap\u00e3o, Associa\u00e7\u00e3o de Dirigentes Administrativos da Chiba, Associa\u00e7\u00e3o de Dirigentes Administrativos da Fukuoka<\/td>\n<\/tr>\n<tr class=\"even\">\n<td>N\u00famero da empresa<\/td>\n<td>1102001<\/td>\n<\/tr>\n<tr class=\"odd\">\n<td>Representante<\/td>\n<td>Yoshitomo Nomura<\/td>\n<\/tr>\n<tr class=\"even\">\n<td>Localiza\u00e7\u00e3o<\/td>\n<td>\u3010Kashiwa Principal Office\u3011<br \/>\n\u3012277-0842 Suzuki Building 5F, 4-1 Suehiro-cho, Kashiwa-shi, Chiba<br \/>\n\u3010Hakata Branch\u3011<br \/>\n\u3012 812-0012 No.13 Taihei Building 10F, 5-11 Hakataeki Chuo-gai, Hakata-ku, Cidade de Fukuoka, Fukuoka<\/td>\n<\/tr>\n<tr class=\"odd\">\n<td>Contate-nos<\/td>\n<td>E-Mail\uff1ainfo\u25b3ai-support.biz\uff08\u25b3\u2192@\uff09<\/td>\n<\/tr>\n<tr class=\"even\">\n<td>hor\u00e1rio comercial<\/td>\n<td>9:00-18:00(Mesmo que seja fora do hor\u00e1rio comercial, podemos ajud\u00e1-lo se voc\u00ea entrar em contato conosco com anteced\u00eancia).<\/td>\n<\/tr>\n<tr class=\"odd\">\n<td>Feriado<\/td>\n<td>S\u00e1bado, domingo e feriados (mesmo que seja um dia fechado, podemos ajud\u00e1-lo se voc\u00ea nos contatar com anteced\u00eancia).<\/td>\n<\/tr>\n<tr class=\"even\">\n<td>Garantia<\/td>\n<td>Se os documentos produzidos por nosso escrit\u00f3rio estiverem incompletos ou se n\u00e3o pudermos realizar a maior parte do servi\u00e7o, n\u00f3s os recriaremos ou lhe daremos um reembolso total sem nenhum custo.<\/td>\n<\/tr>\n<\/tbody>\n<\/table>\n<\/figure>\n","protected":false},"excerpt":{"rendered":"<p>Para viver no Jap\u00e3o com paz de esp\u00edrito, voc\u00ea deve passar no exame do Bureau de Imigra\u00e7\u00e3o. Este exame \u00e9 mais dif\u00edcil do que a maioria das pessoas imagina. Se voc\u00ea criar e apresentar documentos que n\u00e3o sejam consistentes, voc\u00ea pode ser recusado mesmo que n\u00e3o haja nada de errado. N\u00f3s o apoiamos com todas as nossas for\u00e7as para obter sua permiss\u00e3o o mais r\u00e1pido poss\u00edvel, sinta-se \u00e0 vontade para nos consultar primeiro. Equipe de suporte a pedidos de visto para o Bureau de Imigra\u00e7\u00e3o Introdu\u00e7\u00e3o do escrit\u00f3rio Representante, Diretor Administrativo Espec\u00edfico Yoshitomo Nomura Nascido em Aichi, Jap\u00e3o, em 1972. Quando eu mesmo usava aconselhamento jur\u00eddico como usu\u00e1rio, fiquei chocado [&hellip;]<\/p>\n","protected":false},"author":2,"featured_media":0,"parent":0,"menu_order":0,"comment_status":"open","ping_status":"open","template":"","meta":{"footnotes":""},"tags":[],"class_list":["post-3929","page","type-page","status-publish"],"aioseo_notices":[],"_links":{"self":[{"href":"https:\/\/international-marriage.info\/pt-br\/wp-json\/wp\/v2\/pages\/3929","targetHints":{"allow":["GET"]}}],"collection":[{"href":"https:\/\/international-marriage.info\/pt-br\/wp-json\/wp\/v2\/pages"}],"about":[{"href":"https:\/\/international-marriage.info\/pt-br\/wp-json\/wp\/v2\/types\/page"}],"author":[{"embeddable":true,"href":"https:\/\/international-marriage.info\/pt-br\/wp-json\/wp\/v2\/users\/2"}],"replies":[{"embeddable":true,"href":"https:\/\/international-marriage.info\/pt-br\/wp-json\/wp\/v2\/comments?post=3929"}],"version-history":[{"count":0,"href":"https:\/\/international-marriage.info\/pt-br\/wp-json\/wp\/v2\/pages\/3929\/revisions"}],"wp:attachment":[{"href":"https:\/\/international-marriage.info\/pt-br\/wp-json\/wp\/v2\/media?parent=3929"}],"wp:term":[{"taxonomy":"post_tag","embeddable":true,"href":"https:\/\/international-marriage.info\/pt-br\/wp-json\/wp\/v2\/tags?post=3929"}],"curies":[{"name":"wp","href":"https:\/\/api.w.org\/{rel}","templated":true}]}}