{"id":4045,"date":"2021-01-14T22:39:02","date_gmt":"2021-01-14T13:39:02","guid":{"rendered":"https:\/\/international-marriage.info\/?page_id=4045"},"modified":"2021-01-14T22:39:02","modified_gmt":"2021-01-14T13:39:02","slug":"greetings","status":"publish","type":"page","link":"https:\/\/international-marriage.info\/pt-br\/greetings\/","title":{"rendered":"Mensagem do Presidente"},"content":{"rendered":"<p><img loading=\"lazy\" decoding=\"async\" class=\"alignleft size-full wp-image-4046\" src=\"https:\/\/international-marriage.info\/wp-content\/uploads\/nomura200.jpg\" sizes=\"auto, (max-width: 200px) 100vw, 200px\" srcset=\"https:\/\/international-marriage.info\/wp-content\/uploads\/nomura200.jpg 200w, https:\/\/international-marriage.info\/wp-content\/uploads\/nomura200-150x150.jpg 150w, https:\/\/international-marriage.info\/wp-content\/uploads\/nomura200-100x100.jpg 100w\" alt=\"\" width=\"200\" height=\"200\" \/><span>Obrigado por visitar o nosso site.<\/span><\/p>\n<p><span>\u00c0 medida que o interc\u00e2mbio internacional se tornou cada vez mais popular, conhecer um estrangeiro se tornou cada vez mais familiar, mas ao contr\u00e1rio de quando os japoneses se casam, casar internacionalmente e morar no Jap\u00e3o ainda n\u00e3o \u00e9 uma tarefa f\u00e1cil.<\/span><\/p>\n<p><span>Em parte, isso ocorre porque h\u00e1 tantos casamentos falsos (pessoas que obt\u00eam um visto de casamento de forma fraudulenta (c\u00f4njuge japon\u00eas etc.) como forma de permanecer e trabalhar no Jap\u00e3o) que o processo de triagem do Immigration Bureau \u00e9 baseado em suspeitas.<\/span><\/p>\n<p><span>Por esse motivo, mesmo que n\u00e3o seja intencional, pode levar a um processo de triagem incomumente longo e inconveniente ou, no pior dos casos, \u00e0 rejei\u00e7\u00e3o do pr\u00f3prio pedido (mesmo que seja um casamento leg\u00edtimo), porque, por exemplo, o requerente escreveu algo que n\u00e3o se enquadra nos factos do question\u00e1rio submetido ao Immigration Bureau.<\/span><\/p>\n<p><span>Depois que sua inscri\u00e7\u00e3o for rejeitada, \u00e9 muito dif\u00edcil anul\u00e1-la e obter um Certificado de Elegibilidade.<\/span><\/p>\n<p><span>\u00c9 por isso que voc\u00ea precisa garantir que seu aplicativo seja aprovado na primeira tentativa.<\/span><\/p>\n<p><span>Se voc\u00ea gostaria de evitar problemas e ter uma vida de casado feliz o mais r\u00e1pido poss\u00edvel, podemos ajud\u00e1-lo, por favor, n\u00e3o hesite em nos contatar.<\/span><\/p>\n","protected":false},"excerpt":{"rendered":"<p>Obrigado por visitar o nosso site. \u00c0 medida que o interc\u00e2mbio internacional se tornou cada vez mais popular, conhecer um estrangeiro se tornou cada vez mais familiar, mas ao contr\u00e1rio de quando os japoneses se casam, casar internacionalmente e morar no Jap\u00e3o ainda n\u00e3o \u00e9 uma tarefa f\u00e1cil. Em parte, isso ocorre porque h\u00e1 tantos casamentos falsos (pessoas que obt\u00eam um visto de casamento de forma fraudulenta (c\u00f4njuge japon\u00eas etc.) como forma de permanecer e trabalhar no Jap\u00e3o) que o processo de triagem do Immigration Bureau \u00e9 baseado em suspeitas. Por esse motivo, mesmo que n\u00e3o seja intencional, pode levar a um processo de triagem incomumente longo e inconveniente ou, [&hellip;]<\/p>\n","protected":false},"author":2,"featured_media":0,"parent":0,"menu_order":0,"comment_status":"open","ping_status":"open","template":"","meta":{"footnotes":""},"tags":[],"class_list":["post-4045","page","type-page","status-publish"],"aioseo_notices":[],"_links":{"self":[{"href":"https:\/\/international-marriage.info\/pt-br\/wp-json\/wp\/v2\/pages\/4045","targetHints":{"allow":["GET"]}}],"collection":[{"href":"https:\/\/international-marriage.info\/pt-br\/wp-json\/wp\/v2\/pages"}],"about":[{"href":"https:\/\/international-marriage.info\/pt-br\/wp-json\/wp\/v2\/types\/page"}],"author":[{"embeddable":true,"href":"https:\/\/international-marriage.info\/pt-br\/wp-json\/wp\/v2\/users\/2"}],"replies":[{"embeddable":true,"href":"https:\/\/international-marriage.info\/pt-br\/wp-json\/wp\/v2\/comments?post=4045"}],"version-history":[{"count":0,"href":"https:\/\/international-marriage.info\/pt-br\/wp-json\/wp\/v2\/pages\/4045\/revisions"}],"wp:attachment":[{"href":"https:\/\/international-marriage.info\/pt-br\/wp-json\/wp\/v2\/media?parent=4045"}],"wp:term":[{"taxonomy":"post_tag","embeddable":true,"href":"https:\/\/international-marriage.info\/pt-br\/wp-json\/wp\/v2\/tags?post=4045"}],"curies":[{"name":"wp","href":"https:\/\/api.w.org\/{rel}","templated":true}]}}