{"id":4050,"date":"2021-01-14T22:39:54","date_gmt":"2021-01-14T13:39:54","guid":{"rendered":"https:\/\/international-marriage.info\/?page_id=4050"},"modified":"2021-01-14T22:40:02","modified_gmt":"2021-01-14T13:40:02","slug":"heart","status":"publish","type":"page","link":"https:\/\/international-marriage.info\/pt-br\/heart\/","title":{"rendered":"Nossos pensamentos sobre suporte para solicita\u00e7\u00e3o de visto"},"content":{"rendered":"<figure class=\"wp-block-image\"><img decoding=\"async\" title=\"Equipe de apoio ao pensamento\" src=\"https:\/\/international-marriage.info\/wp-admin\/images\/support.png\" alt=\"Equipe de apoio ao pensamento\" \/><\/figure>\n<p class=\"has-luminous-vivid-orange-color has-text-color has-large-font-size\">A obten\u00e7\u00e3o de um visto n\u00e3o deve ser um obst\u00e1culo \u00e0 sua vida de casado.<\/p>\n<p>Nos \u00faltimos anos, os obst\u00e1culos para a obten\u00e7\u00e3o de um visto de resid\u00eancia tornaram-se muito grandes.<\/p>\n<p>N\u00e3o \u00e9 exagero dizer que documentos como \u201cprova de relacionamento\u201d, que n\u00e3o eram exigidos h\u00e1 muito tempo, agora s\u00e3o quase obrigat\u00f3rios.<\/p>\n<p>Isso ocorre porque o objetivo \u00e9 eliminar os casamentos fict\u00edcios.<\/p>\n<p>Se voc\u00ea entrar no Jap\u00e3o com o status de \u201cC\u00f4njuge ou Filho de Nacional Japon\u00eas\u201d, voc\u00ea n\u00e3o ter\u00e1 restri\u00e7\u00f5es quanto \u00e0 sua ocupa\u00e7\u00e3o, que \u00e9 ideal para quem deseja trabalhar.<\/p>\n<p>Por isso, aumenta a cada ano o n\u00famero de estrangeiros que entram no Jap\u00e3o por meio de um casamento falso para trabalhar no Jap\u00e3o.<\/p>\n<p>Nesse contexto, mesmo as pessoas comuns que se amam e desejam se casar e viver juntas genuinamente podem ter a permiss\u00e3o para um casamento falso se n\u00e3o puderem provar no papel que o casamento \u00e9 genu\u00edno.<\/p>\n<p>Mas, francamente, n\u00e3o est\u00e1 certo e \u00e9 triste, n\u00e3o \u00e9?<\/p>\n<p>\u00c9 uma trag\u00e9dia n\u00e3o podermos viver juntos como um casal.<\/p>\n<p>Isso \u00e9 o que realmente queremos.<\/p>\n<p>Outro dia, estava ao telefone com uma pessoa que acabara de ser aprovada.\u00a0Ele me disse.<\/p>\n<p>N\u00e3o tenho dinheiro para lhes dar e n\u00e3o posso comprar muitos presentes.<\/p>\n<p>N\u00e3o tenho dinheiro para lhes dar e n\u00e3o posso comprar muitos presentes.\u00a0Essa \u00e9 a \u00fanica maneira de faz\u00ea-los felizes.<\/p>\n<p>Para viver juntos no Jap\u00e3o.<\/p>\n<p>Estas s\u00e3o as palavras que nos lembram que o mais importante para um casal internacionalmente casado \u00e9 ser feliz.<\/p>\n<p>Se voc\u00ea deseja evitar o infort\u00fanio de n\u00e3o poder come\u00e7ar uma vida feliz, ou se deseja quebrar o impasse de ser rejeitado repetidas vezes, entre em contato conosco.<\/p>\n<p>Faremos tudo ao nosso alcance para ajud\u00e1-lo.<\/p>\n","protected":false},"excerpt":{"rendered":"<p>A obten\u00e7\u00e3o de um visto n\u00e3o deve ser um obst\u00e1culo \u00e0 sua vida de casado. Nos \u00faltimos anos, os obst\u00e1culos para a obten\u00e7\u00e3o de um visto de resid\u00eancia tornaram-se muito grandes. N\u00e3o \u00e9 exagero dizer que documentos como \u201cprova de relacionamento\u201d, que n\u00e3o eram exigidos h\u00e1 muito tempo, agora s\u00e3o quase obrigat\u00f3rios. Isso ocorre porque o objetivo \u00e9 eliminar os casamentos fict\u00edcios. Se voc\u00ea entrar no Jap\u00e3o com o status de \u201cC\u00f4njuge ou Filho de Nacional Japon\u00eas\u201d, voc\u00ea n\u00e3o ter\u00e1 restri\u00e7\u00f5es quanto \u00e0 sua ocupa\u00e7\u00e3o, que \u00e9 ideal para quem deseja trabalhar. Por isso, aumenta a cada ano o n\u00famero de estrangeiros que entram no Jap\u00e3o por meio de um [&hellip;]<\/p>\n","protected":false},"author":2,"featured_media":0,"parent":0,"menu_order":0,"comment_status":"closed","ping_status":"closed","template":"","meta":{"footnotes":""},"tags":[],"class_list":["post-4050","page","type-page","status-publish"],"aioseo_notices":[],"_links":{"self":[{"href":"https:\/\/international-marriage.info\/pt-br\/wp-json\/wp\/v2\/pages\/4050","targetHints":{"allow":["GET"]}}],"collection":[{"href":"https:\/\/international-marriage.info\/pt-br\/wp-json\/wp\/v2\/pages"}],"about":[{"href":"https:\/\/international-marriage.info\/pt-br\/wp-json\/wp\/v2\/types\/page"}],"author":[{"embeddable":true,"href":"https:\/\/international-marriage.info\/pt-br\/wp-json\/wp\/v2\/users\/2"}],"replies":[{"embeddable":true,"href":"https:\/\/international-marriage.info\/pt-br\/wp-json\/wp\/v2\/comments?post=4050"}],"version-history":[{"count":0,"href":"https:\/\/international-marriage.info\/pt-br\/wp-json\/wp\/v2\/pages\/4050\/revisions"}],"wp:attachment":[{"href":"https:\/\/international-marriage.info\/pt-br\/wp-json\/wp\/v2\/media?parent=4050"}],"wp:term":[{"taxonomy":"post_tag","embeddable":true,"href":"https:\/\/international-marriage.info\/pt-br\/wp-json\/wp\/v2\/tags?post=4050"}],"curies":[{"name":"wp","href":"https:\/\/api.w.org\/{rel}","templated":true}]}}