{"id":4060,"date":"2021-01-14T22:42:55","date_gmt":"2021-01-14T13:42:55","guid":{"rendered":"https:\/\/international-marriage.info\/?page_id=4060"},"modified":"2021-01-14T22:45:01","modified_gmt":"2021-01-14T13:45:01","slug":"suisensha","status":"publish","type":"page","link":"https:\/\/international-marriage.info\/pt-br\/suisensha\/","title":{"rendered":"Coment\u00e1rio do recomendador"},"content":{"rendered":"<p>Recebemos uma recomenda\u00e7\u00e3o para nossa firma, especializada em pedidos de visto, e gostar\u00edamos de compartilh\u00e1-la com voc\u00ea.<\/p>\n<h3>Sr. Hironori Mintaka<br \/>\nAdministrative Scrivener, Cidade de Onomichi, Hiroshima, Jap\u00e3o<\/h3>\n<div>\n<figure><img loading=\"lazy\" decoding=\"async\" class=\"alignleft\" src=\"https:\/\/international-marriage.info\/wp-content\/uploads\/84e1ce63725d12b45f951308d511433b_m.jpg\" sizes=\"auto, (max-width: 300px) 100vw, 300px\" srcset=\"https:\/\/www.visa-support.info\/wp-content\/uploads\/\u6c11\u5b85\u5f18\u5178\u5148\u751f.jpg 300w, https:\/\/www.visa-support.info\/wp-content\/uploads\/\u6c11\u5b85\u5f18\u5178\u5148\u751f-290x300.jpg 290w\" alt=\"\" width=\"154\" height=\"159\" \/><\/figure>\n<div>\n<p>Como o nome sugere, Ai-Support Escrit\u00f3rio jur\u00eddico geral\u00a0\u00e9 um escrit\u00f3rio que o ap\u00f3ia com amor.<\/p>\n<p>Al\u00e9m do alto n\u00edvel de conhecimento de neg\u00f3cios e poder de processamento, a compaix\u00e3o pelo cliente e a personalidade da equipe, incluindo o Professor Nomura, s\u00e3o as melhores e maravilhosas armas.<\/p>\n<p>\u00c9 um escrit\u00f3rio que escuta a hist\u00f3ria do cliente de uma forma amig\u00e1vel e est\u00e1 profundamente preocupado que ele n\u00e3o se esque\u00e7a de contat\u00e1-lo para que ele n\u00e3o fique ansioso. Se voc\u00ea est\u00e1 pensando em procedimentos de pedido de visto, recomendamos Ai-Support Escrit\u00f3rio jur\u00eddico geral\u00a0, que voc\u00ea pode deixar com confian\u00e7a at\u00e9 o fim.<\/p>\n<\/div>\n<\/div>\n<h3>Sr. Masatomo Tada<br \/>\nScrivener Judicial, Cidade de Ichikawa, Chiba, Jap\u00e3o<\/h3>\n<div>\n<figure><img loading=\"lazy\" decoding=\"async\" class=\"alignleft\" src=\"https:\/\/www.visa-support.info\/wp-content\/uploads\/%E5%A4%9A%E7%94%B0%E6%AD%A3%E7%9F%A5%E5%85%88%E7%94%9F.jpg\" alt=\"\" width=\"175\" height=\"198\" \/><\/figure>\n<div>\n<p>Penso que muitas pessoas se preocupam com \u201cque tipo de procedimento \u00e9 necess\u00e1rio\u201d, \u201cquanto custar\u00e1 se solicitarmos o procedimento\u201d, e \u201cse podemos deix\u00e1-lo para voc\u00ea com tranquilidade\u201d quando se torna necess\u00e1rio preparar os documentos necess\u00e1rios para os procedimentos legais.<\/p>\n<p>A este respeito, Ai-Support Escrit\u00f3rio jur\u00eddico geral\u00a0disponibiliza uma grande quantidade de informa\u00e7\u00e3o na perspectiva do consultor atrav\u00e9s da sua abundante e extensa homepage.<br \/>\nAl\u00e9m disso, o custo do procedimento para fazer uma solicita\u00e7\u00e3o \u00e9 claramente mostrado e as quest\u00f5es de custo do consultor podem ser respondidas.<\/p>\n<p>Al\u00e9m disso, eles trabalham nos casos que aceitam com sinceridade, e tamb\u00e9m informam a seus clientes de tempos em tempos. Eles ter\u00e3o o cuidado de lhe dar paz de esp\u00edrito. Se voc\u00ea quiser confiar-lhes o procedimento, visite seu website e considere que recomendo vivamente que voc\u00ea o fa\u00e7a.<\/p>\n<\/div>\n<\/div>\n<h3>Sr. Tatsuya Suzuki,<br \/>\nAdministrative Scrivener, Shinjo City, Aichi, Jap\u00e3o<\/h3>\n<div>\n<figure><img loading=\"lazy\" decoding=\"async\" class=\"alignleft\" src=\"https:\/\/www.visa-support.info\/wp-content\/uploads\/%E9%88%B4%E6%9C%A8%E9%81%94%E4%B9%9F%E5%85%88%E7%94%9F.jpg\" sizes=\"auto, (max-width: 342px) 100vw, 342px\" srcset=\"https:\/\/www.visa-support.info\/wp-content\/uploads\/\u9234\u6728\u9054\u4e5f\u5148\u751f.jpg 342w, https:\/\/www.visa-support.info\/wp-content\/uploads\/\u9234\u6728\u9054\u4e5f\u5148\u751f-287x300.jpg 287w\" alt=\"\" width=\"156\" height=\"163\" \/><\/figure>\n<div>\n<p>Poucas pessoas conhecem os procedimentos a serem seguidos pelos escrit\u00f3rios governamentais, incluindo pedidos de visto. Em grande parte, fica a crit\u00e9rio do respons\u00e1vel no balc\u00e3o e, dependendo das habilidades e experi\u00eancia do funcion\u00e1rio administrativo, o pedido pode ou n\u00e3o ser aceito. Os resultados podem variar muito.<\/p>\n<p>s vezes, a pessoa de contato pode n\u00e3o ser razo\u00e1vel ou fazer exig\u00eancias que v\u00e3o al\u00e9m do que \u00e9 exigido por lei. Voc\u00ea tem que argumentar com eles. Voc\u00ea deve compreender as leis e regulamentos, precedentes, etc., e refut\u00e1-las com precis\u00e3o, sem ceder a elas. Se voc\u00ea n\u00e3o puder fazer isso, o que \u00e9 aceito n\u00e3o ser\u00e1 aceito. Infelizmente, os administradores inexperientes se encontram freq\u00fcentemente em tal situa\u00e7\u00e3o.<\/p>\n<p>Nesse sentido, os docentes de Ai-Support Escrit\u00f3rio jur\u00eddico geral\u00a0t\u00eam um conhecimento muito bom das circunst\u00e2ncias e da natureza da administra\u00e7\u00e3o, e posso recomend\u00e1-lo tamb\u00e9m do meu ponto de vista, que tenho 26 anos de experi\u00eancia trabalhando na prefeitura. Se tiver algum problema, n\u00e3o hesite em contactar-nos.<\/p>\n<\/div>\n<\/div>\n<h3>Sr. Shuichi Nakamura<br \/>\nContador de impostos, Cidade de Kashiwa, Chiba, Jap\u00e3o<\/h3>\n<div>\n<figure><img loading=\"lazy\" decoding=\"async\" class=\"alignleft\" src=\"https:\/\/www.visa-support.info\/wp-content\/uploads\/%E4%B8%AD%E6%9D%91%E4%BF%AE%E4%B8%80%E5%85%88%E7%94%9F.jpg\" alt=\"\" width=\"140\" height=\"147\" \/><\/figure>\n<div>\n<p>H\u00e1 muita papelada a ser preenchida nos procedimentos relacionados aos escrit\u00f3rios governamentais. \u00c9 a primeira vez que muitas pessoas preenchem formul\u00e1rios de solicita\u00e7\u00e3o, e mesmo se voc\u00ea tentar faz\u00ea-lo por conta pr\u00f3pria, pode achar dif\u00edcil encontrar um lugar para morar. H\u00e1 muitas vezes em que voc\u00ea n\u00e3o pode sequer considerar se deve come\u00e7ar com o primeiro passo.<\/p>\n<p>Nesses casos, recomendamos que voc\u00ea consulte um especialista em prepara\u00e7\u00e3o de documentos, Ai-Support Escrit\u00f3rio jur\u00eddico geral\u00a0. Ele lhe ensinar\u00e1 cuidadosamente o fluxo geral e o trabalho necess\u00e1rio em palavras f\u00e1ceis de entender.<\/p>\n<p>Al\u00e9m disso, como o pre\u00e7o razo\u00e1vel \u00e9 declarado claramente com anteced\u00eancia, voc\u00ea pode ter certeza de que o custo ser\u00e1 claro. O escrit\u00f3rio \u00e9 muito conveniente em frente \u00e0 esta\u00e7\u00e3o Kashiwa e \u00e0 esta\u00e7\u00e3o Hakata. Se voc\u00ea tiver qualquer problema com o procedimento, recomendamos Ai-Support Escrit\u00f3rio jur\u00eddico geral\u00a0.<\/p>\n<\/div>\n<\/div>\n<h3>Sr. Satoshi Inoue<br \/>\nAdministrative Scrivener, Nakagyo-ku, Kyoto, Jap\u00e3o<\/h3>\n<div>\n<figure><img loading=\"lazy\" decoding=\"async\" class=\"alignleft\" src=\"https:\/\/www.visa-support.info\/wp-content\/uploads\/%E4%BA%95%E4%B8%8A%E8%81%A1%E5%85%88%E7%94%9F.jpg\" sizes=\"auto, (max-width: 463px) 100vw, 463px\" srcset=\"https:\/\/www.visa-support.info\/wp-content\/uploads\/\u4e95\u4e0a\u8061\u5148\u751f.jpg 463w, https:\/\/www.visa-support.info\/wp-content\/uploads\/\u4e95\u4e0a\u8061\u5148\u751f-231x300.jpg 231w\" alt=\"\" width=\"137\" height=\"178\" \/><\/figure>\n<div>\n<p>Uma vez que \u00e9 operado firmemente por uma organiza\u00e7\u00e3o corporativa, pode ser dif\u00edcil consultar a Ai-Support Escrit\u00f3rio jur\u00eddico geral\u00a0. Voc\u00ea pode pensar isso, mas nunca \u00e9 o caso.<\/p>\n<p>Todos, incluindo o representante Professor Nomura, s\u00e3o muito gentis e f\u00e1ceis de conversar. Al\u00e9m disso, temos muita experi\u00eancia, por isso devemos ser capazes de sugerir o melhor m\u00e9todo para cada situa\u00e7\u00e3o.<\/p>\n<p>Se voc\u00ea estiver tendo problemas para solicitar um visto, sinta-se \u00e0 vontade para entrar em contato primeiro com Ai-Support Escrit\u00f3rio jur\u00eddico geral\u00a0. Tenho certeza que eles ser\u00e3o gentis e prestativos. Eu gostaria de perguntar a Ai-Support Escrit\u00f3rio jur\u00eddico geral\u00a0por todos os projetos em Kanto e Kyushu.<\/p>\n<\/div>\n<\/div>\n<h3>Sr. Takayuki Murai<br \/>\nAdministrative Scrivener, Cidade de Takamatsu, Kagawa, Jap\u00e3o<\/h3>\n<div>\n<figure>\n<div>\n<figure><img decoding=\"async\" class=\"alignleft\" src=\"https:\/\/www.visa-support.info\/wp-content\/uploads\/%E6%9D%91%E4%BA%95%E5%AD%9D%E4%B9%8B%E5%85%88%E7%94%9F.jpg\" alt=\"\" \/><\/figure>\n<\/div>\n<\/figure>\n<div>\n<p>Com a vantagem de ter v\u00e1rios administradores e uma rede de profissionais, o escrit\u00f3rio do Sr. Nomura oferece apoio jur\u00eddico em uma ampla gama de \u00e1reas.<\/p>\n<p>Portanto, uma vez que voc\u00ea fizer um pedido e construir um relacionamento com ele, voc\u00ea pode se sentir livre para pedir-lhe ajuda com qualquer problema que possa surgir em sua vida ou neg\u00f3cio depois, e ele ser\u00e1 capaz de resolver a maioria deles, tornando este escrit\u00f3rio altamente valioso a longo prazo.<\/p>\n<p>Se voc\u00ea mora em T\u00f3quio, Chiba, Saitama, sub\u00farbios de Ibaraki \/ Fukuoka \/ Saga e est\u00e1 considerando consultar um escriv\u00e3o administrativo ao se inscrever no Departamento de Imigra\u00e7\u00e3o, recomendamos Ai-Support Escrit\u00f3rio jur\u00eddico geral\u00a0.<\/p>\n<\/div>\n<\/div>\n<h3>Sr. Koji Isotani<br \/>\nAssistente de Seguro Social, Cidade de Kashiwa, Chiba, Jap\u00e3o<\/h3>\n<div>\n<figure><img loading=\"lazy\" decoding=\"async\" class=\"alignleft\" src=\"https:\/\/www.visa-support.info\/wp-content\/uploads\/%E7%A3%AF%E8%B0%B7%E5%B9%B8%E5%8F%B8%E5%85%88%E7%94%9F.jpg\" sizes=\"auto, (max-width: 299px) 100vw, 299px\" srcset=\"https:\/\/www.visa-support.info\/wp-content\/uploads\/\u78ef\u8c37\u5e78\u53f8\u5148\u751f.jpg 299w, https:\/\/www.visa-support.info\/wp-content\/uploads\/\u78ef\u8c37\u5e78\u53f8\u5148\u751f-268x300.jpg 268w\" alt=\"\" width=\"154\" height=\"173\" \/><\/figure>\n<div>\n<p>Penso que uma das caracter\u00edsticas deste escrit\u00f3rio \u00e9 que \u00e9 f\u00e1cil falar com eles porque eles o escutam enquanto acenam com a cabe\u00e7a suavemente.<\/p>\n<p>Eles realizam semin\u00e1rios, de modo que podem nos dar n\u00e3o apenas conhecimentos jur\u00eddicos, mas tamb\u00e9m conselhos do outro lado.<\/p>\n<p>Uma vez que o custo tamb\u00e9m \u00e9 uma contabilidade feliz, recomendamos que voc\u00ea consulte Ai-Support Escrit\u00f3rio jur\u00eddico geral\u00a0ao preparar documentos relacionados ao pedido de visto.<\/p>\n<\/div>\n<\/div>\n","protected":false},"excerpt":{"rendered":"<p>Recebemos uma recomenda\u00e7\u00e3o para nossa firma, especializada em pedidos de visto, e gostar\u00edamos de compartilh\u00e1-la com voc\u00ea. Sr. Hironori Mintaka Administrative Scrivener, Cidade de Onomichi, Hiroshima, Jap\u00e3o Como o nome sugere, Ai-Support Escrit\u00f3rio jur\u00eddico geral\u00a0\u00e9 um escrit\u00f3rio que o ap\u00f3ia com amor. Al\u00e9m do alto n\u00edvel de conhecimento de neg\u00f3cios e poder de processamento, a compaix\u00e3o pelo cliente e a personalidade da equipe, incluindo o Professor Nomura, s\u00e3o as melhores e maravilhosas armas. \u00c9 um escrit\u00f3rio que escuta a hist\u00f3ria do cliente de uma forma amig\u00e1vel e est\u00e1 profundamente preocupado que ele n\u00e3o se esque\u00e7a de contat\u00e1-lo para que ele n\u00e3o fique ansioso. Se voc\u00ea est\u00e1 pensando em procedimentos de [&hellip;]<\/p>\n","protected":false},"author":2,"featured_media":0,"parent":0,"menu_order":0,"comment_status":"closed","ping_status":"closed","template":"","meta":{"footnotes":""},"tags":[],"class_list":["post-4060","page","type-page","status-publish"],"aioseo_notices":[],"_links":{"self":[{"href":"https:\/\/international-marriage.info\/pt-br\/wp-json\/wp\/v2\/pages\/4060","targetHints":{"allow":["GET"]}}],"collection":[{"href":"https:\/\/international-marriage.info\/pt-br\/wp-json\/wp\/v2\/pages"}],"about":[{"href":"https:\/\/international-marriage.info\/pt-br\/wp-json\/wp\/v2\/types\/page"}],"author":[{"embeddable":true,"href":"https:\/\/international-marriage.info\/pt-br\/wp-json\/wp\/v2\/users\/2"}],"replies":[{"embeddable":true,"href":"https:\/\/international-marriage.info\/pt-br\/wp-json\/wp\/v2\/comments?post=4060"}],"version-history":[{"count":0,"href":"https:\/\/international-marriage.info\/pt-br\/wp-json\/wp\/v2\/pages\/4060\/revisions"}],"wp:attachment":[{"href":"https:\/\/international-marriage.info\/pt-br\/wp-json\/wp\/v2\/media?parent=4060"}],"wp:term":[{"taxonomy":"post_tag","embeddable":true,"href":"https:\/\/international-marriage.info\/pt-br\/wp-json\/wp\/v2\/tags?post=4060"}],"curies":[{"name":"wp","href":"https:\/\/api.w.org\/{rel}","templated":true}]}}