{"id":4095,"date":"2021-01-14T22:47:20","date_gmt":"2021-01-14T13:47:20","guid":{"rendered":"https:\/\/international-marriage.info\/?page_id=4095"},"modified":"2021-01-14T22:48:21","modified_gmt":"2021-01-14T13:48:21","slug":"flow","status":"publish","type":"page","link":"https:\/\/international-marriage.info\/pt-br\/flow\/","title":{"rendered":"O fluxo de viver juntos no Jap\u00e3o"},"content":{"rendered":"\n<p>Quando o outro estrangeiro est\u00e1 morando em um pa\u00eds estrangeiro e \u00e9 convidado ao Jap\u00e3o, ao contr\u00e1rio do caso em que os japoneses se casam e moram juntos, ap\u00f3s a coleta de diversos documentos e procedimentos, \u00e9 necess\u00e1rio o procedimento prescrito.&nbsp;N\u00e3o pode ser realizado sem permiss\u00e3o, por isso leva mais tempo e esfor\u00e7o do que o p\u00fablico em geral pode imaginar.<\/p>\n\n\n\n<p>Aqui, explicarei um exemplo de como se casar com um estrangeiro que mora em um pa\u00eds diferente do Jap\u00e3o e conseguir viver no Jap\u00e3o.&nbsp;Observe que o procedimento pode ser diferente dependendo da situa\u00e7\u00e3o em que cada um \u00e9 colocado.<\/p>\n\n\n\n<div class=\"wp-block-group has-background\" style=\"background-color:#fde6ff\"><div class=\"wp-block-group__inner-container is-layout-flow wp-block-group-is-layout-flow\">\n<p>1. Confirma\u00e7\u00e3o das inten\u00e7\u00f5es e condi\u00e7\u00f5es m\u00fatuas de casamento (idade, per\u00edodo de tabu de novo casamento, etc.)<\/p>\n\n\n\n<figure class=\"wp-block-image\"><img decoding=\"async\" src=\"https:\/\/international-marriage.info\/wp-admin\/images\/yajirushi_pnk.gif\" alt=\"Seta\"\/><\/figure>\n\n\n\n<p>2. Recolha de documentos necess\u00e1rios<\/p>\n\n\n\n<figure class=\"wp-block-image\"><img decoding=\"async\" src=\"https:\/\/international-marriage.info\/wp-admin\/images\/yajirushi_pnk.gif\" alt=\"Seta\"\/><\/figure>\n\n\n\n<p>3. Registro de casamento no escrit\u00f3rio do governo japon\u00eas (s\u00e3o necess\u00e1rias duas testemunhas)<br>* No caso da China, o procedimento ser\u00e1 feito primeiro na China<\/p>\n\n\n\n<figure class=\"wp-block-image\"><img decoding=\"async\" src=\"https:\/\/international-marriage.info\/wp-admin\/images\/yajirushi_pnk.gif\" alt=\"Seta\"\/><\/figure>\n\n\n\n<p>4. Procedimento de casamento em outro pa\u00eds<br>* A ordem com 3 pode ser revertida com algumas exce\u00e7\u00f5es<\/p>\n\n\n\n<figure class=\"wp-block-image\"><img decoding=\"async\" src=\"https:\/\/international-marriage.info\/wp-admin\/images\/yajirushi_pnk.gif\" alt=\"Seta\"\/><\/figure>\n\n\n\n<p>5. Solicite a emiss\u00e3o de um Certificado de Elegibilidade no Immigration Bureau com jurisdi\u00e7\u00e3o sobre sua \u00e1rea.<\/p>\n\n\n\n<figure class=\"wp-block-image\"><img decoding=\"async\" src=\"https:\/\/international-marriage.info\/wp-admin\/images\/yajirushi_pnk.gif\" alt=\"Seta\"\/><\/figure>\n\n\n\n<p>6. Emiss\u00e3o do certificado de certifica\u00e7\u00e3o da imigra\u00e7\u00e3o ap\u00f3s um per\u00edodo de exame de cerca de 1 a 3 meses<\/p>\n\n\n\n<figure class=\"wp-block-image\"><img decoding=\"async\" src=\"https:\/\/international-marriage.info\/wp-admin\/images\/yajirushi_pnk.gif\" alt=\"Seta\"\/><\/figure>\n\n\n\n<p>7. Enviaremos um Certificado de Elegibilidade para o outro estrangeiro<\/p>\n\n\n\n<figure class=\"wp-block-image\"><img decoding=\"async\" src=\"https:\/\/international-marriage.info\/wp-admin\/images\/yajirushi_pnk.gif\" alt=\"Seta\"\/><\/figure>\n\n\n\n<p>8. Certificado de Elegibilidade e Passaporte enviado na embaixada japonesa (consulado) em um pa\u00eds estrangeiro<\/p>\n\n\n\n<p>Traga-o e pe\u00e7a um visto<\/p>\n\n\n\n<figure class=\"wp-block-image\"><img decoding=\"async\" src=\"https:\/\/international-marriage.info\/wp-admin\/images\/yajirushi_pnk.gif\" alt=\"Seta\"\/><\/figure>\n\n\n\n<p>9. Depois de emitir seu visto, voc\u00ea basicamente poder\u00e1 entrar no Jap\u00e3o, de modo que poder\u00e1 viver juntos em um dia ensolarado.<\/p>\n<\/div><\/div>\n\n\n\n<p>* Recentemente, uma vez que existem tantos casamentos falsos, os itens de aplica\u00e7\u00e3o para o Immigration Bureau s\u00e3o muito detalhados, e se houver alguma defici\u00eancia ou inconsist\u00eancias nas circunst\u00e2ncias que levaram ao casamento ou na descri\u00e7\u00e3o no livro de motivos, mesmo que seja falso Mesmo que o casamento n\u00e3o seja verdadeiro, o per\u00edodo de exame pode ser estendido e, em alguns casos, o certificado de elegibilidade pode n\u00e3o ser emitido, portanto, muito cuidado deve ser tomado.&nbsp;Al\u00e9m disso, os documentos que comprovam a data est\u00e3o se tornando mais importantes e o exame est\u00e1 claramente mais rigoroso do que antes.<\/p>\n","protected":false},"excerpt":{"rendered":"<p>Quando o outro estrangeiro est\u00e1 morando em um pa\u00eds estrangeiro e \u00e9 convidado ao Jap\u00e3o, ao contr\u00e1rio do caso em que os japoneses se casam e moram juntos, ap\u00f3s a coleta de diversos documentos e procedimentos, \u00e9 necess\u00e1rio o procedimento prescrito.&nbsp;N\u00e3o pode ser realizado sem permiss\u00e3o, por isso leva mais tempo e esfor\u00e7o do que o p\u00fablico em geral pode imaginar. Aqui, explicarei um exemplo de como se casar com um estrangeiro que mora em um pa\u00eds diferente do Jap\u00e3o e conseguir viver no Jap\u00e3o.&nbsp;Observe que o procedimento pode ser diferente dependendo da situa\u00e7\u00e3o em que cada um \u00e9 colocado. 1. Confirma\u00e7\u00e3o das inten\u00e7\u00f5es e condi\u00e7\u00f5es m\u00fatuas de casamento (idade, [&hellip;]<\/p>\n","protected":false},"author":2,"featured_media":0,"parent":0,"menu_order":0,"comment_status":"open","ping_status":"open","template":"","meta":{"footnotes":""},"tags":[],"class_list":["post-4095","page","type-page","status-publish"],"aioseo_notices":[],"_links":{"self":[{"href":"https:\/\/international-marriage.info\/pt-br\/wp-json\/wp\/v2\/pages\/4095","targetHints":{"allow":["GET"]}}],"collection":[{"href":"https:\/\/international-marriage.info\/pt-br\/wp-json\/wp\/v2\/pages"}],"about":[{"href":"https:\/\/international-marriage.info\/pt-br\/wp-json\/wp\/v2\/types\/page"}],"author":[{"embeddable":true,"href":"https:\/\/international-marriage.info\/pt-br\/wp-json\/wp\/v2\/users\/2"}],"replies":[{"embeddable":true,"href":"https:\/\/international-marriage.info\/pt-br\/wp-json\/wp\/v2\/comments?post=4095"}],"version-history":[{"count":0,"href":"https:\/\/international-marriage.info\/pt-br\/wp-json\/wp\/v2\/pages\/4095\/revisions"}],"wp:attachment":[{"href":"https:\/\/international-marriage.info\/pt-br\/wp-json\/wp\/v2\/media?parent=4095"}],"wp:term":[{"taxonomy":"post_tag","embeddable":true,"href":"https:\/\/international-marriage.info\/pt-br\/wp-json\/wp\/v2\/tags?post=4095"}],"curies":[{"name":"wp","href":"https:\/\/api.w.org\/{rel}","templated":true}]}}