{"id":4770,"date":"2021-01-15T16:35:08","date_gmt":"2021-01-15T07:35:08","guid":{"rendered":"https:\/\/international-marriage.info\/?page_id=4770"},"modified":"2021-01-15T16:35:08","modified_gmt":"2021-01-15T07:35:08","slug":"thanks","status":"publish","type":"page","link":"https:\/\/international-marriage.info\/pt-br\/thanks\/","title":{"rendered":"Obrigado por seu pedido de visto de c\u00f4njuge"},"content":{"rendered":"<p>Muito obrigado por sua candidatura.<\/p>\n<p>Por favor, aguarde um pouco porque lhe enviaremos um e-mail com as informa\u00e7\u00f5es.<\/p>\n<p>Al\u00e9m disso, se voc\u00ea n\u00e3o receber uma correspond\u00eancia de resposta mesmo que passe dois dias da solicita\u00e7\u00e3o, exceto aos s\u00e1bados, domingos e feriados nacionais, ela pode estar na pasta de lixo eletr\u00f4nico ou problema de comunica\u00e7\u00e3o, erro de entrada do endere\u00e7o postal, etc. Nesse caso, lamentamos muito incomod\u00e1-lo, mas depois de confirmar, entre em contato conosco por outro meio, como telefone Favor entrar em contato conosco por outro meio, como telefone.<\/p>\n<p>Muito obrigado por sua coopera\u00e7\u00e3o.<\/p>\n<p>&nbsp;<\/p>\n<p>&nbsp;<\/p>\n<p>Traduzido com a vers\u00e3o gratuita do tradutor &#8211; www.DeepL.com\/Translator<\/p>\n","protected":false},"excerpt":{"rendered":"<p>Muito obrigado por sua candidatura. Por favor, aguarde um pouco porque lhe enviaremos um e-mail com as informa\u00e7\u00f5es. Al\u00e9m disso, se voc\u00ea n\u00e3o receber uma correspond\u00eancia de resposta mesmo que passe dois dias da solicita\u00e7\u00e3o, exceto aos s\u00e1bados, domingos e feriados nacionais, ela pode estar na pasta de lixo eletr\u00f4nico ou problema de comunica\u00e7\u00e3o, erro de entrada do endere\u00e7o postal, etc. Nesse caso, lamentamos muito incomod\u00e1-lo, mas depois de confirmar, entre em contato conosco por outro meio, como telefone Favor entrar em contato conosco por outro meio, como telefone. Muito obrigado por sua coopera\u00e7\u00e3o. &nbsp; &nbsp; Traduzido com a vers\u00e3o gratuita do tradutor &#8211; www.DeepL.com\/Translator<\/p>\n","protected":false},"author":2,"featured_media":0,"parent":0,"menu_order":0,"comment_status":"closed","ping_status":"closed","template":"","meta":{"footnotes":""},"tags":[],"class_list":["post-4770","page","type-page","status-publish"],"aioseo_notices":[],"_links":{"self":[{"href":"https:\/\/international-marriage.info\/pt-br\/wp-json\/wp\/v2\/pages\/4770","targetHints":{"allow":["GET"]}}],"collection":[{"href":"https:\/\/international-marriage.info\/pt-br\/wp-json\/wp\/v2\/pages"}],"about":[{"href":"https:\/\/international-marriage.info\/pt-br\/wp-json\/wp\/v2\/types\/page"}],"author":[{"embeddable":true,"href":"https:\/\/international-marriage.info\/pt-br\/wp-json\/wp\/v2\/users\/2"}],"replies":[{"embeddable":true,"href":"https:\/\/international-marriage.info\/pt-br\/wp-json\/wp\/v2\/comments?post=4770"}],"version-history":[{"count":0,"href":"https:\/\/international-marriage.info\/pt-br\/wp-json\/wp\/v2\/pages\/4770\/revisions"}],"wp:attachment":[{"href":"https:\/\/international-marriage.info\/pt-br\/wp-json\/wp\/v2\/media?parent=4770"}],"wp:term":[{"taxonomy":"post_tag","embeddable":true,"href":"https:\/\/international-marriage.info\/pt-br\/wp-json\/wp\/v2\/tags?post=4770"}],"curies":[{"name":"wp","href":"https:\/\/api.w.org\/{rel}","templated":true}]}}