{"id":1443,"date":"2020-12-07T13:35:27","date_gmt":"2020-12-07T04:35:27","guid":{"rendered":"https:\/\/international-marriage.info\/?page_id=1443"},"modified":"2020-12-07T13:35:27","modified_gmt":"2020-12-07T04:35:27","slug":"voice","status":"publish","type":"page","link":"https:\/\/international-marriage.info\/pt-pt\/voice\/","title":{"rendered":"Voz do Cliente"},"content":{"rendered":"<p>Estamos muito gratos pelo feedback dos nossos clientes e iremos public\u00e1-lo assim que o recebermos. Iremos publicar testemunhos assim que os recebermos.<\/p>\n<h4>MK de Chofu City, T\u00f3quio<\/h4>\n<p>Muito obrigado pela vossa ajuda nesta mat\u00e9ria. A primeira vez que pedi ajuda a outro funcion\u00e1rio administrativo para a minha candidatura, mas n\u00e3o consegui entrar em contacto com ele e fiquei t\u00e3o desiludido quando recebi uma chamada muitos meses mais tarde a dizer que a candidatura n\u00e3o tinha sido concedida que ia desistir. Desta vez comparei v\u00e1rios websites e a explica\u00e7\u00e3o no website era muito clara e o pre\u00e7o era claro, por isso decidi consult\u00e1-los. Como resultado, consegui finalmente receber o meu estatuto de residente mais cedo do que esperava, o que foi um enorme al\u00edvio ap\u00f3s meses de espera. Estou t\u00e3o contente por o ter deixado ao Dr. Nomura. Muito obrigado pela sua ajuda.<\/p>\n<h4>S da cidade de Nagaoka, Prefeitura de Niigata<\/h4>\n<p>Muito obrigado pela vossa ajuda no outro dia, cheguei ao Jap\u00e3o em Maio e estou agora a viver com a minha mulher. Aqui est\u00e1 um presente da minha mulher. Por favor, partilhe-o com todos. Muito obrigado pelo servi\u00e7o.<\/p>\n<h4>KT da cidade de Yokohama, Prefeitura de Kanagawa<\/h4>\n<p>Recebi o meu certificado de acredita\u00e7\u00e3o, embora tenha demorado algum tempo a entrar em contacto convosco. Tive de lhes telefonar da China para fazer muitas perguntas sobre os detalhes do nosso casamento, e agrade\u00e7o-lhes pela sua gentileza e ajuda. Muito obrigado pela vossa ajuda.<\/p>\n<h4>T da cidade de Kimitsu, Chiba<\/h4>\n<p>Obrigado por nos ajudar com o processo de vistos para o meu marido, que \u00e9 chin\u00eas. Foi muito dif\u00edcil para n\u00f3s pr\u00f3prios faz\u00ea-lo, pelo que pedimos ajuda, mas eles responderam muito rapidamente e foram muito prest\u00e1veis.<\/p>\n<h4>SU da cidade de Mito, Ibaraki<\/h4>\n<p>A minha mulher p\u00f4de vir ao Jap\u00e3o em seguran\u00e7a e eu quase falhei uma vez quando falhei, mas obrigado pela vossa ajuda. Agora gostaria de lhes ter pedido a sua ajuda desde o in\u00edcio. Gostar\u00edamos de lhe agradecer novamente pela sua ajuda e apoio.<\/p>\n<h4>TM da cidade de Takasaki, Gunma<\/h4>\n<p>Ol\u00e1! Fui \u00e0 China no m\u00eas passado. Lamento o atraso em contactar-vos, mas recebi o meu certificado. Muito obrigado. Olhando para tr\u00e1s, quando decidi casar com a minha namorada chinesa que conheci na Internet no ano passado, havia muitas coisas que n\u00e3o compreendia e estava perdido. Quando pedi conselhos ao meu amigo, foi o seu escrit\u00f3rio que me falou sobre isso. E agora fui aprovado com sucesso e estou t\u00e3o contente por o ter consultado! A partir do pr\u00f3ximo m\u00eas, a minha mulher e eu viveremos felizes para sempre! Obrigado! Mais uma vez obrigado pelas actualiza\u00e7\u00f5es!<\/p>\n<h4>M, Cidade de Kasukabe, Prefeitura de Saitama<\/h4>\n<p>No in\u00edcio tentei faz\u00ea-lo eu pr\u00f3prio, mas parecia mais dif\u00edcil do que pensava e estou contente por ter pedido ao m\u00e9dico que me ajudasse. Foi muito \u00fatil o facto de ele ter podido participar na entrevista. Muito obrigado pela sua ajuda.<\/p>\n<h4>Sra. Sakamoto, Matsudo City, Prefeitura de Chiba<\/h4>\n<p>A minha parceira estava gr\u00e1vida e n\u00e3o tivemos um momento a mais antes de dar \u00e0 luz no Jap\u00e3o, mas gra\u00e7as ao seu tratamento incrivelmente r\u00e1pido e preciso da situa\u00e7\u00e3o, conseguimos obter autoriza\u00e7\u00e3o e ter o beb\u00e9 no Jap\u00e3o. Muito obrigado pela vossa ajuda.<\/p>\n<h4>Sra. Suzuki, Cidade de Misato, Prefeitura de Saitama<\/h4>\n<p>As instru\u00e7\u00f5es detalhadas sobre tudo, desde como casar at\u00e9 como arranjar os bilhetes e como voar, eram tranquilizadoras e tranquilizadoras at\u00e9 obtermos os nossos vistos. Pe\u00e7o desculpa por fazer tantas perguntas sobre outras coisas para al\u00e9m de vistos, mas foram muito \u00fateis. Muito obrigado pela sua ajuda.<\/p>\n<h4>Sra. Ando, Cidade de Chiba, Prefeitura de Chiba<\/h4>\n<p>Quando estava em excesso de estada, estava sempre ansioso por estar com ele, mas agora que ele me deu permiss\u00e3o, estou feliz por poder viver a minha vida em paz e dignidade desta forma, algo que \u00e9 normal para as pessoas normais. Muito obrigado.<\/p>\n","protected":false},"excerpt":{"rendered":"<p>Estamos muito gratos pelo feedback dos nossos clientes e iremos public\u00e1-lo assim que o recebermos. Iremos publicar testemunhos assim que os recebermos. MK de Chofu City, T\u00f3quio Muito obrigado pela vossa ajuda nesta mat\u00e9ria. A primeira vez que pedi ajuda a outro funcion\u00e1rio administrativo para a minha candidatura, mas n\u00e3o consegui entrar em contacto com ele e fiquei t\u00e3o desiludido quando recebi uma chamada muitos meses mais tarde a dizer que a candidatura n\u00e3o tinha sido concedida que ia desistir. Desta vez comparei v\u00e1rios websites e a explica\u00e7\u00e3o no website era muito clara e o pre\u00e7o era claro, por isso decidi consult\u00e1-los. Como resultado, consegui finalmente receber o meu estatuto [&hellip;]<\/p>\n","protected":false},"author":2,"featured_media":0,"parent":0,"menu_order":0,"comment_status":"open","ping_status":"open","template":"","meta":{"footnotes":""},"tags":[],"class_list":["post-1443","page","type-page","status-publish"],"aioseo_notices":[],"_links":{"self":[{"href":"https:\/\/international-marriage.info\/pt-pt\/wp-json\/wp\/v2\/pages\/1443","targetHints":{"allow":["GET"]}}],"collection":[{"href":"https:\/\/international-marriage.info\/pt-pt\/wp-json\/wp\/v2\/pages"}],"about":[{"href":"https:\/\/international-marriage.info\/pt-pt\/wp-json\/wp\/v2\/types\/page"}],"author":[{"embeddable":true,"href":"https:\/\/international-marriage.info\/pt-pt\/wp-json\/wp\/v2\/users\/2"}],"replies":[{"embeddable":true,"href":"https:\/\/international-marriage.info\/pt-pt\/wp-json\/wp\/v2\/comments?post=1443"}],"version-history":[{"count":0,"href":"https:\/\/international-marriage.info\/pt-pt\/wp-json\/wp\/v2\/pages\/1443\/revisions"}],"wp:attachment":[{"href":"https:\/\/international-marriage.info\/pt-pt\/wp-json\/wp\/v2\/media?parent=1443"}],"wp:term":[{"taxonomy":"post_tag","embeddable":true,"href":"https:\/\/international-marriage.info\/pt-pt\/wp-json\/wp\/v2\/tags?post=1443"}],"curies":[{"name":"wp","href":"https:\/\/api.w.org\/{rel}","templated":true}]}}