{"id":1477,"date":"2020-12-07T16:16:14","date_gmt":"2020-12-07T07:16:14","guid":{"rendered":"https:\/\/international-marriage.info\/?page_id=1477"},"modified":"2020-12-07T16:16:14","modified_gmt":"2020-12-07T07:16:14","slug":"map","status":"publish","type":"page","link":"https:\/\/international-marriage.info\/pt-pt\/map\/","title":{"rendered":"Mapa de acesso"},"content":{"rendered":"<p>O nosso escrit\u00f3rio est\u00e1 localizado em frente \u00e0 sa\u00edda oeste da esta\u00e7\u00e3o Kashiwa, pelo que \u00e9 conveniente vir por transportes p\u00fablicos.<br \/>\nO edif\u00edcio em frente da sa\u00edda oeste da esta\u00e7\u00e3o de Kashiwa na linha JR Joban ou na linha Tobu Noda \u00e9 o edif\u00edcio \u00e0 nossa frente.<br \/>\nNo final da sa\u00edda oeste, des\u00e7a as escadas \u00e0 direita, a entrada do edif\u00edcio \u00e9 no final das escadas.<\/p>\n<p>O escrit\u00f3rio n\u00e3o tem um parque de estacionamento, mas existem v\u00e1rios parques de estacionamento operados por moedas nas proximidades.<br \/>\n<a href=\"https:\/\/www.google.com\/maps\/d\/viewer?ie=UTF8&amp;hl=ja&amp;msa=0&amp;ll=35.8627%2C139.97094899999996&amp;spn=0.003043%2C0.00456&amp;z=17&amp;source=embed&amp;mid=19nfcQwZIDI1bwEKDVAWDL9opOX0\">Ver num mapa maior<\/a><\/p>\n","protected":false},"excerpt":{"rendered":"<p>O nosso escrit\u00f3rio est\u00e1 localizado em frente \u00e0 sa\u00edda oeste da esta\u00e7\u00e3o Kashiwa, pelo que \u00e9 conveniente vir por transportes p\u00fablicos. O edif\u00edcio em frente da sa\u00edda oeste da esta\u00e7\u00e3o de Kashiwa na linha JR Joban ou na linha Tobu Noda \u00e9 o edif\u00edcio \u00e0 nossa frente. No final da sa\u00edda oeste, des\u00e7a as escadas \u00e0 direita, a entrada do edif\u00edcio \u00e9 no final das escadas. O escrit\u00f3rio n\u00e3o tem um parque de estacionamento, mas existem v\u00e1rios parques de estacionamento operados por moedas nas proximidades. Ver num mapa maior<\/p>\n","protected":false},"author":2,"featured_media":0,"parent":0,"menu_order":0,"comment_status":"open","ping_status":"open","template":"","meta":{"footnotes":""},"tags":[],"class_list":["post-1477","page","type-page","status-publish"],"aioseo_notices":[],"_links":{"self":[{"href":"https:\/\/international-marriage.info\/pt-pt\/wp-json\/wp\/v2\/pages\/1477","targetHints":{"allow":["GET"]}}],"collection":[{"href":"https:\/\/international-marriage.info\/pt-pt\/wp-json\/wp\/v2\/pages"}],"about":[{"href":"https:\/\/international-marriage.info\/pt-pt\/wp-json\/wp\/v2\/types\/page"}],"author":[{"embeddable":true,"href":"https:\/\/international-marriage.info\/pt-pt\/wp-json\/wp\/v2\/users\/2"}],"replies":[{"embeddable":true,"href":"https:\/\/international-marriage.info\/pt-pt\/wp-json\/wp\/v2\/comments?post=1477"}],"version-history":[{"count":0,"href":"https:\/\/international-marriage.info\/pt-pt\/wp-json\/wp\/v2\/pages\/1477\/revisions"}],"wp:attachment":[{"href":"https:\/\/international-marriage.info\/pt-pt\/wp-json\/wp\/v2\/media?parent=1477"}],"wp:term":[{"taxonomy":"post_tag","embeddable":true,"href":"https:\/\/international-marriage.info\/pt-pt\/wp-json\/wp\/v2\/tags?post=1477"}],"curies":[{"name":"wp","href":"https:\/\/api.w.org\/{rel}","templated":true}]}}