{"id":2422,"date":"2020-12-25T17:07:21","date_gmt":"2020-12-25T08:07:21","guid":{"rendered":"https:\/\/international-marriage.info\/?page_id=2422"},"modified":"2020-12-25T17:08:09","modified_gmt":"2020-12-25T08:08:09","slug":"filipino","status":"publish","type":"page","link":"https:\/\/international-marriage.info\/pt-pt\/filipino\/","title":{"rendered":"Procedimentos para o Casamento Internacional com um filipino"},"content":{"rendered":"\n<p>No caso de um casamento internacional com um cidad\u00e3o filipino, n\u00e3o importa qual o pa\u00eds, Jap\u00e3o ou Filipinas, opta-se por passar primeiro pelos procedimentos.<\/p>\n\n\n\n<p>No entanto, devido ao esfor\u00e7o e certeza do procedimento, o nosso gabinete recomenda que o procedimento matrimonial nas Filipinas seja realizado em primeiro lugar, se poss\u00edvel, pelo que aqui fica uma explica\u00e7\u00e3o do procedimento (fluxo) neste caso.<\/p>\n\n\n\n<h5 class=\"wp-block-heading\">1. obter um &#8220;Certificado de Elegibilidade para Casamento&#8221; no Consulado Geral do Jap\u00e3o nas Filipinas em Manila ou nos consulados japoneses em Cebu e Davao.<\/h5>\n\n\n\n<p class=\"has-pale-cyan-blue-background-color has-background\"><strong>Documentos necess\u00e1rios para cidad\u00e3os japoneses: <\/strong>Uma c\u00f3pia do registo de fam\u00edlia emitida no prazo de tr\u00eas meses a contar da data de emiss\u00e3o, uma c\u00f3pia do registo de fam\u00edlia ou um registo de fam\u00edlia revisto emitido no prazo de seis meses a contar da data de emiss\u00e3o (se o requerente tiver sido casado no passado), um passaporte, e um formul\u00e1rio de consentimento matrimonial (para menores).<\/p>\n\n\n\n<p class=\"has-pale-cyan-blue-background-color has-background\"><strong>Documentos necess\u00e1rios para filipinos: <\/strong>Certid\u00e3o de nascimento (emitida pelo PSA (antigo NSO)), Aviso de Aus\u00eancia de Registo de Nascimento (se a certid\u00e3o de nascimento estiver em falta ou for dif\u00edcil de ver; emitida pelo PSA)<\/p>\n\n\n\n<h5 class=\"wp-block-heading\">2.Solicitar uma &#8220;Licen\u00e7a de Casamento&#8221; e participar num semin\u00e1rio na C\u00e2mara Municipal da \u00e1rea onde o(a) noivo(a) filipino(a) residir\u00e1 durante pelo menos seis (6) meses consecutivos (pode n\u00e3o ser exigido).<\/h5>\n\n\n\n<p>Ser\u00e1 emitido ap\u00f3s um per\u00edodo de aviso p\u00fablico de 10 dias a partir da data de candidatura. A licen\u00e7a de casamento \u00e9 v\u00e1lida por 120 dias a partir da data de emiss\u00e3o, pelo que \u00e9 necess\u00e1rio realizar uma cerim\u00f3nia de casamento dentro deste per\u00edodo sob a supervis\u00e3o de um oficial autorizado (juiz, pastor, etc.). \u00c9 favor notar que o semin\u00e1rio \u00e9 diferente do semin\u00e1rio do CFO descrito abaixo.<\/p>\n\n\n\n<p class=\"has-pale-cyan-blue-background-color has-background\"><strong>Documentos necess\u00e1rios para cidad\u00e3os japoneses:<\/strong> Certificado de Casamento, passaporte, carimbo e fotografia.<\/p>\n\n\n\n<p class=\"has-pale-cyan-blue-background-color has-background\"><strong>Documentos necess\u00e1rios para filipinos: <\/strong>Certid\u00e3o de nascimento (emitida pelo PSA (antigo NSO)), foto<\/p>\n\n\n\n<h5 class=\"wp-block-heading\">3. Cerim\u00f3nia de Casamento e Assinatura da Certid\u00e3o de Casamento nas Filipinas<\/h5>\n\n\n\n<p>No Jap\u00e3o, pode ou n\u00e3o ter uma cerim\u00f3nia de casamento e n\u00e3o est\u00e1 relacionada com o casamento legal, mas nas Filipinas, uma cerim\u00f3nia de casamento \u00e9 um casamento legal. No entanto, nas Filipinas, uma cerim\u00f3nia de casamento \u00e9 um casamento legal. Por favor, distinga-o de um banquete de casamento.<\/p>\n\n\n\n<p>Lembre-se tamb\u00e9m de trazer a sua alian\u00e7a de casamento e tirar uma fotografia. A fotografia ser\u00e1 necess\u00e1ria quando se candidatar ao Servi\u00e7o de Imigra\u00e7\u00e3o.<\/p>\n\n\n\n<p>Depois de terem assinado a vossa certid\u00e3o de casamento, s\u00e3o agora legal e oficialmente um casal.<\/p>\n\n\n\n<h5 class=\"wp-block-heading\">4. obter uma &#8220;C\u00f3pia Certificada da Certid\u00e3o de Casamento&#8221; do PSA (antigo NSO)<\/h5>\n\n\n\n<p>Ap\u00f3s a cerim\u00f3nia, o facto do seu casamento ser\u00e1 registado no PSA, e poder\u00e1 solicitar uma c\u00f3pia certificada da sua certid\u00e3o de casamento.<\/p>\n\n\n\n<p>Para obter uma c\u00f3pia certificada, o c\u00f4njuge filipino pode visitar o escrit\u00f3rio do NSO na cidade de Quezon e solicitar a emiss\u00e3o, ou solicitar por correio ou online atrav\u00e9s do website E-CENSUS.<\/p>\n\n\n\n<p>Se o casamento teve lugar numa \u00e1rea n\u00e3o urbana, pode levar v\u00e1rios meses (geralmente cerca de 10 dias) para que o casamento seja registado no PSA.<\/p>\n\n\n\n<h5 class=\"wp-block-heading\">5. assistir a um semin\u00e1rio conduzido pela Comiss\u00e3o sobre o Ultramar Filipino (CFO), uma ag\u00eancia governamental.<\/h5>\n\n\n\n<p>Os c\u00f4njuges filipinos (os japoneses n\u00e3o s\u00e3o obrigados a participar) devem assistir a este semin\u00e1rio. O semin\u00e1rio deve ser frequentado antes do pedido de emiss\u00e3o de passaporte, e inclui palestras sobre cultura, costumes e estilo de vida japoneses, bem como forma\u00e7\u00e3o em l\u00edngua japonesa.<\/p>\n\n\n\n<p>Sem um certificado de assist\u00eancia, poder\u00e1 n\u00e3o poder solicitar um novo passaporte, ou mesmo se lhe for emitido um visto, poder\u00e1 ser detido no aeroporto e n\u00e3o ser autorizado a deixar as Filipinas.<\/p>\n\n\n\n<p>Actualmente, existem apenas dois locais para o semin\u00e1rio: Manila e Cebu.<\/p>\n\n\n\n<h5 class=\"wp-block-heading\">6. registar o seu casamento no escrit\u00f3rio do governo local ou na embaixada japonesa nas Filipinas.<\/h5>\n\n\n\n<p>Normalmente, duas testemunhas s\u00e3o obrigadas a assinar o formul\u00e1rio de registo de casamento, mas como o casamento j\u00e1 teve lugar nas Filipinas, n\u00e3o s\u00e3o necess\u00e1rias assinaturas.<\/p>\n\n\n\n<p>Contudo, uma vez que o casamento j\u00e1 teve lugar nas Filipinas, n\u00e3o h\u00e1 necessidade de assinar a certid\u00e3o de casamento. Por favor note que esta notifica\u00e7\u00e3o deve ser feita no prazo de tr\u00eas meses ap\u00f3s o casamento nas Filipinas.<\/p>\n\n\n\n<p class=\"has-pale-cyan-blue-background-color has-background\"><strong>Documentos necess\u00e1rios: <\/strong>Certid\u00e3o de casamento (necess\u00e1ria tradu\u00e7\u00e3o japonesa), certid\u00e3o de nascimento (necess\u00e1ria tradu\u00e7\u00e3o japonesa), e uma c\u00f3pia do registo de fam\u00edlia japon\u00eas (se reportar a um escrit\u00f3rio governamental que n\u00e3o o do domic\u00edlio do requerente).<\/p>\n\n\n\n<p>Os documentos exigidos variam consoante o local de aplica\u00e7\u00e3o, altera\u00e7\u00f5es na lei, etc., por isso n\u00e3o se esque\u00e7a de verificar previamente com o local de aplica\u00e7\u00e3o.<\/p>\n\n\n\n<p>Se desejar viver juntos como casal no Jap\u00e3o, solicitar\u00e1 um visto (estatuto de resid\u00eancia) ao Servi\u00e7o de Imigra\u00e7\u00e3o ap\u00f3s ter completado os procedimentos acima referidos.<\/p>\n","protected":false},"excerpt":{"rendered":"<p>No caso de um casamento internacional com um cidad\u00e3o filipino, n\u00e3o importa qual o pa\u00eds, Jap\u00e3o ou Filipinas, opta-se por passar primeiro pelos procedimentos. No entanto, devido ao esfor\u00e7o e certeza do procedimento, o nosso gabinete recomenda que o procedimento matrimonial nas Filipinas seja realizado em primeiro lugar, se poss\u00edvel, pelo que aqui fica uma explica\u00e7\u00e3o do procedimento (fluxo) neste caso. 1. obter um &#8220;Certificado de Elegibilidade para Casamento&#8221; no Consulado Geral do Jap\u00e3o nas Filipinas em Manila ou nos consulados japoneses em Cebu e Davao. Documentos necess\u00e1rios para cidad\u00e3os japoneses: Uma c\u00f3pia do registo de fam\u00edlia emitida no prazo de tr\u00eas meses a contar da data de emiss\u00e3o, uma [&hellip;]<\/p>\n","protected":false},"author":2,"featured_media":0,"parent":0,"menu_order":0,"comment_status":"open","ping_status":"open","template":"","meta":{"footnotes":""},"tags":[],"class_list":["post-2422","page","type-page","status-publish"],"aioseo_notices":[],"_links":{"self":[{"href":"https:\/\/international-marriage.info\/pt-pt\/wp-json\/wp\/v2\/pages\/2422","targetHints":{"allow":["GET"]}}],"collection":[{"href":"https:\/\/international-marriage.info\/pt-pt\/wp-json\/wp\/v2\/pages"}],"about":[{"href":"https:\/\/international-marriage.info\/pt-pt\/wp-json\/wp\/v2\/types\/page"}],"author":[{"embeddable":true,"href":"https:\/\/international-marriage.info\/pt-pt\/wp-json\/wp\/v2\/users\/2"}],"replies":[{"embeddable":true,"href":"https:\/\/international-marriage.info\/pt-pt\/wp-json\/wp\/v2\/comments?post=2422"}],"version-history":[{"count":0,"href":"https:\/\/international-marriage.info\/pt-pt\/wp-json\/wp\/v2\/pages\/2422\/revisions"}],"wp:attachment":[{"href":"https:\/\/international-marriage.info\/pt-pt\/wp-json\/wp\/v2\/media?parent=2422"}],"wp:term":[{"taxonomy":"post_tag","embeddable":true,"href":"https:\/\/international-marriage.info\/pt-pt\/wp-json\/wp\/v2\/tags?post=2422"}],"curies":[{"name":"wp","href":"https:\/\/api.w.org\/{rel}","templated":true}]}}