{"id":3893,"date":"2021-01-14T22:16:28","date_gmt":"2021-01-14T13:16:28","guid":{"rendered":"https:\/\/international-marriage.info\/price\/"},"modified":"2021-01-14T22:16:28","modified_gmt":"2021-01-14T13:16:28","slug":"price","status":"publish","type":"page","link":"https:\/\/international-marriage.info\/pt-pt\/price\/","title":{"rendered":"Taxa da Ag\u00eancia"},"content":{"rendered":"<div class=\"article-body\">\n<h2><span>Sobre nosso servi\u00e7o<\/span><\/h2>\n<p><span>O servi\u00e7o mais importante que podemos oferecer aos nossos clientes no processo de obten\u00e7\u00e3o do visto \u00e9 tornar a vida juntos o mais r\u00e1pido poss\u00edvel.\u00a0Este \u00e9 o nosso lema.<\/span><\/p>\n<p><span>Para isso, precisamos obter um visto.<\/span><\/p>\n<p><span>Em outras palavras, \u201ca realiza\u00e7\u00e3o da vida de casado o mais r\u00e1pido poss\u00edvel\u201d significa \u201ca aprova\u00e7\u00e3o do visto o mais r\u00e1pido poss\u00edvel\u201d.<\/span><\/p>\n<p><span>O que fazemos \u00e9 obter um visto para o seu c\u00f4njuge \u201cde forma r\u00e1pida\u201d e \u201cconfi\u00e1vel\u201d.<\/span><\/p>\n<p><span>Claro, n\u00e3o podemos prometer 100% de certeza, a menos que sejamos o \u00e1rbitro da aprova\u00e7\u00e3o ou recusa.<\/span><\/p>\n<p><span>No entanto, orgulhamo-nos de que mais de 99% das mais de cem candidaturas que recebemos a cada ano sejam concedidas da melhor forma, gra\u00e7as ao vasto n\u00famero de cases que acumulamos e \u00e0 experi\u00eancia dos nossos colaboradores.<\/span><\/p>\n<p><span>Estamos confiantes de que, se voc\u00ea nos escolher entre as muitas empresas de escriv\u00e3es administrativos, superaremos suas expectativas.<\/span><\/p>\n<p><span>N\u00e3o basta dizer \u201cn\u00e3o deu certo\u201d, voc\u00ea tem que fazer a escolha certa.<\/span><\/p>\n<h2><span>Sobre nosso plano de garantia de devolu\u00e7\u00e3o do dinheiro<\/span><\/h2>\n<p><span>Como lidamos com tantos aplicativos, assumimos total responsabilidade por cada caso que assumimos.<\/span><\/p>\n<p><span>Se sua solicita\u00e7\u00e3o for rejeitada, primeiro verificaremos com o Oficial de Imigra\u00e7\u00e3o para determinar a causa da rejei\u00e7\u00e3o e, se for poss\u00edvel solicitar novamente, faremos a solicita\u00e7\u00e3o novamente (ou, em alguns casos, reaplicaremos) gratuitamente.<\/span><\/p>\n<p><span>No caso de n\u00e3o sermos capazes de conceder a voc\u00ea a permiss\u00e3o ap\u00f3s a reinscri\u00e7\u00e3o, iremos reembolsar 30.000 ienes como uma taxa de inconveni\u00eancia, al\u00e9m da taxa que recebemos.\u00a0(*)<\/span><\/p>\n<p><span>Nunca houve um caso em que tiv\u00e9ssemos de reembolsar o dinheiro.<\/span><\/p>\n<p><span>Este sistema n\u00e3o \u00e9 apenas para a seguran\u00e7a financeira dos nossos clientes, mas tamb\u00e9m um sinal da nossa determina\u00e7\u00e3o e confian\u00e7a no trato com cada um deles.<\/span><\/p>\n<p><span>(*) Podemos n\u00e3o ser capazes de oferecer um reembolso ou reembolso de 30.000 ienes se sua inscri\u00e7\u00e3o for rejeitada por seus pr\u00f3prios motivos ou responsabilidade.<\/span><\/p>\n<h2><span>Menu de pre\u00e7os<\/span><\/h2>\n<figure class=\"wp-block-table table-style\">\n<table class=\"has-subtle-pale-blue-background-color has-background\">\n<thead>\n<tr class=\"odd\">\n<th><strong><span>Conte\u00fado substituto<\/span><\/strong><\/th>\n<th><strong><span>Valor da recompensa (sem impostos)<\/span><\/strong><\/th>\n<th><strong><span>Observa\u00e7\u00f5es<\/span><\/strong><\/th>\n<\/tr>\n<\/thead>\n<tbody>\n<tr class=\"odd\">\n<td><span>Procedimento de solicita\u00e7\u00e3o de visto para trazer um c\u00f4njuge residente em um pa\u00eds estrangeiro para o Jap\u00e3o ap\u00f3s o casamento<\/span><\/td>\n<td><span>99.500 ienes<\/span><\/td>\n<td><span>Pedido de Certificado de Elegibilidade<\/span><\/td>\n<\/tr>\n<tr class=\"even\">\n<td><span>O estrangeiro da outra parte j\u00e1 reside no Jap\u00e3o com algum tipo de visto, e o procedimento de altera\u00e7\u00e3o de visto para casamento<\/span><\/td>\n<td><span>109.800 ienes<\/span><\/td>\n<td><span>Pedido de permiss\u00e3o para alterar o status de resid\u00eancia (visto) Uma taxa de selo separada de 4.000 ienes \u00e9 necess\u00e1ria.<\/span><\/td>\n<\/tr>\n<tr class=\"odd\">\n<td><span>Procedimento para renova\u00e7\u00e3o do per\u00edodo de perman\u00eancia se voc\u00ea ainda for casado<\/span><\/td>\n<td><span>44.800 ienes<\/span><\/td>\n<td><span>Uma taxa de selo separada de 4.000 ienes \u00e9 necess\u00e1ria.\u00a0Se houver alguma altera\u00e7\u00e3o em rela\u00e7\u00e3o ao aplicativo anterior, faremos um or\u00e7amento separadamente.<\/span><\/td>\n<\/tr>\n<tr class=\"even\">\n<td><span>O estrangeiro da outra parte ficou fora do prazo ou entrou ilegalmente no pa\u00eds, mas o procedimento para se casar e permanecer legalmente no Jap\u00e3o<\/span><\/td>\n<td><span>198.000 ienes\u301c<\/span><\/td>\n<td><span>Este \u00e9 o procedimento para obter uma autoriza\u00e7\u00e3o especial de resid\u00eancia.\u00a0O valor varia conforme a situa\u00e7\u00e3o, por isso faremos um or\u00e7amento com anteced\u00eancia.<\/span><\/td>\n<\/tr>\n<tr class=\"odd\">\n<td><span>Entrevista (Faremos em nosso escrit\u00f3rio, mas no caso da \u00e1rea de Kanto exceto em algumas \u00e1reas, \u00e9 poss\u00edvel visitar apenas pelo custo real)<\/span><\/td>\n<td><span>7.000 ienes<\/span><\/td>\n<td><span>Se voc\u00ea solicitar, ser\u00e1 aplicado no custo, portanto \u00e9 praticamente gratuito.<\/span><\/td>\n<\/tr>\n<\/tbody>\n<\/table>\n<\/figure>\n<p><span class=\"tadv-background-color\"><span>\u25c6 A taxa de ag\u00eancia de nosso escrit\u00f3rio inclui toda a taxa de prepara\u00e7\u00e3o de documentos, taxa de transporte, taxa de remessa, taxa de comunica\u00e7\u00e3o, di\u00e1ria, etc. (No entanto, uma taxa de tradu\u00e7\u00e3o separada \u00e9 exigida ao traduzir frases em um idioma estrangeiro).<\/span><\/span><\/p>\n<p><span>\u25c6 Pode levar no m\u00ednimo de 2 semanas a no m\u00e1ximo 4 meses desde o momento em que voc\u00ea solicita um visto at\u00e9 o momento em que obt\u00e9m a permiss\u00e3o do Immigration Bureau.<\/span><\/p>\n<p><span>\u25c6 N\u00e3o importa quantas vezes voc\u00ea nos consulte, \u00e9 gratuito desde o momento em que voc\u00ea recebe sua solicita\u00e7\u00e3o at\u00e9 obter permiss\u00e3o.<\/span><\/p>\n<\/div>\n","protected":false},"excerpt":{"rendered":"<p>Sobre nosso servi\u00e7o O servi\u00e7o mais importante que podemos oferecer aos nossos clientes no processo de obten\u00e7\u00e3o do visto \u00e9 tornar a vida juntos o mais r\u00e1pido poss\u00edvel.\u00a0Este \u00e9 o nosso lema. Para isso, precisamos obter um visto. Em outras palavras, \u201ca realiza\u00e7\u00e3o da vida de casado o mais r\u00e1pido poss\u00edvel\u201d significa \u201ca aprova\u00e7\u00e3o do visto o mais r\u00e1pido poss\u00edvel\u201d. O que fazemos \u00e9 obter um visto para o seu c\u00f4njuge \u201cde forma r\u00e1pida\u201d e \u201cconfi\u00e1vel\u201d. Claro, n\u00e3o podemos prometer 100% de certeza, a menos que sejamos o \u00e1rbitro da aprova\u00e7\u00e3o ou recusa. No entanto, orgulhamo-nos de que mais de 99% das mais de cem candidaturas que recebemos a cada [&hellip;]<\/p>\n","protected":false},"author":2,"featured_media":0,"parent":0,"menu_order":0,"comment_status":"open","ping_status":"open","template":"","meta":{"footnotes":""},"tags":[],"class_list":["post-3893","page","type-page","status-publish"],"aioseo_notices":[],"_links":{"self":[{"href":"https:\/\/international-marriage.info\/pt-pt\/wp-json\/wp\/v2\/pages\/3893","targetHints":{"allow":["GET"]}}],"collection":[{"href":"https:\/\/international-marriage.info\/pt-pt\/wp-json\/wp\/v2\/pages"}],"about":[{"href":"https:\/\/international-marriage.info\/pt-pt\/wp-json\/wp\/v2\/types\/page"}],"author":[{"embeddable":true,"href":"https:\/\/international-marriage.info\/pt-pt\/wp-json\/wp\/v2\/users\/2"}],"replies":[{"embeddable":true,"href":"https:\/\/international-marriage.info\/pt-pt\/wp-json\/wp\/v2\/comments?post=3893"}],"version-history":[{"count":0,"href":"https:\/\/international-marriage.info\/pt-pt\/wp-json\/wp\/v2\/pages\/3893\/revisions"}],"wp:attachment":[{"href":"https:\/\/international-marriage.info\/pt-pt\/wp-json\/wp\/v2\/media?parent=3893"}],"wp:term":[{"taxonomy":"post_tag","embeddable":true,"href":"https:\/\/international-marriage.info\/pt-pt\/wp-json\/wp\/v2\/tags?post=3893"}],"curies":[{"name":"wp","href":"https:\/\/api.w.org\/{rel}","templated":true}]}}