{"id":3916,"date":"2021-01-14T22:21:43","date_gmt":"2021-01-14T13:21:43","guid":{"rendered":"https:\/\/international-marriage.info\/faq\/"},"modified":"2021-01-14T22:21:43","modified_gmt":"2021-01-14T13:21:43","slug":"faq","status":"publish","type":"page","link":"https:\/\/international-marriage.info\/pt-pt\/faq\/","title":{"rendered":"Perguntas frequentes sobre casamento internacional"},"content":{"rendered":"<p><span>Reunimos uma lista de perguntas frequentes para ajud\u00e1-lo no processo de casamento internacional.<\/span><\/p>\n<h4><span>P. O que acontece com o nome da minha fam\u00edlia quando me casar com um estrangeiro?<\/span><\/h4>\n<p><span>Ao contr\u00e1rio dos casamentos japoneses, se voc\u00ea se casar com um estrangeiro, n\u00e3o haver\u00e1 altera\u00e7\u00e3o do seu sobrenome (nome de fam\u00edlia) se voc\u00ea n\u00e3o passar por nenhum procedimento especial.<\/span><\/p>\n<p><span>Se desejar mudar de sobrenome para o de seu c\u00f4njuge estrangeiro, poder\u00e1 faz\u00ea-lo no prazo de seis meses a partir da data de seu casamento, solicitando a mudan\u00e7a de sobrenome na prefeitura de sua resid\u00eancia.\u00a0(Tamb\u00e9m \u00e9 poss\u00edvel mudar seu nome ao mesmo tempo em que registra seu casamento.<\/span><\/p>\n<p><span>(Voc\u00ea tamb\u00e9m pode alterar seu nome ao mesmo tempo em que faz o registro de casamento.<\/span><\/p>\n<h4><span>P. Meu c\u00f4njuge estrangeiro tem um enteado que tamb\u00e9m \u00e9 estrangeiro.\u00a0A crian\u00e7a pode morar conosco no Jap\u00e3o se nos casarmos?<\/span><\/h4>\n<p><span>R. N\u00e3o. Assim como um c\u00f4njuge estrangeiro n\u00e3o pode morar no Jap\u00e3o sem passar pelos procedimentos necess\u00e1rios no Departamento de Imigra\u00e7\u00e3o, um enteado tamb\u00e9m precisa passar por certos procedimentos.<\/span><\/p>\n<p><span>Se o pai estrangeiro tiver o status de \u201cC\u00f4njuge ou Filho de Nacionalidade Japonesa\u201d e o enteado atender a todos os requisitos a seguir, o enteado poder\u00e1 obter o status de \u201cResidente Permanente\u201d.<\/span><\/p>\n<ol class=\"has-cyan-bluish-gray-background-color has-background\">\n<li class=\"odd\"><span>ser o filho biol\u00f3gico do pai estrangeiro<\/span><\/li>\n<li class=\"even\"><span>a crian\u00e7a deve ser menor<\/span><\/li>\n<li class=\"odd\"><span>Voc\u00ea n\u00e3o \u00e9 casado.<\/span><\/li>\n<li class=\"even\"><span>Voc\u00ea tem vivido sob o apoio de pais estrangeiros.<\/span><\/li>\n<\/ol>\n<h4><span>P. Se eu tiver um filho com c\u00f4njuge estrangeiro, qual ser\u00e1 a nacionalidade do filho?<\/span><\/h4>\n<p><span>Se o marido ou esposa for japon\u00eas, o filho receber\u00e1 a nacionalidade japonesa, mas \u00e9 poss\u00edvel escolher uma nacionalidade estrangeira, mas os requisitos variam de pa\u00eds para pa\u00eds, por isso \u00e9 melhor verificar na embaixada ou consulado do c\u00f4njuge estrangeiro pa\u00eds.<\/span><\/p>\n<p><span>A dupla nacionalidade n\u00e3o \u00e9 permitida no Jap\u00e3o, mas voc\u00ea pode ter dupla nacionalidade at\u00e9 a idade de 22 anos, momento em que voc\u00ea deve escolher uma das duas nacionalidades e, se adquirir a nacionalidade estrangeira ap\u00f3s os 20 anos e se tornar um cidad\u00e3o com dupla nacionalidade, voc\u00ea deve escolher uma das nacionalidades dentro de dois anos a partir dessa data.<\/span><\/p>\n<p><span>Se voc\u00ea n\u00e3o escolher sua nacionalidade dentro deste per\u00edodo, o Ministro da Justi\u00e7a pode notific\u00e1-lo por escrito para escolher sua nacionalidade, e se voc\u00ea n\u00e3o escolher sua nacionalidade dentro de um m\u00eas ap\u00f3s o recebimento da notifica\u00e7\u00e3o, voc\u00ea perder\u00e1 automaticamente sua nacionalidade japonesa.<\/span><\/p>\n<h4><span>P. Qual \u00e9 a nacionalidade de uma crian\u00e7a nascida fora do casamento?<\/span><\/h4>\n<p><span>Se a m\u00e3e for japonesa, a crian\u00e7a basicamente adquirir\u00e1 a nacionalidade japonesa, independentemente de ser casada ou n\u00e3o.\u00a0Se a crian\u00e7a pode ou n\u00e3o adquirir a nacionalidade estrangeira do pai depende das leis de cada pa\u00eds estrangeiro.<\/span><\/p>\n<p><span>Por outro lado, se a m\u00e3e for estrangeira, a nacionalidade da m\u00e3e \u00e9 automaticamente atribu\u00edda ao filho, e se o pai quiser conferir a nacionalidade japonesa ao filho, ele deve reconhecer legalmente que o filho \u00e9 dele.<\/span><\/p>\n<p><span>Se o reconhecimento for feito enquanto a crian\u00e7a ainda est\u00e1 no ventre da m\u00e3e, a crian\u00e7a pode adquirir a nacionalidade japonesa ap\u00f3s o nascimento, mas se o reconhecimento for feito ap\u00f3s o nascimento, a crian\u00e7a n\u00e3o pode adquirir a nacionalidade japonesa at\u00e9 que esteja oficialmente casada e passe pelo \u201cquase procedimento permanente \u201d.<\/span><\/p>\n<p><span>No entanto, se os seguintes requisitos forem atendidos, a crian\u00e7a pode adquirir a nacionalidade japonesa mesmo se o pai se divorciar ou morrer posteriormente.<\/span><\/p>\n<ul class=\"has-cyan-bluish-gray-background-color has-background\">\n<li class=\"odd\"><span>A crian\u00e7a nunca deve ter sido cidad\u00e3 japonesa.<\/span><\/li>\n<li class=\"even\"><span>A crian\u00e7a deve ter menos de 20 anos.<\/span><\/li>\n<li class=\"odd\"><span>O pai deve ter sido cidad\u00e3o japon\u00eas na \u00e9poca do nascimento, da morte ou da morte.<\/span><\/li>\n<\/ul>\n<p><span>Se a crian\u00e7a adquirir a nacionalidade japonesa por quase ado\u00e7\u00e3o, a crian\u00e7a ser\u00e1 registrada no registro familiar do pai e levar\u00e1 o nome do pai.<\/span><\/p>\n<h4><span>P. O que acontece com a nacionalidade da crian\u00e7a se ela nascer no exterior?<\/span><\/h4>\n<p><span>Se a crian\u00e7a nascer em um pa\u00eds que adotou a nacionalidade do local de nascimento, como os Estados Unidos, a crian\u00e7a adquirir\u00e1 automaticamente a nacionalidade do pa\u00eds onde nasceu, o que pode resultar em dupla nacionalidade.<\/span><\/p>\n<p><span>Nesse caso, voc\u00ea deve solicitar \u00e0 embaixada ou consulado japon\u00eas em seu pa\u00eds de resid\u00eancia dentro de tr\u00eas meses a partir da data de nascimento para \u201creservar sua nacionalidade\u201d.<\/span><\/p>\n<p><span>Se voc\u00ea n\u00e3o fizer isso, seu filho n\u00e3o poder\u00e1 adquirir a nacionalidade japonesa, mesmo que voc\u00ea seja um casal japon\u00eas.<\/span><\/p>\n<p><span>Por\u00e9m, at\u00e9 os 20 anos, a crian\u00e7a pode readquirir a nacionalidade japonesa retornando ao Jap\u00e3o e estabelecendo um endere\u00e7o.<\/span><\/p>\n","protected":false},"excerpt":{"rendered":"<p>Reunimos uma lista de perguntas frequentes para ajud\u00e1-lo no processo de casamento internacional. P. O que acontece com o nome da minha fam\u00edlia quando me casar com um estrangeiro? Ao contr\u00e1rio dos casamentos japoneses, se voc\u00ea se casar com um estrangeiro, n\u00e3o haver\u00e1 altera\u00e7\u00e3o do seu sobrenome (nome de fam\u00edlia) se voc\u00ea n\u00e3o passar por nenhum procedimento especial. Se desejar mudar de sobrenome para o de seu c\u00f4njuge estrangeiro, poder\u00e1 faz\u00ea-lo no prazo de seis meses a partir da data de seu casamento, solicitando a mudan\u00e7a de sobrenome na prefeitura de sua resid\u00eancia.\u00a0(Tamb\u00e9m \u00e9 poss\u00edvel mudar seu nome ao mesmo tempo em que registra seu casamento. (Voc\u00ea tamb\u00e9m pode alterar [&hellip;]<\/p>\n","protected":false},"author":2,"featured_media":0,"parent":0,"menu_order":0,"comment_status":"open","ping_status":"open","template":"","meta":{"footnotes":""},"tags":[],"class_list":["post-3916","page","type-page","status-publish"],"aioseo_notices":[],"_links":{"self":[{"href":"https:\/\/international-marriage.info\/pt-pt\/wp-json\/wp\/v2\/pages\/3916","targetHints":{"allow":["GET"]}}],"collection":[{"href":"https:\/\/international-marriage.info\/pt-pt\/wp-json\/wp\/v2\/pages"}],"about":[{"href":"https:\/\/international-marriage.info\/pt-pt\/wp-json\/wp\/v2\/types\/page"}],"author":[{"embeddable":true,"href":"https:\/\/international-marriage.info\/pt-pt\/wp-json\/wp\/v2\/users\/2"}],"replies":[{"embeddable":true,"href":"https:\/\/international-marriage.info\/pt-pt\/wp-json\/wp\/v2\/comments?post=3916"}],"version-history":[{"count":0,"href":"https:\/\/international-marriage.info\/pt-pt\/wp-json\/wp\/v2\/pages\/3916\/revisions"}],"wp:attachment":[{"href":"https:\/\/international-marriage.info\/pt-pt\/wp-json\/wp\/v2\/media?parent=3916"}],"wp:term":[{"taxonomy":"post_tag","embeddable":true,"href":"https:\/\/international-marriage.info\/pt-pt\/wp-json\/wp\/v2\/tags?post=3916"}],"curies":[{"name":"wp","href":"https:\/\/api.w.org\/{rel}","templated":true}]}}