{"id":3919,"date":"2021-01-14T22:22:30","date_gmt":"2021-01-14T13:22:30","guid":{"rendered":"https:\/\/international-marriage.info\/kankouchou\/"},"modified":"2021-01-14T22:22:30","modified_gmt":"2021-01-14T13:22:30","slug":"kankouchou","status":"publish","type":"page","link":"https:\/\/international-marriage.info\/pt-pt\/kankouchou\/","title":{"rendered":"Cargos governamentais que podem ser relevantes antes e depois do casamento internacional"},"content":{"rendered":"<h5><span>Lista de escrit\u00f3rios de cidades, vilas e aldeias<\/span><\/h5>\n<p><span>URL:\u00a0<\/span><a href=\"http:\/\/www.lasdec.nippon-net.ne.jp\/com\/addr\/jyu_top.htm\"><span>http:\/\/www.lasdec.nippon-net.ne.jp\/com\/addr\/jyu_top.htm<\/span><\/a><\/p>\n<h5><span>Escrit\u00f3rio de imigra\u00e7\u00e3o<\/span><\/h5>\n<p><span>URL:\u00a0<\/span><a href=\"http:\/\/www.immi-moj.go.jp\/index.html\"><span>http:\/\/www.immi-moj.go.jp\/index.html<\/span><\/a><\/p>\n<h5><span>Informa\u00e7\u00f5es do passaporte (Minist\u00e9rio das Rela\u00e7\u00f5es Exteriores)<\/span><\/h5>\n<p><span>URL:\u00a0<\/span><a href=\"http:\/\/www.mofa.go.jp\/mofaj\/toko\/passport\/\"><span>http:\/\/www.mofa.go.jp\/mofaj\/toko\/passport\/<\/span><\/a><\/p>\n<h5><span>Lista de escrit\u00f3rios de assuntos jur\u00eddicos e escrit\u00f3rios de assuntos jur\u00eddicos de distrito<\/span><\/h5>\n<p><span>URL:\u00a0<\/span><a href=\"http:\/\/www.moj.go.jp\/MINJI\/minji10.html\"><span>http:\/\/www.moj.go.jp\/MINJI\/minji10.html<\/span><\/a><\/p>\n<h5><span>Lista de escrit\u00f3rios de trabalho Hello<\/span><\/h5>\n<p><span>URL:\u00a0<\/span><a href=\"http:\/\/www.mhlw.go.jp\/kyujin\/hwmap.html\"><span>http:\/\/www.mhlw.go.jp\/kyujin\/hwmap.html<\/span><\/a><\/p>\n<h5><span>Lista de ag\u00eancias fiscais nacionais e escrit\u00f3rios fiscais<\/span><\/h5>\n<p><span>URL:\u00a0<\/span><a href=\"http:\/\/www.nta.go.jp\/soshiki\/kokuzeikyoku\/chizu\/chizu.htm\"><span>http:\/\/www.nta.go.jp\/soshiki\/kokuzeikyoku\/chizu\/chizu.htm<\/span><\/a><\/p>\n<h5><span>Lista de cart\u00f3rios notariais<\/span><\/h5>\n<p><span>URL:\u00a0<\/span><a href=\"http:\/\/www.koshonin.gr.jp\/sho.html\"><span>http:\/\/www.koshonin.gr.jp\/sho.html<\/span><\/a><\/p>\n","protected":false},"excerpt":{"rendered":"<p>Lista de escrit\u00f3rios de cidades, vilas e aldeias URL:\u00a0http:\/\/www.lasdec.nippon-net.ne.jp\/com\/addr\/jyu_top.htm Escrit\u00f3rio de imigra\u00e7\u00e3o URL:\u00a0http:\/\/www.immi-moj.go.jp\/index.html Informa\u00e7\u00f5es do passaporte (Minist\u00e9rio das Rela\u00e7\u00f5es Exteriores) URL:\u00a0http:\/\/www.mofa.go.jp\/mofaj\/toko\/passport\/ Lista de escrit\u00f3rios de assuntos jur\u00eddicos e escrit\u00f3rios de assuntos jur\u00eddicos de distrito URL:\u00a0http:\/\/www.moj.go.jp\/MINJI\/minji10.html Lista de escrit\u00f3rios de trabalho Hello URL:\u00a0http:\/\/www.mhlw.go.jp\/kyujin\/hwmap.html Lista de ag\u00eancias fiscais nacionais e escrit\u00f3rios fiscais URL:\u00a0http:\/\/www.nta.go.jp\/soshiki\/kokuzeikyoku\/chizu\/chizu.htm Lista de cart\u00f3rios notariais URL:\u00a0http:\/\/www.koshonin.gr.jp\/sho.html<\/p>\n","protected":false},"author":2,"featured_media":0,"parent":0,"menu_order":0,"comment_status":"open","ping_status":"open","template":"","meta":{"footnotes":""},"tags":[],"class_list":["post-3919","page","type-page","status-publish"],"aioseo_notices":[],"_links":{"self":[{"href":"https:\/\/international-marriage.info\/pt-pt\/wp-json\/wp\/v2\/pages\/3919","targetHints":{"allow":["GET"]}}],"collection":[{"href":"https:\/\/international-marriage.info\/pt-pt\/wp-json\/wp\/v2\/pages"}],"about":[{"href":"https:\/\/international-marriage.info\/pt-pt\/wp-json\/wp\/v2\/types\/page"}],"author":[{"embeddable":true,"href":"https:\/\/international-marriage.info\/pt-pt\/wp-json\/wp\/v2\/users\/2"}],"replies":[{"embeddable":true,"href":"https:\/\/international-marriage.info\/pt-pt\/wp-json\/wp\/v2\/comments?post=3919"}],"version-history":[{"count":0,"href":"https:\/\/international-marriage.info\/pt-pt\/wp-json\/wp\/v2\/pages\/3919\/revisions"}],"wp:attachment":[{"href":"https:\/\/international-marriage.info\/pt-pt\/wp-json\/wp\/v2\/media?parent=3919"}],"wp:term":[{"taxonomy":"post_tag","embeddable":true,"href":"https:\/\/international-marriage.info\/pt-pt\/wp-json\/wp\/v2\/tags?post=3919"}],"curies":[{"name":"wp","href":"https:\/\/api.w.org\/{rel}","templated":true}]}}