{"id":3962,"date":"2021-01-14T22:29:55","date_gmt":"2021-01-14T13:29:55","guid":{"rendered":"https:\/\/international-marriage.info\/?page_id=3962"},"modified":"2021-01-14T22:31:25","modified_gmt":"2021-01-14T13:31:25","slug":"stuff","status":"publish","type":"page","link":"https:\/\/international-marriage.info\/pt-pt\/stuff\/","title":{"rendered":"Introdu\u00e7\u00e3o de pessoal e escrit\u00f3rios"},"content":{"rendered":"<p>A seguir, uma vis\u00e3o geral de nossa equipe e de nosso escrit\u00f3rio, que far\u00e3o de tudo para ajud\u00e1-lo a realizar seu sonho de se casar e morar no Jap\u00e3o o mais r\u00e1pido poss\u00edvel.<\/p>\n<h2>Pessoal de apoio aos pedidos de vistos para o Gabinete de Imigra\u00e7\u00e3o<\/h2>\n<figure class=\"wp-block-image size-large\"><img loading=\"lazy\" decoding=\"async\" class=\"wp-image-2398\" src=\"https:\/\/www.visa-support.info\/wp-content\/uploads\/staff-yoko2019-e.jpg.pagespeed.ce.64TPO5hREr.jpg\" sizes=\"auto, (max-width: 677px) 100vw, 677px\" srcset=\"https:\/\/www.visa-support.info\/wp-content\/uploads\/staff-yoko2019-e.jpg.pagespeed.ce.64TPO5hREr.jpg 677w, https:\/\/www.visa-support.info\/wp-content\/uploads\/staff-yoko2019-e-300x50.jpg.pagespeed.ce.6nnpNQAMpp.jpg 300w\" alt=\"\" width=\"677\" height=\"112\" \/><\/figure>\n<p class=\"has-text-align-right\"><a href=\"#jimusho\">Introdu\u00e7\u00e3o do cargo<\/a><\/p>\n<h3>Representante, dirigente administrativo espec\u00edfico Yoshitomo Nomura<\/h3>\n<div class=\"wp-block-image\">\n<figure class=\"alignleft\"><img loading=\"lazy\" decoding=\"async\" class=\"wp-image-2143\" src=\"https:\/\/www.visa-support.info\/wp-content\/uploads\/nomura200.jpg.pagespeed.ce.faT_B8Ae2h.jpg\" sizes=\"auto, (max-width: 200px) 100vw, 200px\" srcset=\"https:\/\/www.visa-support.info\/wp-content\/uploads\/nomura200.jpg.pagespeed.ce.faT_B8Ae2h.jpg 200w, https:\/\/www.visa-support.info\/wp-content\/uploads\/nomura200-150x150.jpg.pagespeed.ce.4tvuz8-xSV.jpg 150w, https:\/\/www.visa-support.info\/wp-content\/uploads\/nomura200-60x60.jpg.pagespeed.ce.sZGL669zER.jpg 60w\" alt=\"\" width=\"200\" height=\"200\" \/><\/figure>\n<\/div>\n<p>Nascido em Aichi, Jap\u00e3o, em 1972.<\/p>\n<p>Quando eu pr\u00f3prio usei conselhos jur\u00eddicos como utilizador, fiquei chocado com a m\u00e1 atitude, a m\u00e1 resposta e a insensibilidade \u00e0 repeti\u00e7\u00e3o de jarg\u00f5es dif\u00edceis. Aconteceu-me pensar que o meu parceiro era mau, por isso consultei outra pessoa, mas n\u00e3o havia grande diferen\u00e7a, e mais tarde aprendi que a profiss\u00e3o de aconselhamento jur\u00eddico era um n\u00edvel muito baixo de consci\u00eancia na ind\u00fastria de servi\u00e7os.decidi abrir um escrit\u00f3rio para reduzir o n\u00famero de pessoas com queixas e ansiedades semelhantes.<\/p>\n<p>Para resolver v\u00e1rias ansiedades, acredito que \u00e9 essencial n\u00e3o s\u00f3 ter conhecimentos jur\u00eddicos mas tamb\u00e9m ter uma vasta experi\u00eancia social. Por esta raz\u00e3o, tive experi\u00eancia de trabalho na sucursal de uma empresa de pessoal, na gest\u00e3o de armaz\u00e9ns e no camionista para distribui\u00e7\u00e3o, no gestor de habita\u00e7\u00e3o e de transac\u00e7\u00f5es imobili\u00e1rias de uma empresa imobili\u00e1ria para habita\u00e7\u00e3o, e no escrit\u00f3rio de direc\u00e7\u00e3o judicial, que est\u00e1 ligado ao trabalho actual.<\/p>\n<p>No nosso escrit\u00f3rio, tentamos sempre o nosso melhor para criar uma atmosfera que lhe facilite a consulta, responda mais rapidamente do que qualquer outra pessoa, lhe explique mais facilmente, mesmo que seja novo para n\u00f3s, e tentamos o nosso melhor para atingir os seus objectivos o mais rapidamente poss\u00edvel.<\/p>\n<h3>Hakata Branch manager, administrador de sucursal Yoshihiro Ikeda<\/h3>\n<div class=\"wp-block-image\">\n<figure class=\"alignleft\"><img loading=\"lazy\" decoding=\"async\" class=\"alignnone wp-image-3974 size-full\" src=\"https:\/\/international-marriage.info\/wp-content\/uploads\/ikeda200.pagespeed.ce_.VUHDe0fU-H-1.jpg\" alt=\"\" width=\"200\" height=\"200\" srcset=\"https:\/\/international-marriage.info\/wp-content\/uploads\/ikeda200.pagespeed.ce_.VUHDe0fU-H-1.jpg 200w, https:\/\/international-marriage.info\/wp-content\/uploads\/ikeda200.pagespeed.ce_.VUHDe0fU-H-1-150x150.jpg 150w, https:\/\/international-marriage.info\/wp-content\/uploads\/ikeda200.pagespeed.ce_.VUHDe0fU-H-1-100x100.jpg 100w\" sizes=\"auto, (max-width: 200px) 100vw, 200px\" \/><\/figure>\n<\/div>\n<p>Nascido em Hiroshima, Jap\u00e3o, em 1973.<\/p>\n<p>Antes do meu actual trabalho de apoio jur\u00eddico, experimentei diferentes campos, tais como servi\u00e7o, consultoria e produ\u00e7\u00e3o de design gr\u00e1fico. Portanto, penso que n\u00e3o devemos ser capazes de falar palavras e ac\u00e7\u00f5es rudes que s\u00e3o comuns nesta ind\u00fastria e termos t\u00e9cnicos que s\u00e3o dif\u00edceis de entender para o p\u00fablico em geral. Do ponto de vista do cliente, propomos formas de alcan\u00e7ar os nossos objectivos e fazemos o nosso melhor para garantir a paz de esp\u00edrito o mais rapidamente poss\u00edvel.<\/p>\n<p>Poder\u00e1 ter muitas preocupa\u00e7\u00f5es quando nos contactar pela primeira vez.<br \/>\nNo entanto, mesmo que n\u00e3o conhe\u00e7a a premissa, estamos sempre a pensar no que fazer para obter a sua compreens\u00e3o, criando uma atmosfera que \u00e9 f\u00e1cil de falar e de resposta r\u00e1pida. Por favor, n\u00e3o hesite em contactar-nos.<\/p>\n<h3>Kenji Sengoku, Director Administrativo<\/h3>\n<div class=\"wp-block-image\">\n<figure class=\"alignleft\"><img loading=\"lazy\" decoding=\"async\" class=\"wp-image-2173\" src=\"https:\/\/www.visa-support.info\/wp-content\/uploads\/sengoku200-2.jpg.pagespeed.ce.m39GKUM294.jpg\" sizes=\"auto, (max-width: 200px) 100vw, 200px\" srcset=\"https:\/\/www.visa-support.info\/wp-content\/uploads\/sengoku200-2.jpg.pagespeed.ce.m39GKUM294.jpg 200w, https:\/\/www.visa-support.info\/wp-content\/uploads\/sengoku200-2-150x150.jpg.pagespeed.ce.qlBlFu8YvX.jpg 150w, https:\/\/www.visa-support.info\/wp-content\/uploads\/sengoku200-2-60x60.jpg.pagespeed.ce.Gi38iquyzc.jpg 60w\" alt=\"\" width=\"200\" height=\"200\" \/><\/figure>\n<\/div>\n<p>Nascido em Chiba, Jap\u00e3o, em 1974.<\/p>\n<p>Depois de me formar na faculdade, descobri o trabalho de administrativo scrivener atrav\u00e9s da ind\u00fastria hoteleira e empregos relacionados com as telecomunica\u00e7\u00f5es. Enquanto trabalhava no meu emprego regular, li obscuros guias governamentais e ouvi explica\u00e7\u00f5es pouco amig\u00e1veis sobre os procedimentos. Experimentei como \u00e9 dif\u00edcil fazer. Tornei-me escritur\u00e1rio de direito administrativo porque ele me explicou em linguagem simples e tornou o tedioso processo mais r\u00e1pido. Estamos profundamente conscientes da necessidade de profissionais que nos possam representar de forma fi\u00e1vel.<\/p>\n<p>\u00c9 claro que \u00e9 importante proceder sem problemas, mas tamb\u00e9m \u00e9 importante para n\u00f3s fornecer solu\u00e7\u00f5es para as preocupa\u00e7\u00f5es dos nossos clientes e explicar-vos-ei como explicar o processo e os documentos necess\u00e1rios de uma forma que seja f\u00e1cil de compreender.<\/p>\n<p>Se tiver um problema com um procedimento, n\u00e3o hesite em contactar-nos, mesmo que se trate de um procedimento trivial. Gostaria de acarinhar a minha rela\u00e7\u00e3o consigo, por isso, n\u00e3o hesite em contactar-me.<\/p>\n<h3>O administrador Kazuya Hirose<\/h3>\n<div class=\"wp-block-image\">\n<figure class=\"alignleft\"><img loading=\"lazy\" decoding=\"async\" class=\"wp-image-2098\" src=\"https:\/\/www.visa-support.info\/wp-content\/uploads\/hirose200.jpg.pagespeed.ce.7uPFrSH-l3.jpg\" sizes=\"auto, (max-width: 200px) 100vw, 200px\" srcset=\"https:\/\/www.visa-support.info\/wp-content\/uploads\/hirose200.jpg.pagespeed.ce.7uPFrSH-l3.jpg 200w, https:\/\/www.visa-support.info\/wp-content\/uploads\/hirose200-150x150.jpg.pagespeed.ce.yU9xbvKZ4f.jpg 150w, https:\/\/www.visa-support.info\/wp-content\/uploads\/hirose200-60x60.jpg.pagespeed.ce.dGbX1bOAso.jpg 60w\" alt=\"\" width=\"200\" height=\"200\" \/><\/figure>\n<\/div>\n<p>Nascido em Hyogo, Jap\u00e3o, em 1977.<\/p>\n<p>Alguma vez teve dificuldade em preparar documentos ou em submeter documentos a um gabinete governamental?<\/p>\n<p>O meu amigo era um deles. Foi incomodado pelos complicados procedimentos para o casamento e para viver no Jap\u00e3o. A pessoa que o ajudava era um administrador de escrit\u00f3rio. Quando ouvi esta hist\u00f3ria, percebi que havia este tipo de trabalho que podia fazer para me relacionar com as pessoas e ajud\u00e1-las, uma esp\u00e9cie de apoio nos bastidores, e foi por isso que decidi tornar-me um \u201cscrivener\u201d administrativo.<\/p>\n<p>Gostaria de fazer uso da minha experi\u00eancia na ind\u00fastria de servi\u00e7o ao cliente durante mais de 10 anos, e gostaria de fazer o meu melhor esfor\u00e7o para fazer os meus clientes felizes.<br \/>\nAjudo nos problemas de um cliente para que possa encontrar o sorriso de muitos clientes. Por favor, n\u00e3o hesite em contactar-nos.<\/p>\n<h3>Shotaro Ishizaki, administrador scrivener<\/h3>\n<div class=\"wp-block-image\">\n<figure class=\"alignleft\"><img loading=\"lazy\" decoding=\"async\" class=\"wp-image-2428\" src=\"https:\/\/www.visa-support.info\/wp-content\/uploads\/ishizaki.jpg.pagespeed.ce.QpV4YqztBA.jpg\" sizes=\"auto, (max-width: 200px) 100vw, 200px\" srcset=\"https:\/\/www.visa-support.info\/wp-content\/uploads\/ishizaki.jpg.pagespeed.ce.QpV4YqztBA.jpg 200w, https:\/\/www.visa-support.info\/wp-content\/uploads\/ishizaki-150x150.jpg.pagespeed.ce.pLxd4t8Kzm.jpg 150w, https:\/\/www.visa-support.info\/wp-content\/uploads\/ishizaki-60x60.jpg.pagespeed.ce.q8XK9A9r-d.jpg 60w\" alt=\"\" width=\"200\" height=\"200\" \/><\/figure>\n<\/div>\n<p>Nascido em T\u00f3quio, Jap\u00e3o, em Fevereiro de 1995<\/p>\n<p>Antes de assumir o meu actual emprego, trabalhei para uma empresa de scrivener judicial. Acredito que h\u00e1 pessoas que est\u00e3o confusas com os procedimentos legais com os quais normalmente n\u00e3o est\u00e3o familiarizadas.<\/p>\n<p>Pela minha experi\u00eancia no meu trabalho anterior, tenho sido capaz de trabalhar com os meus clientes para remover as suas preocupa\u00e7\u00f5es e quest\u00f5es. Aprendi a import\u00e2ncia de o fazer. Quero ajudar os clientes numa gama mais vasta de campos, como administrador, e n\u00e3o apenas em neg\u00f3cios relacionados com o registo, pelo que me juntei \u00e0 Ai-Support porque queria poder fazer isso.<\/p>\n<p>\u201cPreparar e submeter documentos a gabinetes p\u00fablicos\u201d \u00e9 f\u00e1cil de descrever, mas na realidade, \u00e9 quase sempre dif\u00edcil de compreender devido \u00e0s leis envolvidas. Se tiver alguma preocupa\u00e7\u00e3o ou preocupa\u00e7\u00e3o com os procedimentos, por favor contacte-nos. Faremos o nosso melhor para evitar a utiliza\u00e7\u00e3o de terminologia dif\u00edcil e apoiaremos os nossos clientes a prosseguir com o procedimento com a sua satisfa\u00e7\u00e3o. Todo o nosso pessoal far\u00e1 o seu melhor para o ajudar, por isso, sinta-se \u00e0 vontade para nos contactar.<\/p>\n<h3>Megumi Honda, Comiss\u00e1ria Administrativa<\/h3>\n<div class=\"wp-block-image\">\n<figure class=\"alignleft\"><img loading=\"lazy\" decoding=\"async\" class=\"wp-image-2443\" src=\"https:\/\/www.visa-support.info\/wp-content\/uploads\/honda.jpg.pagespeed.ce.fJq-6pIJ3Y.jpg\" sizes=\"auto, (max-width: 200px) 100vw, 200px\" srcset=\"https:\/\/www.visa-support.info\/wp-content\/uploads\/honda.jpg.pagespeed.ce.fJq-6pIJ3Y.jpg 200w, https:\/\/www.visa-support.info\/wp-content\/uploads\/honda-150x150.jpg.pagespeed.ce.RsUugnS8p9.jpg 150w, https:\/\/www.visa-support.info\/wp-content\/uploads\/honda-60x60.jpg.pagespeed.ce.0PDe-FESmL.jpg 60w\" alt=\"\" width=\"200\" height=\"200\" \/><\/figure>\n<\/div>\n<p>Nascido em Chiba, Jap\u00e3o, em 1983.<\/p>\n<p>Os meus pais estavam ambos em neg\u00f3cios privados.<br \/>\nQuando eu era jovem, costumava queixar-me de como sentia falta da minha m\u00e3e quando voltava da escola, porque ela n\u00e3o estava em casa.<\/p>\n<p>Talvez seja porque fui criado neste tipo de ambiente que tive a impress\u00e3o de que ser trabalhador por conta pr\u00f3pria era um trabalho duro.<br \/>\nNo entanto, decidi abrir o meu pr\u00f3prio neg\u00f3cio de limpeza como empres\u00e1rio em nome individual.<br \/>\nAssim que comecei a gerir a loja, tive de encontrar a m\u00e3o-de-obra, apresentar declara\u00e7\u00f5es de imposto de renda, etc., tudo isto enquanto fazia o neg\u00f3cio do dia-a-dia, o que era muito dif\u00edcil.<\/p>\n<p>Nessa altura, era um administrador de gest\u00e3o que se encarregava de dar consultas sobre os procedimentos.<br \/>\nEste foi o catalisador para mim para me tornar mais tarde um \u201cscrivener\u201d administrativo.<\/p>\n<p>Eu sei que as pessoas que me procuram para consultas t\u00eam uma variedade de sentimentos.<br \/>\nAlguma vez teve dificuldades quando decidiu come\u00e7ar algo?<\/p>\n<p>Estamos empenhados em fornecer as melhores solu\u00e7\u00f5es poss\u00edveis para os problemas dos nossos clientes.<br \/>\nSinta-se \u00e0 vontade para nos contactar com quaisquer pensamentos que possa ter.<\/p>\n<h3>Makiko Okakawa, uma escritora administrativa qualificada<\/h3>\n<div class=\"wp-block-image\">\n<figure class=\"alignleft\"><img loading=\"lazy\" decoding=\"async\" class=\"alignnone wp-image-3991 size-full\" src=\"https:\/\/international-marriage.info\/wp-content\/uploads\/okagawa200.pagespeed.ce_.kfW0nM12FQ.jpg\" alt=\"\" width=\"200\" height=\"200\" srcset=\"https:\/\/international-marriage.info\/wp-content\/uploads\/okagawa200.pagespeed.ce_.kfW0nM12FQ.jpg 200w, https:\/\/international-marriage.info\/wp-content\/uploads\/okagawa200.pagespeed.ce_.kfW0nM12FQ-150x150.jpg 150w, https:\/\/international-marriage.info\/wp-content\/uploads\/okagawa200.pagespeed.ce_.kfW0nM12FQ-100x100.jpg 100w\" sizes=\"auto, (max-width: 200px) 100vw, 200px\" \/><\/figure>\n<\/div>\n<p>Nascido em 1975 em Hokkaido, Jap\u00e3o. Qualificou-se como administrador enquanto estava na faculdade.<br \/>\nDepois de me formar na universidade, trabalhei como director de programas de informa\u00e7\u00e3o numa esta\u00e7\u00e3o de televis\u00e3o em Sapporo durante cerca de cinco anos.<\/p>\n<p>Aprendi como tornar um programa mais compreens\u00edvel e memor\u00e1vel sob prazos apertados, e como coordenar uma equipa para o p\u00f4r no ar.<\/p>\n<p>Fui respons\u00e1vel por uma grande variedade de empresas, incluindo propriet\u00e1rios de restaurantes e chefes de cozinha, departamentos de rela\u00e7\u00f5es p\u00fablicas de lojas de departamentos, gabinetes governamentais e a pol\u00edcia.<\/p>\n<p>O meu trabalho anterior e o meu trabalho como administrativo scrivener parecem muito diferentes, mas penso que na realidade s\u00e3o muito semelhantes. Conhe\u00e7o bem os meus clientes, ou\u00e7o os seus pedidos e escolho o m\u00e9todo que penso ser o melhor para eles. Neste sentido, sinto que a minha experi\u00eancia passada \u00e9 extremamente \u00fatil.<\/p>\n<p>No meu trabalho como administrador, sou obrigado a atender a situa\u00e7\u00f5es importantes da vida. Escutar-vos-ei atentamente e tentarei fazer o meu melhor para ser preciso e sincero, por isso, por favor, fa\u00e7am-no! Obrigado pelo vosso apoio.<\/p>\n<h3>Assistente administrativo, Taxa de cliente Mayu Namimoto<\/h3>\n<div class=\"wp-block-image\">\n<figure class=\"alignleft\"><img loading=\"lazy\" decoding=\"async\" class=\"wp-image-2158\" src=\"https:\/\/www.visa-support.info\/wp-content\/uploads\/namimoto200.jpg.pagespeed.ce.YhaPh6waqp.jpg\" sizes=\"auto, (max-width: 200px) 100vw, 200px\" srcset=\"https:\/\/www.visa-support.info\/wp-content\/uploads\/namimoto200.jpg.pagespeed.ce.YhaPh6waqp.jpg 200w, https:\/\/www.visa-support.info\/wp-content\/uploads\/namimoto200-150x150.jpg.pagespeed.ce.n0ElVnENwq.jpg 150w, https:\/\/www.visa-support.info\/wp-content\/uploads\/namimoto200-60x60.jpg.pagespeed.ce.tsu8UmUsfp.jpg 60w\" alt=\"\" width=\"200\" height=\"200\" \/><\/figure>\n<\/div>\n<p>Quando quiser falar com algu\u00e9m sobre os seus problemas, pode n\u00e3o saber com quem falar, e alguns de v\u00f3s podem sentir-se inquietos.<\/p>\n<p>Recomendamos-lhe que contacte o Ai-Support Escrit\u00f3rio jur\u00eddico geral quando necessitar de ajuda em quest\u00f5es processuais e na prepara\u00e7\u00e3o de documentos.<\/p>\n<p>Como somos uma organiza\u00e7\u00e3o empresarial com uma vasta rede, a maioria dos problemas que n\u00e3o podem ser resolvidos no nosso escrit\u00f3rio podem ser resolvidos atrav\u00e9s da refer\u00eancia a outros profissionais em quem se possa confiar.<\/p>\n<p>Al\u00e9m disso, damos grande import\u00e2ncia \u00e0 cria\u00e7\u00e3o de uma atmosfera que seja f\u00e1cil de conversar, o que \u00e9 pouco usual para um escrit\u00f3rio de administra\u00e7\u00e3o. Dispomos de um sistema para receber consultas de forma leve e simp\u00e1tica. Por conseguinte, os visitantes da primeira vez n\u00e3o se sentir\u00e3o intimidados.<\/p>\n<p>Certificar-me-ei de que os nossos clientes possam ouvir qualquer coisa com que estejam a ter problemas ou sobre a qual tenham d\u00favidas. O nosso pessoal est\u00e1 a trabalhar arduamente dia e noite. Antes de mais nada, n\u00e3o hesite em contactar-nos.<\/p>\n<h3>Assuntos gerais, Assistente de administra\u00e7\u00e3o, Cobran\u00e7a de cliente Shizue Yamanaka<\/h3>\n<div class=\"wp-block-image\">\n<figure class=\"alignleft\"><img loading=\"lazy\" decoding=\"async\" class=\"alignnone wp-image-3954 size-full\" src=\"https:\/\/international-marriage.info\/wp-content\/uploads\/yamanaka200.pagespeed.ce_.840piGQUXK.jpg\" alt=\"\" width=\"200\" height=\"200\" srcset=\"https:\/\/international-marriage.info\/wp-content\/uploads\/yamanaka200.pagespeed.ce_.840piGQUXK.jpg 200w, https:\/\/international-marriage.info\/wp-content\/uploads\/yamanaka200.pagespeed.ce_.840piGQUXK-150x150.jpg 150w, https:\/\/international-marriage.info\/wp-content\/uploads\/yamanaka200.pagespeed.ce_.840piGQUXK-100x100.jpg 100w\" sizes=\"auto, (max-width: 200px) 100vw, 200px\" \/><\/figure>\n<\/div>\n<p>Depois de dar \u00e0 luz e criar meu filho, entrei para a Ai-Support Escrit\u00f3rio jur\u00eddico geral em agosto de 2007 como assistente de um contador e escriv\u00e3o administrativo, e aqui estou hoje.<\/p>\n<p>Porque muitos dos nossos clientes t\u00eam de lidar com procedimentos que podem ou n\u00e3o ocorrer uma vez na vida, acredito que muitos dos que nos procuram para consulta est\u00e3o muitas vezes ansiosos e nervosos.<\/p>\n<p>Portanto, o que tentamos fazer no nosso escrit\u00f3rio como um todo \u00e9 aliviar a ansiedade e tens\u00e3o dos nossos clientes, para que possam sentir-se livres para nos consultar. Criamos uma atmosfera que \u00e9 f\u00e1cil de fazer. Al\u00e9m disso, tentamos evitar a utiliza\u00e7\u00e3o de termos t\u00e9cnicos e fornecemos explica\u00e7\u00f5es f\u00e1ceis de compreender que podem ser compreendidas sem qualquer conhecimento pr\u00e9vio. Penso que outra caracter\u00edstica deste gabinete \u00e9 que todo o gabinete realiza regularmente sess\u00f5es de forma\u00e7\u00e3o para que possamos Ajud\u00e1-lo com todo o prazer.<\/p>\n<p>Sinta-se \u00e0 vontade para nos contactar, pois o nosso pessoal e o nosso director administrativo far\u00e3o todos os esfor\u00e7os para que se sinta bem em consultar-nos e solicitar o procedimento.<\/p>\n<h3>Rie Iguchi<\/h3>\n<div class=\"wp-block-image\">\n<figure class=\"alignleft\"><img loading=\"lazy\" decoding=\"async\" class=\"wp-image-2413\" src=\"https:\/\/www.visa-support.info\/wp-content\/uploads\/iguchi2.png.pagespeed.ce.-4b11zfBM0.png\" sizes=\"auto, (max-width: 200px) 100vw, 200px\" srcset=\"https:\/\/www.visa-support.info\/wp-content\/uploads\/iguchi2.png.pagespeed.ce.-4b11zfBM0.png 200w, https:\/\/www.visa-support.info\/wp-content\/uploads\/iguchi2-150x150.png.pagespeed.ce.8Iw6310n6Y.png 150w, https:\/\/www.visa-support.info\/wp-content\/uploads\/iguchi2-60x60.png.pagespeed.ce.4QB3-iHf4S.png 60w\" alt=\"\" width=\"200\" height=\"200\" \/><\/figure>\n<\/div>\n<p>Compreendemos que poder\u00e1 sentir-se inquieto quando nunca fez nada antes, como por exemplo quando lhe \u00e9 pedido que preencha um documento desconhecido ou quando lhe \u00e9 pedido que preencha um pedido complicado.<\/p>\n<p>Nesses casos, tento sempre criar uma atmosfera em que se sinta \u00e0 vontade para me consultar sobre as suas quest\u00f5es e preocupa\u00e7\u00f5es, e para proporcionar uma comunica\u00e7\u00e3o suave entre si e a pessoa respons\u00e1vel, bem como apoio suplementar, para que se possa sentir \u00e0 vontade.<\/p>\n<p>Farei o meu melhor para estar ao servi\u00e7o dos meus clientes.<\/p>\n<h2 id=\"aa\"><a id=\"jimusho\"><\/a>Vis\u00e3o geral do escrit\u00f3rio<\/h2>\n<figure class=\"wp-block-table\">\n<table>\n<tbody>\n<tr class=\"even\">\n<td>Nome do escrit\u00f3rio<\/td>\n<td>Ai-Support Escrit\u00f3rio jur\u00eddico geral (Especialistas Jur\u00eddicos em Procedimentos Administrativos Certificados)<\/td>\n<\/tr>\n<tr class=\"odd\">\n<td>Funda\u00e7\u00e3o<\/td>\n<td>Agosto de 2007<\/td>\n<\/tr>\n<tr class=\"even\">\n<td>Hist\u00f3ria<\/td>\n<td>Junho de 2011 Incorporou um escrit\u00f3rio privado<br \/>\nAbril de 2015 Abertura da filial Hakata em frente \u00e0 esta\u00e7\u00e3o Hakata em Fukuoka, Jap\u00e3o<\/td>\n<\/tr>\n<tr class=\"odd\">\n<td>afilia\u00e7\u00e3o<\/td>\n<td>Federa\u00e7\u00e3o Japonesa da Associa\u00e7\u00e3o Administrativa Scrivener, Chiba Administrative Scrivener Association, Fukuoka Administrative Scrivener Association<\/td>\n<\/tr>\n<tr class=\"even\">\n<td>N\u00famero da empresa<\/td>\n<td>1102001<\/td>\n<\/tr>\n<tr class=\"odd\">\n<td>Representante<\/td>\n<td>Yoshitomo Nomura<\/td>\n<\/tr>\n<tr class=\"even\">\n<td>Localiza\u00e7\u00e3o<\/td>\n<td>\u3010Kashiwa Principal Office\u3011<br \/>\n\u3012277-0842 Edif\u00edcio Suzuki 5F, 4-1 Suehiro-cho, Kashiwa-shi, Chiba<br \/>\n\u3010Hakata Branch\u3011<br \/>\n\u3012 812-0012 No.13 Edif\u00edcio Taihei 10F, 5-11 Hakataeki Chuo-gai, Hakata-ku, Cidade de Fukuoka, Fukuoka<\/td>\n<\/tr>\n<tr class=\"odd\">\n<td>Contacte-nos<\/td>\n<td>E-Mail\uff1ainfo\u25b3ai-support.biz\uff08\u25b3\u2192@\uff09<\/td>\n<\/tr>\n<tr class=\"even\">\n<td>hor\u00e1rio de trabalho<\/td>\n<td>9:00-18:00(Mesmo que seja fora do hor\u00e1rio de trabalho, podemos ajud\u00e1-lo se nos contactar com anteced\u00eancia).<\/td>\n<\/tr>\n<tr class=\"odd\">\n<td>F\u00e9rias<\/td>\n<td>S\u00e1bado, Domingo e Feriados (mesmo que seja um dia fechado, podemos ajud\u00e1-lo se nos contactar com anteced\u00eancia).<\/td>\n<\/tr>\n<tr class=\"even\">\n<td>Garantia<\/td>\n<td>Se os documentos produzidos pelo nosso escrit\u00f3rio estiverem incompletos ou se n\u00e3o formos capazes de executar qualquer parte importante do servi\u00e7o, recri\u00e1-los-emos ou dar-lhe-emos um reembolso total sem qualquer custo.<\/td>\n<\/tr>\n<\/tbody>\n<\/table>\n<\/figure>\n","protected":false},"excerpt":{"rendered":"<p>A seguir, uma vis\u00e3o geral de nossa equipe e de nosso escrit\u00f3rio, que far\u00e3o de tudo para ajud\u00e1-lo a realizar seu sonho de se casar e morar no Jap\u00e3o o mais r\u00e1pido poss\u00edvel. Pessoal de apoio aos pedidos de vistos para o Gabinete de Imigra\u00e7\u00e3o Introdu\u00e7\u00e3o do cargo Representante, dirigente administrativo espec\u00edfico Yoshitomo Nomura Nascido em Aichi, Jap\u00e3o, em 1972. Quando eu pr\u00f3prio usei conselhos jur\u00eddicos como utilizador, fiquei chocado com a m\u00e1 atitude, a m\u00e1 resposta e a insensibilidade \u00e0 repeti\u00e7\u00e3o de jarg\u00f5es dif\u00edceis. Aconteceu-me pensar que o meu parceiro era mau, por isso consultei outra pessoa, mas n\u00e3o havia grande diferen\u00e7a, e mais tarde aprendi que a profiss\u00e3o [&hellip;]<\/p>\n","protected":false},"author":2,"featured_media":0,"parent":0,"menu_order":0,"comment_status":"open","ping_status":"open","template":"","meta":{"footnotes":""},"tags":[],"class_list":["post-3962","page","type-page","status-publish"],"aioseo_notices":[],"_links":{"self":[{"href":"https:\/\/international-marriage.info\/pt-pt\/wp-json\/wp\/v2\/pages\/3962","targetHints":{"allow":["GET"]}}],"collection":[{"href":"https:\/\/international-marriage.info\/pt-pt\/wp-json\/wp\/v2\/pages"}],"about":[{"href":"https:\/\/international-marriage.info\/pt-pt\/wp-json\/wp\/v2\/types\/page"}],"author":[{"embeddable":true,"href":"https:\/\/international-marriage.info\/pt-pt\/wp-json\/wp\/v2\/users\/2"}],"replies":[{"embeddable":true,"href":"https:\/\/international-marriage.info\/pt-pt\/wp-json\/wp\/v2\/comments?post=3962"}],"version-history":[{"count":0,"href":"https:\/\/international-marriage.info\/pt-pt\/wp-json\/wp\/v2\/pages\/3962\/revisions"}],"wp:attachment":[{"href":"https:\/\/international-marriage.info\/pt-pt\/wp-json\/wp\/v2\/media?parent=3962"}],"wp:term":[{"taxonomy":"post_tag","embeddable":true,"href":"https:\/\/international-marriage.info\/pt-pt\/wp-json\/wp\/v2\/tags?post=3962"}],"curies":[{"name":"wp","href":"https:\/\/api.w.org\/{rel}","templated":true}]}}