{"id":4059,"date":"2021-01-14T22:41:42","date_gmt":"2021-01-14T13:41:42","guid":{"rendered":"https:\/\/international-marriage.info\/visa\/"},"modified":"2021-01-14T22:41:42","modified_gmt":"2021-01-14T13:41:42","slug":"visa","status":"publish","type":"page","link":"https:\/\/international-marriage.info\/pt-pt\/visa\/","title":{"rendered":"Procedimento para obter um visto de c\u00f4njuge (status de resid\u00eancia) para viver no Jap\u00e3o"},"content":{"rendered":"<p><span>Voc\u00eas n\u00e3o podem morar juntos no Jap\u00e3o apenas concluindo o procedimento de casamento tanto no Jap\u00e3o quanto no pa\u00eds de seu c\u00f4njuge estrangeiro (em alguns casos, um).<\/span><\/p>\n<p><span>Esta \u00e9 uma parte que muitas vezes \u00e9 mal compreendida, mas\u00a0\u00a0<\/span><b><span class=\"tadv-background-color\"><span>se voc\u00ea n\u00e3o obtiver a aprova\u00e7\u00e3o do Departamento de Imigra\u00e7\u00e3o (doravante denominado imigra\u00e7\u00e3o), voc\u00ea poder\u00e1 morar no Jap\u00e3o, mesmo que seja legalmente casado.\u00a0<\/span><\/span><\/b><span>\u00a0Observe que voc\u00ea\u00a0\u00a0<\/span><b><span>n\u00e3o pode vir ao Jap\u00e3o em princ\u00edpio<\/span><\/b><span>\u00a0\u00a0.<\/span><\/p>\n<p><span>Antes de iniciar o procedimento, gostaria de falar sobre a situa\u00e7\u00e3o atual da imigra\u00e7\u00e3o.<\/span><\/p>\n<p><span>Se voc\u00ea obtiver um status de resid\u00eancia (visto) chamado \u201cesposa japonesa, etc.\u201d\u00a0dado a um estrangeiro que se casou com um japon\u00eas, basicamente n\u00e3o h\u00e1 restri\u00e7\u00f5es ocupacionais e voc\u00ea pode entrar legalmente no Jap\u00e3o.\u00a0Como ser\u00e1 poss\u00edvel ficar, o n\u00famero de casamentos falsos usando isso est\u00e1 aumentando rapidamente.<\/span><\/p>\n<p><span>Portanto, o exame de imigra\u00e7\u00e3o \u00e9 muito r\u00edgido, e pontos muito detalhados s\u00e3o verificados desde a situa\u00e7\u00e3o atual at\u00e9 o encontro e o casamento.<\/span><\/p>\n<p><span>Se houver alguns pontos n\u00e3o naturais ou contradi\u00e7\u00f5es e voc\u00ea n\u00e3o puder explicar o suficiente para convenc\u00ea-lo, mesmo um casamento verdadeiro pode n\u00e3o ser aprovado, portanto, verifique cuidadosamente antes de enviar.\u00a0\u00c9 importante fazer.<\/span><\/p>\n<p><span>Al\u00e9m disso, recentemente aumentam os casos em que s\u00e3o feitos julgamentos muito r\u00edgidos quando n\u00e3o \u00e9 poss\u00edvel preparar documentos que comprovem a data, que n\u00e3o s\u00e3o documentos legais, e o exame de imigra\u00e7\u00e3o est\u00e1 claramente se tornando dif\u00edcil.<\/span><\/p>\n<p><span>A digress\u00e3o tornou-se longa, mas o procedimento geral \u00e9 o seguinte.<\/span><\/p>\n<div class=\"wp-block-group has-light-green-cyan-background-color has-background\">\n<div class=\"wp-block-group__inner-container\">\n<p><b><span>1. Os procedimentos de casamento s\u00e3o realizados no Jap\u00e3o e no pa\u00eds da outra parte (com algumas exce\u00e7\u00f5es, apenas um procedimento pode ser necess\u00e1rio).<\/span><\/b><\/p>\n<p><span>(N\u00e3o \u00e9 necess\u00e1rio mencionar casamento, desde que o casamento esteja legalmente estabelecido.)<\/span><b><span>2. Documentos que certificam que voc\u00ea completou os procedimentos de casamento no Jap\u00e3o e no exterior, documentos que atestam sua capacidade financeira para viver no Jap\u00e3o (certificado de imposto, certificado de pagamento de imposto, etc.), garantia de identidade, quest\u00f5es de imigra\u00e7\u00e3o. Aplicaremos ap\u00f3s a coleta completa documentos etc. (Se voc\u00ea solicitar em nosso escrit\u00f3rio, o solicitante n\u00e3o ter\u00e1 que ir para a imigra\u00e7\u00e3o).<\/span><\/b><\/p>\n<p><b><span>3. Ap\u00f3s um certo per\u00edodo de exame (dentro de um m\u00eas no m\u00ednimo, mas n\u00e3o \u00e9 incomum que demore mais de tr\u00eas meses nos dias de hoje), voc\u00ea ser\u00e1 notificado pelo Departamento de Imigra\u00e7\u00e3o.<\/span><\/b><\/p>\n<p><b><span>4. Se a outra parte residir no estrangeiro, enviar o \u201cCertificado de Elegibilidade\u201d emitido pelo Departamento de Imigra\u00e7\u00e3o \u00e0 outra parte e receber o visto da embaixada (consulado) do Jap\u00e3o no pa\u00eds estrangeiro.\u00a0Depois disso, irei entrar no Jap\u00e3o.<\/span><\/b><\/p>\n<p><span>* Observe que voc\u00ea deve entrar no Jap\u00e3o dentro de 3 meses ap\u00f3s a emiss\u00e3o do \u201cCertificado de Elegibilidade\u201d.<\/span><\/p>\n<\/div>\n<\/div>\n<p><span>Se voc\u00ea suspeita e desaprova sua primeira inscri\u00e7\u00e3o, \u00e9 muito dif\u00edcil rejeit\u00e1-la.\u00a0Portanto, \u00e9 necess\u00e1rio ter cuidado e cuidado ao aplicar.<\/span><\/p>\n","protected":false},"excerpt":{"rendered":"<p>Voc\u00eas n\u00e3o podem morar juntos no Jap\u00e3o apenas concluindo o procedimento de casamento tanto no Jap\u00e3o quanto no pa\u00eds de seu c\u00f4njuge estrangeiro (em alguns casos, um). Esta \u00e9 uma parte que muitas vezes \u00e9 mal compreendida, mas\u00a0\u00a0se voc\u00ea n\u00e3o obtiver a aprova\u00e7\u00e3o do Departamento de Imigra\u00e7\u00e3o (doravante denominado imigra\u00e7\u00e3o), voc\u00ea poder\u00e1 morar no Jap\u00e3o, mesmo que seja legalmente casado.\u00a0\u00a0Observe que voc\u00ea\u00a0\u00a0n\u00e3o pode vir ao Jap\u00e3o em princ\u00edpio\u00a0\u00a0. Antes de iniciar o procedimento, gostaria de falar sobre a situa\u00e7\u00e3o atual da imigra\u00e7\u00e3o. Se voc\u00ea obtiver um status de resid\u00eancia (visto) chamado \u201cesposa japonesa, etc.\u201d\u00a0dado a um estrangeiro que se casou com um japon\u00eas, basicamente n\u00e3o h\u00e1 restri\u00e7\u00f5es ocupacionais e voc\u00ea [&hellip;]<\/p>\n","protected":false},"author":2,"featured_media":0,"parent":0,"menu_order":0,"comment_status":"open","ping_status":"open","template":"","meta":{"footnotes":""},"tags":[],"class_list":["post-4059","page","type-page","status-publish"],"aioseo_notices":[],"_links":{"self":[{"href":"https:\/\/international-marriage.info\/pt-pt\/wp-json\/wp\/v2\/pages\/4059","targetHints":{"allow":["GET"]}}],"collection":[{"href":"https:\/\/international-marriage.info\/pt-pt\/wp-json\/wp\/v2\/pages"}],"about":[{"href":"https:\/\/international-marriage.info\/pt-pt\/wp-json\/wp\/v2\/types\/page"}],"author":[{"embeddable":true,"href":"https:\/\/international-marriage.info\/pt-pt\/wp-json\/wp\/v2\/users\/2"}],"replies":[{"embeddable":true,"href":"https:\/\/international-marriage.info\/pt-pt\/wp-json\/wp\/v2\/comments?post=4059"}],"version-history":[{"count":0,"href":"https:\/\/international-marriage.info\/pt-pt\/wp-json\/wp\/v2\/pages\/4059\/revisions"}],"wp:attachment":[{"href":"https:\/\/international-marriage.info\/pt-pt\/wp-json\/wp\/v2\/media?parent=4059"}],"wp:term":[{"taxonomy":"post_tag","embeddable":true,"href":"https:\/\/international-marriage.info\/pt-pt\/wp-json\/wp\/v2\/tags?post=4059"}],"curies":[{"name":"wp","href":"https:\/\/api.w.org\/{rel}","templated":true}]}}