{"id":4772,"date":"2021-01-15T16:35:47","date_gmt":"2021-01-15T07:35:47","guid":{"rendered":"https:\/\/international-marriage.info\/?page_id=4772"},"modified":"2021-01-15T16:35:47","modified_gmt":"2021-01-15T07:35:47","slug":"thanks","status":"publish","type":"page","link":"https:\/\/international-marriage.info\/pt-pt\/thanks\/","title":{"rendered":"Obrigado pelo seu pedido de pedido de visto de c\u00f4njuge"},"content":{"rendered":"<p>Muito obrigado pela sua candidatura.<\/p>\n<p>Por favor aguarde um pouco, pois enviar-lhe-emos um e-mail com as informa\u00e7\u00f5es.<\/p>\n<p>Al\u00e9m disso, se n\u00e3o receber uma carta de resposta mesmo que passe dois dias a partir da candidatura, excepto aos s\u00e1bados, domingos e feriados nacionais, pode estar na pasta de correio n\u00e3o solicitado ou problemas de comunica\u00e7\u00e3o, erro de introdu\u00e7\u00e3o do endere\u00e7o postal, etc. Nesse caso, lamentamos muito incomod\u00e1-lo, mas depois de confirmar, por favor contacte-nos por outro meio, tal como telefone Por favor contacte-nos por outro meio como o telefone.<\/p>\n<p>Muito obrigado pela vossa coopera\u00e7\u00e3o.<\/p>\n","protected":false},"excerpt":{"rendered":"<p>Muito obrigado pela sua candidatura. Por favor aguarde um pouco, pois enviar-lhe-emos um e-mail com as informa\u00e7\u00f5es. Al\u00e9m disso, se n\u00e3o receber uma carta de resposta mesmo que passe dois dias a partir da candidatura, excepto aos s\u00e1bados, domingos e feriados nacionais, pode estar na pasta de correio n\u00e3o solicitado ou problemas de comunica\u00e7\u00e3o, erro de introdu\u00e7\u00e3o do endere\u00e7o postal, etc. Nesse caso, lamentamos muito incomod\u00e1-lo, mas depois de confirmar, por favor contacte-nos por outro meio, tal como telefone Por favor contacte-nos por outro meio como o telefone. Muito obrigado pela vossa coopera\u00e7\u00e3o.<\/p>\n","protected":false},"author":2,"featured_media":0,"parent":0,"menu_order":0,"comment_status":"closed","ping_status":"closed","template":"","meta":{"footnotes":""},"tags":[],"class_list":["post-4772","page","type-page","status-publish"],"aioseo_notices":[],"_links":{"self":[{"href":"https:\/\/international-marriage.info\/pt-pt\/wp-json\/wp\/v2\/pages\/4772","targetHints":{"allow":["GET"]}}],"collection":[{"href":"https:\/\/international-marriage.info\/pt-pt\/wp-json\/wp\/v2\/pages"}],"about":[{"href":"https:\/\/international-marriage.info\/pt-pt\/wp-json\/wp\/v2\/types\/page"}],"author":[{"embeddable":true,"href":"https:\/\/international-marriage.info\/pt-pt\/wp-json\/wp\/v2\/users\/2"}],"replies":[{"embeddable":true,"href":"https:\/\/international-marriage.info\/pt-pt\/wp-json\/wp\/v2\/comments?post=4772"}],"version-history":[{"count":0,"href":"https:\/\/international-marriage.info\/pt-pt\/wp-json\/wp\/v2\/pages\/4772\/revisions"}],"wp:attachment":[{"href":"https:\/\/international-marriage.info\/pt-pt\/wp-json\/wp\/v2\/media?parent=4772"}],"wp:term":[{"taxonomy":"post_tag","embeddable":true,"href":"https:\/\/international-marriage.info\/pt-pt\/wp-json\/wp\/v2\/tags?post=4772"}],"curies":[{"name":"wp","href":"https:\/\/api.w.org\/{rel}","templated":true}]}}