{"id":1338,"date":"2020-11-24T16:03:35","date_gmt":"2020-11-24T07:03:35","guid":{"rendered":"https:\/\/international-marriage.info\/?page_id=1338"},"modified":"2020-11-24T16:09:28","modified_gmt":"2020-11-24T07:09:28","slug":"cum-sa-obtineti-o-viza-de-sot-pentru-casatorie-internationala-si-sa-traiti-in-japonia","status":"publish","type":"page","link":"https:\/\/international-marriage.info\/ro\/","title":{"rendered":"Cum s\u0103 ob\u021bine\u021bi o viz\u0103 de so\u021b pentru c\u0103s\u0103torie interna\u021bional\u0103 \u0219i s\u0103 tr\u0103i\u021bi \u00een Japonia"},"content":{"rendered":"<p><span style=\"text-decoration: underline; color: #ff0000;\"><strong>Dac\u0103 sunte\u021bi c\u0103s\u0103torit interna\u021bional \u0219i \u00eenregistra\u021bi, pute\u021bi tr\u0103i \u00eempreun\u0103 \u00een Japonia, desigur! Te g\u00e2nde\u0219ti la asta?<\/strong><\/span><\/p>\n<p>De fapt, pentru a tr\u0103i \u00eempreun\u0103 \u00een Japonia, trebuie s\u0103 ob\u021bine\u021bi o viz\u0103 de so\u021b (formal \u201eso\u021bul unui cet\u0103\u021bean japonez\u201d sau \u201eso\u021bul unui rezident permanent\u201d) pe l\u00e2ng\u0103 c\u0103s\u0103torie \u0219i \u00eenregistrarea ca cuplu interna\u021bional. (* cu excep\u021bia cazului \u00een care so\u021bul str\u0103in se afl\u0103 deja \u00een Japonia cu o alt\u0103 viz\u0103).<\/p>\n<p>Dac\u0103 este o c\u0103s\u0103torie japonez\u0103, pute\u021bi tr\u0103i \u00eempreun\u0103 imediat ce exist\u0103 consim\u021b\u0103m\u00e2nt reciproc. Cu toate acestea, dac\u0103 cealalt\u0103 parte este str\u0103in\u0103, procesul consum\u0103 foarte mult timp \u0219i consum\u0103 mult timp. \u00cencep\u00e2nd cu colectarea de documente, preg\u0103tirea \u0219i aplicarea atent\u0103 \u0219i deliberat\u0103 a documentelor de cerere, apoi perioada de examinare, abia atunci ve\u021bi fi eligibil s\u0103 intra\u021bi \u00een Japonia.<\/p>\n<p>Datorit\u0103 num\u0103rului mare de c\u0103s\u0103torii simulate \u00een aceste zile, Biroul pentru imigr\u0103ri este foarte strict \u00een examinarea cererilor \u0219i nu este neobi\u0219nuit ca o cerere s\u0103 fie respins\u0103 chiar dac\u0103 este o c\u0103s\u0103torie adev\u0103rat\u0103 dac\u0103 cererea este f\u0103cut\u0103 \u00eentr-un mod u\u0219or. .<\/p>\n<p>\u00cen aceste zile, auzim o mul\u021bime de opinii de genul acesta: \u201eNu este o fars\u0103, este o adev\u0103rat\u0103 c\u0103s\u0103torie. De ce nu pot ob\u021bine un permis? Nu este acest sistem nebun? &#8221;<\/p>\n<p>De fapt, exist\u0103 mai mult de c\u00e2teva cazuri care, \u00een mod clar, nu sunt deghizate \u0219i cred c\u0103 ar trebui s\u0103 existe unele limite la discre\u021bia examinatorilor. Cu toate acestea, va fi nevoie de timp pentru ca sistemul s\u0103 fie revizuit \u0219i nu \u0219tim c\u00e2nd va fi acest lucru. Prin urmare, primul lucru de f\u0103cut este s\u0103 v\u0103 g\u00e2ndi\u021bi cum s\u0103 solicita\u021bi o cerere care poate trece cu u\u0219urin\u021b\u0103 examenul Biroului pentru imigrare, astfel \u00eenc\u00e2t so\u021bul dvs. str\u0103in s\u0103 poat\u0103 veni \u00een Japonia c\u00e2t mai cur\u00e2nd posibil.<\/p>\n<p><span style=\"text-decoration: underline;\"><strong><span style=\"color: #ff0000; text-decoration: underline;\">Odat\u0103 ce cererea este respins\u0103, obstacolul este ridicat, deoarece data viitoare c\u00e2nd aplica\u021bi pentru viz\u0103, vi se va cere s\u0103 completa\u021bi un formular de cerere pe baza cererii pe care a\u021bi f\u0103cut-o anterior.<\/span><\/strong><\/span><\/p>\n<p><span style=\"text-decoration: underline;\"><strong>Biroul nostru asist\u0103 oamenii din Chiba, Tokyo, Saitama, Ibaraki, Tochigi, Gunma, Nagano, Niigata, Yamanashi \u0219i tot Kyushu \u00een procedurile de ob\u021binere a vizei so\u021bului pentru c\u0103s\u0103toriile interna\u021bionale.<\/strong><\/span><\/p>\n<p>V\u0103 rug\u0103m s\u0103 nu ezita\u021bi s\u0103 ne contacta\u021bi dac\u0103 ave\u021bi \u00eentreb\u0103ri cu privire la viza dvs. de c\u0103s\u0103torie interna\u021bional\u0103. <span style=\"text-decoration: underline; color: #0000ff;\"><strong>Consult\u0103rile ini\u021biale sunt disponibile \u00een orice moment.<\/strong><\/span><\/p>\n<h2>Pa\u0219i pentru a putea locui cu so\u021bul \/ so\u021bia dvs. \u00een Japonia<\/h2>\n<p>Pentru a v\u0103 c\u0103s\u0103tori cu un str\u0103in \u0219i a tr\u0103i \u00eempreun\u0103 \u00een Japonia, trebuie s\u0103 face\u021bi urm\u0103torii cinci pa\u0219i de baz\u0103.<\/p>\n<p>\u00cen func\u021bie de na\u021bionalitatea partenerului dvs., procesul poate lua aproximativ patru pa\u0219i. Dac\u0103 so\u021bul str\u0103in se afl\u0103 deja \u00een Japonia cu o viz\u0103 diferit\u0103, de exemplu, pentru a studia sau lucra, procesul poate lua doar trei pa\u0219i. \u00cen orice caz, este \u00eenc\u0103 dificil pentru cet\u0103\u021benii japonezi s\u0103 finalizeze procesul de \u00eenscriere, consider\u00e2nd c\u0103 este nevoie doar de un pas pentru a se raporta la biroul guvernului local.<\/p>\n<h3>Un exemplu despre cum s\u0103 aduci un so\u021b str\u0103in care locuie\u0219te \u00een str\u0103in\u0103tate \u00een Japonia<\/h3>\n<h4>1. notificarea c\u0103s\u0103toriei c\u0103tre autorit\u0103\u021bile japoneze<\/h4>\n<p>Acest lucru se face la biroul municipal al re\u0219edin\u021bei sau domiciliului resortisan\u021bilor japonezi.<\/p>\n<p>Dac\u0103 sunte\u021bi c\u0103s\u0103torit peste hotare, pute\u021bi solicita, de asemenea, o notificare de c\u0103s\u0103torie la o misiune diplomatic\u0103 japonez\u0103 (ambasada sau consulatul japonez \u00eentr-o \u021bar\u0103 str\u0103in\u0103).<\/p>\n<h4>2. Notificare de c\u0103s\u0103torie \u00een \u021bara partenerului dvs.<\/h4>\n<p>\u00cen func\u021bie de \u021bar\u0103, trebuie s\u0103 face\u021bi mai mult dec\u00e2t s\u0103 v\u0103 \u00eenregistra\u021bi c\u0103s\u0103toria; trebuie s\u0103 face\u021bi un examen medical etc., deci este important s\u0103 verifica\u021bi procedura cu mult timp \u00een avans.<\/p>\n<p>Chiar \u0219i \u00een aceea\u0219i \u021bar\u0103, procedurile pot fi complet diferite \u00een func\u021bie de regiune, deci este important s\u0103 fie con\u0219tien\u021bi \u0219i de acest lucru.<\/p>\n<p>Dac\u0103 so\u021bul dvs. str\u0103in locuie\u0219te deja \u00een Japonia, este posibil s\u0103 depune\u021bi cerere la ambasada sau consulatul celeilalte p\u0103r\u021bi din Japonia (cu unele excep\u021bii).<\/p>\n<p>\u00cen func\u021bie de \u021bar\u0103, este posibil s\u0103 trebuiasc\u0103 s\u0103 inversa\u021bi ordinea pa\u0219ilor 1 \u0219i 2 sau poate fi posibil s\u0103 merge\u021bi \u00een ambele sensuri.<\/p>\n<h4>3. Procedura de aplicare la Biroul de imigrare<\/h4>\n<p>Procesul de aplicare difer\u0103 \u00een func\u021bie de faptul dac\u0103 so\u021bul str\u0103in se afl\u0103 \u00een Japonia sau \u00een str\u0103in\u0103tate.<\/p>\n<p>Dac\u0103 locui\u021bi deja \u00een Japonia, ar trebui s\u0103 ave\u021bi un fel de statut de re\u0219edin\u021b\u0103, astfel \u00eenc\u00e2t s\u0103 pute\u021bi solicita schimbarea statutului la \u201eSo\u021bul unui resortisant japonez\u201d sau \u201eSo\u021bul unui rezident permanent\u201d.<\/p>\n<p>Dac\u0103 locui\u021bi \u00een str\u0103in\u0103tate, pute\u021bi solicita un certificat de eligibilitate pentru a ob\u021bine o viz\u0103.<\/p>\n<h4>4. Procedura de eliberare a vizei la ambasada sau consulatul japonez \u00een \u021bara so\u021bului str\u0103in<\/h4>\n<p>Dup\u0103 ce autorit\u0103\u021bile de imigrare au eliberat cu succes o viz\u0103 pentru so\u021b (certificat de eligibilitate), trimite\u021bi-o so\u021bului dvs. str\u0103in \u0219i apoi merge\u021bi la ambasada japonez\u0103 (consulatul) din \u021bara so\u021bului pentru a elibera viza.<\/p>\n<h4>5. Inspec\u021bia imigra\u021biei la aeroportul japonez<\/h4>\n<p>Termenul \u201eimigra\u021bie\u201d poate p\u0103rea descurajant, dar rareori este o problem\u0103 aici. Cu toate acestea, dac\u0103 amprentele dvs. arat\u0103 c\u0103 a\u021bi fost \u00een \u021bar\u0103 ilegal \u00een trecut sau dac\u0103 aduce\u021bi cu voi ceva pe care nu ave\u021bi voie s\u0103 \u00eel aduce\u021bi \u00een Japonia, nu ve\u021bi avea nicio problem\u0103.<\/p>\n<hr \/>\n<p><span style=\"text-decoration: underline;\"><strong>Cea mai dificil\u0103 parte a procedurii de mai sus este \u201eaplicarea la biroul de imigrare\u201d. Dac\u0103 pute\u021bi elimina aceast\u0103 procedur\u0103, ve\u021bi putea intra \u00een Japonia.<\/strong><\/span><\/p>\n<p>Este un drum lung, dar este posibil s\u0103 scurta\u021bi timpul necesar pentru a intra \u00een Japonia folosind un specialist pentru a preveni documente incomplete \u0219i gre\u0219eli. Cu toate acestea, va trebui totu\u0219i s\u0103 treci printr-o perioad\u0103 de a\u0219teptare temporar\u0103 \u00een care nu le vei putea \u00eent\u00e2lni. Este important s\u0103 ai speran\u021b\u0103 \u0219i s\u0103 a\u0219tep\u021bi cu r\u0103bdare.<\/p>\n<p>Exist\u0103, de asemenea, proceduri care v\u0103 vor permite s\u0103 v\u0103 c\u0103s\u0103tori\u021bi la nivel interna\u021bional \u0219i s\u0103 locui\u021bi \u00een Japonia \u00een mod legal, chiar dac\u0103 v\u0103 afla\u021bi \u00eentr-un statut ilegal, cum ar fi intrarea ilegal\u0103 sau supravie\u021buirea. V\u0103 rug\u0103m s\u0103 nu renun\u021ba\u021bi \u0219i nu ezita\u021bi s\u0103 ne contacta\u021bi pentru informa\u021bii suplimentare, dac\u0103 acest lucru este valabil pentru dvs.<\/p>\n","protected":false},"excerpt":{"rendered":"<p>Dac\u0103 sunte\u021bi c\u0103s\u0103torit interna\u021bional \u0219i \u00eenregistra\u021bi, pute\u021bi tr\u0103i \u00eempreun\u0103 \u00een Japonia, desigur! Te g\u00e2nde\u0219ti la asta? De fapt, pentru a tr\u0103i \u00eempreun\u0103 \u00een Japonia, trebuie s\u0103 ob\u021bine\u021bi o viz\u0103 de so\u021b (formal \u201eso\u021bul unui cet\u0103\u021bean japonez\u201d sau \u201eso\u021bul unui rezident permanent\u201d) pe l\u00e2ng\u0103 c\u0103s\u0103torie \u0219i \u00eenregistrarea ca cuplu interna\u021bional. (* cu excep\u021bia cazului \u00een care so\u021bul str\u0103in se afl\u0103 deja \u00een Japonia cu o alt\u0103 viz\u0103). Dac\u0103 este o c\u0103s\u0103torie japonez\u0103, pute\u021bi tr\u0103i \u00eempreun\u0103 imediat ce exist\u0103 consim\u021b\u0103m\u00e2nt reciproc. Cu toate acestea, dac\u0103 cealalt\u0103 parte este str\u0103in\u0103, procesul consum\u0103 foarte mult timp \u0219i consum\u0103 mult timp. \u00cencep\u00e2nd cu colectarea de documente, preg\u0103tirea \u0219i aplicarea atent\u0103 \u0219i deliberat\u0103 a documentelor de [&hellip;]<\/p>\n","protected":false},"author":2,"featured_media":0,"parent":0,"menu_order":0,"comment_status":"closed","ping_status":"closed","template":"","meta":{"footnotes":""},"tags":[],"class_list":["post-1338","page","type-page","status-publish"],"aioseo_notices":[],"_links":{"self":[{"href":"https:\/\/international-marriage.info\/ro\/wp-json\/wp\/v2\/pages\/1338","targetHints":{"allow":["GET"]}}],"collection":[{"href":"https:\/\/international-marriage.info\/ro\/wp-json\/wp\/v2\/pages"}],"about":[{"href":"https:\/\/international-marriage.info\/ro\/wp-json\/wp\/v2\/types\/page"}],"author":[{"embeddable":true,"href":"https:\/\/international-marriage.info\/ro\/wp-json\/wp\/v2\/users\/2"}],"replies":[{"embeddable":true,"href":"https:\/\/international-marriage.info\/ro\/wp-json\/wp\/v2\/comments?post=1338"}],"version-history":[{"count":0,"href":"https:\/\/international-marriage.info\/ro\/wp-json\/wp\/v2\/pages\/1338\/revisions"}],"wp:attachment":[{"href":"https:\/\/international-marriage.info\/ro\/wp-json\/wp\/v2\/media?parent=1338"}],"wp:term":[{"taxonomy":"post_tag","embeddable":true,"href":"https:\/\/international-marriage.info\/ro\/wp-json\/wp\/v2\/tags?post=1338"}],"curies":[{"name":"wp","href":"https:\/\/api.w.org\/{rel}","templated":true}]}}