{"id":1445,"date":"2020-12-07T13:36:35","date_gmt":"2020-12-07T04:36:35","guid":{"rendered":"https:\/\/international-marriage.info\/?page_id=1445"},"modified":"2020-12-07T13:36:35","modified_gmt":"2020-12-07T04:36:35","slug":"voice","status":"publish","type":"page","link":"https:\/\/international-marriage.info\/ro\/voice\/","title":{"rendered":"Vocea clientului"},"content":{"rendered":"<p>Suntem foarte recunosc\u0103tori pentru feedback-ul clien\u021bilor no\u0219tri \u0219i \u00eel vom posta imediat ce \u00eel vom primi. Vom posta m\u0103rturii imediat ce le vom primi.<\/p>\n<h4>MK din Chofu City, Tokyo<\/h4>\n<p>V\u0103 mul\u021bumesc foarte mult pentru ajutorul acordat \u00een aceast\u0103 chestiune. Prima dat\u0103 am cerut unui alt administrator administrativ s\u0103 m\u0103 ajute cu cererea mea, dar nu am reu\u0219it s\u0103 iau leg\u0103tura cu el \u0219i am fost at\u00e2t de dezam\u0103git c\u00e2nd am primit un telefon multe luni mai t\u00e2rziu, spun\u00e2nd c\u0103 nu mi s-a acordat cererea c\u0103 merg a renunta. De data aceasta am comparat diverse site-uri web \u0219i explica\u021bia de pe site a fost foarte clar\u0103 \u0219i pre\u021bul a fost clar, a\u0219a c\u0103 am decis s\u0103 m\u0103 consult cu ele. Drept urmare, am reu\u0219it \u00een sf\u00e2r\u0219it s\u0103 primesc statutul de reziden\u021biat mai devreme dec\u00e2t m\u0103 a\u0219teptasem, ceea ce a fost o u\u0219urare uria\u0219\u0103 dup\u0103 luni de a\u0219teptare. Sunt at\u00e2t de bucuroas\u0103 c\u0103 i-am l\u0103sat-o doctorului Nomura. Multumesc foarte mult pentru ajutorul tau.<\/p>\n<h4>S din ora\u0219ul Nagaoka, prefectura Niigata<\/h4>\n<p>Mul\u021bumesc foarte mult pentru ajutorul acordat zilele trecute, am ajuns \u00een Japonia \u00een mai \u0219i locuiesc acum cu so\u021bia mea. Iat\u0103 un cadou de la so\u021bia mea. V\u0103 rug\u0103m s\u0103 \u00eel \u00eemp\u0103rt\u0103\u0219i\u021bi cu toat\u0103 lumea. V\u0103 mul\u021bumesc foarte mult pentru serviciu.<\/p>\n<h4>KT din ora\u0219ul Yokohama, prefectura Kanagawa<\/h4>\n<p>Am primit certificatul meu de acreditare, de\u0219i mi-a luat ceva timp s\u0103 iau leg\u0103tura cu tine. A trebuit s\u0103-i sun din China pentru a pune multe \u00eentreb\u0103ri despre detaliile c\u0103s\u0103toriei noastre \u0219i le mul\u021bumesc pentru amabilitatea \u0219i ajutorul lor. Multumesc foarte mult pentru ajutorul tau.<\/p>\n<h4>T din Kimitsu City, Chiba<\/h4>\n<p>V\u0103 mul\u021bumim c\u0103 ne-a\u021bi ajutat cu procesul de viz\u0103 pentru so\u021bul meu, care este chinez. Ne-a fost foarte greu s\u0103 facem asta noi \u00een\u0219ine, a\u0219a c\u0103 am cerut ajutor, dar au r\u0103spuns foarte repede \u0219i ne-au fost de mare ajutor.<\/p>\n<h4>SU din Mito City, Ibaraki<\/h4>\n<p>So\u021bia mea a reu\u0219it s\u0103 vin\u0103 \u00een Japonia \u00een siguran\u021b\u0103 \u0219i aproape c\u0103 am cedat c\u00e2nd am e\u0219uat o dat\u0103, dar v\u0103 mul\u021bumesc pentru ajutor. Acum mi-a\u0219 dori s\u0103 le fi cerut s\u0103 m\u0103 ajute din start. Dorim s\u0103 v\u0103 mul\u021bumim din nou pentru ajutor \u0219i sprijin.<\/p>\n<h4>TM din ora\u0219ul Takasaki, Gunma<\/h4>\n<p>Buna! Am fost \u00een China luna trecut\u0103. \u00cemi pare r\u0103u pentru \u00eent\u00e2rzierea la contactarea dvs., dar am primit certificatul meu. Mul\u021bumesc foarte mult. Privind \u00een urm\u0103, c\u00e2nd am decis s\u0103 m\u0103 c\u0103s\u0103toresc cu prietena mea chinez\u0103 pe care am cunoscut-o pe internet anul trecut, erau multe lucruri pe care nu le \u00een\u021belegeam \u0219i eram pierdut. C\u00e2nd i-am cerut sfatul prietenului meu, biroul lui mi-a spus despre asta. \u0218i acum am fost aprobat cu succes \u0219i m\u0103 bucur c\u0103 l-am consultat! De luna viitoare, eu \u0219i so\u021bia mea vom tr\u0103i ferici\u021bi pentru totdeauna! Mul\u021bumesc! V\u0103 mul\u021bumim din nou pentru actualiz\u0103ri!<\/p>\n<h4>M, Ora\u0219ul Kasukabe, Prefectura Saitama<\/h4>\n<p>La \u00eenceput am \u00eencercat s\u0103 o fac singur, dar mi s-a p\u0103rut mai greu dec\u00e2t credeam c\u0103 va fi \u0219i m\u0103 bucur c\u0103 am cerut medicului s\u0103 m\u0103 ajute. A fost foarte util ca el s\u0103 poat\u0103 participa la interviu. Multumesc foarte mult pentru ajutorul tau.<\/p>\n<h4>Dna Sakamoto, ora\u0219ul Matsudo, prefectura Chiba<\/h4>\n<p>Partenerul meu era \u00eens\u0103rcinat \u0219i nu am avut niciun moment de pierdut \u00eenainte de a na\u0219te \u00een Japonia, dar datorit\u0103 modului \u00een care a\u021bi tratat situa\u021bia uimitor de rapid\u0103 \u0219i precis\u0103, am reu\u0219it s\u0103 ob\u021binem permisiunea \u0219i s\u0103 avem copilul \u00een Japonia. Mul\u021bumesc foarte mult pentru ajutor.<\/p>\n<h4>Dna Suzuki, ora\u0219ul Misato, prefectura Saitama<\/h4>\n<p>Instruc\u021biunile detaliate cu privire la orice, de la modul de a ne c\u0103s\u0103tori p\u00e2n\u0103 la modul de aranjare a biletelor \u0219i modul de zbor, au fost lini\u0219titoare \u0219i lini\u0219titoare p\u00e2n\u0103 ne-am ob\u021binut vizele. \u00cemi pare r\u0103u c\u0103 am pus at\u00e2tea \u00eentreb\u0103ri despre alte lucruri dec\u00e2t vizele, dar mi-au fost de mare ajutor. Multumesc foarte mult pentru ajutorul tau.<\/p>\n<h4>Dna Ando, \u200b\u200bora\u0219ul Chiba, prefectura Chiba<\/h4>\n<p>C\u00e2nd am stat peste noapte, am fost mereu ner\u0103bd\u0103tor s\u0103 fiu cu el, dar acum, c\u00e2nd mi-a dat permisiunea, sunt fericit c\u0103 pot s\u0103-mi tr\u0103iesc via\u021ba \u00een pace \u0219i demnitate \u00een acest fel, lucru normal pentru oamenii normali. Mul\u021bumesc foarte mult.<\/p>\n","protected":false},"excerpt":{"rendered":"<p>Suntem foarte recunosc\u0103tori pentru feedback-ul clien\u021bilor no\u0219tri \u0219i \u00eel vom posta imediat ce \u00eel vom primi. Vom posta m\u0103rturii imediat ce le vom primi. MK din Chofu City, Tokyo V\u0103 mul\u021bumesc foarte mult pentru ajutorul acordat \u00een aceast\u0103 chestiune. Prima dat\u0103 am cerut unui alt administrator administrativ s\u0103 m\u0103 ajute cu cererea mea, dar nu am reu\u0219it s\u0103 iau leg\u0103tura cu el \u0219i am fost at\u00e2t de dezam\u0103git c\u00e2nd am primit un telefon multe luni mai t\u00e2rziu, spun\u00e2nd c\u0103 nu mi s-a acordat cererea c\u0103 merg a renunta. De data aceasta am comparat diverse site-uri web \u0219i explica\u021bia de pe site a fost foarte clar\u0103 \u0219i pre\u021bul a fost clar, [&hellip;]<\/p>\n","protected":false},"author":2,"featured_media":0,"parent":0,"menu_order":0,"comment_status":"open","ping_status":"open","template":"","meta":{"footnotes":""},"tags":[],"class_list":["post-1445","page","type-page","status-publish"],"aioseo_notices":[],"_links":{"self":[{"href":"https:\/\/international-marriage.info\/ro\/wp-json\/wp\/v2\/pages\/1445","targetHints":{"allow":["GET"]}}],"collection":[{"href":"https:\/\/international-marriage.info\/ro\/wp-json\/wp\/v2\/pages"}],"about":[{"href":"https:\/\/international-marriage.info\/ro\/wp-json\/wp\/v2\/types\/page"}],"author":[{"embeddable":true,"href":"https:\/\/international-marriage.info\/ro\/wp-json\/wp\/v2\/users\/2"}],"replies":[{"embeddable":true,"href":"https:\/\/international-marriage.info\/ro\/wp-json\/wp\/v2\/comments?post=1445"}],"version-history":[{"count":0,"href":"https:\/\/international-marriage.info\/ro\/wp-json\/wp\/v2\/pages\/1445\/revisions"}],"wp:attachment":[{"href":"https:\/\/international-marriage.info\/ro\/wp-json\/wp\/v2\/media?parent=1445"}],"wp:term":[{"taxonomy":"post_tag","embeddable":true,"href":"https:\/\/international-marriage.info\/ro\/wp-json\/wp\/v2\/tags?post=1445"}],"curies":[{"name":"wp","href":"https:\/\/api.w.org\/{rel}","templated":true}]}}