{"id":1479,"date":"2020-12-07T16:17:24","date_gmt":"2020-12-07T07:17:24","guid":{"rendered":"https:\/\/international-marriage.info\/?page_id=1479"},"modified":"2020-12-07T16:17:24","modified_gmt":"2020-12-07T07:17:24","slug":"map","status":"publish","type":"page","link":"https:\/\/international-marriage.info\/ro\/map\/","title":{"rendered":"Harta de acces"},"content":{"rendered":"<p>Biroul nostru este situat \u00een fa\u021ba ie\u0219irii de vest a sta\u021biei Kashiwa, deci este convenabil s\u0103 veni\u021bi cu mijloacele de transport \u00een comun.<br \/>\nCl\u0103direa din fa\u021ba ie\u0219irii de vest a sta\u021biei Kashiwa de pe linia JR Joban sau linia Tobu Noda este cl\u0103direa din fa\u021ba noastr\u0103.<br \/>\nLa sf\u00e2r\u0219itul ie\u0219irii din vest, cobor\u00e2\u021bi sc\u0103rile spre dreapta, intrarea \u00een cl\u0103dire se afl\u0103 la cap\u0103tul sc\u0103rilor.<\/p>\n<p>Biroul nu are parcare, dar exist\u0103 mai multe parc\u0103ri cu monede \u00een apropiere.<br \/>\n<a href=\"https:\/\/www.google.com\/maps\/d\/viewer?ie=UTF8&amp;hl=ja&amp;msa=0&amp;ll=35.8627%2C139.97094899999996&amp;spn=0.003043%2C0.00456&amp;z=17&amp;source=embed&amp;mid=19nfcQwZIDI1bwEKDVAWDL9opOX0\">Vizualiza\u021bi pe o hart\u0103 mai mare<\/a><\/p>\n","protected":false},"excerpt":{"rendered":"<p>Biroul nostru este situat \u00een fa\u021ba ie\u0219irii de vest a sta\u021biei Kashiwa, deci este convenabil s\u0103 veni\u021bi cu mijloacele de transport \u00een comun. Cl\u0103direa din fa\u021ba ie\u0219irii de vest a sta\u021biei Kashiwa de pe linia JR Joban sau linia Tobu Noda este cl\u0103direa din fa\u021ba noastr\u0103. La sf\u00e2r\u0219itul ie\u0219irii din vest, cobor\u00e2\u021bi sc\u0103rile spre dreapta, intrarea \u00een cl\u0103dire se afl\u0103 la cap\u0103tul sc\u0103rilor. Biroul nu are parcare, dar exist\u0103 mai multe parc\u0103ri cu monede \u00een apropiere. Vizualiza\u021bi pe o hart\u0103 mai mare<\/p>\n","protected":false},"author":2,"featured_media":0,"parent":0,"menu_order":0,"comment_status":"open","ping_status":"open","template":"","meta":{"footnotes":""},"tags":[],"class_list":["post-1479","page","type-page","status-publish"],"aioseo_notices":[],"_links":{"self":[{"href":"https:\/\/international-marriage.info\/ro\/wp-json\/wp\/v2\/pages\/1479","targetHints":{"allow":["GET"]}}],"collection":[{"href":"https:\/\/international-marriage.info\/ro\/wp-json\/wp\/v2\/pages"}],"about":[{"href":"https:\/\/international-marriage.info\/ro\/wp-json\/wp\/v2\/types\/page"}],"author":[{"embeddable":true,"href":"https:\/\/international-marriage.info\/ro\/wp-json\/wp\/v2\/users\/2"}],"replies":[{"embeddable":true,"href":"https:\/\/international-marriage.info\/ro\/wp-json\/wp\/v2\/comments?post=1479"}],"version-history":[{"count":0,"href":"https:\/\/international-marriage.info\/ro\/wp-json\/wp\/v2\/pages\/1479\/revisions"}],"wp:attachment":[{"href":"https:\/\/international-marriage.info\/ro\/wp-json\/wp\/v2\/media?parent=1479"}],"wp:term":[{"taxonomy":"post_tag","embeddable":true,"href":"https:\/\/international-marriage.info\/ro\/wp-json\/wp\/v2\/tags?post=1479"}],"curies":[{"name":"wp","href":"https:\/\/api.w.org\/{rel}","templated":true}]}}