{"id":1533,"date":"2020-12-09T17:02:14","date_gmt":"2020-12-09T08:02:14","guid":{"rendered":"https:\/\/international-marriage.info\/?page_id=1533"},"modified":"2020-12-09T17:02:15","modified_gmt":"2020-12-09T08:02:15","slug":"american","status":"publish","type":"page","link":"https:\/\/international-marriage.info\/ro\/american\/","title":{"rendered":"Procesul de a se c\u0103s\u0103tori cu un american"},"content":{"rendered":"\n<p>Cel mai simplu mod de a te c\u0103s\u0103tori cu un american este de a-\u021bi face so\u021bul american s\u0103 vin\u0103 \u00een Japonia \u0219i s\u0103-\u021bi \u00eenregistreze c\u0103s\u0103toria la o prim\u0103rie japonez\u0103. \u00cen acest caz, nu este necesar s\u0103 \u00eenregistrezi c\u0103s\u0103toria \u00een SUA \u0219i o copie a japonezilor. registrul familiei sau Certificatul de acceptare a c\u0103s\u0103toriei va fi suficient ca certificat de c\u0103s\u0103torie pentru a fi prezentat autorit\u0103\u021bilor de imigrare.<\/p>\n\n\n\n<p>Pe de alt\u0103 parte, dac\u0103 so\u021bul japonez pleac\u0103 \u00een SUA pentru a se c\u0103s\u0103tori \u00een SUA, va trebui s\u0103 ob\u021bine\u021bi o viz\u0103 de logodnic\u0103 \u0219i s\u0103 v\u0103 prezenta\u021bi la consulatul japonez sau la biroul guvernului dup\u0103 c\u0103s\u0103torie, ceea ce poate consuma mult timp.<\/p>\n\n\n\n<p>Dup\u0103 cum sa men\u021bionat mai sus, metoda recomandat\u0103 este de a efectua procedura de c\u0103s\u0103torie \u00een Japonia, dar circumstan\u021bele fiec\u0103rui individ pot varia, a\u0219a c\u0103 v\u0103 rug\u0103m s\u0103 alege\u021bi metoda care se potrive\u0219te cel mai bine situa\u021biei dvs.<\/p>\n\n\n\n<h2 class=\"wp-block-heading\">Fluxul procedurii pentru c\u0103s\u0103torie \u00een Japonia<\/h2>\n\n\n\n<div class=\"wp-block-group has-pale-cyan-blue-background-color has-background\"><div class=\"wp-block-group__inner-container is-layout-flow wp-block-group-is-layout-flow\">\n<p>Ob\u021bine\u021bi o afidavit\u0103 de competen\u021b\u0103 pentru a v\u0103 c\u0103s\u0103tori de la Ambasada sau Consulatul SUA din Tokyo \u0219i face\u021bi-o notarial\u0103 (ve\u021bi avea nevoie de un pa\u0219aport american \u0219i de o tax\u0103 de notarizare de 50 USD).<\/p>\n\n\n\n<p>Personalul militar trebuie s\u0103 ob\u021bin\u0103 o afidavit\u0103 de competen\u021b\u0103 pentru a se c\u0103s\u0103tori de la ofi\u021berul juridic militar al SUA. Cet\u0103\u021benii americani minori trebuie s\u0103 aib\u0103, de asemenea, un formular separat de consim\u021b\u0103m\u00e2nt notarial de la p\u0103rin\u021bi sau tutore.<\/p>\n<\/div><\/div>\n\n\n\n<p class=\"has-text-align-center has-vivid-cyan-blue-color has-text-color has-medium-font-size\">\u25bc<\/p>\n\n\n\n<div class=\"wp-block-group has-pale-cyan-blue-background-color has-background\"><div class=\"wp-block-group__inner-container is-layout-flow wp-block-group-is-layout-flow\">\n<p>Depune\u021bi o licen\u021b\u0103 de c\u0103s\u0103torie la biroul guvernului local.<\/p>\n\n\n\n<p>Documente necesare<\/p>\n\n\n\n<ul class=\"wp-block-list\"><li>Declara\u021bia de declarare a cerin\u021bei de c\u0103s\u0103torie \u0219i traducerea sa \u00een japonez\u0103<\/li><li>O copie a registrului de familie al unui resortisant japonez (nu este necesar dac\u0103 este depus la acela\u0219i birou ca locul na\u0219terii)<\/li><li>Sigiliul japonez<\/li><li>Certificat de na\u0219tere american (disponibil de la Departamentul de Stat din Washington, D.C.; nu este necesar de unele birouri) \u0219i pa\u0219aport. Unele birouri nu necesit\u0103 acest lucru) \u0219i pa\u0219aportul dvs.<\/li><li>Card de reziden\u021b\u0103 dac\u0103 vi s-a eliberat un card de \u0219edere<\/li><\/ul>\n<\/div><\/div>\n\n\n\n<p class=\"has-text-align-center has-vivid-cyan-blue-color has-text-color has-medium-font-size\">\u25bc<\/p>\n\n\n\n<p class=\"has-pale-cyan-blue-background-color has-background\">A\u021bi ob\u021binut un certificat de acceptare a c\u0103s\u0103toriei sau o copie a registrului familiei dvs. de la biroul unde a\u021bi \u00eenregistrat c\u0103s\u0103toria.<\/p>\n\n\n\n<p class=\"has-text-align-center has-vivid-cyan-blue-color has-text-color has-medium-font-size\">\u25bc<\/p>\n\n\n\n<p class=\"has-pale-cyan-blue-background-color has-background\">Dac\u0103 este necesar un certificat de c\u0103s\u0103torie \u00een S.U.A., face\u021bi ca documentul de mai sus s\u0103 fie tradus \u00een englez\u0103 \u0219i notarizat la ambasada sau consulatul SUA din \u021bara dvs. de origine. Certificatul de c\u0103s\u0103torie legalizat este un substitut valabil pentru o licen\u021b\u0103 de c\u0103s\u0103torie din SUA \u0219i o copie a certificatului.<\/p>\n\n\n\n<h2 class=\"wp-block-heading\">Ce se \u00eent\u00e2mpl\u0103 c\u00e2nd te c\u0103s\u0103tore\u0219ti \u00een SUA?<\/h2>\n\n\n\n<p>SUA nu au un registru de familie precum Japonia. \u00cen SUA, procesul de c\u0103s\u0103torie este urm\u0103torul: mai \u00eent\u00e2i trebuie s\u0103 ob\u021bine\u021bi o licen\u021b\u0103 de c\u0103s\u0103torie, apoi ceremonia de nunt\u0103 \u0219i apoi raportul.<\/p>\n\n\n\n<div class=\"wp-block-group has-pale-cyan-blue-background-color has-background\"><div class=\"wp-block-group__inner-container is-layout-flow wp-block-group-is-layout-flow\">\n<p>Va trebui s\u0103 solicita\u021bi o licen\u021b\u0103 de c\u0103s\u0103torie la autoritatea local\u0103 din zona dvs. de re\u0219edin\u021b\u0103.<\/p>\n\n\n\n<p>Este important s\u0103 consulta\u021bi statul \u00een prealabil, deoarece unele state necesit\u0103 un pa\u0219aport, o copie a registrului familiei, un test de s\u00e2nge \u0219i o perioad\u0103 de a\u0219teptare.<\/p>\n<\/div><\/div>\n\n\n\n<p class=\"has-text-align-center has-vivid-cyan-blue-color has-text-color has-medium-font-size\">\u25bc<\/p>\n\n\n\n<div class=\"wp-block-group has-pale-cyan-blue-background-color has-background\"><div class=\"wp-block-group__inner-container is-layout-flow wp-block-group-is-layout-flow\">\n<p>Desf\u0103\u0219ura\u021bi o ceremonie de nunt\u0103 \u0219i promite\u021bi c\u0103s\u0103toria.<\/p>\n\n\n\n<p>Ve\u021bi avea, de asemenea, o licen\u021b\u0103 de c\u0103s\u0103torie semnat\u0103 de ofi\u021ber. Ve\u021bi fi c\u0103s\u0103torit de un preot bisericesc, un judec\u0103tor de pace sau un ofi\u021ber calificat.<\/p>\n<\/div><\/div>\n\n\n\n<p class=\"has-text-align-center has-vivid-cyan-blue-color has-text-color has-medium-font-size\">\u25bc<\/p>\n\n\n\n<div class=\"wp-block-group has-pale-cyan-blue-background-color has-background\"><div class=\"wp-block-group__inner-container is-layout-flow wp-block-group-is-layout-flow\">\n<p>Trebuie s\u0103 depune\u021bi licen\u021ba de c\u0103s\u0103torie semnat\u0103 autorit\u0103\u021bii de acordare a licen\u021belor \u00een termenul de \u00eenregistrare a c\u0103s\u0103toriei dvs. Vi se va elibera o copie certificat a licen\u021bei dvs. de c\u0103s\u0103torie. Copia certificatului va fi utilizat\u0103 pentru a v\u0103 demonstra c\u0103s\u0103toria.<\/p>\n\n\n\n<p>Fiecare stat are propriile cerin\u021be de sistem \u0219i documentare, deci verifica\u021bi cu statul c\u0103tre care trimite\u021bi certificatul \u00eenainte de a face acest lucru.<\/p>\n<\/div><\/div>\n\n\n\n<p class=\"has-text-align-center has-vivid-cyan-blue-color has-text-color has-medium-font-size\">\u25bc<\/p>\n\n\n\n<div class=\"wp-block-group has-pale-cyan-blue-background-color has-background\"><div class=\"wp-block-group__inner-container is-layout-flow wp-block-group-is-layout-flow\">\n<p>Depune\u021bi certificatul de c\u0103s\u0103torie la consulatul japonez din SUA sau la un birou guvernamental japonez.<br>Acesta trebuie f\u0103cut \u00een termen de trei luni de la data c\u0103s\u0103toriei, a\u0219a cum este indicat pe licen\u021ba dvs. de c\u0103s\u0103torie.<\/p>\n\n\n\n<p>Documente necesare<\/p>\n\n\n\n<ul class=\"wp-block-list\"><li>O copie satificat\u0103 a licen\u021bei de c\u0103s\u0103torie (traducere original\u0103 \u0219i japonez\u0103)<\/li><li>Dovada cet\u0103\u021beniei so\u021bului american (de exemplu, pa\u0219aport etc.) Este necesar\u0103 o traducere \u00een japonez\u0103.<\/li><li>Certificatul de na\u0219tere al so\u021bului american (este necesar\u0103 traducerea \u00een japonez\u0103)<\/li><li>O copie a registrului de familie al unui resortisant japonez (nu este necesar dac\u0103 este depus la biroul guvernului local din \u021bara de origine)<\/li><\/ul>\n<\/div><\/div>\n\n\n\n<div style=\"height:50px\" aria-hidden=\"true\" class=\"wp-block-spacer\"><\/div>\n\n\n\n<p>Dac\u0103 dori\u021bi s\u0103 locui\u021bi \u00eempreun\u0103 \u00een Japonia dup\u0103 finalizarea oric\u0103reia dintre procedurile de mai sus, va trebui s\u0103 solicita\u021bi o viz\u0103 (statutul de re\u0219edin\u021b\u0103) la Biroul de imigrare separat.<\/p>\n","protected":false},"excerpt":{"rendered":"<p>Cel mai simplu mod de a te c\u0103s\u0103tori cu un american este de a-\u021bi face so\u021bul american s\u0103 vin\u0103 \u00een Japonia \u0219i s\u0103-\u021bi \u00eenregistreze c\u0103s\u0103toria la o prim\u0103rie japonez\u0103. \u00cen acest caz, nu este necesar s\u0103 \u00eenregistrezi c\u0103s\u0103toria \u00een SUA \u0219i o copie a japonezilor. registrul familiei sau Certificatul de acceptare a c\u0103s\u0103toriei va fi suficient ca certificat de c\u0103s\u0103torie pentru a fi prezentat autorit\u0103\u021bilor de imigrare. Pe de alt\u0103 parte, dac\u0103 so\u021bul japonez pleac\u0103 \u00een SUA pentru a se c\u0103s\u0103tori \u00een SUA, va trebui s\u0103 ob\u021bine\u021bi o viz\u0103 de logodnic\u0103 \u0219i s\u0103 v\u0103 prezenta\u021bi la consulatul japonez sau la biroul guvernului dup\u0103 c\u0103s\u0103torie, ceea ce poate consuma mult timp. [&hellip;]<\/p>\n","protected":false},"author":2,"featured_media":0,"parent":0,"menu_order":0,"comment_status":"open","ping_status":"open","template":"","meta":{"footnotes":""},"tags":[],"class_list":["post-1533","page","type-page","status-publish"],"aioseo_notices":[],"_links":{"self":[{"href":"https:\/\/international-marriage.info\/ro\/wp-json\/wp\/v2\/pages\/1533","targetHints":{"allow":["GET"]}}],"collection":[{"href":"https:\/\/international-marriage.info\/ro\/wp-json\/wp\/v2\/pages"}],"about":[{"href":"https:\/\/international-marriage.info\/ro\/wp-json\/wp\/v2\/types\/page"}],"author":[{"embeddable":true,"href":"https:\/\/international-marriage.info\/ro\/wp-json\/wp\/v2\/users\/2"}],"replies":[{"embeddable":true,"href":"https:\/\/international-marriage.info\/ro\/wp-json\/wp\/v2\/comments?post=1533"}],"version-history":[{"count":0,"href":"https:\/\/international-marriage.info\/ro\/wp-json\/wp\/v2\/pages\/1533\/revisions"}],"wp:attachment":[{"href":"https:\/\/international-marriage.info\/ro\/wp-json\/wp\/v2\/media?parent=1533"}],"wp:term":[{"taxonomy":"post_tag","embeddable":true,"href":"https:\/\/international-marriage.info\/ro\/wp-json\/wp\/v2\/tags?post=1533"}],"curies":[{"name":"wp","href":"https:\/\/api.w.org\/{rel}","templated":true}]}}