{"id":1616,"date":"2020-12-14T17:18:11","date_gmt":"2020-12-14T08:18:11","guid":{"rendered":"https:\/\/international-marriage.info\/?page_id=1616"},"modified":"2020-12-14T17:20:15","modified_gmt":"2020-12-14T08:20:15","slug":"israel","status":"publish","type":"page","link":"https:\/\/international-marriage.info\/ro\/israel\/","title":{"rendered":"Procedur\u0103 de c\u0103s\u0103torie cu un israelian"},"content":{"rendered":"\n<p>V\u0103 pute\u021bi c\u0103s\u0103tori cu un israelian \u00een oricare dintre urm\u0103toarele moduri, dar dac\u0103 sunte\u021bi un israelian care nu are o adres\u0103 \u00een Japonia, va trebui s\u0103 \u00eendeplini\u021bi mai \u00eent\u00e2i formalit\u0103\u021bile de c\u0103s\u0103torie din partea israelian\u0103.<\/p>\n\n\n\n<h2 class=\"wp-block-heading\">Cum s\u0103 solicita\u021bi c\u0103s\u0103toria din Japonia<\/h2>\n\n\n\n<div class=\"wp-block-group has-pale-cyan-blue-background-color has-background\"><div class=\"wp-block-group__inner-container is-layout-flow wp-block-group-is-layout-flow\">\n<p class=\"has-medium-font-size\">(1) Preg\u0103ti\u021bi \u201eteudat leida (\u00eenregistrare na\u021bional\u0103)\u201d a israelianului.<\/p>\n\n\n\n<p>Preg\u0103ti\u021bi &#8222;teudat leida (\u00eenregistrarea na\u021bional\u0103)&#8221; a cet\u0103\u021beanului israelian. Solicita\u021bi ambasadei israeliene din Japonia sau unui membru al familiei care locuie\u0219te \u00een Israel s\u0103 o primeasc\u0103 pentru dvs.<\/p>\n<\/div><\/div>\n\n\n\n<p class=\"has-text-align-center has-vivid-cyan-blue-color has-text-color has-medium-font-size\">\u25bc<\/p>\n\n\n\n<div class=\"wp-block-group has-pale-cyan-blue-background-color has-background\"><div class=\"wp-block-group__inner-container is-layout-flow wp-block-group-is-layout-flow\">\n<p class=\"has-medium-font-size\">(2) Primi\u021bi o apostil\u0103 la ambasada israelian\u0103 \u00een Japonia pentru documentele men\u021bionate la (1) de mai sus.<\/p>\n\n\n\n<p>Dac\u0103 solicita\u021bi ambasadei Israelului \u00een Japonia s\u0103 comande documentele, va dura aproximativ 3 s\u0103pt\u0103m\u00e2ni pentru a finaliza aceast\u0103 procedur\u0103.<\/p>\n\n\n\n<p>Va dura aproximativ 3 s\u0103pt\u0103m\u00e2ni pentru a finaliza acest proces dac\u0103 comanda\u021bi documentele de la Ambasada Israelului la Tokyo. De asemenea, va trebui s\u0103 ave\u021bi documentele traduse \u0219i certificate de c\u0103tre Ambasada Israelului la Tokyo.<\/p>\n\n\n\n<p>Dac\u0103 a\u021bi fost c\u0103s\u0103torit \u00eenainte, ve\u021bi avea nevoie \u0219i de un certificat de deces dac\u0103 v-a\u021bi pierdut fostul so\u021b sau de un certificat de divor\u021b dac\u0103 v-a\u021bi desp\u0103r\u021bit.<\/p>\n<\/div><\/div>\n\n\n\n<p class=\"has-text-align-center has-vivid-cyan-blue-color has-text-color has-medium-font-size\">\u25bc<\/p>\n\n\n\n<div class=\"wp-block-group has-pale-cyan-blue-background-color has-background\"><div class=\"wp-block-group__inner-container is-layout-flow wp-block-group-is-layout-flow\">\n<p class=\"has-medium-font-size\">(3) Dac\u0103 a\u021bi fost c\u0103s\u0103torit \u00eenainte, ve\u021bi avea nevoie de un certificat de deces dac\u0103 a\u021bi pierdut fostul so\u021b sau de un certificat de divor\u021b dac\u0103 a\u021bi pierdut fostul so\u021b.<\/p>\n\n\n\n<p>(Documente necesare)<\/p>\n\n\n\n<ul class=\"wp-block-list\"><li>Un certificat de capacitate legal\u0103 de a contracta c\u0103s\u0103toria (cu traducere \u00een japonez\u0103)<\/li><li>\u00cen cazul Israelului, este necesar\u0103 o \u201eteudat leid\u0103\u201d cu apostil\u0103.<\/li><li>\u00cen Israel, va trebui s\u0103 depune\u021bi un \u201eteudat leida\u201d cu o apostil\u0103, care este necesar\u0103 \u0219i pentru o cerere de viz\u0103 a so\u021bului \/ so\u021biei.<\/li><li>Certificat de na\u0219tere al cet\u0103\u021beanului israelian (cu traducere \u00een japonez\u0103)<\/li><li>Certificat de na\u021bionalitate al cet\u0103\u021beanului israelian (cu traducere \u00een japonez\u0103)<\/li><li>Dovada identit\u0103\u021bii (carte de \u0219edere, permis de conducere, pa\u0219aport etc.)<\/li><li>O copie a registrului familiei este, de asemenea, necesar\u0103 \u00een cazul \u00een care c\u0103s\u0103toria are loc \u00een afara domiciliului resortisan\u021bilor japonezi.<\/li><\/ul>\n<\/div><\/div>\n\n\n\n<p class=\"has-text-align-center has-vivid-cyan-blue-color has-text-color has-medium-font-size\">\u25bc<\/p>\n\n\n\n<p class=\"has-pale-cyan-blue-background-color has-background\">(4) De asemenea, este necesar\u0103 o copie a registrului dvs. de familie.<\/p>\n\n\n\n<p class=\"has-text-align-center has-vivid-cyan-blue-color has-text-color has-medium-font-size\">\u25bc<\/p>\n\n\n\n<p class=\"has-pale-cyan-blue-background-color has-background\">(5) Trimite\u021bi \u201eCertificatul de acceptare a c\u0103s\u0103toriei\u201d cu apostil\u0103 la Ambasada Israelului \u00een Japonia cu o traducere \u00een englez\u0103 sau ebraic\u0103 \u0219i primi\u021bi un document oficial care s\u0103 ateste c\u0103 c\u0103s\u0103toria a fost acceptat\u0103.<\/p>\n\n\n\n<h2 class=\"wp-block-heading\">Cum s\u0103 te c\u0103s\u0103tore\u0219ti \u00een Israel<\/h2>\n\n\n\n<div class=\"wp-block-group has-pale-cyan-blue-background-color has-background\"><div class=\"wp-block-group__inner-container is-layout-flow wp-block-group-is-layout-flow\">\n<p>(1) Un cet\u0103\u021bean japonez ob\u021bine un certificat de capacitate legal\u0103 de a se c\u0103s\u0103tori \u0219i ob\u021bine o apostil\u0103 de la Ministerul Afacerilor Externe.<\/p>\n\n\n\n<p>Dac\u0103 documentul este tradus \u00een englez\u0103 sau ebraic\u0103, acesta trebuie s\u0103 fie certificat de un notar public.<\/p>\n<\/div><\/div>\n\n\n\n<p class=\"has-text-align-center has-vivid-cyan-blue-color has-text-color has-medium-font-size\">\u25bc<\/p>\n\n\n\n<p class=\"has-pale-cyan-blue-background-color has-background\">(2) O persoan\u0103 japonez\u0103 ob\u021bine un \u201eCertificat de unicitate\u201d etc. la Ambasada Japoniei \u00een Israel.<\/p>\n\n\n\n<p class=\"has-text-align-center has-vivid-cyan-blue-color has-text-color has-medium-font-size\">\u25bc<\/p>\n\n\n\n<p class=\"has-pale-cyan-blue-background-color has-background\">(3) \u201eCertificatul de unicitate\u201d este autentificat de Ministerul Afacerilor Externe din Israel.<\/p>\n\n\n\n<p class=\"has-text-align-center has-vivid-cyan-blue-color has-text-color has-medium-font-size\">\u25bc<\/p>\n\n\n\n<p class=\"has-pale-cyan-blue-background-color has-background\">(4) Cele dou\u0103 p\u0103r\u021bi la c\u0103s\u0103torie merg la biroul municipal cu jurisdic\u021bie asupra adresei israeliene \u0219i ob\u021bin un certificat de c\u0103s\u0103torie.<\/p>\n\n\n\n<p class=\"has-text-align-center has-vivid-cyan-blue-color has-text-color has-medium-font-size\">\u25bc<\/p>\n\n\n\n<p class=\"has-pale-cyan-blue-background-color has-background\">(5) Trimite\u021bi \u201eNotificarea c\u0103s\u0103toriei\u201d Ambasadei Japoniei \u00een Israel sau biroului municipal din Japonia.<\/p>\n\n\n\n<p>V\u0103 rug\u0103m s\u0103 re\u021bine\u021bi c\u0103 documentele necesare pentru procedur\u0103 pot diferi \u00een func\u021bie de regiune sau de organiza\u021bia aplica\u021biei, de aceea este recomandat s\u0103 consulta\u021bi \u00een prealabil organiza\u021bia la care aplica\u021bi.<\/p>\n\n\n\n<div style=\"height:48px\" aria-hidden=\"true\" class=\"wp-block-spacer\"><\/div>\n\n\n\n<p>V\u0103 putem ajuta cu formalit\u0103\u021bile c\u0103s\u0103toriei dvs. interna\u021bionale cu un cet\u0103\u021bean israelian.<br>V\u0103 rug\u0103m nu ezita\u021bi s\u0103 ne contacta\u021bi.<\/p>\n","protected":false},"excerpt":{"rendered":"<p>V\u0103 pute\u021bi c\u0103s\u0103tori cu un israelian \u00een oricare dintre urm\u0103toarele moduri, dar dac\u0103 sunte\u021bi un israelian care nu are o adres\u0103 \u00een Japonia, va trebui s\u0103 \u00eendeplini\u021bi mai \u00eent\u00e2i formalit\u0103\u021bile de c\u0103s\u0103torie din partea israelian\u0103. Cum s\u0103 solicita\u021bi c\u0103s\u0103toria din Japonia (1) Preg\u0103ti\u021bi \u201eteudat leida (\u00eenregistrare na\u021bional\u0103)\u201d a israelianului. Preg\u0103ti\u021bi &#8222;teudat leida (\u00eenregistrarea na\u021bional\u0103)&#8221; a cet\u0103\u021beanului israelian. Solicita\u021bi ambasadei israeliene din Japonia sau unui membru al familiei care locuie\u0219te \u00een Israel s\u0103 o primeasc\u0103 pentru dvs. \u25bc (2) Primi\u021bi o apostil\u0103 la ambasada israelian\u0103 \u00een Japonia pentru documentele men\u021bionate la (1) de mai sus. Dac\u0103 solicita\u021bi ambasadei Israelului \u00een Japonia s\u0103 comande documentele, va dura aproximativ 3 s\u0103pt\u0103m\u00e2ni pentru a [&hellip;]<\/p>\n","protected":false},"author":2,"featured_media":0,"parent":0,"menu_order":0,"comment_status":"closed","ping_status":"closed","template":"","meta":{"footnotes":""},"tags":[],"class_list":["post-1616","page","type-page","status-publish"],"aioseo_notices":[],"_links":{"self":[{"href":"https:\/\/international-marriage.info\/ro\/wp-json\/wp\/v2\/pages\/1616","targetHints":{"allow":["GET"]}}],"collection":[{"href":"https:\/\/international-marriage.info\/ro\/wp-json\/wp\/v2\/pages"}],"about":[{"href":"https:\/\/international-marriage.info\/ro\/wp-json\/wp\/v2\/types\/page"}],"author":[{"embeddable":true,"href":"https:\/\/international-marriage.info\/ro\/wp-json\/wp\/v2\/users\/2"}],"replies":[{"embeddable":true,"href":"https:\/\/international-marriage.info\/ro\/wp-json\/wp\/v2\/comments?post=1616"}],"version-history":[{"count":0,"href":"https:\/\/international-marriage.info\/ro\/wp-json\/wp\/v2\/pages\/1616\/revisions"}],"wp:attachment":[{"href":"https:\/\/international-marriage.info\/ro\/wp-json\/wp\/v2\/media?parent=1616"}],"wp:term":[{"taxonomy":"post_tag","embeddable":true,"href":"https:\/\/international-marriage.info\/ro\/wp-json\/wp\/v2\/tags?post=1616"}],"curies":[{"name":"wp","href":"https:\/\/api.w.org\/{rel}","templated":true}]}}