{"id":1710,"date":"2020-12-14T18:59:46","date_gmt":"2020-12-14T09:59:46","guid":{"rendered":"https:\/\/international-marriage.info\/?page_id=1710"},"modified":"2020-12-14T19:00:12","modified_gmt":"2020-12-14T10:00:12","slug":"iran","status":"publish","type":"page","link":"https:\/\/international-marriage.info\/ro\/iran\/","title":{"rendered":"Procedura pentru c\u0103s\u0103toria cu un iranian"},"content":{"rendered":"\n<p>Nu conteaz\u0103 dac\u0103 te c\u0103s\u0103tore\u0219ti cu un iranian \u00een Japonia sau \u00een Iran.<\/p>\n\n\n\n<p>Cu toate acestea, dac\u0103 partea iranian\u0103 o face mai \u00eent\u00e2i, va dura de obicei \u00eentre 4 luni \u0219i 1 an pentru ca cererea s\u0103 fie procesat\u0103, deci este mai frecvent ca partea japonez\u0103 s\u0103 treac\u0103 mai \u00eent\u00e2i prin procedurile de c\u0103s\u0103torie, deoarece acest lucru va simplifica procesul .<\/p>\n\n\n\n<p>Urm\u0103torul este un ghid pentru procedura pentru c\u0103s\u0103toria cu un iranian.<\/p>\n\n\n\n<h4 class=\"wp-block-heading\">Ob\u021bine\u021bi un \u201eCertificat de eligibilitate pentru c\u0103s\u0103torie\u201d de la Ambasada Iranului \u00een Japonia.<\/h4>\n\n\n\n<div class=\"wp-block-group has-light-green-cyan-background-color has-background\"><div class=\"wp-block-group__inner-container is-layout-flow wp-block-group-is-layout-flow\">\n<p><strong>Documentele necesare pentru ob\u021binerea certificatului<\/strong><\/p>\n\n\n\n<ul class=\"wp-block-list\"><li>O copie a registrului familiei japoneze<\/li><li>Certificat de origine emis de guvernul iranian (Shenasnameh)<\/li><li>Consim\u021b\u0103m\u00e2ntul tat\u0103lui pentru c\u0103s\u0103torie (dac\u0103 iraniana este femeie)<\/li><\/ul>\n<\/div><\/div>\n\n\n\n<h4 class=\"wp-block-heading\">Documente necesare notific\u0103rii<\/h4>\n\n\n\n<div class=\"wp-block-group has-light-green-cyan-background-color has-background\"><div class=\"wp-block-group__inner-container is-layout-flow wp-block-group-is-layout-flow\">\n<p>Documente care trebuie preg\u0103tite de resortisan\u021bii japonezi<\/p>\n\n\n\n<ul class=\"wp-block-list\"><li>\u00cenregistrarea c\u0103s\u0103toriei<\/li><li>Copie a registrului familiei<\/li><\/ul>\n\n\n\n<p>Documente necesare pentru cet\u0103\u021benii iranieni<\/p>\n\n\n\n<ul class=\"wp-block-list\"><li>Un certificat de capacitate legal\u0103 de a se c\u0103s\u0103tori (cu traducere \u00een japonez\u0103)<\/li><li>Pa\u0219aport (pagina foto. (Cu traducere \u00een japonez\u0103)<\/li><li>Shenasnameh (cu traducere \u00een japonez\u0103)<\/li><\/ul>\n<\/div><\/div>\n\n\n\n<h4 class=\"wp-block-heading\">O copie a registrului familiei (koseki touhon) la biroul local local din Japonia.<\/h4>\n\n\n\n<p>Un certificat de acceptare a notific\u0103rii c\u0103s\u0103toriei va fi emis atunci c\u00e2nd notificarea este acceptat\u0103.<br>C\u0103s\u0103toria este considerat\u0103 valabil\u0103 atunci c\u00e2nd este acceptat\u0103.<br>O copie a registrului familiei care reflect\u0103 faptul c\u0103s\u0103toriei poate fi ob\u021binut\u0103 \u00een termen de o s\u0103pt\u0103m\u00e2n\u0103 de la data accept\u0103rii \u00eenregistr\u0103rii c\u0103s\u0103toriei.<\/p>\n\n\n\n<h4 class=\"wp-block-heading\">Pentru a te c\u0103s\u0103tori cu un musulman, trebuie s\u0103 treci printr-o procedur\u0103 de c\u0103s\u0103torie religioas\u0103.<\/h4>\n\n\n\n<p>Pentru a se c\u0103s\u0103tori cu un musulman, japonezii trebuie s\u0103 se converteasc\u0103 \u0219i la islam.<br>Dac\u0103 ave\u021bi de g\u00e2nd s\u0103 v\u0103 c\u0103s\u0103tori\u021bi cu un iranian care este musulman, v\u0103 recomand\u0103m s\u0103 merge\u021bi la Centrul Ahlul Bayt pentru ini\u021bierea \u0219i c\u0103s\u0103toria religioas\u0103, deoarece Ambasada Iranului \u00een Japonia v\u0103 va \u00eendruma \u0219i ea. Este necesar\u0103 o tax\u0103 de 30.000 de yeni.<\/p>\n\n\n\n<p>\u00cen aceast\u0103 procedur\u0103, ve\u021bi ob\u021bine un certificat de c\u0103s\u0103torie \u0219i un certificat de ini\u021biere pentru c\u0103s\u0103toria religioas\u0103.<\/p>\n\n\n\n<div class=\"wp-block-group has-light-green-cyan-background-color has-background\"><div class=\"wp-block-group__inner-container is-layout-flow wp-block-group-is-layout-flow\">\n<p><strong>Documentele necesare procedurii<\/strong><\/p>\n\n\n\n<p>Documente care trebuie preg\u0103tite de resortisan\u021bii japonezi<\/p>\n\n\n\n<ul class=\"wp-block-list\"><li>3 fotografii (3 x 4 cm) (pentru femei, cu p\u0103rul acoperit de o e\u0219arf\u0103 etc.)<\/li><li>Pa\u0219aport<\/li><li>Dovada adresei persoanei japoneze (certificat de re\u0219edin\u021b\u0103, permis de conducere etc.)<\/li><li>Certificat de acceptare a \u00eenregistr\u0103rii c\u0103s\u0103toriei<\/li><li> Sigiliul personal (inkan)<\/li><\/ul>\n\n\n\n<p>Documente care trebuie preg\u0103tite de cet\u0103\u021benii iranieni<\/p>\n\n\n\n<ul class=\"wp-block-list\"><li>O fotografie (3 x 4 cm)<\/li><li>Pa\u0219aport<\/li><li>Shenasnameh<\/li><\/ul>\n<\/div><\/div>\n\n\n\n<h4 class=\"wp-block-heading\">Test la un spital japonez.<\/h4>\n\n\n\n<p>Face\u021bi un test pentru HIV, sifilis, anemie talasemic\u0103, narcotice (un fel de metamfetamin\u0103 sau opiu etc.) la un spital desemnat \u00eendrumat de Ambasada Iranului \u00een Japonia \u0219i ob\u021bine\u021bi un certificat al rezultatului.<\/p>\n\n\n\n<h4 class=\"wp-block-heading\">\u00cenregistra\u021bi c\u0103s\u0103toria pe partea iranian\u0103 la Ambasada Iranului \u00een Japonia.<\/h4>\n\n\n\n<div class=\"wp-block-group has-light-green-cyan-background-color has-background\"><div class=\"wp-block-group__inner-container is-layout-flow wp-block-group-is-layout-flow\">\n<p><strong>Documentele necesare pentru \u00eenregistrare<\/strong><\/p>\n\n\n\n<ul class=\"wp-block-list\"><li>Formular de cerere pentru \u00eenregistrarea c\u0103s\u0103toriei (disponibil la Ambasada Iranului)<\/li><li>Certificat de acceptare a \u00eenregistr\u0103rii c\u0103s\u0103toriei (emis de guvernul local)<\/li><li>Certificat de c\u0103s\u0103torie religioas\u0103<\/li><li>Certificat de acceptare<\/li><li>O copie a registrului familiei (care arat\u0103 numele cuplului)<\/li><li>Fotografie cu cet\u0103\u021bean japonez (f\u0103cut\u0103 \u00een ultimele 3 luni, dimensiunea pa\u0219aportului. 6 fotografii cu japonez\u0103 (realizat\u0103 \u00een ultimele 3 luni, dimensiunea pa\u0219aportului sau cu e\u0219arf\u0103 dac\u0103 este femeie)<\/li><li>Trei fotografii \u00een format pa\u0219aport ale cet\u0103\u021benilor iranieni, realizate \u00een ultimele trei luni.<\/li><li>Certificat medical \u0219i rezultatele testelor eliberate de un spital pentru HIV, sifilis, talasemie, narcotice (metamfetamin\u0103, opiu etc.) (\u00een termen de 3 luni).<\/li><li>Pa\u0219aport al unui resortisant japonez<\/li><li>Pa\u0219aport iranian \u0219i Shenasnameh.<\/li><\/ul>\n<\/div><\/div>\n\n\n\n<p>Cele de mai sus sunt un ghid pentru procedura c\u0103s\u0103toriei cu un iranian.<\/p>\n\n\n\n<p>V\u0103 putem ajuta cu procedurile pentru c\u0103s\u0103toria interna\u021bional\u0103 cu un cet\u0103\u021bean iranian. V\u0103 rug\u0103m nu ezita\u021bi s\u0103 ne contacta\u021bi.<\/p>\n","protected":false},"excerpt":{"rendered":"<p>Nu conteaz\u0103 dac\u0103 te c\u0103s\u0103tore\u0219ti cu un iranian \u00een Japonia sau \u00een Iran. Cu toate acestea, dac\u0103 partea iranian\u0103 o face mai \u00eent\u00e2i, va dura de obicei \u00eentre 4 luni \u0219i 1 an pentru ca cererea s\u0103 fie procesat\u0103, deci este mai frecvent ca partea japonez\u0103 s\u0103 treac\u0103 mai \u00eent\u00e2i prin procedurile de c\u0103s\u0103torie, deoarece acest lucru va simplifica procesul . Urm\u0103torul este un ghid pentru procedura pentru c\u0103s\u0103toria cu un iranian. Ob\u021bine\u021bi un \u201eCertificat de eligibilitate pentru c\u0103s\u0103torie\u201d de la Ambasada Iranului \u00een Japonia. Documentele necesare pentru ob\u021binerea certificatului O copie a registrului familiei japoneze Certificat de origine emis de guvernul iranian (Shenasnameh) Consim\u021b\u0103m\u00e2ntul tat\u0103lui pentru c\u0103s\u0103torie (dac\u0103 iraniana [&hellip;]<\/p>\n","protected":false},"author":2,"featured_media":0,"parent":0,"menu_order":0,"comment_status":"closed","ping_status":"closed","template":"","meta":{"footnotes":""},"tags":[],"class_list":["post-1710","page","type-page","status-publish"],"aioseo_notices":[],"_links":{"self":[{"href":"https:\/\/international-marriage.info\/ro\/wp-json\/wp\/v2\/pages\/1710","targetHints":{"allow":["GET"]}}],"collection":[{"href":"https:\/\/international-marriage.info\/ro\/wp-json\/wp\/v2\/pages"}],"about":[{"href":"https:\/\/international-marriage.info\/ro\/wp-json\/wp\/v2\/types\/page"}],"author":[{"embeddable":true,"href":"https:\/\/international-marriage.info\/ro\/wp-json\/wp\/v2\/users\/2"}],"replies":[{"embeddable":true,"href":"https:\/\/international-marriage.info\/ro\/wp-json\/wp\/v2\/comments?post=1710"}],"version-history":[{"count":0,"href":"https:\/\/international-marriage.info\/ro\/wp-json\/wp\/v2\/pages\/1710\/revisions"}],"wp:attachment":[{"href":"https:\/\/international-marriage.info\/ro\/wp-json\/wp\/v2\/media?parent=1710"}],"wp:term":[{"taxonomy":"post_tag","embeddable":true,"href":"https:\/\/international-marriage.info\/ro\/wp-json\/wp\/v2\/tags?post=1710"}],"curies":[{"name":"wp","href":"https:\/\/api.w.org\/{rel}","templated":true}]}}