{"id":2359,"date":"2020-12-25T16:27:41","date_gmt":"2020-12-25T07:27:41","guid":{"rendered":"https:\/\/international-marriage.info\/?page_id=2359"},"modified":"2020-12-25T16:28:52","modified_gmt":"2020-12-25T07:28:52","slug":"%e3%83%8d%e3%83%91%e3%83%bc%e3%83%ab%e4%ba%ba%e3%81%a8%e3%81%ae%e7%b5%90%e5%a9%9a%e6%89%8b%e7%b6%9a%e3%81%8d","status":"publish","type":"page","link":"https:\/\/international-marriage.info\/ro\/%e3%83%8d%e3%83%91%e3%83%bc%e3%83%ab%e4%ba%ba%e3%81%a8%e3%81%ae%e7%b5%90%e5%a9%9a%e6%89%8b%e7%b6%9a%e3%81%8d\/","title":{"rendered":"Procedur\u0103 de c\u0103s\u0103torie cu nepalezi"},"content":{"rendered":"\n<p>Procedurile de c\u0103s\u0103torie interna\u021bionale pot \u00eencepe de la procedura din Japonia sau de la procedura din cealalt\u0103 \u021bar\u0103, dar \u00een cazul c\u0103s\u0103toriei dintre japonezi \u0219i nepalezi, \u00eencepe procedura de c\u0103s\u0103torie de la procedura din Nepal. Iti recomandam.<\/p>\n\n\n\n<p>Motivul este c\u0103 ambasada nepalez\u0103 \u00een Japonia (ambasada nepalez\u0103 \u00een Japonia) nu desf\u0103\u0219oar\u0103 procedura de c\u0103s\u0103torie, deci chiar dac\u0103 depune\u021bi mai \u00eent\u00e2i \u00eenregistrarea c\u0103s\u0103toriei \u00een Japonia, ambasada nepalez\u0103 din Japonia va efectua procedura de c\u0103s\u0103torie pe partea nepalez\u0103. Acest lucru se datoreaz\u0103 faptului c\u0103 nu poate fi finalizat \u0219i trebuie s\u0103 merge\u021bi \u00een \u021bara de origine din Nepal \u0219i s\u0103 parcurge\u021bi din nou procedura sup\u0103r\u0103toare.<\/p>\n\n\n\n<p>Acest lucru va fi mai u\u0219or, deoarece partea nepalez\u0103 va trebui s\u0103 parcurg\u0103 mai \u00eent\u00e2i procedura, iar partea japonez\u0103 va trebui doar s\u0103 fac\u0103 un raport.<\/p>\n\n\n\n<p>Cu toate acestea, cred c\u0103 exist\u0103 circumstan\u021be diferite, a\u0219a c\u0103 voi explica fiecare caz de \u201ec\u00e2nd treci mai \u00eent\u00e2i prin procedura de c\u0103s\u0103torie din Nepal\u201d \u0219i \u201ec\u00e2nd treci mai \u00eent\u00e2i prin procedura de c\u0103s\u0103torie din Japonia\u201d.<\/p>\n\n\n\n<p>* Documentele necesare variaz\u0103 \u00een func\u021bie de biroul guvernamental, a\u0219a c\u0103 v\u0103 rug\u0103m s\u0103 v\u0103 asigura\u021bi c\u0103 verifica\u021bi \u00een avans biroul guvernamental!<br>\u00cen plus, documentele necesare pot diferi \u00een func\u021bie de CDO \u00een fiecare regiune, a\u0219a c\u0103 v\u0103 rug\u0103m s\u0103 consulta\u021bi \u00een prealabil CDO \u00eenainte de a aplica.<\/p>\n\n\n\n<h2 class=\"wp-block-heading\">C\u00e2nd te c\u0103s\u0103tore\u0219ti mai \u00eent\u00e2i din Nepal<\/h2>\n\n\n\n<h5 class=\"wp-block-heading\">1.Ob\u021bine\u021bi un certificat de \u00eendeplinire a cerin\u021belor c\u0103s\u0103toriei (certificat de unicitate)<\/h5>\n\n\n\n<p>Pute\u021bi s\u0103-l ridica\u021bi la Ambasada Japoniei \u00een Nepal a doua zi dup\u0103 cerere. \u00cen principal, trebuie s\u0103 trimite\u021bi urm\u0103toarele documente.<\/p>\n\n\n\n<ul class=\"has-pale-cyan-blue-background-color has-background wp-block-list\"><li>O copie a registrului familiei unei persoane japoneze (sunt necesare documente suplimentare dac\u0103 exist\u0103 antecedente de divor\u021b)<\/li><li>Pa\u0219aport japonez<\/li><\/ul>\n\n\n\n<p>* Este posibil s\u0103 vi se solicite s\u0103 prezenta\u021bi o copie a pa\u0219aportului sau a actului de identitate na\u021bional (Nagarita) pentru nepalezi, a\u0219a c\u0103 v\u0103 rug\u0103m s\u0103 consulta\u021bi \u00een prealabil ambasada japonez\u0103.<\/p>\n\n\n\n<h5 class=\"wp-block-heading\">2. C\u0103s\u0103tori\u021bi-v\u0103 la CDO (Central Discrete Office) aflat sub jurisdic\u021bia dumneavoastr\u0103<\/h5>\n\n\n\n<p>Este necesar ca dou\u0103 persoane care sunt p\u0103r\u021bile la c\u0103s\u0103torie s\u0103 se adreseze CDO, care are jurisdic\u021bie asupra locului de re\u0219edin\u021b\u0103 de la 15 zile sau mai mult \u00eenainte de data c\u0103s\u0103toriei dorite (dureaz\u0103 cel pu\u021bin 15 zile de la depunerea cererii la stabilire). \u00cen principal, trebuie s\u0103 trimite\u021bi urm\u0103toarele documente.<\/p>\n\n\n\n<ul class=\"has-pale-cyan-blue-background-color has-background wp-block-list\"><li>\u00cenregistrarea c\u0103s\u0103toriei<\/li><li>Certificat de \u00eendeplinire a cerin\u021belor de c\u0103s\u0103torie pentru nepalezi<\/li><li>Nagarita pentru nepalezi<\/li><li>Certificat de \u00eendeplinire a cerin\u021belor de c\u0103s\u0103torie pentru japonezi (ob\u021binut la ambasada japonez\u0103)<\/li><li>O copie a pa\u0219aportului japonez<\/li><\/ul>\n\n\n\n<h5 class=\"wp-block-heading\">3. Examinarea de c\u0103tre CDO<\/h5>\n\n\n\n<p>Registratorul c\u0103s\u0103toriei decide dac\u0103 accept\u0103 sau nu c\u0103s\u0103toria \u00een termen de 7 zile de la primirea cererii. Dac\u0103 c\u0103s\u0103toria este respins\u0103, partea c\u0103s\u0103torit\u0103 poate depune o cerere la Curtea de Apel \u00een termen de 20 de zile de la data respingerii. Dac\u0103 sunte\u021bi dintr-o zon\u0103 rural\u0103 \u0219i dori\u021bi s\u0103 finaliza\u021bi procedura la CDO, cum ar fi capitala Kathmandu, poate dura mai mult de o lun\u0103 pentru sondaj.<\/p>\n\n\n\n<p>* Dac\u0103 exist\u0103 o diferen\u021b\u0103 de v\u00e2rst\u0103 de 20 de ani sau mai mare \u00eentre p\u0103r\u021bile implicate \u00een c\u0103s\u0103torie, este posibil ca CDO s\u0103 nu aprobe c\u0103s\u0103toria. \u00centr-un astfel de caz, vom trece la aceast\u0103 procedur\u0103 judiciar\u0103.<\/p>\n\n\n\n<h5 class=\"wp-block-heading\">4. CDO va emite un jur\u0103m\u00e2nt scris \u0219i un certificat de c\u0103s\u0103torie<\/h5>\n\n\n\n<p>Dou\u0103 dintre p\u0103r\u021bile c\u0103s\u0103torite \u0219i cel pu\u021bin trei martori (este necesar\u0103 o copie a Nagaritei) vor merge la CDO \u0219i vor semna jur\u0103m\u00e2ntul prescris (declara\u021bie pe propria r\u0103spundere). Dup\u0103 aceea, se va elibera un certificat de c\u0103s\u0103torie.<\/p>\n\n\n\n<p>* Se vor elibera dou\u0103 certificate de c\u0103s\u0103torie (unul pentru stocarea CDO \u0219i unul pentru persoana respectiv\u0103) scrise \u00een nepalez\u0103 \u0219i englez\u0103.<\/p>\n\n\n\n<h5 class=\"wp-block-heading\">5. Depunerea \u00eenregistr\u0103rii c\u0103s\u0103toriei \u00een Japonia<\/h5>\n\n\n\n<p>\u00cen termen de 3 luni de la ob\u021binerea certificatului de c\u0103s\u0103torie, \u00eenregistrarea c\u0103s\u0103toriei va fi depus\u0103 la ambasada local\u0103 a Japoniei \u00een Nepal sau la biroul municipal al Japoniei. \u00cen principal, trebuie s\u0103 trimite\u021bi urm\u0103toarele documente.<\/p>\n\n\n\n<ul class=\"has-pale-cyan-blue-background-color has-background wp-block-list\"><li>\u00cenregistrarea c\u0103s\u0103toriei<\/li><li>Certificat de c\u0103s\u0103torie Original emis de CDO (traducere \u00een japonez\u0103 necesar\u0103 pe o foaie separat\u0103)<\/li><li>O copie a registrului familiei unei persoane japoneze (nu este necesar\u0103 la depunerea \u00eenregistr\u0103rii c\u0103s\u0103toriei la locul de re\u0219edin\u021b\u0103)<\/li><li>Certificat de na\u021bionalitate pentru nepalezi (Nagarita sau pa\u0219aport. Traducere \u00een japonez\u0103 necesar\u0103 pe o foaie separat\u0103)<\/li><\/ul>\n\n\n\n<h2 class=\"wp-block-heading\">C\u00e2nd treci mai \u00eent\u00e2i prin procedura de c\u0103s\u0103torie din Japonia<\/h2>\n\n\n\n<h5 class=\"wp-block-heading\">1.Trimite\u021bi o \u00eenregistrare a c\u0103s\u0103toriei la biroul municipal din Japonia<\/h5>\n\n\n\n<p>\u00cen principal, trebuie s\u0103 trimite\u021bi urm\u0103toarele documente.<\/p>\n\n\n\n<ul class=\"has-pale-cyan-blue-background-color has-background wp-block-list\"><li>Certificat de \u00eendeplinire a cerin\u021belor de c\u0103s\u0103torie pentru nepalezi<\/li><li>Certificat de na\u021bionalitate original pentru nepalezi (traducere \u00een japonez\u0103 necesar\u0103 pe o foaie separat\u0103)<br>* Un pa\u0219aport sau o carte de identitate emis\u0103 de guvernul nepalez.<\/li><li>O copie a registrului familiei unei persoane japoneze (nu este necesar\u0103 la depunerea \u00eenregistr\u0103rii c\u0103s\u0103toriei la locul de re\u0219edin\u021b\u0103)<\/li><\/ul>\n\n\n\n<p>\u00cen plus, de\u0219i este de obicei necesar doar s\u0103 se depun\u0103 un formular de notificare pentru \u00eenregistrarea c\u0103s\u0103toriei, \u00een cazuri rare, acesta va fi tratat ca o \u201eanchet\u0103 de acceptare\u201d la biroul municipal, iar la o dat\u0103 ulterioar\u0103, o cerere de prezentare poate veni de la Biroul Afaceri Juridice \u0219i poate fi efectuat un sondaj de interviu. Este pentru a confirma dac\u0103 este o adev\u0103rat\u0103 c\u0103s\u0103torie, cum ar fi procesul de la cunoa\u0219tere p\u00e2n\u0103 la c\u0103s\u0103torie \u0219i dac\u0103 \u00eendepline\u0219te cerin\u021bele pentru c\u0103s\u0103torie, deci, dac\u0103 decide\u021bi s\u0103 v\u0103 prezenta\u021bi, este mai bine s\u0103 r\u0103spunde\u021bi sincer. Este \u00een\u021belept.<\/p>\n\n\n\n<h5 class=\"wp-block-heading\">2. Procedura de c\u0103s\u0103torie la CDO din Nepal<\/h5>\n\n\n\n<p>Este necesar ca dou\u0103 persoane s\u0103 solicite CDO dup\u0103 ob\u021binerea unui certificat de c\u0103s\u0103torie \u00een Japonia de la Ambasada Japoniei \u00een Nepal.<\/p>\n\n\n\n<h5 class=\"wp-block-heading\">3. Examinarea de c\u0103tre CDO<\/h5>\n\n\n\n<p>Este aproape la fel ca \u201ec\u00e2nd procedura de c\u0103s\u0103torie se face mai \u00eent\u00e2i din Nepal\u201d.<\/p>\n\n\n\n<h5 class=\"wp-block-heading\">4. CDO va emite un jur\u0103m\u00e2nt scris \u0219i un certificat de c\u0103s\u0103torie<\/h5>\n\n\n\n<p>Este aproape la fel ca \u201ec\u00e2nd procedura de c\u0103s\u0103torie se face mai \u00eent\u00e2i din Nepal\u201d.<\/p>\n","protected":false},"excerpt":{"rendered":"<p>Procedurile de c\u0103s\u0103torie interna\u021bionale pot \u00eencepe de la procedura din Japonia sau de la procedura din cealalt\u0103 \u021bar\u0103, dar \u00een cazul c\u0103s\u0103toriei dintre japonezi \u0219i nepalezi, \u00eencepe procedura de c\u0103s\u0103torie de la procedura din Nepal. Iti recomandam. Motivul este c\u0103 ambasada nepalez\u0103 \u00een Japonia (ambasada nepalez\u0103 \u00een Japonia) nu desf\u0103\u0219oar\u0103 procedura de c\u0103s\u0103torie, deci chiar dac\u0103 depune\u021bi mai \u00eent\u00e2i \u00eenregistrarea c\u0103s\u0103toriei \u00een Japonia, ambasada nepalez\u0103 din Japonia va efectua procedura de c\u0103s\u0103torie pe partea nepalez\u0103. Acest lucru se datoreaz\u0103 faptului c\u0103 nu poate fi finalizat \u0219i trebuie s\u0103 merge\u021bi \u00een \u021bara de origine din Nepal \u0219i s\u0103 parcurge\u021bi din nou procedura sup\u0103r\u0103toare. Acest lucru va fi mai u\u0219or, deoarece partea [&hellip;]<\/p>\n","protected":false},"author":2,"featured_media":0,"parent":0,"menu_order":0,"comment_status":"closed","ping_status":"closed","template":"","meta":{"footnotes":""},"tags":[],"class_list":["post-2359","page","type-page","status-publish"],"aioseo_notices":[],"_links":{"self":[{"href":"https:\/\/international-marriage.info\/ro\/wp-json\/wp\/v2\/pages\/2359","targetHints":{"allow":["GET"]}}],"collection":[{"href":"https:\/\/international-marriage.info\/ro\/wp-json\/wp\/v2\/pages"}],"about":[{"href":"https:\/\/international-marriage.info\/ro\/wp-json\/wp\/v2\/types\/page"}],"author":[{"embeddable":true,"href":"https:\/\/international-marriage.info\/ro\/wp-json\/wp\/v2\/users\/2"}],"replies":[{"embeddable":true,"href":"https:\/\/international-marriage.info\/ro\/wp-json\/wp\/v2\/comments?post=2359"}],"version-history":[{"count":0,"href":"https:\/\/international-marriage.info\/ro\/wp-json\/wp\/v2\/pages\/2359\/revisions"}],"wp:attachment":[{"href":"https:\/\/international-marriage.info\/ro\/wp-json\/wp\/v2\/media?parent=2359"}],"wp:term":[{"taxonomy":"post_tag","embeddable":true,"href":"https:\/\/international-marriage.info\/ro\/wp-json\/wp\/v2\/tags?post=2359"}],"curies":[{"name":"wp","href":"https:\/\/api.w.org\/{rel}","templated":true}]}}