{"id":4104,"date":"2021-01-14T22:50:55","date_gmt":"2021-01-14T13:50:55","guid":{"rendered":"https:\/\/international-marriage.info\/?page_id=4104"},"modified":"2021-01-14T22:50:55","modified_gmt":"2021-01-14T13:50:55","slug":"merit","status":"publish","type":"page","link":"https:\/\/international-marriage.info\/ro\/merit\/","title":{"rendered":"Avantajele utiliz\u0103rii firmei noastre pentru proceduri de imigrare"},"content":{"rendered":"<h5><span>Ne putem asigura c\u0103 cererea dvs. este procesat\u0103 de un organism corporativ!<\/span><\/h5>\n<p><span>Majoritatea (peste 99%) dintre firmele de control administrativ care efectueaz\u0103 procedurile sunt firme private.\u00a0Aceasta \u00eenseamn\u0103 c\u0103, dac\u0103 s-ar \u00eent\u00e2mpla ceva cu una dintre aceste persoane, aplica\u021bia ar putea fi \u00eent\u00e2rziat\u0103 sau, \u00een cel mai r\u0103u caz, aplica\u021bia \u00eens\u0103\u0219i ar putea fi pierdut\u0103.\u00a0Suntem una dintre pu\u021binele firme care func\u021bioneaz\u0103 ca organism corporativ, ceea ce \u00eenseamn\u0103 c\u0103 avem mai multe persoane care lucreaz\u0103 la cererea dvs., \u00een cazul \u00een care vi se \u00eent\u00e2mpl\u0103 ceva.<\/span><\/p>\n<h5><span>Suntem repezi!<\/span><\/h5>\n<p><span>Pe l\u00e2ng\u0103 precizie, punem un accent deosebit pe procesare \u0219i r\u0103spuns mai rapid dec\u00e2t oricine altcineva.\u00a0Credem c\u0103 nu ar trebui s\u0103 a\u0219tepta\u021bi niciodat\u0103 un r\u0103spuns la \u00eentrebarea dvs. sau un r\u0103spuns la cererea dvs. de a v\u0103 gr\u0103bi \u0219i a locui \u00een Japonia.\u00a0Suntem \u00eencrez\u0103tori c\u0103 cei care \u00ee\u0219i pre\u021buiesc timpul vor fi mul\u021bumi\u021bi de serviciul nostru.<\/span><\/p>\n<h5><span>Mai multe verific\u0103ri pentru lini\u0219tea sufleteasc\u0103!<\/span><\/h5>\n<p><span>Avem un sistem de verific\u0103ri multiple de c\u0103tre alt personal dec\u00e2t persoana responsabil\u0103.\u00a0Avem un sistem de verific\u0103ri multiple de c\u0103tre membri ai personalului, \u00een afar\u0103 de persoana responsabil\u0103, astfel \u00eenc\u00e2t s\u0103 putem preveni gre\u0219elile care altfel ar fi trecute cu vederea.<\/span><\/p>\n<h5><span>Manevrare lin\u0103 \u0219i responsabil\u0103 de c\u0103tre un membru al personalului dedicat!<\/span><\/h5>\n<p><span>Avem o persoan\u0103 responsabil\u0103 care va fi punctul dvs. de contact, deci nu va trebui s\u0103 v\u0103 face\u021bi griji cu privire la explica\u021bii inutile.<\/span><\/p>\n<h5><span>Biroul nostru din fa\u021ba g\u0103rii este u\u0219or accesibil!<\/span><\/h5>\n<p><span>Biroul nostru este situat chiar \u00een fa\u021ba ie\u0219irii de vest a sta\u021biei Kashiwa \u0219i a ie\u0219irii Chikushi a sta\u021biei Hakata, ceea ce face u\u0219or de g\u0103sit \u0219i accesat de departe.\u00a0Biroul nostru este situat \u00een fa\u021ba sta\u021biei Kashiwa \u0219i a sta\u021biei Hakata.<\/span><\/p>\n<h5><span>Oferim consult\u0103ri gratuite ori de c\u00e2te ori dori\u021bi!<\/span><\/h5>\n<p><span>Din momentul \u00een care primim solicitarea dvs. p\u00e2n\u0103 la finalizarea lucr\u0103rii, ne vom consulta gratuit de c\u00e2te ori dori\u021bi.\u00a0Dac\u0103 ave\u021bi \u00eentreb\u0103ri sau nel\u0103muriri, v\u0103 rug\u0103m s\u0103 nu ezita\u021bi s\u0103 ne contacta\u021bi de c\u00e2te ori dori\u021bi p\u00e2n\u0103 c\u00e2nd sunte\u021bi mul\u021bumit.<\/span><\/p>\n<h5><span>Sfaturi juridice gratuite timp de un an!<\/span><\/h5>\n<p><span>Dup\u0103 ob\u021binerea vizei de so\u021b, exist\u0103 multe situa\u021bii \u00een care v\u0103 ve\u021bi confrunta cu diverse probleme \u00een via\u021ba dumneavoastr\u0103 \u00een Japonia.\u00a0Nu ar fi lini\u0219titor dac\u0103 ar exista cineva cu care te-ai putea consulta cu u\u0219urin\u021b\u0103 \u00een aceste situa\u021bii?<\/span><\/p>\n<p><span>Oferim un serviciu gratuit de consiliere juridic\u0103 tuturor clien\u021bilor care solicit\u0103 o viz\u0103 de so\u021b sau \u00ee\u0219i re\u00eennoiesc viza de so\u021b pentru un an.<\/span><\/p>\n<p><span>Dac\u0103 ave\u021bi \u00eentreb\u0103ri, v\u0103 rug\u0103m s\u0103 nu ezita\u021bi s\u0103 ne contacta\u021bi.\u00a0Dac\u0103 ave\u021bi \u00eentreb\u0103ri, v\u0103 rug\u0103m s\u0103 nu ezita\u021bi s\u0103 ne contacta\u021bi prin e-mail.<\/span><\/p>\n<h5><span>Rapoarte detaliate de lucru pentru lini\u0219tea ta!<\/span><\/h5>\n<p><span>V\u0103 vom \u021bine la curent cu progresele noastre prin e-mail sau telefon, pe m\u0103sur\u0103 ce ne desf\u0103\u0219ur\u0103m activitatea, astfel \u00eenc\u00e2t s\u0103 pute\u021bi fi siguri c\u0103 suntem pe drumul cel bun.\u00a0Dac\u0103 ave\u021bi \u00eentreb\u0103ri, nu ezita\u021bi s\u0103 ne \u00eentreba\u021bi de c\u00e2te ori dori\u021bi.\u00a0Bine\u00een\u021beles, este gratuit.<\/span><\/p>\n<h5><span>Taxele noastre sunt indicate clar pentru a elimina orice nelini\u0219te!<\/span><\/h5>\n<p><span>\u00cen compania noastr\u0103, remunera\u021bia este \u00eentotdeauna indicat\u0103 clar \u00eenainte de a \u00eencepe lucrul.\u00a0Din p\u0103cate, exist\u0103 multe persoane din industrie care nu prezint\u0103 taxa la \u00eenceput \u0219i percep taxa dup\u0103 terminarea lucr\u0103rilor.\u00a0Nu tax\u0103m pentru serviciile noastre \u0219i nu tax\u0103m pentru serviciile noastre.<\/span><\/p>\n<h5><span>Oferim o garan\u021bie complet\u0103 de returnare a banilor!<\/span><\/h5>\n<p><span>\u00cen eventualitatea improbabil\u0103 \u00een care nu suntem \u00een m\u0103sur\u0103 s\u0103 v\u0103 atingem obiectivele din cauza incompeten\u021bei noastre, v\u0103 vom restitui integral banii sau v\u0103 vom aplica din nou gratuit, indiferent de c\u00e2t timp \u0219i efort a\u021bi petrecut \u00eentre timp.<\/span><\/p>\n<h5><span>V\u0103 vom \u00eendruma gratuit la un specialist!\u00a0(daca doresti)<\/span><\/h5>\n<p><span>Dac\u0103 ave\u021bi nevoie de un contabil fiscal, un avocat, un controlor judiciar, un avocat \u00een domeniul muncii \u0219i asigur\u0103rilor sociale sau un avocat \u00een domeniul brevetelor, poate fi dificil s\u0103 g\u0103si\u021bi pe cineva de \u00eencredere.\u00a0Dac\u0103 dori\u021bi, v\u0103 vom prezenta persoanelor despre care am considerat c\u0103 sunt de \u00eencredere prin munca real\u0103.<\/span><\/p>\n<h5><span>Avem cel mai bun sistem de securitate!<\/span><\/h5>\n<p><span>Avem un serviciu de securitate 24 de ore \u0219i un server cu acces restric\u021bionat pentru a ne asigura c\u0103 informa\u021biile dvs. sunt p\u0103strate \u00een siguran\u021b\u0103.<\/span><\/p>\n","protected":false},"excerpt":{"rendered":"<p>Ne putem asigura c\u0103 cererea dvs. este procesat\u0103 de un organism corporativ! Majoritatea (peste 99%) dintre firmele de control administrativ care efectueaz\u0103 procedurile sunt firme private.\u00a0Aceasta \u00eenseamn\u0103 c\u0103, dac\u0103 s-ar \u00eent\u00e2mpla ceva cu una dintre aceste persoane, aplica\u021bia ar putea fi \u00eent\u00e2rziat\u0103 sau, \u00een cel mai r\u0103u caz, aplica\u021bia \u00eens\u0103\u0219i ar putea fi pierdut\u0103.\u00a0Suntem una dintre pu\u021binele firme care func\u021bioneaz\u0103 ca organism corporativ, ceea ce \u00eenseamn\u0103 c\u0103 avem mai multe persoane care lucreaz\u0103 la cererea dvs., \u00een cazul \u00een care vi se \u00eent\u00e2mpl\u0103 ceva. Suntem repezi! Pe l\u00e2ng\u0103 precizie, punem un accent deosebit pe procesare \u0219i r\u0103spuns mai rapid dec\u00e2t oricine altcineva.\u00a0Credem c\u0103 nu ar trebui s\u0103 a\u0219tepta\u021bi niciodat\u0103 un [&hellip;]<\/p>\n","protected":false},"author":2,"featured_media":0,"parent":0,"menu_order":0,"comment_status":"closed","ping_status":"closed","template":"","meta":{"footnotes":""},"tags":[],"class_list":["post-4104","page","type-page","status-publish"],"aioseo_notices":[],"_links":{"self":[{"href":"https:\/\/international-marriage.info\/ro\/wp-json\/wp\/v2\/pages\/4104","targetHints":{"allow":["GET"]}}],"collection":[{"href":"https:\/\/international-marriage.info\/ro\/wp-json\/wp\/v2\/pages"}],"about":[{"href":"https:\/\/international-marriage.info\/ro\/wp-json\/wp\/v2\/types\/page"}],"author":[{"embeddable":true,"href":"https:\/\/international-marriage.info\/ro\/wp-json\/wp\/v2\/users\/2"}],"replies":[{"embeddable":true,"href":"https:\/\/international-marriage.info\/ro\/wp-json\/wp\/v2\/comments?post=4104"}],"version-history":[{"count":0,"href":"https:\/\/international-marriage.info\/ro\/wp-json\/wp\/v2\/pages\/4104\/revisions"}],"wp:attachment":[{"href":"https:\/\/international-marriage.info\/ro\/wp-json\/wp\/v2\/media?parent=4104"}],"wp:term":[{"taxonomy":"post_tag","embeddable":true,"href":"https:\/\/international-marriage.info\/ro\/wp-json\/wp\/v2\/tags?post=4104"}],"curies":[{"name":"wp","href":"https:\/\/api.w.org\/{rel}","templated":true}]}}