{"id":4108,"date":"2021-01-14T22:52:18","date_gmt":"2021-01-14T13:52:18","guid":{"rendered":"https:\/\/international-marriage.info\/?page_id=4108"},"modified":"2021-01-14T22:52:18","modified_gmt":"2021-01-14T13:52:18","slug":"area","status":"publish","type":"page","link":"https:\/\/international-marriage.info\/ro\/area\/","title":{"rendered":"Zona pentru procedurile de ob\u021binere a vizei so\u021bului \/ so\u021biei"},"content":{"rendered":"<div class=\"article-body\">\n<p><span>Zona pe care biroul nostru o poate gestiona este atunci c\u00e2nd zona \u00een care locui\u021bi dup\u0103 c\u0103s\u0103torie se \u00eencadreaz\u0103 \u00een oricare dintre urm\u0103toarele.<\/span><\/p>\n<p class=\"has-pale-cyan-blue-background-color has-background\"><b><span>\u25c6 Tokyo, \u25c6 Chiba, \u25c6 Saitama, \u25c6 Ibaraki, \u25c6 Tochigi, \u25c6 Gunma, \u25c6 Nagano, \u25c6 Niigata, \u25c6 Yamanashi \u25c6 Kyushu<\/span><\/b><\/p>\n<p><span>Ca regul\u0103 general\u0103, am dori s\u0103 ne \u00eent\u00e2lnim pentru prima dat\u0103 \u0219i s\u0103 continu\u0103m procedura, dar dac\u0103 este dificil s\u0103 o facem la distan\u021b\u0103 etc., v\u0103 rug\u0103m s\u0103 trimite\u021bi o copie a documentului de verificare a identit\u0103\u021bii sau a po\u0219tei care nu necesit\u0103 redirec\u021bionare etc. V\u0103 rug\u0103m s\u0103 re\u021bine\u021bi c\u0103 v\u0103 vom confirma identitatea.<\/span><\/p>\n<\/div>\n","protected":false},"excerpt":{"rendered":"<p>Zona pe care biroul nostru o poate gestiona este atunci c\u00e2nd zona \u00een care locui\u021bi dup\u0103 c\u0103s\u0103torie se \u00eencadreaz\u0103 \u00een oricare dintre urm\u0103toarele. \u25c6 Tokyo, \u25c6 Chiba, \u25c6 Saitama, \u25c6 Ibaraki, \u25c6 Tochigi, \u25c6 Gunma, \u25c6 Nagano, \u25c6 Niigata, \u25c6 Yamanashi \u25c6 Kyushu Ca regul\u0103 general\u0103, am dori s\u0103 ne \u00eent\u00e2lnim pentru prima dat\u0103 \u0219i s\u0103 continu\u0103m procedura, dar dac\u0103 este dificil s\u0103 o facem la distan\u021b\u0103 etc., v\u0103 rug\u0103m s\u0103 trimite\u021bi o copie a documentului de verificare a identit\u0103\u021bii sau a po\u0219tei care nu necesit\u0103 redirec\u021bionare etc. V\u0103 rug\u0103m s\u0103 re\u021bine\u021bi c\u0103 v\u0103 vom confirma identitatea.<\/p>\n","protected":false},"author":2,"featured_media":0,"parent":0,"menu_order":0,"comment_status":"open","ping_status":"open","template":"","meta":{"footnotes":""},"tags":[],"class_list":["post-4108","page","type-page","status-publish"],"aioseo_notices":[],"_links":{"self":[{"href":"https:\/\/international-marriage.info\/ro\/wp-json\/wp\/v2\/pages\/4108","targetHints":{"allow":["GET"]}}],"collection":[{"href":"https:\/\/international-marriage.info\/ro\/wp-json\/wp\/v2\/pages"}],"about":[{"href":"https:\/\/international-marriage.info\/ro\/wp-json\/wp\/v2\/types\/page"}],"author":[{"embeddable":true,"href":"https:\/\/international-marriage.info\/ro\/wp-json\/wp\/v2\/users\/2"}],"replies":[{"embeddable":true,"href":"https:\/\/international-marriage.info\/ro\/wp-json\/wp\/v2\/comments?post=4108"}],"version-history":[{"count":0,"href":"https:\/\/international-marriage.info\/ro\/wp-json\/wp\/v2\/pages\/4108\/revisions"}],"wp:attachment":[{"href":"https:\/\/international-marriage.info\/ro\/wp-json\/wp\/v2\/media?parent=4108"}],"wp:term":[{"taxonomy":"post_tag","embeddable":true,"href":"https:\/\/international-marriage.info\/ro\/wp-json\/wp\/v2\/tags?post=4108"}],"curies":[{"name":"wp","href":"https:\/\/api.w.org\/{rel}","templated":true}]}}