{"id":4110,"date":"2021-01-14T22:52:57","date_gmt":"2021-01-14T13:52:57","guid":{"rendered":"https:\/\/international-marriage.info\/?page_id=4110"},"modified":"2021-01-14T22:52:57","modified_gmt":"2021-01-14T13:52:57","slug":"menseki","status":"publish","type":"page","link":"https:\/\/international-marriage.info\/ro\/menseki\/","title":{"rendered":"Declinare de responsabilitate etc."},"content":{"rendered":"<div class=\"article-body\">\n<h2><span>Drepturi de autor<\/span><\/h2>\n<p><span>Toate drepturile de autor pentru text, imagini etc. apar\u021bin biroului juridic cuprinz\u0103tor Ai-Support (speciali\u0219ti legali \u00een proceduri administrative certificate).\u00a0V\u0103 rug\u0103m s\u0103 v\u0103 ab\u021bine\u021bi de la transcriere sau reproducere f\u0103r\u0103 permisiune.<\/span><\/p>\n<h2><span>Declinarea responsabilit\u0103\u021bii<\/span><\/h2>\n<ul>\n<li class=\"odd\"><span>De\u0219i s-au depus toate eforturile pentru a asigura exactitatea informa\u021biilor con\u021binute pe acest site web, nu putem garanta certitudinea sau completitudinea acestora.<\/span><\/li>\n<li class=\"even\"><span>Nu ne asum\u0103m nicio r\u0103spundere pentru orice pierdere sau deteriorare care ar putea rezulta din utilizarea informa\u021biilor de pe acest site web \u0219i face\u021bi acest lucru pe propriul risc.<\/span><\/li>\n<li class=\"odd\"><span>Link-uri c\u0103tre alte site-uri web pot fi furnizate \u00een cadrul acestui site, dar nu garant\u0103m exactitatea sau legalitatea informa\u021biilor con\u021binute \u00een site-urile conectate.<\/span><\/li>\n<li class=\"even\"><span>Nu putem fi considera\u021bi responsabili pentru orice probleme care ar putea ap\u0103rea \u00een urma utiliz\u0103rii unor astfel de site-uri conectate.<\/span><\/li>\n<li class=\"odd\"><span>Con\u021binutul \u0219i adresele URL de pe acest site web pot fi modificate sau \u0219terse f\u0103r\u0103 notificare prealabil\u0103.<\/span><\/li>\n<li class=\"even\"><span>Nu vom fi r\u0103spunz\u0103tori pentru orice nereu\u0219it\u0103 de a p\u0103stra informa\u021biile pe care ni le transmite\u021bi prin e-mail sau alte mijloace din cauza unor probleme de sistem sau de alt\u0103 natur\u0103.<\/span><\/li>\n<\/ul>\n<\/div>\n","protected":false},"excerpt":{"rendered":"<p>Drepturi de autor Toate drepturile de autor pentru text, imagini etc. apar\u021bin biroului juridic cuprinz\u0103tor Ai-Support (speciali\u0219ti legali \u00een proceduri administrative certificate).\u00a0V\u0103 rug\u0103m s\u0103 v\u0103 ab\u021bine\u021bi de la transcriere sau reproducere f\u0103r\u0103 permisiune. Declinarea responsabilit\u0103\u021bii De\u0219i s-au depus toate eforturile pentru a asigura exactitatea informa\u021biilor con\u021binute pe acest site web, nu putem garanta certitudinea sau completitudinea acestora. Nu ne asum\u0103m nicio r\u0103spundere pentru orice pierdere sau deteriorare care ar putea rezulta din utilizarea informa\u021biilor de pe acest site web \u0219i face\u021bi acest lucru pe propriul risc. Link-uri c\u0103tre alte site-uri web pot fi furnizate \u00een cadrul acestui site, dar nu garant\u0103m exactitatea sau legalitatea informa\u021biilor con\u021binute \u00een site-urile conectate. Nu [&hellip;]<\/p>\n","protected":false},"author":2,"featured_media":0,"parent":0,"menu_order":0,"comment_status":"open","ping_status":"open","template":"","meta":{"footnotes":""},"tags":[],"class_list":["post-4110","page","type-page","status-publish"],"aioseo_notices":[],"_links":{"self":[{"href":"https:\/\/international-marriage.info\/ro\/wp-json\/wp\/v2\/pages\/4110","targetHints":{"allow":["GET"]}}],"collection":[{"href":"https:\/\/international-marriage.info\/ro\/wp-json\/wp\/v2\/pages"}],"about":[{"href":"https:\/\/international-marriage.info\/ro\/wp-json\/wp\/v2\/types\/page"}],"author":[{"embeddable":true,"href":"https:\/\/international-marriage.info\/ro\/wp-json\/wp\/v2\/users\/2"}],"replies":[{"embeddable":true,"href":"https:\/\/international-marriage.info\/ro\/wp-json\/wp\/v2\/comments?post=4110"}],"version-history":[{"count":0,"href":"https:\/\/international-marriage.info\/ro\/wp-json\/wp\/v2\/pages\/4110\/revisions"}],"wp:attachment":[{"href":"https:\/\/international-marriage.info\/ro\/wp-json\/wp\/v2\/media?parent=4110"}],"wp:term":[{"taxonomy":"post_tag","embeddable":true,"href":"https:\/\/international-marriage.info\/ro\/wp-json\/wp\/v2\/tags?post=4110"}],"curies":[{"name":"wp","href":"https:\/\/api.w.org\/{rel}","templated":true}]}}