{"id":4112,"date":"2021-01-14T22:53:47","date_gmt":"2021-01-14T13:53:47","guid":{"rendered":"https:\/\/international-marriage.info\/?page_id=4112"},"modified":"2021-01-14T22:53:57","modified_gmt":"2021-01-14T13:53:57","slug":"tokushouhou","status":"publish","type":"page","link":"https:\/\/international-marriage.info\/ro\/tokushouhou\/","title":{"rendered":"Afi\u0219are pe baza Legii privind tranzac\u021biile comerciale specificate"},"content":{"rendered":"<p>Pentru operatorii comercializa\u021bi prin coresponden\u021b\u0103, aspectele care trebuie afi\u0219ate sunt stipulate de articolul 11 \u200b\u200bdin Legea privind tranzac\u021biile comerciale specificate \u0219i articolul 8 din Ordonan\u021ba ministerial\u0103.<\/p>\n<p>Deoarece accept\u0103m cereri pentru diverse servicii furnizate pe acest site pe internet, apar acelea\u0219i obliga\u021bii, a\u0219a c\u0103 vom afi\u0219a aspecte importante dup\u0103 cum urmeaz\u0103 \u00een conformitate cu legea.<\/p>\n<table class=\"table-style\">\n<tbody>\n<tr class=\"odd\">\n<td>Numele site-ului<\/td>\n<td>Proceduri interna\u021bionale de c\u0103s\u0103torie @ Visa so\u021bului<\/td>\n<\/tr>\n<tr class=\"even\">\n<td>Distribuitor<\/td>\n<td>\n<p class=\"p1\">Ai-Support Cabinet juridic general<\/p>\n<\/td>\n<\/tr>\n<tr class=\"odd\">\n<td>Manager opera\u021biune<\/td>\n<td>Nomura Yoshitomo<\/td>\n<\/tr>\n<tr class=\"even\">\n<td>Loca\u021bie<\/td>\n<td>[Magazinul principal Kashiwa] 4-1<br \/>\nSuehiro-cho, Kashiwa-shi, Chiba<br \/>\n277-0842 etajul 5, cl\u0103direa Suzuki TEL: 050-2018-0735, FAX: 04-7196-6923<br \/>\n[Sucursala<br \/>\nHakata\u00a0]\u00a0Hakata, Fukuoka-shi, Fukuoka 812-0012 Hakata Station Chuo-<br \/>\ngai 5-11, cl\u0103direa 13 Taihei etajul 10 TEL: 050-2018-0736, FAX: 092-402-0655E-mail: info \u25b3 ai-support.biz (V\u0103 rug\u0103m s\u0103 schimba\u021bi \u25b3 la @ pentru a preveni spamul)<br \/>\nURL: https:\/\/international-marriage.info\/<\/td>\n<\/tr>\n<tr class=\"odd\">\n<td>informatii de contact<\/td>\n<td>TEL FAX mail<\/td>\n<\/tr>\n<tr class=\"even\">\n<td>Cum se comand\u0103<\/td>\n<td>Formular<\/td>\n<\/tr>\n<tr class=\"odd\">\n<td>Explica\u021bii detaliate ale produselor etc.<\/td>\n<td>Numele, con\u021binutul, pre\u021bul etc. sunt listate pe fiecare pagin\u0103<\/td>\n<\/tr>\n<tr class=\"even\">\n<td>Cantitatea de v\u00e2nz\u0103ri<\/td>\n<td>Dac\u0103 exist\u0103 restric\u021bii, enumera\u021bi-le pe produs<\/td>\n<\/tr>\n<tr class=\"odd\">\n<td>Suma necesar\u0103, alta dec\u00e2t pre\u021bul produsului<\/td>\n<td>Taxe, costuri legale, costuri de comunicare necesare pentru transferul la biroul nostru<\/td>\n<\/tr>\n<tr class=\"even\">\n<td>Data expir\u0103rii cererii<\/td>\n<td>Observa\u021bi produsul dac\u0103 exist\u0103 restric\u021bii<\/td>\n<\/tr>\n<tr class=\"odd\">\n<td>Timpul de livrare<\/td>\n<td>Datorit\u0103 particularit\u0103\u021bii serviciului, timpul de livrare a tuturor documentelor nu poate fi stabilit \u00een prealabil, \u00een func\u021bie de industria solicitat\u0103 \u0219i de diverse circumstan\u021be.\u00a0Vom continua lucr\u0103rile \u00een timp ce discut\u0103m \u00eentre client \u0219i biroul nostru.<\/td>\n<\/tr>\n<tr class=\"even\">\n<td>Despre return\u0103ri \u0219i schimburi<\/td>\n<td>\u00cen cazul \u00een care documentele create de biroul nostru sunt incomplete sau nu pot fi realizate \u00een partea principal\u0103 a serviciului, vom recrea sau rambursa suma total\u0103 gratuit.<\/td>\n<\/tr>\n<tr class=\"odd\">\n<td>Modalitate de plat\u0103<\/td>\n<td>Transfer la o banc\u0103 desemnat\u0103<\/td>\n<\/tr>\n<tr class=\"even\">\n<td>Data scaden\u021bei pl\u0103\u021bii<\/td>\n<td>Dup\u0103 efectuarea cererii, v\u0103 rug\u0103m s\u0103 transfera\u021bi \u00een contul desemnat de biroul nostru \u00een termen de o s\u0103pt\u0103m\u00e2n\u0103.\u00a0De \u00eendat\u0103 ce plata este confirmat\u0103, vom \u00eencepe activitatea.<\/td>\n<\/tr>\n<tr class=\"odd\">\n<td>Despre anulare<\/td>\n<td>Nu se va acorda nicio rambursare pentru anul\u0103ri dup\u0103 \u00eenceperea activit\u0103\u021bii.\u00a0Dac\u0103 v\u0103 indica\u021bi inten\u021bia de a anula \u00eenainte de a \u00eencepe afacerea, 10.000 de yeni vor fi taxa\u021bi ca tax\u0103.<\/td>\n<\/tr>\n<\/tbody>\n<\/table>\n","protected":false},"excerpt":{"rendered":"<p>Pentru operatorii comercializa\u021bi prin coresponden\u021b\u0103, aspectele care trebuie afi\u0219ate sunt stipulate de articolul 11 \u200b\u200bdin Legea privind tranzac\u021biile comerciale specificate \u0219i articolul 8 din Ordonan\u021ba ministerial\u0103. Deoarece accept\u0103m cereri pentru diverse servicii furnizate pe acest site pe internet, apar acelea\u0219i obliga\u021bii, a\u0219a c\u0103 vom afi\u0219a aspecte importante dup\u0103 cum urmeaz\u0103 \u00een conformitate cu legea. Numele site-ului Proceduri interna\u021bionale de c\u0103s\u0103torie @ Visa so\u021bului Distribuitor Ai-Support Cabinet juridic general Manager opera\u021biune Nomura Yoshitomo Loca\u021bie [Magazinul principal Kashiwa] 4-1 Suehiro-cho, Kashiwa-shi, Chiba 277-0842 etajul 5, cl\u0103direa Suzuki TEL: 050-2018-0735, FAX: 04-7196-6923 [Sucursala Hakata\u00a0]\u00a0Hakata, Fukuoka-shi, Fukuoka 812-0012 Hakata Station Chuo- gai 5-11, cl\u0103direa 13 Taihei etajul 10 TEL: 050-2018-0736, FAX: 092-402-0655E-mail: info \u25b3 [&hellip;]<\/p>\n","protected":false},"author":2,"featured_media":0,"parent":0,"menu_order":0,"comment_status":"open","ping_status":"open","template":"","meta":{"footnotes":""},"tags":[],"class_list":["post-4112","page","type-page","status-publish"],"aioseo_notices":[],"_links":{"self":[{"href":"https:\/\/international-marriage.info\/ro\/wp-json\/wp\/v2\/pages\/4112","targetHints":{"allow":["GET"]}}],"collection":[{"href":"https:\/\/international-marriage.info\/ro\/wp-json\/wp\/v2\/pages"}],"about":[{"href":"https:\/\/international-marriage.info\/ro\/wp-json\/wp\/v2\/types\/page"}],"author":[{"embeddable":true,"href":"https:\/\/international-marriage.info\/ro\/wp-json\/wp\/v2\/users\/2"}],"replies":[{"embeddable":true,"href":"https:\/\/international-marriage.info\/ro\/wp-json\/wp\/v2\/comments?post=4112"}],"version-history":[{"count":0,"href":"https:\/\/international-marriage.info\/ro\/wp-json\/wp\/v2\/pages\/4112\/revisions"}],"wp:attachment":[{"href":"https:\/\/international-marriage.info\/ro\/wp-json\/wp\/v2\/media?parent=4112"}],"wp:term":[{"taxonomy":"post_tag","embeddable":true,"href":"https:\/\/international-marriage.info\/ro\/wp-json\/wp\/v2\/tags?post=4112"}],"curies":[{"name":"wp","href":"https:\/\/api.w.org\/{rel}","templated":true}]}}