{"id":4115,"date":"2021-01-14T22:55:14","date_gmt":"2021-01-14T13:55:14","guid":{"rendered":"https:\/\/international-marriage.info\/?page_id=4115"},"modified":"2021-01-14T22:55:14","modified_gmt":"2021-01-14T13:55:14","slug":"consultation","status":"publish","type":"page","link":"https:\/\/international-marriage.info\/ro\/consultation\/","title":{"rendered":"Prima consultare"},"content":{"rendered":"<div class=\"article-body\">\n<header class=\"article-header\">\n<table style=\"width: 100.826%;\" width=\"557\">\n<tbody>\n<tr class=\"odd\">\n<td style=\"width: 28.1378%;\"><img loading=\"lazy\" decoding=\"async\" class=\"aligncenter\" src=\"https:\/\/souzokuji.com\/OL03.PNG\" alt=\"OL03.PNG\" width=\"100\" height=\"216\" \/><\/td>\n<td style=\"width: 109.72%;\"><b><span>Corpul de supraveghere administrativ\u0103 iSupport General Legal Office<\/span><\/b><span>\u00a0\u00a0organizeaz\u0103<\/span><br \/>\n<b><span>consult\u0103ri *<\/span><\/b><span>\u00a0\u00a0seara \u0219i s\u00e2mb\u0103ta.\u00a0\u00cenainte de a fi tulburat de procedura de c\u0103s\u0103torie interna\u021bional\u0103, mai \u00eent\u00e2i, prin telefon,\u00a0\u00a0<\/span><a href=\"https:\/\/international-marriage.info\/ro\/order\/\"><b><span>contacta\u021bi-ne<\/span><\/b><span>\u00a0\u00a0\u00eentreb\u0103ri de\u00a0<b>rezervare<\/b><\/span><\/a><span>\u00a0\u00a0v\u0103 rug\u0103m.\u00a0<\/span><b><span>Fluxul<\/span><\/b><span>\u00a0\u00a0de\u00a0\u00a0<\/span><b><span>consultare<\/span><\/b><span>\u00a0\u00a0este dup\u0103 cum urmeaz\u0103.<\/span><\/td>\n<\/tr>\n<\/tbody>\n<\/table>\n<\/header>\n<div class=\"article-body\">\n<p>&nbsp;<\/p>\n<table style=\"width: 100%;\" cellpadding=\"5\">\n<tbody>\n<tr class=\"odd\">\n<td style=\"width: 29.0488%;\"><img loading=\"lazy\" decoding=\"async\" class=\"alignnone wp-image-4116\" src=\"https:\/\/international-marriage.info\/wp-content\/uploads\/tel01.png\" alt=\"\" width=\"500\" height=\"393\" \/><\/td>\n<td style=\"width: 69.9229%;\"><span>V\u0103 rug\u0103m s\u0103 nu ezita\u021bi s\u0103 ne contacta\u021bi.<\/span><br \/>\n<span>Vom verifica programul administratorului administrativ responsabil \u0219i vom asigura programul \u0219i ora pentru consultare.<\/span>&nbsp;<\/p>\n<p><b><span>[Recep\u021bie] 9:00 &#8211; 18:00<\/span><br \/>\n<span>[Consulta\u021bie] 10:00 &#8211; 20:00<\/span><\/b><\/td>\n<\/tr>\n<\/tbody>\n<\/table>\n<p><b><\/b><br \/>\n<span>Vom aranja un program cu un specialist la o or\u0103 convenabil\u0103, cum ar fi\u00a0\u00a0<\/span><b><span>s\u00e2mb\u0103t\u0103 dup\u0103-amiaza sau seara \u00een timpul s\u0103pt\u0103m\u00e2nii<\/span><\/b><span>\u00a0\u00a0.<\/span><\/p>\n<p>&nbsp;<\/p>\n<table style=\"width: 99.5714%;\" width=\"532\" cellpadding=\"5\">\n<tbody>\n<tr class=\"odd\">\n<td style=\"width: 68.9981%;\"><span>Pentru\u00a0\u00a0<\/span><b><span>consult\u0103ri<\/span><\/b><span>\u00a0\u00a0de aproximativ\u00a0\u00a0<\/span><b><span>30 de minute p\u00e2n\u0103 la 1 or\u0103<\/span><\/b><span>\u00a0\u00a0, exper\u021bii v\u0103 vor asculta povestea.<\/span><br \/>\n<b><\/b><\/td>\n<td style=\"width: 76.7486%;\"><img loading=\"lazy\" decoding=\"async\" class=\"alignnone wp-image-4118 size-medium\" src=\"https:\/\/international-marriage.info\/wp-content\/uploads\/\/4G2A8582-300x200.jpg\" sizes=\"auto, (max-width: 300px) 100vw, 300px\" srcset=\"https:\/\/international-marriage.info\/wp-content\/uploads\/\/4G2A8582-300x200.jpg 300w, https:\/\/international-marriage.info\/wp-content\/uploads\/4G2A8582-1024x683.jpg 1024w, https:\/\/international-marriage.info\/wp-content\/uploads\/4G2A8582-768x512.jpg 768w, https:\/\/international-marriage.info\/wp-content\/uploads\/4G2A8582-1536x1024.jpg 1536w, https:\/\/international-marriage.info\/wp-content\/uploads\/4G2A8582-2048x1365.jpg 2048w\" alt=\"\" width=\"300\" height=\"200\" \/><\/td>\n<\/tr>\n<\/tbody>\n<\/table>\n<p>&nbsp;<\/p>\n<table style=\"width: 100%;\" cellpadding=\"5\">\n<tbody>\n<tr class=\"odd\">\n<td style=\"width: 32.3907%;\"><img loading=\"lazy\" decoding=\"async\" class=\"alignnone wp-image-4117 size-large\" src=\"https:\/\/international-marriage.info\/wp-content\/uploads\/\/4G2A8901-1024x683.jpg\" sizes=\"auto, (max-width: 1024px) 100vw, 1024px\" srcset=\"https:\/\/international-marriage.info\/wp-content\/uploads\/\/4G2A8901-1024x683.jpg 1024w, https:\/\/international-marriage.info\/wp-content\/uploads\/4G2A8901-300x200.jpg 300w, https:\/\/international-marriage.info\/wp-content\/uploads\/4G2A8901-768x512.jpg 768w, https:\/\/international-marriage.info\/wp-content\/uploads\/4G2A8901-1536x1024.jpg 1536w, https:\/\/international-marriage.info\/wp-content\/uploads\/4G2A8901-2048x1365.jpg 2048w\" alt=\"\" width=\"1024\" height=\"683\" \/><\/td>\n<td style=\"width: 66.581%;\"><span>\u00cen plus,\u00a0\u00a0<\/span><b><span>la ob\u021binerea<\/span><\/b><span>\u00a0\u00a0unei\u00a0\u00a0<\/span><b><span>vize de so\u021b,<\/span><\/b><span>\u00a0\u00a0vom\u00a0<\/span><b><span>verifica<\/span><\/b><span>\u00a0cu aten\u021bie\u00a0<b>cerin\u021bele\u00a0<\/b><b>,<\/b>\u00a0vom\u00a0<b>furniza documentele necesare<\/b>\u00a0\u00a0\u0219i\u00a0\u00a0vom\u00a0\u00a0<\/span><b><span>explica detaliile \u0219i taxele de sprijin<\/span><\/b><span>\u00a0\u00a0.<\/span><\/td>\n<\/tr>\n<\/tbody>\n<\/table>\n<p>&nbsp;<\/p>\n<p><strong><span>* Taxa de interviu pentru prima consultare este de 7.000 de yeni (f\u0103r\u0103 taxe) \/ or\u0103, dar dac\u0103\u00a0\u00a0<\/span><u><span>o solicita\u021bi, taxa de interviu va fi aplicat\u0103 costului, deci va fi practic gratuit\u0103<\/span><\/u><span>\u00a0\u00a0.<\/span><\/strong><\/p>\n<\/div>\n<\/div>\n","protected":false},"excerpt":{"rendered":"<p>Corpul de supraveghere administrativ\u0103 iSupport General Legal Office\u00a0\u00a0organizeaz\u0103 consult\u0103ri *\u00a0\u00a0seara \u0219i s\u00e2mb\u0103ta.\u00a0\u00cenainte de a fi tulburat de procedura de c\u0103s\u0103torie interna\u021bional\u0103, mai \u00eent\u00e2i, prin telefon,\u00a0\u00a0contacta\u021bi-ne\u00a0\u00a0\u00eentreb\u0103ri de\u00a0rezervare\u00a0\u00a0v\u0103 rug\u0103m.\u00a0Fluxul\u00a0\u00a0de\u00a0\u00a0consultare\u00a0\u00a0este dup\u0103 cum urmeaz\u0103. &nbsp; V\u0103 rug\u0103m s\u0103 nu ezita\u021bi s\u0103 ne contacta\u021bi. Vom verifica programul administratorului administrativ responsabil \u0219i vom asigura programul \u0219i ora pentru consultare.&nbsp; [Recep\u021bie] 9:00 &#8211; 18:00 [Consulta\u021bie] 10:00 &#8211; 20:00 Vom aranja un program cu un specialist la o or\u0103 convenabil\u0103, cum ar fi\u00a0\u00a0s\u00e2mb\u0103t\u0103 dup\u0103-amiaza sau seara \u00een timpul s\u0103pt\u0103m\u00e2nii\u00a0\u00a0. &nbsp; Pentru\u00a0\u00a0consult\u0103ri\u00a0\u00a0de aproximativ\u00a0\u00a030 de minute p\u00e2n\u0103 la 1 or\u0103\u00a0\u00a0, exper\u021bii v\u0103 vor asculta povestea. &nbsp; \u00cen plus,\u00a0\u00a0la ob\u021binerea\u00a0\u00a0unei\u00a0\u00a0vize de so\u021b,\u00a0\u00a0vom\u00a0verifica\u00a0cu aten\u021bie\u00a0cerin\u021bele\u00a0,\u00a0vom\u00a0furniza documentele necesare\u00a0\u00a0\u0219i\u00a0\u00a0vom\u00a0\u00a0explica detaliile \u0219i taxele de sprijin\u00a0\u00a0. &nbsp; [&hellip;]<\/p>\n","protected":false},"author":2,"featured_media":0,"parent":0,"menu_order":0,"comment_status":"open","ping_status":"open","template":"","meta":{"footnotes":""},"tags":[],"class_list":["post-4115","page","type-page","status-publish"],"aioseo_notices":[],"_links":{"self":[{"href":"https:\/\/international-marriage.info\/ro\/wp-json\/wp\/v2\/pages\/4115","targetHints":{"allow":["GET"]}}],"collection":[{"href":"https:\/\/international-marriage.info\/ro\/wp-json\/wp\/v2\/pages"}],"about":[{"href":"https:\/\/international-marriage.info\/ro\/wp-json\/wp\/v2\/types\/page"}],"author":[{"embeddable":true,"href":"https:\/\/international-marriage.info\/ro\/wp-json\/wp\/v2\/users\/2"}],"replies":[{"embeddable":true,"href":"https:\/\/international-marriage.info\/ro\/wp-json\/wp\/v2\/comments?post=4115"}],"version-history":[{"count":0,"href":"https:\/\/international-marriage.info\/ro\/wp-json\/wp\/v2\/pages\/4115\/revisions"}],"wp:attachment":[{"href":"https:\/\/international-marriage.info\/ro\/wp-json\/wp\/v2\/media?parent=4115"}],"wp:term":[{"taxonomy":"post_tag","embeddable":true,"href":"https:\/\/international-marriage.info\/ro\/wp-json\/wp\/v2\/tags?post=4115"}],"curies":[{"name":"wp","href":"https:\/\/api.w.org\/{rel}","templated":true}]}}