{"id":4124,"date":"2021-01-14T22:58:20","date_gmt":"2021-01-14T13:58:20","guid":{"rendered":"https:\/\/international-marriage.info\/?page_id=4124"},"modified":"2021-01-14T22:58:20","modified_gmt":"2021-01-14T13:58:20","slug":"kankouchou","status":"publish","type":"page","link":"https:\/\/international-marriage.info\/ro\/kankouchou\/","title":{"rendered":"Birouri guvernamentale care pot fi relevante \u00eenainte \u0219i dup\u0103 c\u0103s\u0103toria interna\u021bional\u0103"},"content":{"rendered":"<h5><span>Lista loca\u021biilor birourilor ora\u0219ului, ora\u0219ului \u0219i satului<\/span><\/h5>\n<p><span>URL:\u00a0<\/span><a href=\"http:\/\/www.lasdec.nippon-net.ne.jp\/com\/addr\/jyu_top.htm\"><span>http:\/\/www.lasdec.nippon-net.ne.jp\/com\/addr\/jyu_top.htm<\/span><\/a><\/p>\n<h5><span>Biroul Imigr\u0103ri<\/span><\/h5>\n<p><span>URL:\u00a0<\/span><a href=\"http:\/\/www.immi-moj.go.jp\/index.html\"><span>http:\/\/www.immi-moj.go.jp\/index.html<\/span><\/a><\/p>\n<h5><span>Informa\u021bii despre pa\u0219aport (Ministerul Afacerilor Externe)<\/span><\/h5>\n<p><span>URL:\u00a0<\/span><a href=\"http:\/\/www.mofa.go.jp\/mofaj\/toko\/passport\/\"><span>http:\/\/www.mofa.go.jp\/mofaj\/toko\/passport\/<\/span><\/a><\/p>\n<h5><span>Lista birourilor de afaceri juridice \u0219i birourilor de afaceri juridice de district<\/span><\/h5>\n<p><span>URL:\u00a0<\/span><a href=\"http:\/\/www.moj.go.jp\/MINJI\/minji10.html\"><span>http:\/\/www.moj.go.jp\/MINJI\/minji10.html<\/span><\/a><\/p>\n<h5><span>Lista birourilor Hello Work<\/span><\/h5>\n<p><span>URL:\u00a0<\/span><a href=\"http:\/\/www.mhlw.go.jp\/kyujin\/hwmap.html\"><span>http:\/\/www.mhlw.go.jp\/kyujin\/hwmap.html<\/span><\/a><\/p>\n<h5><span>Lista agen\u021biilor fiscale na\u021bionale \u0219i a loca\u021biilor birourilor fiscale<\/span><\/h5>\n<p><span>URL:\u00a0<\/span><a href=\"http:\/\/www.nta.go.jp\/soshiki\/kokuzeikyoku\/chizu\/chizu.htm\"><span>http:\/\/www.nta.go.jp\/soshiki\/kokuzeikyoku\/chizu\/chizu.htm<\/span><\/a><\/p>\n<h5><span>Lista oficiilor notariale<\/span><\/h5>\n<p><span>URL:\u00a0<\/span><a href=\"http:\/\/www.koshonin.gr.jp\/sho.html\"><span>http:\/\/www.koshonin.gr.jp\/sho.html<\/span><\/a><\/p>\n","protected":false},"excerpt":{"rendered":"<p>Lista loca\u021biilor birourilor ora\u0219ului, ora\u0219ului \u0219i satului URL:\u00a0http:\/\/www.lasdec.nippon-net.ne.jp\/com\/addr\/jyu_top.htm Biroul Imigr\u0103ri URL:\u00a0http:\/\/www.immi-moj.go.jp\/index.html Informa\u021bii despre pa\u0219aport (Ministerul Afacerilor Externe) URL:\u00a0http:\/\/www.mofa.go.jp\/mofaj\/toko\/passport\/ Lista birourilor de afaceri juridice \u0219i birourilor de afaceri juridice de district URL:\u00a0http:\/\/www.moj.go.jp\/MINJI\/minji10.html Lista birourilor Hello Work URL:\u00a0http:\/\/www.mhlw.go.jp\/kyujin\/hwmap.html Lista agen\u021biilor fiscale na\u021bionale \u0219i a loca\u021biilor birourilor fiscale URL:\u00a0http:\/\/www.nta.go.jp\/soshiki\/kokuzeikyoku\/chizu\/chizu.htm Lista oficiilor notariale URL:\u00a0http:\/\/www.koshonin.gr.jp\/sho.html<\/p>\n","protected":false},"author":2,"featured_media":0,"parent":0,"menu_order":0,"comment_status":"open","ping_status":"open","template":"","meta":{"footnotes":""},"tags":[],"class_list":["post-4124","page","type-page","status-publish"],"aioseo_notices":[],"_links":{"self":[{"href":"https:\/\/international-marriage.info\/ro\/wp-json\/wp\/v2\/pages\/4124","targetHints":{"allow":["GET"]}}],"collection":[{"href":"https:\/\/international-marriage.info\/ro\/wp-json\/wp\/v2\/pages"}],"about":[{"href":"https:\/\/international-marriage.info\/ro\/wp-json\/wp\/v2\/types\/page"}],"author":[{"embeddable":true,"href":"https:\/\/international-marriage.info\/ro\/wp-json\/wp\/v2\/users\/2"}],"replies":[{"embeddable":true,"href":"https:\/\/international-marriage.info\/ro\/wp-json\/wp\/v2\/comments?post=4124"}],"version-history":[{"count":0,"href":"https:\/\/international-marriage.info\/ro\/wp-json\/wp\/v2\/pages\/4124\/revisions"}],"wp:attachment":[{"href":"https:\/\/international-marriage.info\/ro\/wp-json\/wp\/v2\/media?parent=4124"}],"wp:term":[{"taxonomy":"post_tag","embeddable":true,"href":"https:\/\/international-marriage.info\/ro\/wp-json\/wp\/v2\/tags?post=4124"}],"curies":[{"name":"wp","href":"https:\/\/api.w.org\/{rel}","templated":true}]}}