{"id":4130,"date":"2021-01-14T23:00:49","date_gmt":"2021-01-14T14:00:49","guid":{"rendered":"https:\/\/international-marriage.info\/?page_id=4130"},"modified":"2021-01-14T23:00:49","modified_gmt":"2021-01-14T14:00:49","slug":"taiwan","status":"publish","type":"page","link":"https:\/\/international-marriage.info\/ro\/taiwan\/","title":{"rendered":"Proceduri interna\u021bionale de c\u0103s\u0103torie cu resortisan\u021bi taiwanezi"},"content":{"rendered":"<p><span class=\"tadv-background-color\"><span>Dac\u0103 partenerul t\u0103u taiwanez locuie\u0219te \u00een prezent \u00een Japonia \u0219i po\u021bi ob\u021bine registrul familiei sale \u00een Taiwan, putem \u00eendeplini formalit\u0103\u021bile doar \u00een Japonia!<\/span><\/span><\/p>\n<p><span>\u00cen alte cazuri, nu conteaz\u0103 dac\u0103 procedura se desf\u0103\u0219oar\u0103 mai \u00eent\u00e2i \u00een Japonia sau Taiwan.<\/span><\/p>\n<p><span>\u00cen alte cazuri, nu conteaz\u0103 dac\u0103 aplica\u021bi mai \u00eent\u00e2i \u00een Japonia sau Taiwan.<\/span><\/p>\n<h2><span>Dac\u0103 dori\u021bi mai \u00eent\u00e2i s\u0103 solicita\u021bi c\u0103s\u0103toria \u00een Japonia<\/span><\/h2>\n<h4><span>1. Ob\u021binerea unei copii a registrului familiei dvs. \u00een Taiwan<\/span><\/h4>\n<p><span>Dac\u0103 sunte\u021bi cet\u0103\u021bean taiwanez, trebuie s\u0103 ob\u021bine\u021bi trei copii ale registrului familiei dvs. \u00een Taiwan.\u00a0Dac\u0103 v\u0103 afla\u021bi \u00een Japonia \u0219i ave\u021bi o cuno\u0219tin\u021b\u0103 \u00een Taiwan, pute\u021bi merge la Biroul de reprezentare economic\u0103 \u0219i cultural\u0103 din Taipei pentru a ob\u021bine formularul de cerere \u0219i o scrisoare de \u00eemputernicire pentru cuno\u0219tin\u021ba dvs.<\/span><\/p>\n<h4><span>2. Ob\u021binerea unui certificat de eligibilitate pentru c\u0103s\u0103torie<\/span><\/h4>\n<p><span>Pute\u021bi solicita un certificat de eligibilitate pentru c\u0103s\u0103torie la Biroul de reprezentare economic\u0103 \u0219i cultural\u0103 din Taipei.<\/span><\/p>\n<div class=\"wp-block-group has-light-green-cyan-background-color has-background\">\n<div class=\"wp-block-group__inner-container\">\n<p><span>Documentele necesare pentru resortisan\u021bii taiwanezi<\/span><\/p>\n<ul>\n<li class=\"odd\"><span>O copie a registrului familiei dvs. (este necesar\u0103 traducerea \u00een japonez\u0103)<\/span><\/li>\n<li class=\"even\"><span>Pa\u0219aport<\/span><\/li>\n<\/ul>\n<\/div>\n<\/div>\n<h4><span>3. \u00cenregistrarea c\u0103s\u0103toriei \u00een Japonia<\/span><\/h4>\n<p><span>Pentru a v\u0103 \u00eenregistra c\u0103s\u0103toria \u00een Japonia, v\u0103 rug\u0103m s\u0103 vizita\u021bi biroul local local din Japonia.<\/span><\/p>\n<div class=\"wp-block-group has-light-green-cyan-background-color has-background\">\n<div class=\"wp-block-group__inner-container\">\n<p><span>Documente necesare<\/span><\/p>\n<ul>\n<li class=\"odd\"><span>O copie a registrului familiei taiwaneze (este necesar\u0103 traducerea \u00een japonez\u0103) \u0219i pa\u0219aportul taiwanez<\/span><\/li>\n<li class=\"even\"><span>Sigiliul japonez (inkan)<\/span><\/li>\n<\/ul>\n<\/div>\n<\/div>\n<p><span>Dup\u0103 ce notificarea dvs. a fost acceptat\u0103, ve\u021bi putea ob\u021bine o copie a registrului dvs. de familie care s\u0103 prezinte so\u021bul dumneavoastr\u0103.\u00a0V\u0103 rug\u0103m s\u0103 ob\u021bine\u021bi trei copii ale acestui document.\u00a0(Una dintre ele va fi folosit\u0103 pentru a aplica o viz\u0103 de \u0219edere)<\/span><\/p>\n<h4><span>4. \u00cenregistreaz\u0103-\u021bi c\u0103s\u0103toria \u00een Taiwan<\/span><\/h4>\n<p><span>V\u0103 pute\u021bi \u00eenregistra c\u0103s\u0103toria fie \u00een Japonia, fie \u00een Taiwan.<\/span><\/p>\n<h5><span>Dac\u0103 \u00een Japonia<\/span><\/h5>\n<p><span>Tu \u0219i so\u021bia dvs. ar trebui s\u0103 merge\u021bi la Biroul Economic \u0219i Cultural din Taipei pentru a v\u0103 \u00eenregistra c\u0103s\u0103toria \u00een Taiwan.<\/span><\/p>\n<div class=\"wp-block-group has-light-green-cyan-background-color has-background\">\n<div class=\"wp-block-group__inner-container\">\n<p><span>Documente necesare<\/span><\/p>\n<ul>\n<li class=\"odd\"><span>Dou\u0103 copii ale \u00eenregistr\u0103rii familiei dvs. cu numele so\u021bului \/ so\u021biei dvs. \u0219i ambele pa\u0219apoarte<\/span><\/li>\n<li class=\"even\"><span>Un sigiliu personal cu numele complet al cet\u0103\u021beanului taiwanez.<\/span><\/li>\n<li class=\"odd\"><span>O copie a registrului de familie al cet\u0103\u021beanului taiwanez c\u00e2nd acesta nu era c\u0103s\u0103torit (copia ob\u021binut\u0103 la 1)<\/span><\/li>\n<li class=\"even\"><span>Certificatul de c\u0103s\u0103torie va fi eliberat \u00een aproximativ 2 zile de la depunerea cererii.<\/span><\/li>\n<\/ul>\n<\/div>\n<\/div>\n<h5><span>Dac\u0103 se face \u00een Taiwan<\/span><\/h5>\n<p><span>Dou\u0103 copii ale registrului familiei dvs. cu datele so\u021bului \/ so\u021biei dvs. vor fi autentificate la Biroul de reprezentare economic\u0103 \u0219i cultural\u0103 din Taipei.\u00a0Cele dou\u0103 copii certificate ale certificatului de c\u0103s\u0103torie trebuie depuse la prim\u0103ria locului de re\u0219edin\u021b\u0103 din Taiwan.<\/span><\/p>\n<h2><span>Dac\u0103 dori\u021bi mai \u00eent\u00e2i s\u0103 solicita\u021bi c\u0103s\u0103toria \u00een Taiwan<\/span><\/h2>\n<h4><span>1. Ob\u021binerea unei copii a registrului familiei dvs.<\/span><\/h4>\n<p><span>Cet\u0103\u021benii japonezi ar trebui s\u0103 ob\u021bin\u0103 o copie a registrului familiei lor la biroul municipal de la locul de re\u0219edin\u021b\u0103 sau de domiciliu.\u00a0Dup\u0103 ob\u021binerea unei copii a registrului familiei dvs., va trebui s\u0103 c\u0103l\u0103tori\u021bi din Japonia \u00een Taiwan.<\/span><\/p>\n<h4><span>2. Ob\u021bine\u021bi un certificat de eligibilitate pentru c\u0103s\u0103torie<\/span><\/h4>\n<p><span>Pute\u021bi ob\u021bine un \u201eCertificat de eligibilitate pentru c\u0103s\u0103torie\u201d la Biroul Asocia\u021biei Interna\u021bionale de Schimb Taipei sau la Biroul Kaohsiung din Taiwan.<\/span><\/p>\n<div class=\"wp-block-group has-light-green-cyan-background-color has-background\">\n<div class=\"wp-block-group__inner-container\">\n<p><span>Documente necesare<\/span><\/p>\n<ul>\n<li class=\"odd\"><span>O copie a registrului familiei japoneze<\/span><\/li>\n<li class=\"even\"><span>Pa\u0219aport japonez (original \u0219i copie)<\/span><\/li>\n<\/ul>\n<\/div>\n<\/div>\n<h4><span>3. Certificarea certificatului de eligibilitate pentru c\u0103s\u0103torie<\/span><\/h4>\n<p><span>Certificatul de eligibilitate pentru c\u0103s\u0103torie va fi autentificat la Biroul consular al Ministerului Afacerilor Externe din Taiwan.\u00a0Acest proces dureaz\u0103 aproximativ dou\u0103 zile.<\/span><\/p>\n<h4><span>4\uff0eTrimiterea certificatului de c\u0103s\u0103torie c\u0103tre Taiwan<\/span><\/h4>\n<p><span>Dvs. \u0219i so\u021bia dvs. ve\u021bi merge la prim\u0103ria din Taiwan \u0219i ve\u021bi trimite \u201eCertificatul de eligibilitate pentru c\u0103s\u0103torie\u201d \u0219i \u201eCertificatul de c\u0103s\u0103torie\u201d.\u00a0Odat\u0103 ce notificarea este acceptat\u0103, ve\u021bi putea ob\u021bine o \u201ecopie a registrului familiei cu informa\u021biile so\u021bului dumneavoastr\u0103\u201d \u0219i un \u201ecertificat de c\u0103s\u0103torie\u201d.<\/span><\/p>\n<p><span>Acesta este sf\u00e2r\u0219itul procedurii \u00een Taiwan.\u00a0S\u0103 ne \u00eentoarcem \u00een Japonia.<\/span><\/p>\n<h4><span>5. \u00cenregistreaz\u0103-\u021bi c\u0103s\u0103toria \u00een Japonia<\/span><\/h4>\n<p><span>V\u0103 pute\u021bi \u00eenregistra c\u0103s\u0103toria la biroul municipal din Japonia.<\/span><\/p>\n<div class=\"wp-block-group has-light-green-cyan-background-color has-background\">\n<div class=\"wp-block-group__inner-container\">\n<p><span>Documente necesare<\/span><\/p>\n<ul>\n<li class=\"odd\"><span>Certificat de c\u0103s\u0103torie (este necesar\u0103 traducerea \u00een japonez\u0103) \u0219i o copie a registrului familiei so\u021bului \/ so\u021biei dvs. (este necesar\u0103 traducerea \u00een japonez\u0103)<\/span><\/li>\n<li class=\"even\"><span>Pa\u0219aport taiwanez (nu este necesar dac\u0103 nu a fost deja eliberat)<\/span><\/li>\n<li class=\"odd\"><span>Sigiliul japonez (inkan)<\/span><\/li>\n<\/ul>\n<\/div>\n<\/div>\n","protected":false},"excerpt":{"rendered":"<p>Dac\u0103 partenerul t\u0103u taiwanez locuie\u0219te \u00een prezent \u00een Japonia \u0219i po\u021bi ob\u021bine registrul familiei sale \u00een Taiwan, putem \u00eendeplini formalit\u0103\u021bile doar \u00een Japonia! \u00cen alte cazuri, nu conteaz\u0103 dac\u0103 procedura se desf\u0103\u0219oar\u0103 mai \u00eent\u00e2i \u00een Japonia sau Taiwan. \u00cen alte cazuri, nu conteaz\u0103 dac\u0103 aplica\u021bi mai \u00eent\u00e2i \u00een Japonia sau Taiwan. Dac\u0103 dori\u021bi mai \u00eent\u00e2i s\u0103 solicita\u021bi c\u0103s\u0103toria \u00een Japonia 1. Ob\u021binerea unei copii a registrului familiei dvs. \u00een Taiwan Dac\u0103 sunte\u021bi cet\u0103\u021bean taiwanez, trebuie s\u0103 ob\u021bine\u021bi trei copii ale registrului familiei dvs. \u00een Taiwan.\u00a0Dac\u0103 v\u0103 afla\u021bi \u00een Japonia \u0219i ave\u021bi o cuno\u0219tin\u021b\u0103 \u00een Taiwan, pute\u021bi merge la Biroul de reprezentare economic\u0103 \u0219i cultural\u0103 din Taipei pentru a ob\u021bine formularul [&hellip;]<\/p>\n","protected":false},"author":2,"featured_media":0,"parent":0,"menu_order":0,"comment_status":"closed","ping_status":"closed","template":"","meta":{"footnotes":""},"tags":[],"class_list":["post-4130","page","type-page","status-publish"],"aioseo_notices":[],"_links":{"self":[{"href":"https:\/\/international-marriage.info\/ro\/wp-json\/wp\/v2\/pages\/4130","targetHints":{"allow":["GET"]}}],"collection":[{"href":"https:\/\/international-marriage.info\/ro\/wp-json\/wp\/v2\/pages"}],"about":[{"href":"https:\/\/international-marriage.info\/ro\/wp-json\/wp\/v2\/types\/page"}],"author":[{"embeddable":true,"href":"https:\/\/international-marriage.info\/ro\/wp-json\/wp\/v2\/users\/2"}],"replies":[{"embeddable":true,"href":"https:\/\/international-marriage.info\/ro\/wp-json\/wp\/v2\/comments?post=4130"}],"version-history":[{"count":0,"href":"https:\/\/international-marriage.info\/ro\/wp-json\/wp\/v2\/pages\/4130\/revisions"}],"wp:attachment":[{"href":"https:\/\/international-marriage.info\/ro\/wp-json\/wp\/v2\/media?parent=4130"}],"wp:term":[{"taxonomy":"post_tag","embeddable":true,"href":"https:\/\/international-marriage.info\/ro\/wp-json\/wp\/v2\/tags?post=4130"}],"curies":[{"name":"wp","href":"https:\/\/api.w.org\/{rel}","templated":true}]}}