{"id":4132,"date":"2021-01-14T23:02:46","date_gmt":"2021-01-14T14:02:46","guid":{"rendered":"https:\/\/international-marriage.info\/?page_id=4132"},"modified":"2021-01-14T23:02:46","modified_gmt":"2021-01-14T14:02:46","slug":"stuff","status":"publish","type":"page","link":"https:\/\/international-marriage.info\/ro\/stuff\/","title":{"rendered":"Introducerea personalului \u0219i a birourilor"},"content":{"rendered":"<p>Urm\u0103torul este o prezentare general\u0103 a personalului nostru \u0219i a biroului nostru, care vor face tot posibilul pentru a v\u0103 ajuta s\u0103 v\u0103 realiza\u021bi visul de a v\u0103 c\u0103s\u0103tori \u0219i a locui \u00een Japonia c\u00e2t mai repede posibil.<\/p>\n<h2>Personalul de sprijin pentru cererea de viz\u0103 la Biroul pentru imigr\u0103ri<\/h2>\n<figure class=\"wp-block-image size-large\"><img loading=\"lazy\" decoding=\"async\" class=\"wp-image-2399\" src=\"https:\/\/www.visa-support.info\/wp-content\/uploads\/staff-yoko2019-e.jpg.pagespeed.ce.64TPO5hREr.jpg\" sizes=\"auto, (max-width: 677px) 100vw, 677px\" srcset=\"https:\/\/www.visa-support.info\/wp-content\/uploads\/staff-yoko2019-e.jpg.pagespeed.ce.64TPO5hREr.jpg 677w, https:\/\/www.visa-support.info\/wp-content\/uploads\/staff-yoko2019-e-300x50.jpg.pagespeed.ce.6nnpNQAMpp.jpg 300w\" alt=\"\" width=\"677\" height=\"112\" \/><\/figure>\n<p class=\"has-text-align-right\"><a href=\"#ji\">Introducerea biroului<\/a><\/p>\n<h3>reprezentant, Control administrativ specific Yoshitomo Nomura<\/h3>\n<div class=\"wp-block-image\">\n<figure class=\"alignleft\"><img loading=\"lazy\" decoding=\"async\" class=\"wp-image-2144\" src=\"https:\/\/www.visa-support.info\/wp-content\/uploads\/nomura200.jpg.pagespeed.ce.faT_B8Ae2h.jpg\" sizes=\"auto, (max-width: 200px) 100vw, 200px\" srcset=\"https:\/\/www.visa-support.info\/wp-content\/uploads\/nomura200.jpg.pagespeed.ce.faT_B8Ae2h.jpg 200w, https:\/\/www.visa-support.info\/wp-content\/uploads\/nomura200-150x150.jpg.pagespeed.ce.4tvuz8-xSV.jpg 150w, https:\/\/www.visa-support.info\/wp-content\/uploads\/nomura200-60x60.jpg.pagespeed.ce.sZGL669zER.jpg 60w\" alt=\"\" width=\"200\" height=\"200\" \/><\/figure>\n<\/div>\n<p>N\u0103scut \u00een Aichi, Japonia \u00een 1972.<\/p>\n<p>C\u00e2nd am folosit eu consiliere juridic\u0103 ca utilizator, am fost \u0219ocat de atitudine slab\u0103, r\u0103spuns slab \u0219i nesim\u021bire la jargonul dificil repetat. Mi s-a \u00eent\u00e2mplat s\u0103 cred c\u0103 partenerul meu era r\u0103u, a\u0219a c\u0103 m-am consultat cu altcineva, dar nu a existat nicio diferen\u021b\u0103 mare \u0219i, ulterior, am aflat c\u0103 profesia de consilier juridic era un nivel foarte sc\u0103zut de con\u0219tientizare \u00een industria serviciilor. Am decis s\u0103 deschid un birou pentru a reduce num\u0103rul persoanelor cu reclama\u021bii \u0219i anxiet\u0103\u021bi similare.<\/p>\n<p>Pentru a rezolva diverse anxiet\u0103\u021bi, cred c\u0103 este esen\u021bial nu doar s\u0103 ai cuno\u0219tin\u021be juridice, ci \u0219i s\u0103 ai o vast\u0103 experien\u021b\u0103 social\u0103. Din acest motiv, am experimentat munca la directorul sucursalei unei companii de personal, conducerea depozitului \u0219i \u0219oferul camion distribu\u021bie, administratorul de tranzac\u021bii de locuin\u021be \u0219i cl\u0103diri al unei companii imobiliare pentru locuin\u021be \u0219i biroul de control judiciar, care este conectat la lucrarea curent\u0103.<\/p>\n<p>\u00cen biroul nostru, ne str\u0103duim \u00eentotdeauna s\u0103 cre\u0103m o atmosfer\u0103 care v\u0103 face mai u\u0219or s\u0103 v\u0103 consulta\u021bi, s\u0103 r\u0103spundem mai rapid dec\u00e2t oricine altcineva, s\u0103 v\u0103 explic\u0103m mai u\u0219or chiar dac\u0103 sunte\u021bi nou pentru noi \u0219i \u00eencerc\u0103m tot posibilul pentru a v\u0103 atinge obiectivele c\u00e2t mai cur\u00e2nd posibil. V\u0103 rug\u0103m s\u0103 nu ezita\u021bi s\u0103 m\u0103 contacta\u021bi dac\u0103 ave\u021bi probleme.<\/p>\n<h3>Directorul filialei Hakata, director administrativ Yoshihiro Ikeda<\/h3>\n<div class=\"wp-block-image\">\n<figure class=\"alignleft\"><img loading=\"lazy\" decoding=\"async\" class=\"wp-image-2095\" src=\"https:\/\/international-marriage.info\/wp-content\/uploads\/\/1088333-200x200.png\" sizes=\"auto, (max-width: 200px) 100vw, 200px\" srcset=\"https:\/\/international-marriage.info\/wp-content\/uploads\/\/1088333-200x200.png 200w, https:\/\/www.visa-support.info\/wp-content\/uploads\/ikeda200-150x150.jpg.pagespeed.ce.Zx9OnpcdUL.jpg 150w, https:\/\/www.visa-support.info\/wp-content\/uploads\/ikeda200-60x60.jpg.pagespeed.ce.iwQHDD_vww.jpg 60w\" alt=\"\" width=\"200\" height=\"200\" \/><\/figure>\n<\/div>\n<p>N\u0103scut \u00een Hiroshima, Japonia \u00een 1973.<\/p>\n<p>\u00cenainte de jobul meu actual de asisten\u021b\u0103 juridic\u0103, am experimentat diferite domenii precum servicii, consultan\u021b\u0103 \u0219i produc\u021bie de design grafic. Prin urmare, cred c\u0103 nu ar trebui s\u0103 putem vorbi cuvinte \u0219i ac\u021biuni nepoliticoase care sunt obi\u0219nuite \u00een aceast\u0103 industrie \u0219i termeni tehnici greu de \u00een\u021beles pentru publicul larg. Din punctul de vedere al clientului, propunem modalit\u0103\u021bi de a ne atinge obiectivele \u0219i de a face tot posibilul pentru a asigura lini\u0219tea sufletului c\u00e2t mai cur\u00e2nd posibil.<\/p>\n<p>Este posibil s\u0103 ave\u021bi multe \u00eengrijor\u0103ri atunci c\u00e2nd ne contacta\u021bi prima dat\u0103.<br \/>\nCu toate acestea, chiar dac\u0103 nu cunoa\u0219te\u021bi premisa, ne g\u00e2ndim \u00eentotdeauna la ce s\u0103 facem pentru a v\u0103 \u00een\u021belege, cre\u00e2nd o atmosfer\u0103 u\u0219or de vorbit \u0219i de r\u0103spuns rapid. V\u0103 rug\u0103m s\u0103 nu ezita\u021bi s\u0103 ne contacta\u021bi.<\/p>\n<h3>Administrativ Scrivener Kenji Sengoku<\/h3>\n<div class=\"wp-block-image\">\n<figure class=\"alignleft\"><img loading=\"lazy\" decoding=\"async\" class=\"wp-image-2174\" src=\"https:\/\/www.visa-support.info\/wp-content\/uploads\/sengoku200-2.jpg.pagespeed.ce.m39GKUM294.jpg\" sizes=\"auto, (max-width: 200px) 100vw, 200px\" srcset=\"https:\/\/www.visa-support.info\/wp-content\/uploads\/sengoku200-2.jpg.pagespeed.ce.m39GKUM294.jpg 200w, https:\/\/www.visa-support.info\/wp-content\/uploads\/sengoku200-2-150x150.jpg.pagespeed.ce.qlBlFu8YvX.jpg 150w, https:\/\/www.visa-support.info\/wp-content\/uploads\/sengoku200-2-60x60.jpg.pagespeed.ce.Gi38iquyzc.jpg 60w\" alt=\"\" width=\"200\" height=\"200\" \/><\/figure>\n<\/div>\n<p>N\u0103scut \u00een Chiba, Japonia \u00een 1974.<\/p>\n<p>Dup\u0103 absolvirea facult\u0103\u021bii, am descoperit meseria de administrator administrativ prin industria hotelier\u0103 \u0219i prin posturi legate de telecomunica\u021bii. \u00cen timp ce lucram la locul de munc\u0103 obi\u0219nuit, am citit ghiduri guvernamentale obscure \u0219i am ascultat explica\u021bii neprietenoase ale procedurilor. Am experimentat c\u00e2t de greu este de f\u0103cut. Am devenit func\u021bionar \u00een drept administrativ pentru c\u0103 mi-a explicat \u00eentr-un limbaj simplu \u0219i a f\u0103cut procesul obositor mai rapid. Suntem extrem de con\u0219tien\u021bi de necesitatea unor profesioni\u0219ti care s\u0103 ne poat\u0103 reprezenta \u00een mod fiabil.<\/p>\n<p>Este o chestiune bine\u00een\u021beles s\u0103 proced\u0103m f\u0103r\u0103 probleme, dar este, de asemenea, important pentru noi s\u0103 oferim solu\u021bii la grijile clien\u021bilor no\u0219tri \u0219i v\u0103 voi explica cum s\u0103 v\u0103 explic procesul \u0219i documentele necesare \u00eentr-un mod u\u0219or de \u00een\u021beles.<\/p>\n<p>Dac\u0103 ave\u021bi o problem\u0103 cu o procedur\u0103, v\u0103 rug\u0103m s\u0103 nu ezita\u021bi s\u0103 ne contacta\u021bi, chiar dac\u0103 este una banal\u0103. A\u0219 dori s\u0103 pre\u021buiesc rela\u021bia mea cu tine, a\u0219a c\u0103 te rog nu ezita s\u0103 m\u0103 contactezi.<\/p>\n<h3>Administrator administrativ Kazuya Hirose<\/h3>\n<div class=\"wp-block-image\">\n<figure class=\"alignleft\"><img loading=\"lazy\" decoding=\"async\" class=\"wp-image-2099\" src=\"https:\/\/www.visa-support.info\/wp-content\/uploads\/hirose200.jpg.pagespeed.ce.7uPFrSH-l3.jpg\" sizes=\"auto, (max-width: 200px) 100vw, 200px\" srcset=\"https:\/\/www.visa-support.info\/wp-content\/uploads\/hirose200.jpg.pagespeed.ce.7uPFrSH-l3.jpg 200w, https:\/\/www.visa-support.info\/wp-content\/uploads\/hirose200-150x150.jpg.pagespeed.ce.yU9xbvKZ4f.jpg 150w, https:\/\/www.visa-support.info\/wp-content\/uploads\/hirose200-60x60.jpg.pagespeed.ce.dGbX1bOAso.jpg 60w\" alt=\"\" width=\"200\" height=\"200\" \/><\/figure>\n<\/div>\n<p>N\u0103scut \u00een Hyogo, Japonia \u00een 1977.<\/p>\n<p>A\u021bi avut vreodat\u0103 probleme la preg\u0103tirea documentelor sau la depunerea documentelor la un birou guvernamental?<\/p>\n<p>Prietenul meu a fost unul dintre ei. El a fost deranjat de procedurile complicate de c\u0103s\u0103torie \u0219i de via\u021b\u0103 \u00een Japonia. Persoana care l-a ajutat a fost inspector administrativ. C\u00e2nd am auzit aceast\u0103 poveste, mi-am dat seama c\u0103 a\u0219 putea face acest lucru pentru a m\u0103 lega de oameni \u0219i a-i ajuta, un fel de sprijin din culise \u0219i de aceea am decis s\u0103 devin un administrator administrativ.<\/p>\n<p>A\u0219 dori s\u0103 profitez de experien\u021ba mea \u00een industria serviciilor pentru clien\u021bi de mai bine de 10 ani \u0219i a\u0219 dori s\u0103 depun tot efortul pentru a-i face pe clien\u021bii mei ferici\u021bi.<br \/>\nAsist \u00een problemele unui client, astfel \u00eenc\u00e2t s\u0103 pot \u00eent\u00e2lni z\u00e2mbetul multor clien\u021bi. V\u0103 rug\u0103m s\u0103 nu ezita\u021bi s\u0103 ne contacta\u021bi.<\/p>\n<h3>Administrator administrativ Shotaro Ishizaki<\/h3>\n<div class=\"wp-block-image\">\n<figure class=\"alignleft\"><img loading=\"lazy\" decoding=\"async\" class=\"wp-image-2429\" src=\"https:\/\/www.visa-support.info\/wp-content\/uploads\/ishizaki.jpg.pagespeed.ce.QpV4YqztBA.jpg\" sizes=\"auto, (max-width: 200px) 100vw, 200px\" srcset=\"https:\/\/www.visa-support.info\/wp-content\/uploads\/ishizaki.jpg.pagespeed.ce.QpV4YqztBA.jpg 200w, https:\/\/www.visa-support.info\/wp-content\/uploads\/ishizaki-150x150.jpg.pagespeed.ce.pLxd4t8Kzm.jpg 150w, https:\/\/www.visa-support.info\/wp-content\/uploads\/ishizaki-60x60.jpg.pagespeed.ce.q8XK9A9r-d.jpg 60w\" alt=\"\" width=\"200\" height=\"200\" \/><\/figure>\n<\/div>\n<p>N\u0103scut la Tokyo, Japonia \u00een februarie 1995<\/p>\n<p>\u00cenainte de a-mi asuma locul de munc\u0103 actual, am lucrat pentru o corpora\u021bie judiciar\u0103. Cred c\u0103 exist\u0103 oameni care sunt confuza\u021bi de proceduri legale cu care nu sunt familiariza\u021bi \u00een mod normal.<\/p>\n<p>Din experien\u021ba mea \u00een slujba mea anterioar\u0103, am reu\u0219it s\u0103 lucrez cu clien\u021bii mei pentru a le elimina preocup\u0103rile \u0219i \u00eentreb\u0103rile. Am \u00eenv\u0103\u021bat importan\u021ba acestui lucru. Vreau s\u0103 ajut clien\u021bii \u00eentr-o gam\u0103 mai larg\u0103 de domenii ca control administrativ, nu numai \u00een afaceri legate de \u00eenregistrare. A\u0219a c\u0103 m-am al\u0103turat Ai-Support pentru c\u0103 am vrut s\u0103 pot face asta.<\/p>\n<p>\u201ePreg\u0103tirea \u0219i trimiterea documentelor c\u0103tre func\u021bii publice\u201d este u\u0219or de descris, dar \u00een realitate, este aproape \u00eentotdeauna dificil de \u00een\u021beles datorit\u0103 legilor implicate. Dac\u0103 ave\u021bi nel\u0103muriri sau \u00eengrijor\u0103ri cu privire la proceduri, v\u0103 rug\u0103m s\u0103 ne contacta\u021bi. Vom \u00eencerca tot posibilul pentru a evita utilizarea unei terminologii dificile \u0219i pentru a sprijini clien\u021bii no\u0219tri s\u0103 continue procedura cu satisfac\u021bia dvs. Tot personalul nostru va face tot posibilul pentru a v\u0103 ajuta, a\u0219a c\u0103 v\u0103 rug\u0103m s\u0103 ne contacta\u021bi.<\/p>\n<h3>Administrator administrativ Megumi Honda<\/h3>\n<div class=\"wp-block-image\">\n<figure class=\"alignleft\"><img loading=\"lazy\" decoding=\"async\" class=\"wp-image-2444\" src=\"https:\/\/www.visa-support.info\/wp-content\/uploads\/honda.jpg.pagespeed.ce.fJq-6pIJ3Y.jpg\" sizes=\"auto, (max-width: 200px) 100vw, 200px\" srcset=\"https:\/\/www.visa-support.info\/wp-content\/uploads\/honda.jpg.pagespeed.ce.fJq-6pIJ3Y.jpg 200w, https:\/\/www.visa-support.info\/wp-content\/uploads\/honda-150x150.jpg.pagespeed.ce.RsUugnS8p9.jpg 150w, https:\/\/www.visa-support.info\/wp-content\/uploads\/honda-60x60.jpg.pagespeed.ce.0PDe-FESmL.jpg 60w\" alt=\"\" width=\"200\" height=\"200\" \/><\/figure>\n<\/div>\n<p>N\u0103scut \u00een Chiba, Japonia \u00een 1983.<\/p>\n<p>P\u0103rin\u021bii mei erau am\u00e2ndoi \u00een afaceri private.<br \/>\nC\u00e2nd eram t\u00e2n\u0103r, obi\u0219nuiam s\u0103 m\u0103 pl\u00e2ng c\u0103 mi-era dor de mama c\u00e2nd veneam de la \u0219coal\u0103, pentru c\u0103 nu era acas\u0103.<\/p>\n<p>Poate pentru c\u0103 am fost crescut \u00eentr-un astfel de mediu, am avut impresia c\u0103 a lucra pe cont propriu este o munc\u0103 grea.<br \/>\nCu toate acestea, am decis s\u0103 \u00eemi deschid propria afacere de cur\u0103\u021benie ca proprietar unic.<br \/>\nOdat\u0103 ce am \u00eenceput de fapt s\u0103 conduc magazinul, a trebuit s\u0103 g\u0103sesc for\u021ba de munc\u0103, s\u0103 depun declara\u021bii privind impozitul pe venit \u0219i a\u0219a mai departe, totul \u00een timp ce f\u0103ceam afacerea de zi cu zi, ceea ce a fost foarte dificil.<\/p>\n<p>La acel moment, un inspector administrativ era cel care se ocupa de consultarea cu privire la proceduri.<br \/>\nAcesta a fost catalizatorul meu pentru a deveni ulterior un administrator administrativ.<\/p>\n<p>\u0218tiu c\u0103 oamenii care vin la mine pentru consultare au o varietate de sentimente.<br \/>\nA\u021bi avut vreodat\u0103 momente dificile c\u00e2nd a\u021bi decis s\u0103 \u00eencepe\u021bi ceva?<\/p>\n<p>Ne-am angajat s\u0103 oferim cele mai bune solu\u021bii posibile la problemele clien\u021bilor no\u0219tri.<br \/>\nV\u0103 rug\u0103m s\u0103 nu ezita\u021bi s\u0103 ne contacta\u021bi pentru orice g\u00e2nduri.<\/p>\n<h3>Controlor administrativ calificat Makiko Okakawa<\/h3>\n<div class=\"wp-block-image\">\n<figure class=\"alignleft\"><img loading=\"lazy\" decoding=\"async\" class=\"wp-image-2095\" src=\"https:\/\/international-marriage.info\/wp-content\/uploads\/\/1088333-200x200.png\" sizes=\"auto, (max-width: 200px) 100vw, 200px\" srcset=\"https:\/\/international-marriage.info\/wp-content\/uploads\/\/1088333-200x200.png 200w, https:\/\/www.visa-support.info\/wp-content\/uploads\/okagawa200-150x150.jpg.pagespeed.ce.aoYQqyR7kW.jpg 150w, https:\/\/www.visa-support.info\/wp-content\/uploads\/okagawa200-60x60.jpg.pagespeed.ce.jIGz5foMjc.jpg 60w\" alt=\"\" width=\"200\" height=\"200\" \/><\/figure>\n<\/div>\n<p>N\u0103scut \u00een 1975 \u00een Hokkaido, Japonia. Calificat ca expert administrativ \u00een timpul facult\u0103\u021bii.<br \/>\nDup\u0103 absolvirea universit\u0103\u021bii, am lucrat ca director de programe de informare la un post de televiziune din Sapporo timp de aproximativ cinci ani.<\/p>\n<p>Am \u00eenv\u0103\u021bat cum s\u0103 fac un program mai u\u0219or de \u00een\u021beles \u0219i de memorat \u00een termene limit\u0103 str\u00e2nse \u0219i cum s\u0103 coordonez un echipaj pentru a-l transmite \u00een aer.<\/p>\n<p>Am fost responsabil de o mare varietate de afaceri, inclusiv proprietari de restaurante \u0219i buc\u0103tari, departamente de departamente de rela\u021bii publice, birouri guvernamentale \u0219i poli\u021bie.<\/p>\n<p>Slujba mea anterioar\u0103 \u0219i munca mea de administrator administrativ par foarte diferite, dar cred c\u0103 sunt de fapt foarte asem\u0103n\u0103toare. \u00cemi cunosc bine clien\u021bii, le ascult solicit\u0103rile \u0219i aleg metoda care cred c\u0103 este cea mai bun\u0103 pentru ei. \u00cen acest sens, simt c\u0103 experien\u021ba mea din trecut este extrem de util\u0103.<\/p>\n<p>\u00cen munca mea de supraveghetor administrativ, sunt obligat s\u0103 particip la situa\u021bii importante din via\u021b\u0103. V\u0103 voi asculta cu aten\u021bie \u0219i voi \u00eencerca s\u0103 fac tot posibilul pentru a fi corect\u0103 \u0219i sincer\u0103, a\u0219a c\u0103 v\u0103 rog s\u0103 face\u021bi! Iti multumesc pentru sprijin.<\/p>\n<h3>Asistent administrativ administrativ, tax\u0103 client Mayu Namimoto<\/h3>\n<div class=\"wp-block-image\">\n<figure class=\"alignleft\"><img loading=\"lazy\" decoding=\"async\" class=\"wp-image-2159\" src=\"https:\/\/www.visa-support.info\/wp-content\/uploads\/namimoto200.jpg.pagespeed.ce.YhaPh6waqp.jpg\" sizes=\"auto, (max-width: 200px) 100vw, 200px\" srcset=\"https:\/\/www.visa-support.info\/wp-content\/uploads\/namimoto200.jpg.pagespeed.ce.YhaPh6waqp.jpg 200w, https:\/\/www.visa-support.info\/wp-content\/uploads\/namimoto200-150x150.jpg.pagespeed.ce.n0ElVnENwq.jpg 150w, https:\/\/www.visa-support.info\/wp-content\/uploads\/namimoto200-60x60.jpg.pagespeed.ce.tsu8UmUsfp.jpg 60w\" alt=\"\" width=\"200\" height=\"200\" \/><\/figure>\n<\/div>\n<p>C\u00e2nd vrei s\u0103 vorbe\u0219ti cu cineva despre problemele tale, este posibil s\u0103 nu \u0219tii cu cine s\u0103 vorbe\u0219ti, iar unii dintre voi se pot sim\u021bi nelini\u0219ti\u021bi.<\/p>\n<p>V\u0103 recomand\u0103m s\u0103 contacta\u021bi Ai-Support Cabinet juridic general\u00a0 atunci c\u00e2nd ave\u021bi nevoie de ajutor \u00een materie de procedur\u0103 \u0219i preg\u0103tirea documentelor.<\/p>\n<p>Deoarece suntem o organiza\u021bie corporativ\u0103 cu o re\u021bea larg\u0103, cele mai multe dintre problemele care nu pot fi rezolvate \u00een biroul nostru pot fi rezolvate prin referirea la al\u021bi profesioni\u0219ti de \u00eencredere.<\/p>\n<p>\u00cen plus, acord\u0103m o mare importan\u021b\u0103 cre\u0103rii unei atmosfere u\u0219or de vorbit, ceea ce este neobi\u0219nuit pentru biroul administratorului administrativ. Avem un sistem pentru a primi consulta\u021bii u\u0219or \u0219i cu simpatie. Prin urmare, prima dat\u0103 vizitatorii nu se vor sim\u021bi intimida\u021bi.<\/p>\n<p>M\u0103 voi asigura c\u0103 clien\u021bii no\u0219tri sunt capabili s\u0103 asculte orice au probleme sau despre care au \u00eentreb\u0103ri. Personalul nostru lucreaz\u0103 din greu zi \u0219i noapte. \u00cen primul r\u00e2nd, v\u0103 rug\u0103m s\u0103 nu ezita\u021bi s\u0103 ne contacta\u021bi.<\/p>\n<h3>Afaceri generale, asistent administrativ administrativ, tax\u0103 client Shizue Yamanaka<\/h3>\n<div class=\"wp-block-image\">\n<figure class=\"alignleft\"><img loading=\"lazy\" decoding=\"async\" class=\"wp-image-2219\" src=\"https:\/\/www.visa-support.info\/wp-content\/uploads\/yamanaka200.jpg.pagespeed.ce.840piGQUXK.jpg\" sizes=\"auto, (max-width: 200px) 100vw, 200px\" srcset=\"https:\/\/www.visa-support.info\/wp-content\/uploads\/yamanaka200.jpg.pagespeed.ce.840piGQUXK.jpg 200w, https:\/\/www.visa-support.info\/wp-content\/uploads\/yamanaka200-150x150.jpg.pagespeed.ce.RFFYdFU06b.jpg 150w, https:\/\/www.visa-support.info\/wp-content\/uploads\/yamanaka200-60x60.jpg.pagespeed.ce.IUyS2x7W7W.jpg 60w\" alt=\"\" width=\"200\" height=\"200\" \/><\/figure>\n<\/div>\n<p>Dup\u0103 ce am n\u0103scut \u0219i am crescut copilul, m-am al\u0103turat lui Ai-Support Cabinet juridic general\u00a0 \u00een august 2007 ca asistent al unui contabil \u0219i administrator administrativ \u0219i iat\u0103-m\u0103 ast\u0103zi.<\/p>\n<p>Deoarece mul\u021bi dintre clien\u021bii no\u0219tri trebuie s\u0103 se ocupe de proceduri care pot s\u0103 apar\u0103 sau nu o dat\u0103 \u00een via\u021ba lor, cred c\u0103 mul\u021bi dintre cei care vin la noi pentru consultare sunt deseori anxio\u0219i \u0219i nervo\u0219i.<\/p>\n<p>Prin urmare, ceea ce \u00eencerc\u0103m s\u0103 facem \u00een biroul nostru \u00een ansamblu este de a atenua anxietatea \u0219i tensiunea clien\u021bilor no\u0219tri, astfel \u00eenc\u00e2t ace\u0219tia s\u0103 se simt\u0103 liberi s\u0103 se consulte cu noi. Cre\u0103m o atmosfer\u0103 u\u0219or de realizat. \u00cen plus, \u00eencerc\u0103m s\u0103 evit\u0103m s\u0103 utiliz\u0103m termeni tehnici \u0219i s\u0103 oferim explica\u021bii u\u0219or de \u00een\u021beles, care pot fi \u00een\u021belese f\u0103r\u0103 cuno\u0219tin\u021be prealabile. Cred c\u0103 o alt\u0103 caracteristic\u0103 a acestui birou este c\u0103 \u00eentregul birou organizeaz\u0103 \u00een mod regulat sesiuni de instruire, astfel \u00eenc\u00e2t s\u0103 putem. Vom fi bucuro\u0219i s\u0103 v\u0103 ajut\u0103m.<\/p>\n<p>V\u0103 rug\u0103m s\u0103 nu ezita\u021bi s\u0103 ne contacta\u021bi, deoarece personalul nostru \u0219i inspectorul nostru administrativ vor depune toate eforturile pentru a v\u0103 face s\u0103 v\u0103 sim\u021bi\u021bi bine \u00een leg\u0103tur\u0103 cu consultarea \u0219i solicitarea procedurii.<\/p>\n<h3>Rie Iguchi<\/h3>\n<div class=\"wp-block-image\">\n<figure class=\"alignleft\"><img loading=\"lazy\" decoding=\"async\" class=\"wp-image-2414\" src=\"https:\/\/www.visa-support.info\/wp-content\/uploads\/iguchi2.png.pagespeed.ce.-4b11zfBM0.png\" sizes=\"auto, (max-width: 200px) 100vw, 200px\" srcset=\"https:\/\/www.visa-support.info\/wp-content\/uploads\/iguchi2.png.pagespeed.ce.-4b11zfBM0.png 200w, https:\/\/www.visa-support.info\/wp-content\/uploads\/iguchi2-150x150.png.pagespeed.ce.8Iw6310n6Y.png 150w, https:\/\/www.visa-support.info\/wp-content\/uploads\/iguchi2-60x60.png.pagespeed.ce.4QB3-iHf4S.png 60w\" alt=\"\" width=\"200\" height=\"200\" \/><\/figure>\n<\/div>\n<p>\u00cen\u021belegem c\u0103 s-ar putea s\u0103 v\u0103 sim\u021bi\u021bi nelini\u0219tit atunci c\u00e2nd nu a\u021bi f\u0103cut niciodat\u0103 nimic \u00eenainte, cum ar fi atunci c\u00e2nd vi se cere s\u0103 completa\u021bi un document necunoscut sau c\u00e2nd vi se cere s\u0103 completa\u021bi o cerere complicat\u0103.<\/p>\n<p>\u00cen astfel de cazuri, \u00eencerc mereu s\u0103 creez o atmosfer\u0103 \u00een care s\u0103 v\u0103 sim\u021bi\u021bi liber s\u0103 m\u0103 consulta\u021bi cu privire la \u00eentreb\u0103rile \u0219i preocup\u0103rile dvs. \u0219i s\u0103 v\u0103 asigur o comunicare lin\u0103 \u00eentre dvs. \u0219i persoana responsabil\u0103, precum \u0219i asisten\u021b\u0103 suplimentar\u0103, astfel \u00eenc\u00e2t s\u0103 pute\u021bi a se simti in largul sau.<\/p>\n<p>Voi face tot posibilul pentru a fi \u00een folosul clien\u021bilor mei.<\/p>\n<h3><\/h3>\n<h2><a id=\"ji\"><\/a>Prezentare general\u0103 a biroului<\/h2>\n<figure class=\"wp-block-table\">\n<table>\n<tbody>\n<tr class=\"even\">\n<td>Numele biroului<\/td>\n<td>Ai-Support Cabinet juridic general (speciali\u0219ti juridici \u00een proceduri administrative certificate)<\/td>\n<\/tr>\n<tr class=\"odd\">\n<td>Fondator<\/td>\n<td>August 2007<\/td>\n<\/tr>\n<tr class=\"even\">\n<td>Istorie<\/td>\n<td>Iunie 2011 A \u00eencorporat un birou privat<br \/>\nAprilie 2015 filiala Hakata a fost deschis\u0103 \u00een fa\u021ba sta\u021biei Hakata din Fukuoka, Japonia<\/td>\n<\/tr>\n<tr class=\"odd\">\n<td>afiliere<\/td>\n<td>Federa\u021bia Asocia\u021biei de Asisten\u021b\u0103 Administrativ\u0103 Japonez\u0103, Asocia\u021bia Asisten\u021b\u0103 Administrativ\u0103 a Asocia\u021biei Chiba, Asocia\u021bia Asociat\u0103 Asisten\u021b\u0103 Administrativ\u0103 Fukuoka<\/td>\n<\/tr>\n<tr class=\"even\">\n<td>Num\u0103rul societ\u0103\u021bii<\/td>\n<td>1102001<\/td>\n<\/tr>\n<tr class=\"odd\">\n<td>Reprezentant<\/td>\n<td>Yoshitomo Nomura<\/td>\n<\/tr>\n<tr class=\"even\">\n<td>Loca\u021bie<\/td>\n<td>\u3010Biroul principal Kashiwa\u3011<br \/>\n\u3012277-0842 Suzuki Building 5F, 4-1 Suehiro-cho, Kashiwa-shi, Chiba<br \/>\n\u3010Sucursala Hakata\u3011<br \/>\n\u3012 812-0012 nr.13 Cl\u0103direa Taihei 10F, 5-11 Hakataeki Chuo-gai, Hakata-ku, ora\u0219ul Fukuoka, Fukuoka<\/td>\n<\/tr>\n<tr class=\"odd\">\n<td>Contacteaz\u0103-ne<\/td>\n<td>E-mail \uff1a info \u25b3 ai-support.biz \uff08\u25b3 \u2192 @\uff09<\/td>\n<\/tr>\n<tr class=\"even\">\n<td>ore de afaceri<\/td>\n<td>9: 00-18: 00 (Chiar dac\u0103 este \u00een afara orelor de program, v\u0103 putem ajuta dac\u0103 ne contacta\u021bi \u00een avans.)<\/td>\n<\/tr>\n<tr class=\"odd\">\n<td>Vacan\u0163\u0103<\/td>\n<td>S\u00e2mb\u0103t\u0103, duminic\u0103 \u0219i s\u0103rb\u0103tori (Chiar dac\u0103 este o zi \u00eenchis\u0103, v\u0103 putem ajuta dac\u0103 ne contacta\u021bi \u00een avans.)<\/td>\n<\/tr>\n<tr class=\"even\">\n<td>Garan\u021bie<\/td>\n<td>\u00cen cazul \u00een care documentele produse de biroul nostru sunt incomplete sau dac\u0103 nu putem realiza o parte important\u0103 a serviciului, le vom crea din nou sau v\u0103 vom oferi o rambursare complet\u0103 f\u0103r\u0103 costuri.<\/td>\n<\/tr>\n<\/tbody>\n<\/table>\n<\/figure>\n","protected":false},"excerpt":{"rendered":"<p>Urm\u0103torul este o prezentare general\u0103 a personalului nostru \u0219i a biroului nostru, care vor face tot posibilul pentru a v\u0103 ajuta s\u0103 v\u0103 realiza\u021bi visul de a v\u0103 c\u0103s\u0103tori \u0219i a locui \u00een Japonia c\u00e2t mai repede posibil. Personalul de sprijin pentru cererea de viz\u0103 la Biroul pentru imigr\u0103ri Introducerea biroului reprezentant, Control administrativ specific Yoshitomo Nomura N\u0103scut \u00een Aichi, Japonia \u00een 1972. C\u00e2nd am folosit eu consiliere juridic\u0103 ca utilizator, am fost \u0219ocat de atitudine slab\u0103, r\u0103spuns slab \u0219i nesim\u021bire la jargonul dificil repetat. Mi s-a \u00eent\u00e2mplat s\u0103 cred c\u0103 partenerul meu era r\u0103u, a\u0219a c\u0103 m-am consultat cu altcineva, dar nu a existat nicio diferen\u021b\u0103 mare \u0219i, ulterior, [&hellip;]<\/p>\n","protected":false},"author":2,"featured_media":0,"parent":0,"menu_order":0,"comment_status":"open","ping_status":"open","template":"","meta":{"footnotes":""},"tags":[],"class_list":["post-4132","page","type-page","status-publish"],"aioseo_notices":[],"_links":{"self":[{"href":"https:\/\/international-marriage.info\/ro\/wp-json\/wp\/v2\/pages\/4132","targetHints":{"allow":["GET"]}}],"collection":[{"href":"https:\/\/international-marriage.info\/ro\/wp-json\/wp\/v2\/pages"}],"about":[{"href":"https:\/\/international-marriage.info\/ro\/wp-json\/wp\/v2\/types\/page"}],"author":[{"embeddable":true,"href":"https:\/\/international-marriage.info\/ro\/wp-json\/wp\/v2\/users\/2"}],"replies":[{"embeddable":true,"href":"https:\/\/international-marriage.info\/ro\/wp-json\/wp\/v2\/comments?post=4132"}],"version-history":[{"count":0,"href":"https:\/\/international-marriage.info\/ro\/wp-json\/wp\/v2\/pages\/4132\/revisions"}],"wp:attachment":[{"href":"https:\/\/international-marriage.info\/ro\/wp-json\/wp\/v2\/media?parent=4132"}],"wp:term":[{"taxonomy":"post_tag","embeddable":true,"href":"https:\/\/international-marriage.info\/ro\/wp-json\/wp\/v2\/tags?post=4132"}],"curies":[{"name":"wp","href":"https:\/\/api.w.org\/{rel}","templated":true}]}}