{"id":4155,"date":"2021-01-14T23:06:29","date_gmt":"2021-01-14T14:06:29","guid":{"rendered":"https:\/\/international-marriage.info\/?page_id=4155"},"modified":"2021-01-14T23:06:29","modified_gmt":"2021-01-14T14:06:29","slug":"malaysia","status":"publish","type":"page","link":"https:\/\/international-marriage.info\/ro\/malaysia\/","title":{"rendered":"Procedura de c\u0103s\u0103torie cu Malaezia"},"content":{"rendered":"<p><span>Procesul se desf\u0103\u0219oar\u0103 atunci c\u00e2nd se desf\u0103\u0219oar\u0103 o c\u0103s\u0103torie interna\u021bional\u0103 cu un malaezian din partea japonez\u0103 |<\/span><br \/>\n<span>Centrul agen\u021biei de achizi\u021bie a vizelor so\u021bului \/ so\u021biei pentru c\u0103s\u0103torie interna\u021bional\u0103<\/span><\/p>\n<p><span>Procedurile de c\u0103s\u0103torie cu malaezienii se pot face \u00een oricare dintre urm\u0103toarele moduri, dar persoanele din Malaezia care nu au o adres\u0103 \u00een Japonia trebuie s\u0103 treac\u0103 mai \u00eent\u00e2i prin procedura de c\u0103s\u0103torie din partea malaysian\u0103.<\/span><\/p>\n<h2><span>Cum s\u0103 te c\u0103s\u0103tore\u0219ti din partea japonez\u0103<\/span><\/h2>\n<h4><span>People Malaezienii ob\u021bin un \u201eCertificat de eligibilitate pentru c\u0103s\u0103torie\u201d la Ambasada Malaeziei \u00een Japonia<\/span><\/h4>\n<div class=\"wp-block-group has-light-green-cyan-background-color has-background\">\n<div class=\"wp-block-group__inner-container\">\n<p><span>Pentru ob\u021binerea acestuia sunt necesare urm\u0103toarele documente.\u00a0Dac\u0103 ai 16 sau 17 ani, ai nevoie de aprobarea guvernului malaezian, iar dac\u0103 ai 18-20 de ani, ai nevoie de aprobarea tat\u0103lui t\u0103u.\u00a0Dac\u0103 a\u021bi fost c\u0103s\u0103torit, ve\u021bi avea nevoie, de asemenea, de un certificat de deces dac\u0103 so\u021bul dvs. a divor\u021bat \u0219i de un certificat de divor\u021b dac\u0103 so\u021bul dvs. a divor\u021bat.<\/span><\/p>\n<p><span>(Documente obligatorii pentru malaezienii care sunt musulmani)<\/span><\/p>\n<ul>\n<li class=\"odd\"><span>Pa\u0219aport (japonezii pot folosi permisul de conducere sau cardul de asigurare de s\u0103n\u0103tate)<\/span><\/li>\n<li class=\"even\"><span>Carte japonez\u0103 de registru (extras)<\/span><\/li>\n<li class=\"odd\"><span>Cardul de rezident japonez<\/span><\/li>\n<li class=\"even\"><span>Certificatul de acceptare islamic\u0103 al<\/span><br \/>\n<span>japonezului * Japonezii trebuie s\u0103 se \u00eenscrie \u00een Islam \u00een avans.<\/span><\/li>\n<li class=\"odd\"><span>Permis de c\u0103s\u0103torie pentru tat\u0103 sau imam (guru islamic)<\/span><br \/>\n<span>* Este necesar dac\u0103 japoneza sau malaeziana sunt femei.<\/span><\/li>\n<li class=\"even\"><span>IC (carte de identificare) pentru malaezieni<\/span><\/li>\n<li class=\"odd\"><span>Certificat de na\u0219tere pentru malaezieni<\/span><\/li>\n<li class=\"even\"><span>Permis de c\u0103s\u0103torie de la o institu\u021bie religioas\u0103 din Malaezia<\/span><\/li>\n<\/ul>\n<\/div>\n<\/div>\n<div class=\"wp-block-group has-light-green-cyan-background-color has-background\">\n<div class=\"wp-block-group__inner-container\">\n<p><span>(Documente obligatorii pentru non-musulmani din Malaezia)<\/span><\/p>\n<ul>\n<li class=\"odd\"><span>Pa\u0219aport (permisul de conducere japonez sau cardul de asigurare de s\u0103n\u0103tate sunt acceptabile)<\/span><\/li>\n<li class=\"even\"><span>Certificat de cerin\u021b\u0103 de c\u0103s\u0103torie japonez \u0219i traducerea acestuia<\/span><\/li>\n<li class=\"odd\"><span>IC Malaezia (carte de identificare)<\/span><\/li>\n<li class=\"even\"><span>pentru oameni \u0219i certificat de unicitate pentru malaezieni<\/span><\/li>\n<\/ul>\n<\/div>\n<\/div>\n<p><span>* Un certificat de unicitate poate fi ob\u021binut depun\u00e2nd un jur\u0103m\u00e2nt la ambasada Malaeziei \u00een Japonia \u0219i depun\u00e2nd o declara\u021bie pe propria r\u0103spundere la biroul de \u00eenregistrare a c\u0103s\u0103toriei din Malaezia prin intermediul familiei dumneavoastr\u0103.<\/span><\/p>\n<h4><span>\u2461 Trimite\u021bi \u00eenregistrarea c\u0103s\u0103toriei la biroul municipal din Japonia<\/span><\/h4>\n<div class=\"wp-block-group has-light-green-cyan-background-color has-background\">\n<div class=\"wp-block-group__inner-container\">\n<p><span>Urm\u0103toarele documente sunt necesare la depunerea unei \u00eenregistr\u0103ri de c\u0103s\u0103torie.<\/span><\/p>\n<ul>\n<li class=\"odd\"><span>Certificat de \u00eendeplinire a cerin\u021belor de c\u0103s\u0103torie pentru malaezieni<\/span><\/li>\n<li class=\"even\"><span>Pa\u0219aport pentru malaezieni<\/span><\/li>\n<\/ul>\n<\/div>\n<\/div>\n<p><span>* O copie a registrului familiei este, de asemenea, necesar\u0103 atunci c\u00e2nd se raporteaz\u0103 \u00een afara domiciliului \u00eenregistrat al japonezilor.<\/span><\/p>\n<h4><span>\u2462 Raporta\u021bi notificarea c\u0103tre Ambasada Malaeziei \u00een Japonia \u00een termen de 6 luni de la notificarea c\u0103s\u0103toriei.<\/span><\/h4>\n<p><span>\u00cen plus fa\u021b\u0103 de notificare, sunt necesare urm\u0103toarele documente.<\/span><\/p>\n<ul class=\"has-light-green-cyan-background-color has-background\">\n<li class=\"odd\"><span>Certificat de acceptare a \u00eenregistr\u0103rii c\u0103s\u0103toriei sau certificat al chestiunilor care trebuie men\u021bionate \u00een \u00eenregistrarea c\u0103s\u0103toriei<\/span><br \/>\n<span>* Dac\u0103 Malaezia nu este musulman\u0103, sunt necesare \u0219i urm\u0103toarele documente.<\/span><\/li>\n<li class=\"even\"><span>Pa\u0219aport (japonez \u0219i malaezian)<\/span><\/li>\n<li class=\"odd\"><span>Card de reziden\u021b\u0103 (dac\u0103 rezidentul malaysian este)<\/span><\/li>\n<li class=\"even\"><span>Registrul familiei dup\u0103 c\u0103s\u0103torie (extras)<\/span><\/li>\n<li class=\"odd\"><span>Cardul de rezident dup\u0103 c\u0103s\u0103torie<\/span><\/li>\n<li class=\"even\"><span>IC malaysian (carte de identificare)<\/span><\/li>\n<li class=\"odd\"><span>Certificat de na\u0219tere pentru malaezieni<\/span><\/li>\n<\/ul>\n<h2><span>Cum s\u0103 te c\u0103s\u0103tore\u0219ti din Malaezia<\/span><\/h2>\n<h4><span>(1) Japonezii ob\u021bin un \u201eCertificat de eligibilitate pentru c\u0103s\u0103torie\u201d la Ambasada Japoniei \u00een Malaezia<\/span><\/h4>\n<p><span>Urm\u0103toarele documente sunt necesare pentru ob\u021binerea certificatului.\u00a0Dac\u0103 ave\u021bi antecedente de c\u0103s\u0103torie, trebuie s\u0103 ob\u021bine\u021bi un certificat de deces dac\u0103 so\u021bul dvs. a divor\u021bat \u0219i un certificat de divor\u021b dac\u0103 so\u021bul dvs. a divor\u021bat de Ambasada Japoniei \u00een Malaezia.<\/span><\/p>\n<ul class=\"has-light-green-cyan-background-color has-background\">\n<li class=\"odd\"><span>Pa\u0219aport japonez<\/span><\/li>\n<li class=\"even\"><span>Registrul familiei japoneze (extras) (emis \u00een termen de 3 luni)<\/span><\/li>\n<li class=\"odd\"><span>IC malaysian (carte de identificare)<\/span><\/li>\n<\/ul>\n<h4><span>(2) O persoan\u0103 japonez\u0103 merge la Ministerul Afacerilor Externe din Malaezia \u0219i este certificat\u0103 de un certificat japonez de \u00eendeplinire a cerin\u021belor c\u0103s\u0103toriei.<\/span><\/h4>\n<p><span>Aduce\u021bi pa\u0219aportul pentru japonez\u0103 \u0219i IC (carte de identificare) pentru Malaezia.<\/span><\/p>\n<h4><span>(3) Trimite\u021bi o \u00eenregistrare a c\u0103s\u0103toriei la JPN (Jabatan Pendaftaran Negara, Biroul Na\u021bional de \u00cenregistrare) de la domiciliul dvs. \u00eenregistrat.<\/span><\/h4>\n<p><span>Malaezienii au nevoie de aprobarea guvernului malaezian dac\u0103 au 16 sau 17 ani \u0219i de aprobarea tat\u0103lui lor dac\u0103 au 18-20 de ani.<\/span><\/p>\n<ul class=\"has-light-green-cyan-background-color has-background\">\n<li class=\"odd\"><span>\u00cenregistrarea c\u0103s\u0103toriei<\/span><br \/>\n<span>* Disponibil la JPN din Kuala Lumpur.\u00a0\u00cen cazul coresponden\u021bei, documentele vor ajunge \u00eentre 2 \u0219i 3 s\u0103pt\u0103m\u00e2ni.<\/span><\/li>\n<li class=\"even\"><span>Certificat de \u00eendeplinire a cerin\u021belor c\u0103s\u0103toriei<\/span><\/li>\n<li class=\"odd\"><span>O copie a registrului familiei japonezilor<\/span><\/li>\n<li class=\"even\"><span>O copie a pa\u0219aportului japonezilor<\/span><\/li>\n<li class=\"odd\"><span>IC (carte de identificare) a malaezienilor<\/span><\/li>\n<\/ul>\n<h4><span>(4) Dac\u0103 nu exist\u0103 obiec\u021bii dup\u0103 \u00eenregistrarea c\u0103s\u0103toriei la biroul guvernului timp de 21 de zile, ceremonia va avea loc la JPN-ul domiciliului \u00eenregistrat.<\/span><\/h4>\n<h4><span>(5) Face\u021bi o notificare de raport (notificare de c\u0103s\u0103torie) c\u0103tre ambasada japonez\u0103 din Malaezia sau biroul municipal japonez.<\/span><\/h4>\n<ul class=\"has-light-green-cyan-background-color has-background\">\n<li class=\"odd\"><span>\u00cenregistrarea c\u0103s\u0103toriei: 2 exemplare<\/span><\/li>\n<li class=\"even\"><span>Registrul familiei so\u021bului japonez (eliberat \u00een termen de 6 luni): 2 exemplare<\/span><\/li>\n<li class=\"odd\"><span>Certificat de c\u0103s\u0103torie (certificat de c\u0103s\u0103torie islamic dac\u0103 Malaezia este musulman\u0103)<\/span><\/li>\n<li class=\"even\"><span>Card de acceptare islamic pentru so\u021bul japonez (dac\u0103 Malaezia este musulman\u0103)<\/span><\/li>\n<li class=\"odd\"><span>Certificat de na\u0219tere pentru<\/span><\/li>\n<li class=\"even\"><span>So\u021bul malaezian<\/span><\/li>\n<li class=\"odd\"><span>CI (carte de identificare) pentru so\u021bul \/ so\u021bia malaezian\u0103<\/span><\/li>\n<li class=\"even\"><span>* Cu excep\u021bia \u00eenregistr\u0103rii c\u0103s\u0103toriei \u0219i a registrului familiei Prezenta\u021bi originalul \u0219i trimite\u021bi c\u00e2te dou\u0103 copii fiecare.<\/span><\/li>\n<li class=\"odd\"><span>* Pentru documentele care nu sunt scrise \u00een japonez\u0103, este necesar s\u0103 ad\u0103uga\u021bi mai multe traduceri \u00een japonez\u0103.<\/span><\/li>\n<\/ul>\n<p><span>P\u00e2n\u0103 la 4 b\u0103rba\u021bi musulmani pot avea o so\u021bie.\u00a0Cu toate acestea, sunt necesare proceduri speciale pentru a doua so\u021bie \u0219i pentru so\u021biile ulterioare.<\/span><\/p>\n<p><span>Biroul nostru v\u0103 poate ajuta \u00een procesul de c\u0103s\u0103torie interna\u021bional\u0103 cu un malaezian.\u00a0V\u0103 rug\u0103m s\u0103 nu ezita\u021bi s\u0103 ne contacta\u021bi.<\/span><\/p>\n","protected":false},"excerpt":{"rendered":"<p>Procesul se desf\u0103\u0219oar\u0103 atunci c\u00e2nd se desf\u0103\u0219oar\u0103 o c\u0103s\u0103torie interna\u021bional\u0103 cu un malaezian din partea japonez\u0103 | Centrul agen\u021biei de achizi\u021bie a vizelor so\u021bului \/ so\u021biei pentru c\u0103s\u0103torie interna\u021bional\u0103 Procedurile de c\u0103s\u0103torie cu malaezienii se pot face \u00een oricare dintre urm\u0103toarele moduri, dar persoanele din Malaezia care nu au o adres\u0103 \u00een Japonia trebuie s\u0103 treac\u0103 mai \u00eent\u00e2i prin procedura de c\u0103s\u0103torie din partea malaysian\u0103. Cum s\u0103 te c\u0103s\u0103tore\u0219ti din partea japonez\u0103 People Malaezienii ob\u021bin un \u201eCertificat de eligibilitate pentru c\u0103s\u0103torie\u201d la Ambasada Malaeziei \u00een Japonia Pentru ob\u021binerea acestuia sunt necesare urm\u0103toarele documente.\u00a0Dac\u0103 ai 16 sau 17 ani, ai nevoie de aprobarea guvernului malaezian, iar dac\u0103 ai 18-20 de ani, [&hellip;]<\/p>\n","protected":false},"author":2,"featured_media":0,"parent":0,"menu_order":0,"comment_status":"closed","ping_status":"closed","template":"","meta":{"footnotes":""},"tags":[],"class_list":["post-4155","page","type-page","status-publish"],"aioseo_notices":[],"_links":{"self":[{"href":"https:\/\/international-marriage.info\/ro\/wp-json\/wp\/v2\/pages\/4155","targetHints":{"allow":["GET"]}}],"collection":[{"href":"https:\/\/international-marriage.info\/ro\/wp-json\/wp\/v2\/pages"}],"about":[{"href":"https:\/\/international-marriage.info\/ro\/wp-json\/wp\/v2\/types\/page"}],"author":[{"embeddable":true,"href":"https:\/\/international-marriage.info\/ro\/wp-json\/wp\/v2\/users\/2"}],"replies":[{"embeddable":true,"href":"https:\/\/international-marriage.info\/ro\/wp-json\/wp\/v2\/comments?post=4155"}],"version-history":[{"count":0,"href":"https:\/\/international-marriage.info\/ro\/wp-json\/wp\/v2\/pages\/4155\/revisions"}],"wp:attachment":[{"href":"https:\/\/international-marriage.info\/ro\/wp-json\/wp\/v2\/media?parent=4155"}],"wp:term":[{"taxonomy":"post_tag","embeddable":true,"href":"https:\/\/international-marriage.info\/ro\/wp-json\/wp\/v2\/tags?post=4155"}],"curies":[{"name":"wp","href":"https:\/\/api.w.org\/{rel}","templated":true}]}}