{"id":4172,"date":"2021-01-14T23:10:37","date_gmt":"2021-01-14T14:10:37","guid":{"rendered":"https:\/\/international-marriage.info\/?page_id=4172"},"modified":"2021-01-14T23:10:37","modified_gmt":"2021-01-14T14:10:37","slug":"heart","status":"publish","type":"page","link":"https:\/\/international-marriage.info\/ro\/heart\/","title":{"rendered":"G\u00e2ndurile noastre cu privire la sprijinul cererii de viz\u0103"},"content":{"rendered":"<div class=\"article-body\">\n<figure class=\"wp-block-image\"><img decoding=\"async\" title=\"Personal de sprijin al g\u00e2ndirii\" src=\"https:\/\/international-marriage.info\/wp-admin\/images\/support.png\" alt=\"Personal de sprijin al g\u00e2ndirii\" \/><\/figure>\n<p class=\"has-luminous-vivid-orange-color has-text-color has-large-font-size\"><span>Ob\u021binerea vizei nu ar trebui s\u0103 fie un obstacol \u00een calea vie\u021bii tale de c\u0103s\u0103torie.<\/span><\/p>\n<p><span>\u00cen ultimii ani, obstacolele \u00een calea ob\u021binerii unei vize de \u0219edere au devenit foarte mari.<\/span><\/p>\n<p><span>Nu este o exagerare s\u0103 spunem c\u0103 documente precum \u201edovada rela\u021biei\u201d, care nu erau necesare cu mult timp \u00een urm\u0103, sunt acum aproape obligatorii.<\/span><\/p>\n<p><span>Acest lucru se datoreaz\u0103 faptului c\u0103 scopul este de a elimina c\u0103s\u0103toriile simulate.<\/span><\/p>\n<p><span>Dac\u0103 intra\u021bi \u00een Japonia cu statutul de \u201eSo\u021b sau copil de na\u021bionalitate japonez\u0103\u201d, nu ve\u021bi fi restric\u021bionat \u00een ceea ce prive\u0219te ocupa\u021bia dvs., ceea ce este ideal pentru cei care doresc s\u0103 lucreze.<\/span><\/p>\n<p><span>Din acest motiv, num\u0103rul str\u0103inilor care intr\u0103 \u00een Japonia printr-o c\u0103s\u0103torie fals\u0103 pentru a lucra \u00een Japonia cre\u0219te \u00een fiecare an.<\/span><\/p>\n<p><span>\u00cen acest context, chiar \u0219i oamenilor obi\u0219nui\u021bi care se iubesc \u0219i doresc s\u0103 se c\u0103s\u0103toreasc\u0103 \u0219i s\u0103 tr\u0103iasc\u0103 \u00eempreun\u0103, li se poate refuza permisiunea pentru o c\u0103s\u0103torie fals\u0103, dac\u0103 nu pot dovedi pe h\u00e2rtie c\u0103 c\u0103s\u0103toria este autentic\u0103.<\/span><\/p>\n<p><span>Dar, sincer, nu este corect \u0219i este trist, nu-i a\u0219a?<\/span><\/p>\n<p><span>Este o tragedie c\u0103 nu putem tr\u0103i \u00eempreun\u0103 ca un cuplu.<\/span><\/p>\n<p><span>Asta ne dorim cu adev\u0103rat.<\/span><\/p>\n<p><span>Zilele trecute, am fost la telefon cu cineva care tocmai fusese aprobat.\u00a0El mi-a spus.<\/span><\/p>\n<p><span>Nu am bani s\u0103 le dau \u0219i nu le pot cump\u0103ra multe cadouri.<\/span><\/p>\n<p><span>Nu am bani s\u0103 le dau \u0219i nu le pot cump\u0103ra multe cadouri.\u00a0Numai a\u0219a \u00eei pot face ferici\u021bi.<\/span><\/p>\n<p><span>S\u0103 tr\u0103im \u00eempreun\u0103 \u00een Japonia.<\/span><\/p>\n<p><span>Acestea sunt cuvintele care ne amintesc c\u0103 cel mai important lucru pentru un cuplu c\u0103s\u0103torit interna\u021bional este s\u0103 fie fericit.<\/span><\/p>\n<p><span>Dac\u0103 dori\u021bi s\u0103 evita\u021bi nenorocirea de a nu putea \u00eencepe o via\u021b\u0103 fericit\u0103 sau dac\u0103 dori\u021bi s\u0103 rupe\u021bi impasul de a fi respins din nou \u0219i din nou, v\u0103 rug\u0103m s\u0103 ne contacta\u021bi.<\/span><\/p>\n<p><span>Vom face tot ce ne st\u0103 \u00een putin\u021b\u0103 pentru a v\u0103 ajuta.<\/span><\/p>\n<\/div>\n","protected":false},"excerpt":{"rendered":"<p>Ob\u021binerea vizei nu ar trebui s\u0103 fie un obstacol \u00een calea vie\u021bii tale de c\u0103s\u0103torie. \u00cen ultimii ani, obstacolele \u00een calea ob\u021binerii unei vize de \u0219edere au devenit foarte mari. Nu este o exagerare s\u0103 spunem c\u0103 documente precum \u201edovada rela\u021biei\u201d, care nu erau necesare cu mult timp \u00een urm\u0103, sunt acum aproape obligatorii. Acest lucru se datoreaz\u0103 faptului c\u0103 scopul este de a elimina c\u0103s\u0103toriile simulate. Dac\u0103 intra\u021bi \u00een Japonia cu statutul de \u201eSo\u021b sau copil de na\u021bionalitate japonez\u0103\u201d, nu ve\u021bi fi restric\u021bionat \u00een ceea ce prive\u0219te ocupa\u021bia dvs., ceea ce este ideal pentru cei care doresc s\u0103 lucreze. Din acest motiv, num\u0103rul str\u0103inilor care intr\u0103 \u00een Japonia printr-o [&hellip;]<\/p>\n","protected":false},"author":2,"featured_media":0,"parent":0,"menu_order":0,"comment_status":"closed","ping_status":"closed","template":"","meta":{"footnotes":""},"tags":[],"class_list":["post-4172","page","type-page","status-publish"],"aioseo_notices":[],"_links":{"self":[{"href":"https:\/\/international-marriage.info\/ro\/wp-json\/wp\/v2\/pages\/4172","targetHints":{"allow":["GET"]}}],"collection":[{"href":"https:\/\/international-marriage.info\/ro\/wp-json\/wp\/v2\/pages"}],"about":[{"href":"https:\/\/international-marriage.info\/ro\/wp-json\/wp\/v2\/types\/page"}],"author":[{"embeddable":true,"href":"https:\/\/international-marriage.info\/ro\/wp-json\/wp\/v2\/users\/2"}],"replies":[{"embeddable":true,"href":"https:\/\/international-marriage.info\/ro\/wp-json\/wp\/v2\/comments?post=4172"}],"version-history":[{"count":0,"href":"https:\/\/international-marriage.info\/ro\/wp-json\/wp\/v2\/pages\/4172\/revisions"}],"wp:attachment":[{"href":"https:\/\/international-marriage.info\/ro\/wp-json\/wp\/v2\/media?parent=4172"}],"wp:term":[{"taxonomy":"post_tag","embeddable":true,"href":"https:\/\/international-marriage.info\/ro\/wp-json\/wp\/v2\/tags?post=4172"}],"curies":[{"name":"wp","href":"https:\/\/api.w.org\/{rel}","templated":true}]}}