{"id":4178,"date":"2021-01-14T23:13:03","date_gmt":"2021-01-14T14:13:03","guid":{"rendered":"https:\/\/international-marriage.info\/?page_id=4178"},"modified":"2021-01-14T23:14:33","modified_gmt":"2021-01-14T14:14:33","slug":"suisensha","status":"publish","type":"page","link":"https:\/\/international-marriage.info\/ro\/suisensha\/","title":{"rendered":"Comentariul recomandatorului"},"content":{"rendered":"<p>Am primit o recomandare pentru firma noastr\u0103, care este specializat\u0103 \u00een cererile de viz\u0103 \u0219i am dori s\u0103 o \u00eemp\u0103rt\u0103\u0219im cu dvs.<\/p>\n<h3>Domnul Hironori Mintaka<br \/>\nAdministrative Scrivener, ora\u0219ul Onomichi, Hiroshima, Japonia<\/h3>\n<div>\n<figure><img loading=\"lazy\" decoding=\"async\" class=\"alignleft\" src=\"https:\/\/www.visa-support.info\/wp-content\/uploads\/%E6%B0%91%E5%AE%85%E5%BC%98%E5%85%B8%E5%85%88%E7%94%9F.jpg\" sizes=\"auto, (max-width: 300px) 100vw, 300px\" srcset=\"https:\/\/www.visa-support.info\/wp-content\/uploads\/\u6c11\u5b85\u5f18\u5178\u5148\u751f.jpg 300w, https:\/\/www.visa-support.info\/wp-content\/uploads\/\u6c11\u5b85\u5f18\u5178\u5148\u751f-290x300.jpg 290w\" alt=\"\" width=\"134\" height=\"138\" \/><\/figure>\n<div>\n<p>Dup\u0103 cum sugereaz\u0103 \u0219i numele, Ai-Support Cabinet juridic general este un birou care te sprijin\u0103 cu drag.<\/p>\n<p>\u00cen plus fa\u021b\u0103 de nivelul ridicat de cuno\u0219tin\u021be de afaceri \u0219i putere de procesare, compasiunea pentru client \u0219i personalitatea personalului, inclusiv profesorul Nomura, sunt cele mai bune arme \u0219i minunate.<\/p>\n<p>Este un birou care ascult\u0103 povestea clientului \u00eentr-o manier\u0103 prietenoas\u0103 \u0219i este profund \u00eengrijorat c\u0103 nu va neglija s\u0103-l contacteze, astfel \u00eenc\u00e2t s\u0103 nu fie nelini\u0219tit. cu \u00eencredere p\u00e2n\u0103 la final.<\/p>\n<\/div>\n<\/div>\n<h3>Domnul Masatomo Tada<br \/>\nJudicial Scrivener, Ichikawa City, Chiba, Japonia<\/h3>\n<div>\n<figure><img loading=\"lazy\" decoding=\"async\" class=\"alignleft\" src=\"https:\/\/international-marriage.info\/wp-content\/uploads\/2012\/01\/ts.jpg\" alt=\"\" width=\"135\" height=\"153\" \/><\/figure>\n<div>\n<p>Cred c\u0103 mul\u021bi oameni \u00ee\u0219i fac griji cu privire la \u201ece fel de procedur\u0103 este necesar\u0103\u201d, \u201ec\u00e2t va costa dac\u0103 solicit\u0103m procedura\u201d \u0219i \u201edac\u0103 v\u0103 putem l\u0103sa \u00een voia voastr\u0103 cu lini\u0219te sufleteasc\u0103\u201d atunci c\u00e2nd este necesar s\u0103 preg\u0103ti\u021bi documentele necesare procedurilor legale.<\/p>\n<p>\u00cen acest sens, Ai-Support Cabinet juridic general ofer\u0103 o mul\u021bime de informa\u021bii din perspectiva consultantului prin intermediul paginii sale de pornire abundente \u0219i extinse.<br \/>\n\u00cen plus, costul procedurii pentru efectuarea unei cereri este clar ar\u0103tat, iar problemele legate de costurile consultantului pot fi r\u0103spunse.<\/p>\n<p>\u00cen plus, lucreaz\u0103 la cazurile pe care le accept\u0103 cu sinceritate \u0219i, de asemenea, raporteaz\u0103 clien\u021bilor lor din c\u00e2nd \u00een c\u00e2nd. Ei vor avea grij\u0103 s\u0103 v\u0103 ofere lini\u0219te sufleteasc\u0103. Dac\u0103 dori\u021bi s\u0103 ave\u021bi \u00eencredere \u00een ace\u0219tia cu procedura, v\u0103 rug\u0103m s\u0103 vizita\u021bi site-ul lor web \u0219i considera\u021bi c\u0103 v\u0103 recomand cu t\u0103rie s\u0103 face\u021bi acest lucru.<\/p>\n<\/div>\n<\/div>\n<h3>Domnule Tatsuya Suzuki,<br \/>\nAdministrative Scrivener, Shinjo City, Aichi, Japonia<\/h3>\n<div>\n<figure><img loading=\"lazy\" decoding=\"async\" class=\"alignleft\" src=\"https:\/\/www.visa-support.info\/wp-content\/uploads\/%E9%88%B4%E6%9C%A8%E9%81%94%E4%B9%9F%E5%85%88%E7%94%9F.jpg\" sizes=\"auto, (max-width: 342px) 100vw, 342px\" srcset=\"https:\/\/www.visa-support.info\/wp-content\/uploads\/\u9234\u6728\u9054\u4e5f\u5148\u751f.jpg 342w, https:\/\/www.visa-support.info\/wp-content\/uploads\/\u9234\u6728\u9054\u4e5f\u5148\u751f-287x300.jpg 287w\" alt=\"\" width=\"132\" height=\"138\" \/><\/figure>\n<div>\n<p>Nu mul\u021bi oameni sunt con\u0219tien\u021bi de procedurile care trebuie urmate de birourile guvernamentale, inclusiv cererile de viz\u0103. Este \u00een mare m\u0103sur\u0103 la discre\u021bia persoanei responsabile de la ghi\u0219eu \u0219i, \u00een func\u021bie de abilit\u0103\u021bile \u0219i experien\u021ba expertului administrativ, cererea poate fi sau nu acceptat\u0103. Rezultatele pot varia foarte mult.<\/p>\n<p>Uneori, persoana de contact poate fi nerezonabil\u0103 sau poate face cereri care dep\u0103\u0219esc ceea ce este cerut de lege. Trebuie s\u0103 te certi cu ei. Trebuie s\u0103 \u00een\u021belege\u021bi legile \u0219i reglement\u0103rile, precedentele etc. \u0219i s\u0103 le respinge\u021bi cu exactitate, f\u0103r\u0103 s\u0103 v\u0103 l\u0103sa\u021bi supu\u0219i. Dac\u0103 nu o pute\u021bi face, ceea ce este acceptat nu va fi acceptat. Din p\u0103cate, inspectorii administrativi f\u0103r\u0103 experien\u021b\u0103 se g\u0103sesc adesea \u00eentr-o astfel de situa\u021bie.<\/p>\n<p>\u00cen aceast\u0103 privin\u021b\u0103, profesorii Ai-Support Cabinet juridic general au o \u00een\u021belegere foarte bun\u0103 a circumstan\u021belor \u0219i a naturii administra\u021biei \u0219i o pot recomanda chiar din perspectiva mea, care are 26 de ani de experien\u021b\u0103 lucr\u00e2nd la biroul prefectural. Dac\u0103 ave\u021bi probleme, v\u0103 rug\u0103m s\u0103 ne contacta\u021bi.<\/p>\n<\/div>\n<\/div>\n<h3>Domnul Shuichi Nakamura<br \/>\nContabil fiscal, ora\u0219ul Kashiwa, Chiba, Japonia<\/h3>\n<div>\n<figure><img loading=\"lazy\" decoding=\"async\" class=\"alignleft\" src=\"https:\/\/www.visa-support.info\/wp-content\/uploads\/%E4%B8%AD%E6%9D%91%E4%BF%AE%E4%B8%80%E5%85%88%E7%94%9F.jpg\" alt=\"\" width=\"140\" height=\"147\" \/><\/figure>\n<div>\n<p>Exist\u0103 o mul\u021bime de documente de completat \u00een procedurile legate de birourile guvernamentale. Este pentru prima dat\u0103 pentru mul\u021bi oameni s\u0103 completeze formularele de cerere \u0219i, chiar dac\u0103 \u00eencerca\u021bi s\u0103 o face\u021bi singuri, este posibil s\u0103 v\u0103 fie greu s\u0103 g\u0103si\u021bi un loc unde s\u0103 locui\u021bi. Sunt de multe ori c\u00e2nd nici m\u0103car nu v\u0103 pute\u021bi g\u00e2ndi dac\u0103 \u00eencepe\u021bi cu primul pas.<\/p>\n<p>\u00cen astfel de cazuri, v\u0103 recomand\u0103m s\u0103 consulta\u021bi un expert \u00een preg\u0103tirea documentelor, Ai-Support Cabinet juridic general. V\u0103 va \u00eenv\u0103\u021ba cu aten\u021bie fluxul general \u0219i munca necesar\u0103 \u00een cuvinte u\u0219or de \u00een\u021beles.<\/p>\n<p>\u00cen plus, deoarece pre\u021bul rezonabil este clar precizat \u00een avans, pute\u021bi fi siguri c\u0103 costul va fi clar. Biroul este foarte convenabil \u00een fa\u021ba sta\u021biei Kashiwa \u0219i a sta\u021biei Hakata. Dac\u0103 ave\u021bi probleme cu procedura, v\u0103 recomand\u0103m Ai-Support Cabinet juridic general.<\/p>\n<\/div>\n<\/div>\n<h3>Domnul Satoshi Inoue<br \/>\nAdministrative Scrivener, Nakagyo-ku, Kyoto, Japonia<\/h3>\n<div>\n<figure><img loading=\"lazy\" decoding=\"async\" class=\"alignleft\" src=\"https:\/\/international-marriage.info\/wp-content\/uploads\/2018\/01\/staff-yoko.jpg\" sizes=\"auto, (max-width: 463px) 100vw, 463px\" srcset=\"https:\/\/www.visa-support.info\/wp-content\/uploads\/\u4e95\u4e0a\u8061\u5148\u751f.jpg 463w, https:\/\/www.visa-support.info\/wp-content\/uploads\/\u4e95\u4e0a\u8061\u5148\u751f-231x300.jpg 231w\" alt=\"\" width=\"130\" height=\"169\" \/><\/figure>\n<div>\n<p>Deoarece este operat ferm de o organiza\u021bie corporativ\u0103, poate fi dificil s\u0103 se consulte cu Ai-Support Cabinet juridic general. S-ar putea s\u0103 crede\u021bi asta, dar nu este niciodat\u0103 cazul.<\/p>\n<p>Toat\u0103 lumea, inclusiv reprezentantul profesor Nomura, este foarte amabil \u0219i u\u0219or de vorbit. \u00cen plus, avem mult\u0103 experien\u021b\u0103, deci ar trebui s\u0103 putem sugera cea mai bun\u0103 metod\u0103 pentru fiecare situa\u021bie.<\/p>\n<p>Dac\u0103 \u00eent\u00e2mpina\u021bi probleme la solicitarea unei vize, nu ezita\u021bi s\u0103 contacta\u021bi mai \u00eent\u00e2i Ai-Support Cabinet juridic general. Sunt sigur c\u0103 vor fi amabili \u0219i de ajutor. A\u0219 dori s\u0103 \u00eentreb Ai-Support Cabinet juridic general pentru toate proiectele din Kanto \u0219i Kyushu.<\/p>\n<\/div>\n<\/div>\n<h3>Domnule Takayuki Murai<br \/>\nAdministrative Scrivener, ora\u0219ul Takamatsu, Kagawa, Japonia<\/h3>\n<div>\n<figure><img loading=\"lazy\" decoding=\"async\" class=\"alignleft\" src=\"https:\/\/www.visa-support.info\/wp-content\/uploads\/%E6%9D%91%E4%BA%95%E5%AD%9D%E4%B9%8B%E5%85%88%E7%94%9F.jpg\" alt=\"\" width=\"148\" height=\"178\" \/><\/figure>\n<div>\n<p>Av\u00e2nd avantajul de a avea mai mul\u021bi supraveghetori administrativi \u0219i o re\u021bea de profesioni\u0219ti, biroul domnului Nomura ofer\u0103 asisten\u021b\u0103 juridic\u0103 \u00eentr-o gam\u0103 larg\u0103 de domenii.<\/p>\n<p>Prin urmare, odat\u0103 ce face\u021bi o cerere \u0219i construi\u021bi o rela\u021bie cu el, v\u0103 pute\u021bi sim\u021bi liber s\u0103-i cere\u021bi ajutor pentru orice probleme care ar putea ap\u0103rea \u00een via\u021ba sau afacerea dvs. dup\u0103 aceea, iar el va putea s\u0103 le rezolve pe cele mai multe, f\u0103c\u00e2nd acest birou extrem de valoros pe termen lung.<\/p>\n<p>Dac\u0103 locui\u021bi \u00een suburbiile Tokyo, Chiba, Saitama, Ibaraki \/ Fukuoka \/ Saga \u0219i lua\u021bi \u00een considerare consultarea unui expert administrativ atunci c\u00e2nd depune\u021bi cererea la Biroul pentru imigr\u0103ri, v\u0103 recomand\u0103m Ai-Support Cabinet juridic general.<\/p>\n<\/div>\n<\/div>\n<h3>Domnul Koji Isotani<br \/>\nLucr\u0103tor de asigur\u0103ri sociale, ora\u0219ul Kashiwa, Chiba, Japonia<\/h3>\n<div>\n<figure><img loading=\"lazy\" decoding=\"async\" class=\"alignleft\" src=\"https:\/\/www.visa-support.info\/wp-content\/uploads\/%E7%A3%AF%E8%B0%B7%E5%B9%B8%E5%8F%B8%E5%85%88%E7%94%9F.jpg\" sizes=\"auto, (max-width: 299px) 100vw, 299px\" srcset=\"https:\/\/www.visa-support.info\/wp-content\/uploads\/\u78ef\u8c37\u5e78\u53f8\u5148\u751f.jpg 299w, https:\/\/www.visa-support.info\/wp-content\/uploads\/\u78ef\u8c37\u5e78\u53f8\u5148\u751f-268x300.jpg 268w\" alt=\"\" width=\"145\" height=\"162\" \/><\/figure>\n<div>\n<p>Cred c\u0103 una dintre caracteristicile acestui birou este c\u0103 este u\u0219or s\u0103 vorbe\u0219ti cu ei pentru c\u0103 te ascult\u0103 \u00een timp ce d\u0103 din cap cu u\u0219urin\u021b\u0103.<\/p>\n<p>Organizeaz\u0103 seminarii, astfel \u00eenc\u00e2t s\u0103 ne poat\u0103 oferi nu numai cuno\u0219tin\u021be juridice, ci \u0219i sfaturi din partea cealalt\u0103.<\/p>\n<p>Deoarece costul este, de asemenea, o contabilitate fericit\u0103, v\u0103 recomand\u0103m s\u0103 consulta\u021bi Ai-Support Cabinet juridic general atunci c\u00e2nd preg\u0103ti\u021bi documente legate de cererea de viz\u0103.<\/p>\n<\/div>\n<\/div>\n","protected":false},"excerpt":{"rendered":"<p>Am primit o recomandare pentru firma noastr\u0103, care este specializat\u0103 \u00een cererile de viz\u0103 \u0219i am dori s\u0103 o \u00eemp\u0103rt\u0103\u0219im cu dvs. Domnul Hironori Mintaka Administrative Scrivener, ora\u0219ul Onomichi, Hiroshima, Japonia Dup\u0103 cum sugereaz\u0103 \u0219i numele, Ai-Support Cabinet juridic general este un birou care te sprijin\u0103 cu drag. \u00cen plus fa\u021b\u0103 de nivelul ridicat de cuno\u0219tin\u021be de afaceri \u0219i putere de procesare, compasiunea pentru client \u0219i personalitatea personalului, inclusiv profesorul Nomura, sunt cele mai bune arme \u0219i minunate. Este un birou care ascult\u0103 povestea clientului \u00eentr-o manier\u0103 prietenoas\u0103 \u0219i este profund \u00eengrijorat c\u0103 nu va neglija s\u0103-l contacteze, astfel \u00eenc\u00e2t s\u0103 nu fie nelini\u0219tit. cu \u00eencredere p\u00e2n\u0103 la final. Domnul [&hellip;]<\/p>\n","protected":false},"author":2,"featured_media":0,"parent":0,"menu_order":0,"comment_status":"closed","ping_status":"closed","template":"","meta":{"footnotes":""},"tags":[],"class_list":["post-4178","page","type-page","status-publish"],"aioseo_notices":[],"_links":{"self":[{"href":"https:\/\/international-marriage.info\/ro\/wp-json\/wp\/v2\/pages\/4178","targetHints":{"allow":["GET"]}}],"collection":[{"href":"https:\/\/international-marriage.info\/ro\/wp-json\/wp\/v2\/pages"}],"about":[{"href":"https:\/\/international-marriage.info\/ro\/wp-json\/wp\/v2\/types\/page"}],"author":[{"embeddable":true,"href":"https:\/\/international-marriage.info\/ro\/wp-json\/wp\/v2\/users\/2"}],"replies":[{"embeddable":true,"href":"https:\/\/international-marriage.info\/ro\/wp-json\/wp\/v2\/comments?post=4178"}],"version-history":[{"count":0,"href":"https:\/\/international-marriage.info\/ro\/wp-json\/wp\/v2\/pages\/4178\/revisions"}],"wp:attachment":[{"href":"https:\/\/international-marriage.info\/ro\/wp-json\/wp\/v2\/media?parent=4178"}],"wp:term":[{"taxonomy":"post_tag","embeddable":true,"href":"https:\/\/international-marriage.info\/ro\/wp-json\/wp\/v2\/tags?post=4178"}],"curies":[{"name":"wp","href":"https:\/\/api.w.org\/{rel}","templated":true}]}}