{"id":4774,"date":"2021-01-15T16:36:22","date_gmt":"2021-01-15T07:36:22","guid":{"rendered":"https:\/\/international-marriage.info\/?page_id=4774"},"modified":"2021-01-15T16:36:22","modified_gmt":"2021-01-15T07:36:22","slug":"thanks","status":"publish","type":"page","link":"https:\/\/international-marriage.info\/ro\/thanks\/","title":{"rendered":"V\u0103 mul\u021bumim c\u0103 a\u021bi solicitat procedura de ob\u021binere a vizei so\u021bului \/ so\u021biei."},"content":{"rendered":"<p>V\u0103 mul\u021bumim pentru cerere.<\/p>\n<p>V\u0103 vom r\u0103spunde cu un e-mail de invita\u021bie, a\u0219a c\u0103 v\u0103 rug\u0103m s\u0103 a\u0219tepta\u021bi pu\u021bin.<\/p>\n<p>\u00cen plus, dac\u0103 nu primi\u021bi un e-mail de r\u0103spuns \u00een termen de 2 zile de la aplica\u021bie, cu excep\u021bia zilelor de s\u00e2mb\u0103t\u0103, duminic\u0103 \u0219i de s\u0103rb\u0103tori, acesta poate fi \u00een dosarul de e-mail, probleme de comunicare, eroare de introducere a adresei de e-mail etc. \u00cen acest caz, ne cerem scuze pentru nepl\u0103ceri, dar am aprecia dac\u0103 ne-a\u021bi putea contacta prin alte mijloace, cum ar fi telefonul, dup\u0103 confirmare.<\/p>\n<p>A\u0219 vrea s\u0103 v\u0103 mul\u021bumesc cu umilin\u021b\u0103.<\/p>\n","protected":false},"excerpt":{"rendered":"<p>V\u0103 mul\u021bumim pentru cerere. V\u0103 vom r\u0103spunde cu un e-mail de invita\u021bie, a\u0219a c\u0103 v\u0103 rug\u0103m s\u0103 a\u0219tepta\u021bi pu\u021bin. \u00cen plus, dac\u0103 nu primi\u021bi un e-mail de r\u0103spuns \u00een termen de 2 zile de la aplica\u021bie, cu excep\u021bia zilelor de s\u00e2mb\u0103t\u0103, duminic\u0103 \u0219i de s\u0103rb\u0103tori, acesta poate fi \u00een dosarul de e-mail, probleme de comunicare, eroare de introducere a adresei de e-mail etc. \u00cen acest caz, ne cerem scuze pentru nepl\u0103ceri, dar am aprecia dac\u0103 ne-a\u021bi putea contacta prin alte mijloace, cum ar fi telefonul, dup\u0103 confirmare. A\u0219 vrea s\u0103 v\u0103 mul\u021bumesc cu umilin\u021b\u0103.<\/p>\n","protected":false},"author":2,"featured_media":0,"parent":0,"menu_order":0,"comment_status":"closed","ping_status":"closed","template":"","meta":{"footnotes":""},"tags":[],"class_list":["post-4774","page","type-page","status-publish"],"aioseo_notices":[],"_links":{"self":[{"href":"https:\/\/international-marriage.info\/ro\/wp-json\/wp\/v2\/pages\/4774","targetHints":{"allow":["GET"]}}],"collection":[{"href":"https:\/\/international-marriage.info\/ro\/wp-json\/wp\/v2\/pages"}],"about":[{"href":"https:\/\/international-marriage.info\/ro\/wp-json\/wp\/v2\/types\/page"}],"author":[{"embeddable":true,"href":"https:\/\/international-marriage.info\/ro\/wp-json\/wp\/v2\/users\/2"}],"replies":[{"embeddable":true,"href":"https:\/\/international-marriage.info\/ro\/wp-json\/wp\/v2\/comments?post=4774"}],"version-history":[{"count":0,"href":"https:\/\/international-marriage.info\/ro\/wp-json\/wp\/v2\/pages\/4774\/revisions"}],"wp:attachment":[{"href":"https:\/\/international-marriage.info\/ro\/wp-json\/wp\/v2\/media?parent=4774"}],"wp:term":[{"taxonomy":"post_tag","embeddable":true,"href":"https:\/\/international-marriage.info\/ro\/wp-json\/wp\/v2\/tags?post=4774"}],"curies":[{"name":"wp","href":"https:\/\/api.w.org\/{rel}","templated":true}]}}