{"id":1342,"date":"2020-11-24T15:54:45","date_gmt":"2020-11-24T06:54:45","guid":{"rendered":"https:\/\/international-marriage.info\/?page_id=1342"},"modified":"2020-11-24T15:54:45","modified_gmt":"2020-11-24T06:54:45","slug":"uluslararasi-evlilik-icin-es-vizesi-nasil-alinir-ve-japonyada-nasil-yasanir","status":"publish","type":"page","link":"https:\/\/international-marriage.info\/tr\/","title":{"rendered":"Uluslararas\u0131 evlilik i\u00e7in e\u015f vizesi nas\u0131l al\u0131n\u0131r ve Japonya&#8217;da nas\u0131l ya\u015fan\u0131r?"},"content":{"rendered":"<p><span style=\"color: #ff0000;\"><strong>Uluslararas\u0131 evli iseniz ve kay\u0131tl\u0131ysan\u0131z, elbette Japonya&#8217;da birlikte ya\u015fayabilirsiniz! \u00d6yle mi d\u00fc\u015f\u00fcn\u00fcyorsun<\/strong><\/span><\/p>\n<p>Asl\u0131nda, Japonya&#8217;da birlikte ya\u015famak i\u00e7in, evlenip uluslararas\u0131 bir \u00e7ift olarak kay\u0131t olman\u0131n yan\u0131 s\u0131ra bir e\u015f vizesi (resmi olarak \u201cbir Japon vatanda\u015f\u0131n\u0131n e\u015fi\u201d veya \u201cdaimi ikamet eden bir ki\u015finin e\u015fi) alman\u0131z gerekir. (* yabanc\u0131 e\u015f ba\u015fka bir vizeyle zaten Japonya&#8217;da de\u011filse).<\/p>\n<p>Japon evlili\u011fi ise, kar\u015f\u0131l\u0131kl\u0131 r\u0131za olur olmaz birlikte ya\u015fayabilirsiniz. Bununla birlikte, di\u011fer taraf yabanc\u0131 ise, s\u00fcre\u00e7 \u00e7ok zaman al\u0131c\u0131d\u0131r ve zaman al\u0131c\u0131d\u0131r. Belgelerin toplanmas\u0131ndan, dikkatli ve kas\u0131tl\u0131 olarak ba\u015fvuru belgelerinin haz\u0131rlanmas\u0131ndan ve uygulanmas\u0131ndan ve ard\u0131ndan s\u0131nav d\u00f6neminden ba\u015flayarak, ancak o zaman Japonya&#8217;ya girmeye hak kazanacaks\u0131n\u0131z.<\/p>\n<p>G\u00f6\u00e7menlik B\u00fcrosu, bu g\u00fcnlerde \u00e7ok say\u0131da sahte evlilik nedeniyle ba\u015fvurular\u0131 incelemede \u00e7ok kat\u0131d\u0131r ve ba\u015fvuru kolay bir \u015fekilde yap\u0131l\u0131rsa ger\u00e7ek bir evlilik olsa bile ba\u015fvurunun reddedilmesi nadir de\u011fildir. .<\/p>\n<p>Bug\u00fcnlerde bunun gibi pek \u00e7ok fikir duyuyoruz: &#8220;Bu bir sahte de\u011fil, ger\u00e7ek bir evlilik. Neden izin alam\u0131yorum? Bu sistem \u00e7\u0131lg\u0131n de\u011fil mi? &#8221;<\/p>\n<p>Asl\u0131nda, a\u00e7\u0131k\u00e7a gizlenmemi\u015f birka\u00e7 vaka var ve bence s\u0131nav g\u00f6revlilerinin takdir yetkisinde baz\u0131 s\u0131n\u0131rlar olmas\u0131 gerekiyor. Ancak sistemin revize edilmesi zaman alacak ve bunun ne zaman olaca\u011f\u0131n\u0131 bilmiyoruz. Bu nedenle, yap\u0131lacak ilk \u015fey, yabanc\u0131 e\u015finizin m\u00fcmk\u00fcn olan en k\u0131sa s\u00fcrede Japonya&#8217;ya gelebilmesi i\u00e7in G\u00f6\u00e7men B\u00fcrosu&#8217;nun s\u0131nav\u0131n\u0131 kolayca ge\u00e7ebilecek bir ba\u015fvuruya nas\u0131l ba\u015fvuraca\u011f\u0131n\u0131z\u0131 d\u00fc\u015f\u00fcnmektir.<\/p>\n<p><span style=\"text-decoration: underline; color: #ff0000;\"><strong>Ba\u015fvuru reddedildi\u011finde, bir sonraki vize ba\u015fvurunuzda, daha \u00f6nce yapt\u0131\u011f\u0131n\u0131z ba\u015fvuruya g\u00f6re bir ba\u015fvuru formu doldurman\u0131z gerekece\u011finden, engel y\u00fckselir.<\/strong><\/span><\/p>\n<p><span style=\"text-decoration: underline;\">B\u00fcromuz, uluslararas\u0131 evlilikler i\u00e7in e\u015f vizesi alma prosed\u00fcrlerinde Chiba, Tokyo, Saitama, Ibaraki, Tochigi, Gunma, Nagano, Niigata, Yamanashi ve t\u00fcm Kyushu&#8217;daki insanlara yard\u0131mc\u0131 olmaktad\u0131r.<\/span><\/p>\n<p>Uluslararas\u0131 evlilik vizeniz ile ilgili herhangi bir sorunuz varsa l\u00fctfen bizimle ileti\u015fime ge\u00e7mekten \u00e7ekinmeyin. <strong><span style=\"text-decoration: underline; color: #0000ff;\">\u0130lk kons\u00fcltasyonlar her zaman mevcuttur.<\/span><\/strong><\/p>\n<h2>E\u015finizle Japonya&#8217;da ya\u015fayabilmek i\u00e7in ad\u0131mlar<\/h2>\n<p>Bir yabanc\u0131yla evlenmek ve Japonya&#8217;da birlikte ya\u015famak i\u00e7in a\u015fa\u011f\u0131daki be\u015f temel ad\u0131m\u0131 atman\u0131z gerekir.<\/p>\n<p>Partnerinizin uyru\u011funa ba\u011fl\u0131 olarak, s\u00fcre\u00e7 yakla\u015f\u0131k d\u00f6rt ad\u0131mda s\u00fcrebilir. Yabanc\u0131 e\u015f, \u00f6rne\u011fin okumak veya \u00e7al\u0131\u015fmak i\u00e7in farkl\u0131 bir vizeyle zaten Japonya&#8217;da bulunuyorsa, s\u00fcre\u00e7 yaln\u0131zca \u00fc\u00e7 ad\u0131m atabilir. Her hal\u00fckarda, Japon vatanda\u015flar\u0131n\u0131n ba\u015fvuru s\u00fcrecini tamamlamas\u0131, yerel y\u00f6netim dairesine rapor vermenin yaln\u0131zca bir ad\u0131m gerektirdi\u011fi d\u00fc\u015f\u00fcn\u00fcl\u00fcrse, hala zor.<\/p>\n<h3>Yurtd\u0131\u015f\u0131nda ikamet eden yabanc\u0131 bir e\u015fin Japonya&#8217;ya nas\u0131l getirilece\u011fine bir \u00f6rnek<\/h3>\n<h4>1. Japon makamlar\u0131na evlilik bildirimi<\/h4>\n<p>Bu, Japon vatanda\u015f\u0131n\u0131n ikamet etti\u011fi veya ikamet etti\u011fi yerin belediye ofisinde yap\u0131l\u0131r.<\/p>\n<p>Yurt d\u0131\u015f\u0131nda evli iseniz, bir Japon diplomatik misyonunda (yabanc\u0131 bir \u00fclkedeki Japon el\u00e7ili\u011fi veya konsoloslu\u011fu) evlilik bildirimi i\u00e7in ba\u015fvurabilirsiniz.<\/p>\n<h4>2. Partnerinizin \u00fclkesindeki evlilik bildirimi<\/h4>\n<p>\u00dclkeye ba\u011fl\u0131 olarak, evlili\u011finizi kaydettirmekten daha fazlas\u0131n\u0131 yapman\u0131z gerekir; t\u0131bbi muayene vb. yapman\u0131z gerekir, bu nedenle prosed\u00fcr\u00fc \u00f6nceden kontrol etmeniz \u00f6nemlidir.<\/p>\n<p>Ayn\u0131 \u00fclkede bile prosed\u00fcrler b\u00f6lgeye ba\u011fl\u0131 olarak tamamen farkl\u0131 olabilir, bu nedenle bunun da fark\u0131nda olmak \u00f6nemlidir.<\/p>\n<p>Yabanc\u0131 e\u015finiz halihaz\u0131rda Japonya&#8217;da ya\u015f\u0131yorsa, Japonya&#8217;daki di\u011fer taraf\u0131n el\u00e7ili\u011fine veya konsoloslu\u011funa (baz\u0131 istisnalar d\u0131\u015f\u0131nda) ba\u015fvurmak m\u00fcmk\u00fcnd\u00fcr.<\/p>\n<p>\u00dclkeye ba\u011fl\u0131 olarak, 1. ve 2. ad\u0131mlar\u0131n s\u0131ras\u0131n\u0131 tersine \u00e7evirmeniz gerekebilir veya her iki \u015fekilde de gidebilirsiniz.<\/p>\n<h4>3. G\u00f6\u00e7menlik B\u00fcrosundaki Ba\u015fvuru Prosed\u00fcr\u00fc<\/h4>\n<p>Ba\u015fvuru s\u00fcreci, yabanc\u0131 e\u015fin Japonya&#8217;da veya yurtd\u0131\u015f\u0131nda olmas\u0131na ba\u011fl\u0131 olarak farkl\u0131l\u0131k g\u00f6sterir.<\/p>\n<p>Halihaz\u0131rda Japonya&#8217;da ya\u015f\u0131yorsan\u0131z, bir t\u00fcr ikamet stat\u00fcn\u00fcz\u00fcn olmas\u0131 gerekir, b\u00f6ylece stat\u00fc de\u011fi\u015fikli\u011fi i\u00e7in \u201cJapon vatanda\u015f\u0131n\u0131n e\u015fi\u201d veya \u201cDaimi ikamet eden ki\u015finin e\u015fi\u201d stat\u00fcs\u00fcne ba\u015fvurabilirsiniz.<\/p>\n<p>Yurt d\u0131\u015f\u0131nda ya\u015f\u0131yorsan\u0131z, vize almak i\u00e7in Uygunluk Sertifikas\u0131 ba\u015fvurusunda bulunabilirsiniz.<\/p>\n<h4>4. Yabanc\u0131 e\u015fin \u00fclkesindeki Japon b\u00fcy\u00fckel\u00e7ili\u011fi veya konsoloslu\u011funa vize verme prosed\u00fcr\u00fc<\/h4>\n<p>G\u00f6\u00e7menlik makamlar\u0131 bir e\u015f vizesini (Uygunluk Belgesi) ba\u015far\u0131yla verdikten sonra, bunu yabanc\u0131 e\u015finize g\u00f6nderin ve ard\u0131ndan vizeyi vermek i\u00e7in e\u015finizin \u00fclkesindeki Japon b\u00fcy\u00fckel\u00e7ili\u011fine (konsoloslu\u011funa) gidin.<\/p>\n<h4>5. Japon havaalan\u0131nda g\u00f6\u00e7menlik denetimi<\/h4>\n<p>&#8220;G\u00f6\u00e7menlik&#8221; terimi korkutucu gelebilir, ancak burada nadiren sorun olur. Bununla birlikte, parmak izleriniz ge\u00e7mi\u015fte \u00fclkede yasa d\u0131\u015f\u0131 olarak bulundu\u011funuzu g\u00f6steriyorsa veya yan\u0131n\u0131zda Japonya&#8217;ya getirmenize izin verilmeyen bir \u015fey getiriyorsan\u0131z, bir sorununuz olmayacakt\u0131r.<\/p>\n<hr \/>\n<p><span style=\"text-decoration: underline;\"><strong>Yukar\u0131daki prosed\u00fcr\u00fcn en zor k\u0131sm\u0131 \u201cg\u00f6\u00e7menlik b\u00fcrosuna ba\u015fvurmakt\u0131r\u201d. Bu prosed\u00fcr\u00fc temizleyebilirseniz, Japonya&#8217;ya girebileceksiniz.<\/strong><\/span><\/p>\n<p>Uzun bir yol, ancak eksik belgeleri ve hatalar\u0131 \u00f6nlemek i\u00e7in bir uzman kullanarak Japonya&#8217;ya girmek i\u00e7in gereken s\u00fcreyi k\u0131saltmak m\u00fcmk\u00fcnd\u00fcr. Ancak yine de, onlarla bir araya gelemeyece\u011finiz ge\u00e7ici bir bekleme s\u00fcresinden ge\u00e7meniz gerekecektir. Umut sahibi olmak ve sab\u0131rla beklemek \u00f6nemlidir.<\/p>\n<p>Yasad\u0131\u015f\u0131 giri\u015f veya fazla konaklama gibi yasad\u0131\u015f\u0131 bir durumda olsan\u0131z bile, uluslararas\u0131 olarak evlenmenize ve Japonya&#8217;da yasal olarak ya\u015faman\u0131za izin verecek prosed\u00fcrler de vard\u0131r. L\u00fctfen pes etmeyin ve bu sizin i\u00e7in ge\u00e7erliyse daha fazla bilgi i\u00e7in bizimle ileti\u015fime ge\u00e7mekten \u00e7ekinmeyin.<\/p>\n","protected":false},"excerpt":{"rendered":"<p>Uluslararas\u0131 evli iseniz ve kay\u0131tl\u0131ysan\u0131z, elbette Japonya&#8217;da birlikte ya\u015fayabilirsiniz! \u00d6yle mi d\u00fc\u015f\u00fcn\u00fcyorsun Asl\u0131nda, Japonya&#8217;da birlikte ya\u015famak i\u00e7in, evlenip uluslararas\u0131 bir \u00e7ift olarak kay\u0131t olman\u0131n yan\u0131 s\u0131ra bir e\u015f vizesi (resmi olarak \u201cbir Japon vatanda\u015f\u0131n\u0131n e\u015fi\u201d veya \u201cdaimi ikamet eden bir ki\u015finin e\u015fi) alman\u0131z gerekir. (* yabanc\u0131 e\u015f ba\u015fka bir vizeyle zaten Japonya&#8217;da de\u011filse). Japon evlili\u011fi ise, kar\u015f\u0131l\u0131kl\u0131 r\u0131za olur olmaz birlikte ya\u015fayabilirsiniz. Bununla birlikte, di\u011fer taraf yabanc\u0131 ise, s\u00fcre\u00e7 \u00e7ok zaman al\u0131c\u0131d\u0131r ve zaman al\u0131c\u0131d\u0131r. Belgelerin toplanmas\u0131ndan, dikkatli ve kas\u0131tl\u0131 olarak ba\u015fvuru belgelerinin haz\u0131rlanmas\u0131ndan ve uygulanmas\u0131ndan ve ard\u0131ndan s\u0131nav d\u00f6neminden ba\u015flayarak, ancak o zaman Japonya&#8217;ya girmeye hak kazanacaks\u0131n\u0131z. G\u00f6\u00e7menlik B\u00fcrosu, bu g\u00fcnlerde \u00e7ok say\u0131da sahte evlilik nedeniyle ba\u015fvurular\u0131 incelemede \u00e7ok [&hellip;]<\/p>\n","protected":false},"author":2,"featured_media":0,"parent":0,"menu_order":0,"comment_status":"closed","ping_status":"closed","template":"","meta":{"footnotes":""},"tags":[],"class_list":["post-1342","page","type-page","status-publish"],"aioseo_notices":[],"_links":{"self":[{"href":"https:\/\/international-marriage.info\/tr\/wp-json\/wp\/v2\/pages\/1342","targetHints":{"allow":["GET"]}}],"collection":[{"href":"https:\/\/international-marriage.info\/tr\/wp-json\/wp\/v2\/pages"}],"about":[{"href":"https:\/\/international-marriage.info\/tr\/wp-json\/wp\/v2\/types\/page"}],"author":[{"embeddable":true,"href":"https:\/\/international-marriage.info\/tr\/wp-json\/wp\/v2\/users\/2"}],"replies":[{"embeddable":true,"href":"https:\/\/international-marriage.info\/tr\/wp-json\/wp\/v2\/comments?post=1342"}],"version-history":[{"count":0,"href":"https:\/\/international-marriage.info\/tr\/wp-json\/wp\/v2\/pages\/1342\/revisions"}],"wp:attachment":[{"href":"https:\/\/international-marriage.info\/tr\/wp-json\/wp\/v2\/media?parent=1342"}],"wp:term":[{"taxonomy":"post_tag","embeddable":true,"href":"https:\/\/international-marriage.info\/tr\/wp-json\/wp\/v2\/tags?post=1342"}],"curies":[{"name":"wp","href":"https:\/\/api.w.org\/{rel}","templated":true}]}}