{"id":1455,"date":"2020-12-07T15:59:29","date_gmt":"2020-12-07T06:59:29","guid":{"rendered":"https:\/\/international-marriage.info\/?page_id=1455"},"modified":"2020-12-07T15:59:29","modified_gmt":"2020-12-07T06:59:29","slug":"voice","status":"publish","type":"page","link":"https:\/\/international-marriage.info\/tr\/voice\/","title":{"rendered":"M\u00fc\u015fterinin Sesi"},"content":{"rendered":"<p>M\u00fc\u015fterilerimizden gelen geri bildirimler i\u00e7in minnettar\u0131z ve bunu al\u0131r almaz g\u00f6nderece\u011fiz. Referanslar\u0131 al\u0131r almaz g\u00f6nderece\u011fiz.<\/p>\n<h4>Chofu City, Tokyo&#8217;dan MK<\/h4>\n<p>Bu konudaki yard\u0131mlar\u0131n\u0131z i\u00e7in \u00e7ok te\u015fekk\u00fcr ederim. \u0130lk kez ba\u015fka bir idari g\u00f6revliden ba\u015fvurumda bana yard\u0131m etmesini istedim, ancak onunla temasa ge\u00e7emedim ve aylar sonra, ba\u015fvurumun gidece\u011fime dair onay verilmedi\u011fini s\u00f6yleyen bir telefon ald\u0131\u011f\u0131mda \u00e7ok hayal k\u0131r\u0131kl\u0131\u011f\u0131na u\u011frad\u0131m. pes etmek. Bu sefer \u00e7e\u015fitli web sitelerini kar\u015f\u0131la\u015ft\u0131rd\u0131m ve web sitesindeki a\u00e7\u0131klama \u00e7ok netti ve fiyat\u0131 netti, bu y\u00fczden onlara dan\u0131\u015fmaya karar verdim. Sonu\u00e7 olarak, nihayet ikamet stat\u00fcm\u00fc bekledi\u011fimden daha erken alabildim, bu aylarca beklemenin ard\u0131ndan b\u00fcy\u00fck bir rahatlama oldu. Bunu Dr. Nomura&#8217;ya b\u0131rakt\u0131\u011f\u0131ma \u00e7ok sevindim. Yard\u0131m\u0131n i\u00e7in \u00e7ok te\u015fekk\u00fcrler.<\/p>\n<h4>Nagaoka City, Niigata Prefecture&#8217;dan S<\/h4>\n<p>Ge\u00e7en g\u00fcn yard\u0131mlar\u0131n\u0131z i\u00e7in \u00e7ok te\u015fekk\u00fcr ederim, May\u0131s ay\u0131nda Japonya&#8217;ya geldim ve \u015fu anda e\u015fimle ya\u015f\u0131yorum. \u0130\u015fte kar\u0131mdan bir hediye. L\u00fctfen bunu herkesle payla\u015f\u0131n. Hizmet i\u00e7in \u00e7ok te\u015fekk\u00fcr ederim.<\/p>\n<h4>Yokohama City, Kanagawa Prefecture&#8217;dan KT<\/h4>\n<p>Akreditasyon sertifikam\u0131 ald\u0131m, ancak sizinle temasa ge\u00e7mem biraz zaman ald\u0131. Evlili\u011fimizin detaylar\u0131 hakk\u0131nda bir \u00e7ok soru sormak i\u00e7in onlar\u0131 \u00c7in&#8217;den aramak zorunda kald\u0131m ve onlara iyilikleri ve yard\u0131mlar\u0131 i\u00e7in te\u015fekk\u00fcr ediyorum. Yard\u0131m\u0131n i\u00e7in \u00e7ok te\u015fekk\u00fcrler.<\/p>\n<h4>Kimitsu \u015eehri, Chiba&#8217;dan T<\/h4>\n<p>\u00c7inli kocam\u0131n vize s\u00fcrecinde bize yard\u0131mc\u0131 oldu\u011funuz i\u00e7in te\u015fekk\u00fcr ederiz. Bunu kendimiz yapmak bizim i\u00e7in \u00e7ok zordu, bu y\u00fczden yard\u0131m istedik, ancak \u00e7ok \u00e7abuk cevap verdiler ve \u00e7ok yard\u0131mc\u0131 oldular.<\/p>\n<h4>Mito City, Ibaraki&#8217;den SU<\/h4>\n<p>Kar\u0131m Japonya&#8217;ya g\u00fcvenli bir \u015fekilde gelebildi ve bir kez ba\u015far\u0131s\u0131z oldu\u011fumda neredeyse par\u00e7alan\u0131yordum, ama yard\u0131m\u0131n i\u00e7in te\u015fekk\u00fcrler. \u015eimdi ke\u015fke ba\u015ftan bana yard\u0131m etmelerini istemi\u015f olsayd\u0131m. Yard\u0131mlar\u0131n\u0131z ve deste\u011finiz i\u00e7in tekrar te\u015fekk\u00fcr ederiz.<\/p>\n<h4>Takasaki City, Gunma&#8217;dan TM<\/h4>\n<p>Merhaba! Ge\u00e7en ay \u00c7in&#8217;e gittim. Sizinle ileti\u015fime ge\u00e7mekte gecikti\u011fim i\u00e7in \u00f6z\u00fcr dilerim ama sertifikam\u0131 ald\u0131m. \u00c7ok te\u015fekk\u00fcr ederim. Geriye d\u00f6n\u00fcp bakt\u0131\u011f\u0131mda, ge\u00e7en y\u0131l internette tan\u0131\u015ft\u0131\u011f\u0131m \u00c7inli k\u0131z arkada\u015f\u0131mla evlenmeye karar verdi\u011fimde anlamad\u0131\u011f\u0131m bir\u00e7ok \u015fey vard\u0131 ve bir kay\u0131p ya\u015f\u0131yordum. Arkada\u015f\u0131mdan tavsiye istedi\u011fimde, bana bunu s\u00f6yleyen onun ofisiydi. Ve \u015fimdi ba\u015far\u0131l\u0131 bir \u015fekilde onayland\u0131m ve ona dan\u0131\u015ft\u0131\u011f\u0131m i\u00e7in \u00e7ok mutluyum! \u00d6n\u00fcm\u00fczdeki aydan itibaren kar\u0131m ve ben sonsuza dek mutlu ya\u015fayaca\u011f\u0131z! Te\u015fekk\u00fcr ederim! G\u00fcncellemeler i\u00e7in tekrar te\u015fekk\u00fcrler!<\/p>\n<h4>M, Kasukabe City, Saitama Prefecture<\/h4>\n<p>\u0130lk ba\u015fta kendim yapmaya \u00e7al\u0131\u015ft\u0131m, ama olaca\u011f\u0131n\u0131 d\u00fc\u015f\u00fcnd\u00fc\u011f\u00fcmden daha zor g\u00f6r\u00fcnd\u00fc ve doktordan bana yard\u0131m etmesini istedi\u011fim i\u00e7in memnunum. G\u00f6r\u00fc\u015fmeye kat\u0131labilmesi \u00e7ok yard\u0131mc\u0131 oldu. Yard\u0131m\u0131n i\u00e7in \u00e7ok te\u015fekk\u00fcrler.<\/p>\n<h4>Bayan Sakamoto, Matsudo \u015eehri, Chiba Eyaleti<\/h4>\n<p>Partnerim hamileydi ve Japonya&#8217;da do\u011fum yapmadan \u00f6nce ay\u0131racak vaktimiz yoktu, ancak durumu inan\u0131lmaz derecede h\u0131zl\u0131 ve do\u011fru \u015fekilde ele ald\u0131\u011f\u0131n\u0131z i\u00e7in, izin alabildik ve bebe\u011fimizi Japonya&#8217;da do\u011furduk. Yard\u0131m\u0131n i\u00e7in \u00e7ok te\u015fekk\u00fcr ederim.<\/p>\n<h4>Bayan Suzuki, Misato \u015eehri, Saitama Eyaleti<\/h4>\n<p>Vizelerimizi alana kadar nas\u0131l evlenece\u011fimizden biletleri nas\u0131l ayarlayaca\u011f\u0131m\u0131za ve nas\u0131l u\u00e7aca\u011f\u0131m\u0131za kadar her konuda ayr\u0131nt\u0131l\u0131 talimatlar g\u00fcven verici ve g\u00fcven vericiydi. Vizeler d\u0131\u015f\u0131nda pek \u00e7ok soru sordu\u011fum i\u00e7in \u00fczg\u00fcn\u00fcm ama \u00e7ok yard\u0131mc\u0131 oldular. Yard\u0131m\u0131n i\u00e7in \u00e7ok te\u015fekk\u00fcrler.<\/p>\n<h4>Bayan Ando, \u200b\u200bChiba \u015eehri, Chiba Eyaleti<\/h4>\n<p>Fazlas\u0131yla kald\u0131\u011f\u0131mda, onunla birlikte olmak i\u00e7in her zaman endi\u015feliydim, ama \u015fimdi bana izin verdi\u011fine g\u00f6re, hayat\u0131m\u0131 bu \u015fekilde bar\u0131\u015f ve haysiyet i\u00e7inde ya\u015fayabildi\u011fim i\u00e7in mutluyum, normal insanlar i\u00e7in normal bir \u015fey. \u00c7ok te\u015fekk\u00fcr ederim.<\/p>\n","protected":false},"excerpt":{"rendered":"<p>M\u00fc\u015fterilerimizden gelen geri bildirimler i\u00e7in minnettar\u0131z ve bunu al\u0131r almaz g\u00f6nderece\u011fiz. Referanslar\u0131 al\u0131r almaz g\u00f6nderece\u011fiz. Chofu City, Tokyo&#8217;dan MK Bu konudaki yard\u0131mlar\u0131n\u0131z i\u00e7in \u00e7ok te\u015fekk\u00fcr ederim. \u0130lk kez ba\u015fka bir idari g\u00f6revliden ba\u015fvurumda bana yard\u0131m etmesini istedim, ancak onunla temasa ge\u00e7emedim ve aylar sonra, ba\u015fvurumun gidece\u011fime dair onay verilmedi\u011fini s\u00f6yleyen bir telefon ald\u0131\u011f\u0131mda \u00e7ok hayal k\u0131r\u0131kl\u0131\u011f\u0131na u\u011frad\u0131m. pes etmek. Bu sefer \u00e7e\u015fitli web sitelerini kar\u015f\u0131la\u015ft\u0131rd\u0131m ve web sitesindeki a\u00e7\u0131klama \u00e7ok netti ve fiyat\u0131 netti, bu y\u00fczden onlara dan\u0131\u015fmaya karar verdim. Sonu\u00e7 olarak, nihayet ikamet stat\u00fcm\u00fc bekledi\u011fimden daha erken alabildim, bu aylarca beklemenin ard\u0131ndan b\u00fcy\u00fck bir rahatlama oldu. Bunu Dr. Nomura&#8217;ya b\u0131rakt\u0131\u011f\u0131ma \u00e7ok sevindim. Yard\u0131m\u0131n i\u00e7in \u00e7ok te\u015fekk\u00fcrler. Nagaoka City, Niigata [&hellip;]<\/p>\n","protected":false},"author":2,"featured_media":0,"parent":0,"menu_order":0,"comment_status":"open","ping_status":"open","template":"","meta":{"footnotes":""},"tags":[],"class_list":["post-1455","page","type-page","status-publish"],"aioseo_notices":[],"_links":{"self":[{"href":"https:\/\/international-marriage.info\/tr\/wp-json\/wp\/v2\/pages\/1455","targetHints":{"allow":["GET"]}}],"collection":[{"href":"https:\/\/international-marriage.info\/tr\/wp-json\/wp\/v2\/pages"}],"about":[{"href":"https:\/\/international-marriage.info\/tr\/wp-json\/wp\/v2\/types\/page"}],"author":[{"embeddable":true,"href":"https:\/\/international-marriage.info\/tr\/wp-json\/wp\/v2\/users\/2"}],"replies":[{"embeddable":true,"href":"https:\/\/international-marriage.info\/tr\/wp-json\/wp\/v2\/comments?post=1455"}],"version-history":[{"count":0,"href":"https:\/\/international-marriage.info\/tr\/wp-json\/wp\/v2\/pages\/1455\/revisions"}],"wp:attachment":[{"href":"https:\/\/international-marriage.info\/tr\/wp-json\/wp\/v2\/media?parent=1455"}],"wp:term":[{"taxonomy":"post_tag","embeddable":true,"href":"https:\/\/international-marriage.info\/tr\/wp-json\/wp\/v2\/tags?post=1455"}],"curies":[{"name":"wp","href":"https:\/\/api.w.org\/{rel}","templated":true}]}}