{"id":1487,"date":"2020-12-07T16:21:02","date_gmt":"2020-12-07T07:21:02","guid":{"rendered":"https:\/\/international-marriage.info\/?page_id=1487"},"modified":"2020-12-07T16:21:02","modified_gmt":"2020-12-07T07:21:02","slug":"map","status":"publish","type":"page","link":"https:\/\/international-marriage.info\/tr\/map\/","title":{"rendered":"Eri\u015fim Haritas\u0131"},"content":{"rendered":"<p>Ofisimiz Kashiwa istasyonu bat\u0131 \u00e7\u0131k\u0131\u015f\u0131n\u0131n \u00f6n\u00fcnde yer almaktad\u0131r, bu nedenle toplu ta\u015f\u0131ma ile gelmek uygundur.<br \/>\nJR Joban Hatt\u0131 veya Tobu Noda Hatt\u0131 \u00fczerindeki Kashiwa \u0130stasyonu&#8217;nun Bat\u0131 \u00c7\u0131k\u0131\u015f\u0131 \u00f6n\u00fcnde bulunan bina \u00f6n\u00fcm\u00fczde bulunan binad\u0131r.<br \/>\nBat\u0131 \u00e7\u0131k\u0131\u015f\u0131n\u0131n sonunda sa\u011fa do\u011fru merdivenlerden a\u015fa\u011f\u0131 inin, bina giri\u015fi merdivenlerin sonundad\u0131r.<\/p>\n<p>Ofisin otopark\u0131 yoktur, ancak civarda jetonlu birka\u00e7 otopark vard\u0131r.<br \/>\n<a href=\"https:\/\/www.google.com\/maps\/d\/viewer?ie=UTF8&amp;hl=ja&amp;msa=0&amp;ll=35.8627%2C139.97094899999996&amp;spn=0.003043%2C0.00456&amp;z=17&amp;source=embed&amp;mid=19nfcQwZIDI1bwEKDVAWDL9opOX0\">Daha b\u00fcy\u00fck bir haritada g\u00f6r\u00fcnt\u00fcleyin<\/a><\/p>\n","protected":false},"excerpt":{"rendered":"<p>Ofisimiz Kashiwa istasyonu bat\u0131 \u00e7\u0131k\u0131\u015f\u0131n\u0131n \u00f6n\u00fcnde yer almaktad\u0131r, bu nedenle toplu ta\u015f\u0131ma ile gelmek uygundur. JR Joban Hatt\u0131 veya Tobu Noda Hatt\u0131 \u00fczerindeki Kashiwa \u0130stasyonu&#8217;nun Bat\u0131 \u00c7\u0131k\u0131\u015f\u0131 \u00f6n\u00fcnde bulunan bina \u00f6n\u00fcm\u00fczde bulunan binad\u0131r. Bat\u0131 \u00e7\u0131k\u0131\u015f\u0131n\u0131n sonunda sa\u011fa do\u011fru merdivenlerden a\u015fa\u011f\u0131 inin, bina giri\u015fi merdivenlerin sonundad\u0131r. Ofisin otopark\u0131 yoktur, ancak civarda jetonlu birka\u00e7 otopark vard\u0131r. Daha b\u00fcy\u00fck bir haritada g\u00f6r\u00fcnt\u00fcleyin<\/p>\n","protected":false},"author":2,"featured_media":0,"parent":0,"menu_order":0,"comment_status":"open","ping_status":"open","template":"","meta":{"footnotes":""},"tags":[],"class_list":["post-1487","page","type-page","status-publish"],"aioseo_notices":[],"_links":{"self":[{"href":"https:\/\/international-marriage.info\/tr\/wp-json\/wp\/v2\/pages\/1487","targetHints":{"allow":["GET"]}}],"collection":[{"href":"https:\/\/international-marriage.info\/tr\/wp-json\/wp\/v2\/pages"}],"about":[{"href":"https:\/\/international-marriage.info\/tr\/wp-json\/wp\/v2\/types\/page"}],"author":[{"embeddable":true,"href":"https:\/\/international-marriage.info\/tr\/wp-json\/wp\/v2\/users\/2"}],"replies":[{"embeddable":true,"href":"https:\/\/international-marriage.info\/tr\/wp-json\/wp\/v2\/comments?post=1487"}],"version-history":[{"count":0,"href":"https:\/\/international-marriage.info\/tr\/wp-json\/wp\/v2\/pages\/1487\/revisions"}],"wp:attachment":[{"href":"https:\/\/international-marriage.info\/tr\/wp-json\/wp\/v2\/media?parent=1487"}],"wp:term":[{"taxonomy":"post_tag","embeddable":true,"href":"https:\/\/international-marriage.info\/tr\/wp-json\/wp\/v2\/tags?post=1487"}],"curies":[{"name":"wp","href":"https:\/\/api.w.org\/{rel}","templated":true}]}}