{"id":1640,"date":"2020-12-14T17:31:09","date_gmt":"2020-12-14T08:31:09","guid":{"rendered":"https:\/\/international-marriage.info\/?page_id=1640"},"modified":"2020-12-14T17:33:14","modified_gmt":"2020-12-14T08:33:14","slug":"israel","status":"publish","type":"page","link":"https:\/\/international-marriage.info\/tr\/israel\/","title":{"rendered":"Bir \u0130srailli ile evlilik prosed\u00fcr\u00fc"},"content":{"rendered":"\n<p>Bir \u0130srailli ile a\u015fa\u011f\u0131daki yollardan biriyle evlenebilirsiniz, ancak Japonya&#8217;da adresi olmayan bir \u0130srailli iseniz, \u00f6nce \u0130srail taraf\u0131ndan evlilik formalitelerini tamamlaman\u0131z gerekecektir.<\/p>\n\n\n\n<h2 class=\"wp-block-heading\">Japonya&#8217;dan evlilik ba\u015fvurusu nas\u0131l yap\u0131l\u0131r<\/h2>\n\n\n\n<div class=\"wp-block-group has-pale-cyan-blue-background-color has-background\"><div class=\"wp-block-group__inner-container is-layout-flow wp-block-group-is-layout-flow\">\n<p class=\"has-medium-font-size\">(1) \u0130srailli &#8220;teudat leida (ulusal tescil)&#8221; i haz\u0131rlay\u0131n.<\/p>\n\n\n\n<p>\u0130srail vatanda\u015f\u0131n\u0131n &#8220;teudat leida&#8217;y\u0131 (ulusal tescil)&#8221; haz\u0131rlay\u0131n. Japonya&#8217;daki \u0130srail b\u00fcy\u00fckel\u00e7ili\u011finden veya \u0130srail&#8217;de ya\u015fayan bir aile \u00fcyesinden sizin i\u00e7in almas\u0131n\u0131 isteyin.<\/p>\n<\/div><\/div>\n\n\n\n<p class=\"has-text-align-center has-vivid-cyan-blue-color has-text-color has-medium-font-size\">\u25bc<\/p>\n\n\n\n<div class=\"wp-block-group has-pale-cyan-blue-background-color has-background\"><div class=\"wp-block-group__inner-container is-layout-flow wp-block-group-is-layout-flow\">\n<p class=\"has-medium-font-size\">(2) Yukar\u0131da (1) &#8216;de belirtilen belgeler i\u00e7in Japonya&#8217;daki \u0130srail b\u00fcy\u00fckel\u00e7ili\u011finden bir apostil al\u0131n.<\/p>\n\n\n\n<p>Japonya&#8217;daki \u0130srail b\u00fcy\u00fckel\u00e7ili\u011finden belgeleri sipari\u015f etmesini isterseniz, bu prosed\u00fcr\u00fc tamamlamak yakla\u015f\u0131k 3 hafta s\u00fcrecektir.<\/p>\n\n\n\n<p>Dok\u00fcmanlar\u0131 Tokyo&#8217;daki \u0130srail B\u00fcy\u00fckel\u00e7ili\u011finden sipari\u015f etmeniz halinde bu i\u015flemin tamamlanmas\u0131 yakla\u015f\u0131k 3 hafta s\u00fcrecektir. Ayr\u0131ca, belgelerin Tokyo&#8217;daki \u0130srail B\u00fcy\u00fckel\u00e7ili\u011fi taraf\u0131ndan terc\u00fcme edilmesi ve onaylanmas\u0131 gerekecektir.<\/p>\n\n\n\n<p>Daha \u00f6nce evlendiyseniz, eski e\u015finizi kaybettiyseniz de bir \u00f6l\u00fcm belgesine veya ayr\u0131ld\u0131ysan\u0131z bo\u015fanma belgesine ihtiyac\u0131n\u0131z olacakt\u0131r.<\/p>\n<\/div><\/div>\n\n\n\n<p class=\"has-text-align-center has-vivid-cyan-blue-color has-text-color has-medium-font-size\">\u25bc<\/p>\n\n\n\n<div class=\"wp-block-group has-pale-cyan-blue-background-color has-background\"><div class=\"wp-block-group__inner-container is-layout-flow wp-block-group-is-layout-flow\">\n<p class=\"has-medium-font-size\">(3) Daha \u00f6nce evlendiyseniz, eski e\u015finizi kaybettiyseniz \u00f6l\u00fcm belgesine veya eski e\u015finizi kaybettiyseniz bo\u015fanma belgesine ihtiyac\u0131n\u0131z olacakt\u0131r.<\/p>\n\n\n\n<p>(Gerekli belgeler)<\/p>\n\n\n\n<ul class=\"wp-block-list\"><li>Evlilik s\u00f6zle\u015fmesi yapmak i\u00e7in yasal ehliyet belgesi (Japonca \u00e7evirisi ile)<\/li><li>\u0130srail \u00f6rne\u011finde, apostil i\u00e7eren bir &#8220;teudat leida&#8221; gereklidir.<\/li><li>\u0130srail&#8217;de, e\u015f vize ba\u015fvurusu i\u00e7in de gerekli olan apostil i\u00e7eren bir &#8220;teudat leida&#8221; sunman\u0131z gerekecektir.<\/li><li>\u0130srail vatanda\u015f\u0131n\u0131n do\u011fum belgesi (Japonca terc\u00fcmeli)<\/li><li>\u0130srail vatanda\u015f\u0131 vatanda\u015fl\u0131k belgesi (Japonca \u00e7evirisi ile)<\/li><li>Kimlik belgesi (ikamet kart\u0131, ehliyet, pasaport vb.)<\/li><li>Evlilik Japon vatanda\u015f\u0131n\u0131n ikametgah\u0131 d\u0131\u015f\u0131nda ger\u00e7ekle\u015fecekse de aile kay\u0131tlar\u0131n\u0131n bir kopyas\u0131 gereklidir.<\/li><\/ul>\n<\/div><\/div>\n\n\n\n<p class=\"has-text-align-center has-vivid-cyan-blue-color has-text-color has-medium-font-size\">\u25bc<\/p>\n\n\n\n<p class=\"has-pale-cyan-blue-background-color has-background\">(4) Aile kayd\u0131n\u0131z\u0131n bir kopyas\u0131 da gereklidir.<\/p>\n\n\n\n<p class=\"has-text-align-center has-vivid-cyan-blue-color has-text-color has-medium-font-size\">\u25bc<\/p>\n\n\n\n<p class=\"has-pale-cyan-blue-background-color has-background\">(5) Japonya&#8217;daki \u0130srail B\u00fcy\u00fckel\u00e7ili\u011fine apostil ile birlikte &#8220;Evlilik Kabul Belgesini&#8221; \u0130ngilizce veya \u0130branice terc\u00fcmesi ile teslim edin ve evlili\u011fin kabul edildi\u011fini belirten resmi bir belge al\u0131n.<\/p>\n\n\n\n<h2 class=\"wp-block-heading\">\u0130srail&#8217;de nas\u0131l evlenir<\/h2>\n\n\n\n<div class=\"wp-block-group has-pale-cyan-blue-background-color has-background\"><div class=\"wp-block-group__inner-container is-layout-flow wp-block-group-is-layout-flow\">\n<p class=\"has-medium-font-size\">(1) Bir Japon vatanda\u015f\u0131, evlenmek i\u00e7in yasal ehliyet belgesi al\u0131r ve D\u0131\u015fi\u015fleri Bakanl\u0131\u011f\u0131ndan apostil al\u0131r.<\/p>\n\n\n\n<p>Belge \u0130ngilizce veya \u0130branice&#8217;ye \u00e7evrilmi\u015fse, noter taraf\u0131ndan onaylanmal\u0131d\u0131r.<\/p>\n<\/div><\/div>\n\n\n\n<p class=\"has-text-align-center has-vivid-cyan-blue-color has-text-color has-medium-font-size\">\u25bc<\/p>\n\n\n\n<p class=\"has-pale-cyan-blue-background-color has-background\">(2) Bir Japon, \u0130srail&#8217;deki Japon B\u00fcy\u00fckel\u00e7ili\u011finden &#8220;Bek\u00e2rl\u0131k Sertifikas\u0131&#8221; vb. Al\u0131r.<\/p>\n\n\n\n<p class=\"has-text-align-center has-vivid-cyan-blue-color has-text-color has-medium-font-size\">\u25bc<\/p>\n\n\n\n<p class=\"has-pale-cyan-blue-background-color has-background\">(3) &#8220;Bek\u00e2rl\u0131k Sertifikas\u0131&#8221;, \u0130srail D\u0131\u015fi\u015fleri Bakanl\u0131\u011f\u0131 taraf\u0131ndan tasdik edilir.<\/p>\n\n\n\n<p class=\"has-text-align-center has-vivid-cyan-blue-color has-text-color has-medium-font-size\">\u25bc<\/p>\n\n\n\n<p class=\"has-pale-cyan-blue-background-color has-background\">(4) Evlili\u011fin iki taraf\u0131 \u0130srail&#8217;in adresi \u00fczerinde yarg\u0131 yetkisine sahip belediyeye gider ve evlilik c\u00fczdan\u0131 al\u0131r.<\/p>\n\n\n\n<p class=\"has-text-align-center has-vivid-cyan-blue-color has-text-color has-medium-font-size\">\u25bc<\/p>\n\n\n\n<p class=\"has-pale-cyan-blue-background-color has-background\">(5) &#8220;Evlilik Bildirimini&#8221; \u0130srail&#8217;deki Japonya B\u00fcy\u00fckel\u00e7ili\u011fi&#8217;ne veya Japonya&#8217;daki belediye ofisine g\u00f6nderin.<\/p>\n\n\n\n<p>Prosed\u00fcr i\u00e7in gerekli belgelerin b\u00f6lgeye veya ba\u015fvuru kurulu\u015funa g\u00f6re farkl\u0131l\u0131k g\u00f6sterebilece\u011fini l\u00fctfen unutmay\u0131n, bu nedenle \u00f6nceden ba\u015fvurdu\u011funuz kurulu\u015fla g\u00f6r\u00fc\u015fmeniz \u00f6nerilir.<\/p>\n\n\n\n<div style=\"height:50px\" aria-hidden=\"true\" class=\"wp-block-spacer\"><\/div>\n\n\n\n<p>Bir \u0130srail vatanda\u015f\u0131 ile uluslararas\u0131 evlili\u011finizin formalitelerinde size yard\u0131mc\u0131 olabiliriz.<br>L\u00fctfen bizimle ba\u011flant\u0131 kurmaya teredd\u00fct etmeyiniz.<\/p>\n","protected":false},"excerpt":{"rendered":"<p>Bir \u0130srailli ile a\u015fa\u011f\u0131daki yollardan biriyle evlenebilirsiniz, ancak Japonya&#8217;da adresi olmayan bir \u0130srailli iseniz, \u00f6nce \u0130srail taraf\u0131ndan evlilik formalitelerini tamamlaman\u0131z gerekecektir. Japonya&#8217;dan evlilik ba\u015fvurusu nas\u0131l yap\u0131l\u0131r (1) \u0130srailli &#8220;teudat leida (ulusal tescil)&#8221; i haz\u0131rlay\u0131n. \u0130srail vatanda\u015f\u0131n\u0131n &#8220;teudat leida&#8217;y\u0131 (ulusal tescil)&#8221; haz\u0131rlay\u0131n. Japonya&#8217;daki \u0130srail b\u00fcy\u00fckel\u00e7ili\u011finden veya \u0130srail&#8217;de ya\u015fayan bir aile \u00fcyesinden sizin i\u00e7in almas\u0131n\u0131 isteyin. \u25bc (2) Yukar\u0131da (1) &#8216;de belirtilen belgeler i\u00e7in Japonya&#8217;daki \u0130srail b\u00fcy\u00fckel\u00e7ili\u011finden bir apostil al\u0131n. Japonya&#8217;daki \u0130srail b\u00fcy\u00fckel\u00e7ili\u011finden belgeleri sipari\u015f etmesini isterseniz, bu prosed\u00fcr\u00fc tamamlamak yakla\u015f\u0131k 3 hafta s\u00fcrecektir. Dok\u00fcmanlar\u0131 Tokyo&#8217;daki \u0130srail B\u00fcy\u00fckel\u00e7ili\u011finden sipari\u015f etmeniz halinde bu i\u015flemin tamamlanmas\u0131 yakla\u015f\u0131k 3 hafta s\u00fcrecektir. Ayr\u0131ca, belgelerin Tokyo&#8217;daki \u0130srail B\u00fcy\u00fckel\u00e7ili\u011fi taraf\u0131ndan terc\u00fcme edilmesi ve onaylanmas\u0131 gerekecektir. Daha \u00f6nce evlendiyseniz, [&hellip;]<\/p>\n","protected":false},"author":2,"featured_media":0,"parent":0,"menu_order":0,"comment_status":"closed","ping_status":"closed","template":"","meta":{"footnotes":""},"tags":[],"class_list":["post-1640","page","type-page","status-publish"],"aioseo_notices":[],"_links":{"self":[{"href":"https:\/\/international-marriage.info\/tr\/wp-json\/wp\/v2\/pages\/1640","targetHints":{"allow":["GET"]}}],"collection":[{"href":"https:\/\/international-marriage.info\/tr\/wp-json\/wp\/v2\/pages"}],"about":[{"href":"https:\/\/international-marriage.info\/tr\/wp-json\/wp\/v2\/types\/page"}],"author":[{"embeddable":true,"href":"https:\/\/international-marriage.info\/tr\/wp-json\/wp\/v2\/users\/2"}],"replies":[{"embeddable":true,"href":"https:\/\/international-marriage.info\/tr\/wp-json\/wp\/v2\/comments?post=1640"}],"version-history":[{"count":0,"href":"https:\/\/international-marriage.info\/tr\/wp-json\/wp\/v2\/pages\/1640\/revisions"}],"wp:attachment":[{"href":"https:\/\/international-marriage.info\/tr\/wp-json\/wp\/v2\/media?parent=1640"}],"wp:term":[{"taxonomy":"post_tag","embeddable":true,"href":"https:\/\/international-marriage.info\/tr\/wp-json\/wp\/v2\/tags?post=1640"}],"curies":[{"name":"wp","href":"https:\/\/api.w.org\/{rel}","templated":true}]}}