{"id":2286,"date":"2020-12-22T19:59:28","date_gmt":"2020-12-22T10:59:28","guid":{"rendered":"https:\/\/international-marriage.info\/?page_id=2286"},"modified":"2020-12-22T20:01:28","modified_gmt":"2020-12-22T11:01:28","slug":"%e3%83%88%e3%83%ab%e3%82%b3%e4%ba%ba%e3%81%a8%e3%81%ae%e7%b5%90%e5%a9%9a%e6%89%8b%e7%b6%9a%e3%81%8d","status":"publish","type":"page","link":"https:\/\/international-marriage.info\/tr\/%e3%83%88%e3%83%ab%e3%82%b3%e4%ba%ba%e3%81%a8%e3%81%ae%e7%b5%90%e5%a9%9a%e6%89%8b%e7%b6%9a%e3%81%8d\/","title":{"rendered":"T\u00fcrk ile evlilik prosed\u00fcr\u00fc"},"content":{"rendered":"\n<p>Uluslararas\u0131 evlilik prosed\u00fcr\u00fc, Japonya&#8217;daki prosed\u00fcrden veya di\u011fer \u00fclkedeki prosed\u00fcrden ba\u015flayabilir, ancak bir Japon ile T\u00fcrk aras\u0131nda evlilik olmas\u0131 durumunda, Japonya&#8217;daki her iki \u00fclkede de prosed\u00fcrlerin tamamlanmas\u0131 gerekmektedir. Yapmas\u0131 kolay ve kolayd\u0131r, bu y\u00fczden \u00f6nce Japonya&#8217;dan evlenme ak\u0131\u015f\u0131yla ba\u015flayal\u0131m.<\/p>\n\n\n\n<p>* Gerekli belgeler, g\u00f6nderdi\u011finiz devlet dairesine vb. G\u00f6re farkl\u0131l\u0131k g\u00f6sterir, bu nedenle l\u00fctfen \u00f6nceden devlet dairesi vb. \u0130le kontrol etti\u011finizden emin olun!<\/p>\n\n\n\n<h2 class=\"wp-block-heading\">Japon taraf\u0131ndan evlilik prosed\u00fcr\u00fc ilk yap\u0131ld\u0131\u011f\u0131nda<\/h2>\n\n\n\n<h5 class=\"wp-block-heading\">1.T\u00fcrkler evlilik \u015fartlar\u0131n\u0131 yerine getirme belgesi al\u0131r (bek\u00e2rl\u0131k belgesi)<\/h5>\n\n\n\n<p>Onu almak i\u00e7in Japonya&#8217;daki T\u00fcrk B\u00fcy\u00fckel\u00e7ili\u011fine gidece\u011fim.<\/p>\n\n\n\n<div class=\"wp-block-group has-pale-cyan-blue-background-color has-background\"><div class=\"wp-block-group__inner-container is-layout-flow wp-block-group-is-layout-flow\">\n<p><strong>[Ba\u015fvuru formu d\u0131\u015f\u0131nda gerekli belgeler]<\/strong><\/p>\n\n\n\n<ul class=\"wp-block-list\"><li>T\u00fcrkler i\u00e7in bekarl\u0131k belgesi: 1 n\u00fcsha<\/li><li>T\u00fcrk\u00e7e Kimlik: 1 n\u00fcsha<\/li><li>T\u00fcrk pasaportunun fotokopisi: 1 n\u00fcsha<\/li><li>Japon pasaportunun fotokopisi: 1 n\u00fcsha<\/li><li>Zarf\u0131 yan\u0131tla: 1 kopya<\/li><\/ul>\n<\/div><\/div>\n\n\n\n<h5 class=\"wp-block-heading\">2. Japonya&#8217;daki belediye ofisine birlikte bir evlilik kayd\u0131 g\u00f6nderin<\/h5>\n\n\n\n<p>Gereksinimler b\u00f6lgeye g\u00f6re de\u011fi\u015febilir.<\/p>\n\n\n\n<div class=\"wp-block-group has-pale-cyan-blue-background-color has-background\"><div class=\"wp-block-group__inner-container is-layout-flow wp-block-group-is-layout-flow\">\n<p><strong>[Evlilik bildirim formu d\u0131\u015f\u0131nda gerekli belgeler]<\/strong><\/p>\n\n\n\n<ul class=\"wp-block-list\"><li>T\u00fcrkler i\u00e7in evlilik \u015fartlar\u0131n\u0131 yerine getirme belgesi: 1 n\u00fcsha<\/li><li>T\u00fcrkler i\u00e7in evlilik \u015fartlar\u0131n\u0131 yerine getirme belgesinin Japonca \u00e7evirisi: 1 n\u00fcsha<\/li><li>Japon bir ki\u015finin aile kayd\u0131n\u0131n bir kopyas\u0131 (ikamet yerinin belediye binas\u0131na bildirilirse gerekli de\u011fildir)<\/li><li>T\u00fcrk pasaportu (orijinal sunum): 1 n\u00fcsha<\/li><\/ul>\n<\/div><\/div>\n\n\n\n<h5 class=\"wp-block-heading\">3.Japonya&#8217;daki T\u00fcrk B\u00fcy\u00fckel\u00e7ili\u011fine rapor verin ve evlilik c\u00fczdan\u0131 al\u0131n<\/h5>\n\n\n\n<p>Evlili\u011finizi Japonya&#8217;da kaydettirdikten sonra 2 ay i\u00e7inde evlili\u011finizi bildirmelisiniz.<\/p>\n\n\n\n<div class=\"wp-block-group has-pale-cyan-blue-background-color has-background\"><div class=\"wp-block-group__inner-container is-layout-flow wp-block-group-is-layout-flow\">\n<p><strong>[Ba\u015fvuru formu d\u0131\u015f\u0131nda gerekli belgeler]<\/strong><\/p>\n\n\n\n<ul class=\"wp-block-list\"><li>Evlilik kayd\u0131 kabul belgesi: 1 n\u00fcsha<\/li><li>Evlilik kay\u0131t belgesinin terc\u00fcmesi (\u0130ngilizce veya T\u00fcrk\u00e7e): 1 n\u00fcsha<\/li><li>Japon aile kayd\u0131 (bir T\u00fcrk ki\u015finin ad\u0131yla): 1 n\u00fcsha<\/li><li>Japon aile sicilinin \u00e7evirisi (\u0130ngilizce veya T\u00fcrk\u00e7e): 1 n\u00fcsha<\/li><li>T\u00fcrk ikametgah kart\u0131n\u0131n fotokopisi (asl\u0131 ibraz): 1 n\u00fcsha<\/li><li>Japon pasaportunun fotokopisi (orijinal sunum): 1 n\u00fcsha<\/li><li>\u00c7iftlerin pasaport boyutunda foto\u011fraflar\u0131: 5 adet<\/li><\/ul>\n<\/div><\/div>\n\n\n\n<p>* Gerekli bir belge olmasa da basit bir belge olabilir, bu nedenle evlilik c\u00fczdan\u0131 d\u00fczenlenmesi talebinde bulunan T\u00fcrk taraf\u0131ndan T\u00fcrk\u00e7e yaz\u0131lm\u0131\u015f bir belge eklemeniz tavsiye edilir.<\/p>\n\n\n\n<h2 class=\"wp-block-heading\">T\u00fcrk taraf\u0131ndan ilk evlenme prosed\u00fcr\u00fc ne zaman yap\u0131l\u0131r?<\/h2>\n\n\n\n<h5 class=\"wp-block-heading\">1.Evlilik dilek\u00e7esi ve di\u011fer gerekli belgeleri T\u00fcrk belediye binas\u0131na g\u00f6nderin.<\/h5>\n\n\n\n<div class=\"wp-block-group has-pale-cyan-blue-background-color has-background\"><div class=\"wp-block-group__inner-container is-layout-flow wp-block-group-is-layout-flow\">\n<p><strong>[Evlilik dilek\u00e7esi d\u0131\u015f\u0131nda gerekli belgeler]<\/strong><\/p>\n\n\n\n<ul class=\"wp-block-list\"><li>\u0130ki pasaport (asl\u0131n\u0131 g\u00f6steren)<\/li><li>\u0130ki do\u011fum belgesi: her biri i\u00e7in bir<\/li><li>Japonca (T\u00fcrk\u00e7e) do\u011fum belgesi terc\u00fcmesi: 1 n\u00fcsha<\/li><li>Japonlar i\u00e7in sa\u011fl\u0131k sertifikas\u0131<\/li><li>* Ulusal bir t\u0131p kurumu taraf\u0131ndan olu\u015fturulmal\u0131d\u0131r.<\/li><li>\u00d6zel bir t\u0131p kurumu taraf\u0131ndan haz\u0131rlanan sa\u011fl\u0131k belgesi kabul edilmeyecektir.<\/li><li>Pasaport boyutunda iki foto\u011fraf: 6 yaprak<\/li><li>Japonlar\u0131n aile kay\u0131tlar\u0131n\u0131n bir n\u00fcshas\u0131: 1 n\u00fcsha<\/li><li>Japon aile sicilinin \u00e7evrilmi\u015f metni (T\u00fcrk\u00e7e): 1 n\u00fcsha<\/li><li>Bek\u00e2rl\u0131k belgesi (Japonlar i\u00e7in evlilik \u015fartlar\u0131n\u0131 yerine getirme belgesi)<\/li><li>* Japonya Hukuk \u0130\u015fleri B\u00fcrosundan al\u0131nm\u0131\u015fsa \u21d2 Japonya D\u0131\u015fi\u015fleri Bakanl\u0131\u011f\u0131 Apostili gereklidir (T\u00fcrk\u00e7e \u00e7evirisi gereklidir, ancak bu \u00e7eviri i\u00e7in onaylay\u0131c\u0131y\u0131 onaylaman\u0131z (bildirmeniz) gerekebilece\u011fini l\u00fctfen unutmay\u0131n)<\/li><li>* T\u00fcrkiye&#8217;deki Japon b\u00fcy\u00fckel\u00e7ili\u011fi veya konsoloslu\u011fundan al\u0131nm\u0131\u015fsa \u21d2 Sertifika gerekmez<\/li><li>* Japonya \u0130stanbul Ba\u015fkonsoloslu\u011fu&#8217;ndan al\u0131nm\u0131\u015f ise \u21d2 \u0130stanbul Valisinden sertifika al\u0131nmas\u0131 gerekmektedir.<\/li><li>* T\u00fcrkiye&#8217;deki Japon B\u00fcy\u00fckel\u00e7ili\u011fi Konsolosluk B\u00f6l\u00fcm\u00fc taraf\u0131ndan al\u0131nm\u0131\u015fsa \u21d2 Ba\u015fkent Ankara&#8217;n\u0131n T\u00fcrkiye D\u0131\u015fi\u015fleri Bakanl\u0131\u011f\u0131&#8217;ndan sertifika al\u0131nmas\u0131 gerekmektedir.<\/li><\/ul>\n<\/div><\/div>\n\n\n\n<h5 class=\"wp-block-heading\">2. T\u00fcrk belediye binas\u0131 evlenme ilan\u0131 yay\u0131nlad\u0131 ve ba\u015fkalar\u0131ndan itiraz olmad\u0131\u011f\u0131n\u0131 onaylad\u0131 (21 g\u00fcn)<\/h5>\n\n\n\n<h5 class=\"wp-block-heading\">3. T\u00fcrk belediye binas\u0131n\u0131n nikah salonunda yemin ettikten sonra, evlilik kayd\u0131n\u0131 imzalay\u0131n ve bir aile c\u00fczdan\u0131 (evlili\u011fi tasdik eden belgeler) al\u0131n<\/h5>\n\n\n\n<h5 class=\"wp-block-heading\">4. Japon B\u00fcy\u00fckel\u00e7ili\u011fine Rapor (Japonya&#8217;daki Evlilik Bildirimi)<\/h5>\n\n\n\n<div class=\"wp-block-group has-pale-cyan-blue-background-color has-background\"><div class=\"wp-block-group__inner-container is-layout-flow wp-block-group-is-layout-flow\">\n<p><strong>[Evlilik bildirim formu d\u0131\u015f\u0131nda gerekli belgeler]<\/strong><\/p>\n\n\n\n<ul class=\"wp-block-list\"><li>T\u00fcrkler i\u00e7in aile defteri (belediye taraf\u0131ndan verilmi\u015f): 1 as\u0131l<\/li><li>Aile defterinin Japonca \u00e7evirisi: 1 n\u00fcsha<\/li><li>\u0130ki pasaport (asl\u0131n\u0131 g\u00f6steren)<\/li><li>T\u00fcrk vatanda\u015flar\u0131 i\u00e7in kimlik kart\u0131 (T\u00fcrk h\u00fck\u00fcmeti konumu. Orijinal sunum)<\/li><li>* Kimlik s\u00fctunundaki tek a\u00e7\u0131klamay\u0131 teyit etmek gerekti\u011finden, l\u00fctfen e\u015finizin kimlik kart\u0131n\u0131 de\u011fi\u015ftirmeden \u00f6nce bir evlilik bildirimi yap\u0131n.<\/li><li>T\u00fcrk\u00e7e kimlik kart\u0131n\u0131n Japonca \u00e7evirisi: 1 n\u00fcsha<\/li><li>Japon aile kayd\u0131 (al\u0131nt\u0131) (3 ay i\u00e7inde): 1 as\u0131l<\/li><\/ul>\n<\/div><\/div>\n\n\n\n<p>Evlilik prosed\u00fcr\u00fcn\u00fc tamamlad\u0131ktan sonra, G\u00f6\u00e7menlik B\u00fcrosuna e\u015f vizesi ba\u015fvurusunda bulunabileceksiniz.<\/p>\n","protected":false},"excerpt":{"rendered":"<p>Uluslararas\u0131 evlilik prosed\u00fcr\u00fc, Japonya&#8217;daki prosed\u00fcrden veya di\u011fer \u00fclkedeki prosed\u00fcrden ba\u015flayabilir, ancak bir Japon ile T\u00fcrk aras\u0131nda evlilik olmas\u0131 durumunda, Japonya&#8217;daki her iki \u00fclkede de prosed\u00fcrlerin tamamlanmas\u0131 gerekmektedir. Yapmas\u0131 kolay ve kolayd\u0131r, bu y\u00fczden \u00f6nce Japonya&#8217;dan evlenme ak\u0131\u015f\u0131yla ba\u015flayal\u0131m. * Gerekli belgeler, g\u00f6nderdi\u011finiz devlet dairesine vb. G\u00f6re farkl\u0131l\u0131k g\u00f6sterir, bu nedenle l\u00fctfen \u00f6nceden devlet dairesi vb. \u0130le kontrol etti\u011finizden emin olun! Japon taraf\u0131ndan evlilik prosed\u00fcr\u00fc ilk yap\u0131ld\u0131\u011f\u0131nda 1.T\u00fcrkler evlilik \u015fartlar\u0131n\u0131 yerine getirme belgesi al\u0131r (bek\u00e2rl\u0131k belgesi) Onu almak i\u00e7in Japonya&#8217;daki T\u00fcrk B\u00fcy\u00fckel\u00e7ili\u011fine gidece\u011fim. [Ba\u015fvuru formu d\u0131\u015f\u0131nda gerekli belgeler] T\u00fcrkler i\u00e7in bekarl\u0131k belgesi: 1 n\u00fcsha T\u00fcrk\u00e7e Kimlik: 1 n\u00fcsha T\u00fcrk pasaportunun fotokopisi: 1 n\u00fcsha Japon pasaportunun fotokopisi: 1 n\u00fcsha Zarf\u0131 yan\u0131tla: 1 [&hellip;]<\/p>\n","protected":false},"author":2,"featured_media":0,"parent":0,"menu_order":0,"comment_status":"closed","ping_status":"closed","template":"","meta":{"footnotes":""},"tags":[],"class_list":["post-2286","page","type-page","status-publish"],"aioseo_notices":[],"_links":{"self":[{"href":"https:\/\/international-marriage.info\/tr\/wp-json\/wp\/v2\/pages\/2286","targetHints":{"allow":["GET"]}}],"collection":[{"href":"https:\/\/international-marriage.info\/tr\/wp-json\/wp\/v2\/pages"}],"about":[{"href":"https:\/\/international-marriage.info\/tr\/wp-json\/wp\/v2\/types\/page"}],"author":[{"embeddable":true,"href":"https:\/\/international-marriage.info\/tr\/wp-json\/wp\/v2\/users\/2"}],"replies":[{"embeddable":true,"href":"https:\/\/international-marriage.info\/tr\/wp-json\/wp\/v2\/comments?post=2286"}],"version-history":[{"count":0,"href":"https:\/\/international-marriage.info\/tr\/wp-json\/wp\/v2\/pages\/2286\/revisions"}],"wp:attachment":[{"href":"https:\/\/international-marriage.info\/tr\/wp-json\/wp\/v2\/media?parent=2286"}],"wp:term":[{"taxonomy":"post_tag","embeddable":true,"href":"https:\/\/international-marriage.info\/tr\/wp-json\/wp\/v2\/tags?post=2286"}],"curies":[{"name":"wp","href":"https:\/\/api.w.org\/{rel}","templated":true}]}}