{"id":2438,"date":"2020-12-25T17:16:55","date_gmt":"2020-12-25T08:16:55","guid":{"rendered":"https:\/\/international-marriage.info\/?page_id=2438"},"modified":"2020-12-25T17:17:42","modified_gmt":"2020-12-25T08:17:42","slug":"filipino","status":"publish","type":"page","link":"https:\/\/international-marriage.info\/tr\/filipino\/","title":{"rendered":"Filipinlilerle uluslararas\u0131 evlilik prosed\u00fcr\u00fc"},"content":{"rendered":"\n<p>Uluslararas\u0131 bir Filipinli ile evlenmek istiyorsan\u0131z, \u00f6nce Japonya veya Filipinler&#8217;e gidebilirsiniz.<\/p>\n\n\n\n<p>Ancak, eme\u011fi ve prosed\u00fcr\u00fcn kesinli\u011fi nedeniyle, evlilik prosed\u00fcr\u00fcn\u00fc m\u00fcmk\u00fcn oldu\u011funca \u00f6nce Filipinler&#8217;de ger\u00e7ekle\u015ftirmenizi tavsiye ediyoruz, bu nedenle burada bu durumda y\u00f6ntemi (ak\u0131\u015f\u0131) a\u00e7\u0131klayaca\u011f\u0131z. Yapaca\u011f\u0131m.<\/p>\n\n\n\n<h5 class=\"wp-block-heading\">1.Manila Filipinler&#8217;deki Japonya Ba\u015fkonsoloslu\u011fundan veya Cebu ve Davao&#8217;daki Japonya Ba\u015fkonsoloslu\u011fundan bir &#8220;Evlilik \u0130\u00e7in Uygunluk Belgesi&#8221; al\u0131n<\/h5>\n\n\n\n<p class=\"has-pale-cyan-blue-background-color has-background\"><strong>Japonca i\u00e7in gerekli belgeler: <\/strong>D\u00fczenlendi\u011fi tarihten itibaren 3 ay i\u00e7inde aile k\u00fct\u00fc\u011f\u00fcn\u00fcn bir n\u00fcshas\u0131, verili\u015f tarihinden itibaren 6 ay i\u00e7inde kay\u0131ts\u0131z n\u00fcshan\u0131n bir n\u00fcshas\u0131 veya de\u011fi\u015ftirilmi\u015f orijinal aile sicil kayd\u0131 (ge\u00e7mi\u015fte evlendiyseniz), pasaport, evlilik s\u00f6zle\u015fmesi (k\u00fc\u00e7\u00fckler i\u00e7in)<\/p>\n\n\n\n<p class=\"has-pale-cyan-blue-background-color has-background\"><strong>Filipinliler i\u00e7in gerekli belgeler: <\/strong>Do\u011fum belgesi (PSA (eski NSO) taraf\u0131ndan verilir), do\u011fum kayd\u0131 yokluk bildirimi (do\u011fum belgesi olmadan veya g\u00f6r\u00fclmesi zor. PSA taraf\u0131ndan verilir)<\/p>\n\n\n\n<h5 class=\"wp-block-heading\">2. &#8220;Evlilik izni&#8221; i\u00e7in ba\u015fvurun ve Filipinli ni\u015fanl\u0131n\u0131z\u0131n 6 aydan uzun s\u00fcredir ya\u015fad\u0131\u011f\u0131 b\u00f6lgedeki belediye binas\u0131nda bir seminere kat\u0131l\u0131n (gerekli olmayabilir)<\/h5>\n\n\n\n<p>Ba\u015fvuru tarihinden itibaren 10 g\u00fcnl\u00fck kamu ihbar s\u00fcresi ge\u00e7tikten sonra verilecektir. Ge\u00e7erlilik s\u00fcresi verili\u015f tarihinden itibaren 120 g\u00fcn i\u00e7indedir, bu nedenle bu s\u00fcre i\u00e7inde yetkili bir nikah \u015fahs\u0131na (muhakeme, papaz vb.) Ba\u011fl\u0131 d\u00fc\u011f\u00fcn t\u00f6reni yap\u0131lmas\u0131 gerekmektedir. Seminer, daha sonra a\u00e7\u0131klanan CFO seminerinden farkl\u0131 olacakt\u0131r.<\/p>\n\n\n\n<p class=\"has-pale-cyan-blue-background-color has-background\"><strong>Japonca i\u00e7in gerekli belgeler: <\/strong>Evlilik \u015fartlar\u0131n\u0131 yerine getirme belgesi, pasaport, m\u00fch\u00fcr, y\u00fcz foto\u011fraf\u0131<\/p>\n\n\n\n<p class=\"has-pale-cyan-blue-background-color has-background\"><strong>Filipinliler i\u00e7in gerekli belgeler: <\/strong>Do\u011fum belgesi (PSA (eski NSO) taraf\u0131ndan verilmi\u015f), y\u00fcz foto\u011fraf\u0131<\/p>\n\n\n\n<h5 class=\"wp-block-heading\">3. Filipinler&#8217;de evlilik c\u00fczdan\u0131 t\u00f6reni ve imzalanmas\u0131<\/h5>\n\n\n\n<p>Japonya&#8217;da d\u00fc\u011f\u00fcnler yap\u0131labilir veya yap\u0131lmayabilir ve yasal evliliklerle ilgisi yoktur, ancak Filipinler&#8217;de d\u00fc\u011f\u00fcnler = yasal evlilikler. L\u00fctfen resepsiyondan ay\u0131r\u0131n.<\/p>\n\n\n\n<p>Ayr\u0131ca, \u015fu anda alyans\u0131n\u0131z\u0131 getirmeyi ve foto\u011fraf \u00e7ekmeyi unutmay\u0131n. G\u00f6\u00e7menlik Departman\u0131na ba\u015fvurdu\u011funuzda anl\u0131k g\u00f6r\u00fcnt\u00fcye ihtiyac\u0131n\u0131z olacak.<\/p>\n\n\n\n<p>Evlilik c\u00fczdan\u0131n\u0131z\u0131 imzalad\u0131ktan sonra, yasal olarak resmi bir \u00e7ift olacaks\u0131n\u0131z.<\/p>\n\n\n\n<h5 class=\"wp-block-heading\">4. PSA&#8217;dan (eski NSO) bir &#8220;evlilik c\u00fczdan\u0131 kopyas\u0131&#8221; edinin<\/h5>\n\n\n\n<p>D\u00fc\u011f\u00fcnden sonra, evlilik ger\u00e7e\u011fi PSA&#8217;ya kaydedilecek, bu nedenle evlilik c\u00fczdan\u0131n\u0131n bir n\u00fcshas\u0131 i\u00e7in ba\u015fvurunuz.<\/p>\n\n\n\n<p>Sertifikay\u0131 almak i\u00e7in Filipinler&#8217;deki e\u015finiz, Keson \u015eehrindeki NSO ofisine giderek d\u00fczenleme talebinde bulunabilir veya bunu posta yoluyla veya E-CENSUS web sitesinden \u00e7evrimi\u00e7i olarak talep edebilirsiniz.<\/p>\n\n\n\n<p>Kay\u0131t tamamland\u0131ktan sonra verilecektir, ancak kentsel alan d\u0131\u015f\u0131nda bir b\u00f6lgede evli iseniz, PSA&#8217;ya kaydolman\u0131z birka\u00e7 ay s\u00fcrebilir (genellikle yakla\u015f\u0131k 10 g\u00fcn).<\/p>\n\n\n\n<h5 class=\"wp-block-heading\">5. Bir devlet kurumu olan CFO&#8217;nun (Deniza\u015f\u0131r\u0131 Yerle\u015fik Filipinli Komitesi) seminerine kat\u0131l\u0131n<\/h5>\n\n\n\n<p>Filipinli e\u015fler ((Japonlar\u0131n kat\u0131lmas\u0131na gerek yoktur) bu seminere kat\u0131lmal\u0131d\u0131r. Pasaport ba\u015fvurusunda bulunmadan \u00f6nce bu kursu almal\u0131s\u0131n\u0131z ve Japon k\u00fclt\u00fcr\u00fc, gelenekleri ve ya\u015fam\u0131 \u00fczerine bir dersin yan\u0131 s\u0131ra bir Japonca kursu alacaks\u0131n\u0131z.<\/p>\n\n\n\n<p>Bu seminere kat\u0131l\u0131m\u0131n tamamlanmas\u0131n\u0131n ard\u0131ndan bir kat\u0131l\u0131m sertifikas\u0131 verilecektir, ancak kat\u0131l\u0131m sertifikas\u0131 olmadan yeni bir pasaport i\u00e7in ba\u015fvuramazs\u0131n\u0131z veya vize verilmi\u015f olsa bile, havaalan\u0131nda durdurulur ve Filipinler&#8217;den ayr\u0131l\u0131rs\u0131n\u0131z. M\u00fcmk\u00fcn olmayabilir.<\/p>\n\n\n\n<p>\u015eu anda Manila ve Cebu&#8217;da d\u00fczenlenen sadece iki seminer var.<\/p>\n\n\n\n<h5 class=\"wp-block-heading\">6. Evlili\u011finizi Japonya&#8217;daki belediye ofisine veya Filipinler&#8217;deki Japon b\u00fcy\u00fckel\u00e7ili\u011fine kaydedin.<\/h5>\n\n\n\n<p>Evlilik kayd\u0131 genellikle iki tan\u0131\u011f\u0131n imzas\u0131n\u0131 gerektirir, ancak Filipinler&#8217;de zaten evlendi\u011finiz i\u00e7in imzalaman\u0131za gerek yoktur.<\/p>\n\n\n\n<p>L\u00fctfen bu bildirimin Filipinler&#8217;de evlendikten sonra 3 ay i\u00e7inde yap\u0131lmas\u0131 gerekti\u011fini unutmay\u0131n.<\/p>\n\n\n\n<p class=\"has-pale-cyan-blue-background-color has-background\"><strong>Gerekli belgeler:<\/strong> Evlilik belgesi (Japonca \u00e7evirisi gereklidir), Do\u011fum belgesi (Japonca \u00e7evirisi gereklidir), Japon aile sicil kopyas\u0131 (memleket d\u0131\u015f\u0131ndaki devlet dairesine bildirilirken)<\/p>\n\n\n\n<div style=\"height:100px\" aria-hidden=\"true\" class=\"wp-block-spacer\"><\/div>\n\n\n\n<p>Gerekli belgeler, ba\u015fvuru yerine ve kanunun revizyonuna ba\u011fl\u0131 olarak de\u011fi\u015fiklik g\u00f6sterir, bu nedenle l\u00fctfen ba\u015fvuru sahibiyle \u00f6nceden kontrol etti\u011finizden emin olun.<\/p>\n\n\n\n<p>Japonya&#8217;da bir \u00e7ift olarak birlikte ya\u015famak istiyorsan\u0131z, yukar\u0131daki prosed\u00fcrleri tamamlad\u0131ktan sonra G\u00f6\u00e7men B\u00fcrosu&#8217;na vize (ikamet durumu) ba\u015fvurusunda bulunman\u0131z gerekecektir.<\/p>\n","protected":false},"excerpt":{"rendered":"<p>Uluslararas\u0131 bir Filipinli ile evlenmek istiyorsan\u0131z, \u00f6nce Japonya veya Filipinler&#8217;e gidebilirsiniz. Ancak, eme\u011fi ve prosed\u00fcr\u00fcn kesinli\u011fi nedeniyle, evlilik prosed\u00fcr\u00fcn\u00fc m\u00fcmk\u00fcn oldu\u011funca \u00f6nce Filipinler&#8217;de ger\u00e7ekle\u015ftirmenizi tavsiye ediyoruz, bu nedenle burada bu durumda y\u00f6ntemi (ak\u0131\u015f\u0131) a\u00e7\u0131klayaca\u011f\u0131z. Yapaca\u011f\u0131m. 1.Manila Filipinler&#8217;deki Japonya Ba\u015fkonsoloslu\u011fundan veya Cebu ve Davao&#8217;daki Japonya Ba\u015fkonsoloslu\u011fundan bir &#8220;Evlilik \u0130\u00e7in Uygunluk Belgesi&#8221; al\u0131n Japonca i\u00e7in gerekli belgeler: D\u00fczenlendi\u011fi tarihten itibaren 3 ay i\u00e7inde aile k\u00fct\u00fc\u011f\u00fcn\u00fcn bir n\u00fcshas\u0131, verili\u015f tarihinden itibaren 6 ay i\u00e7inde kay\u0131ts\u0131z n\u00fcshan\u0131n bir n\u00fcshas\u0131 veya de\u011fi\u015ftirilmi\u015f orijinal aile sicil kayd\u0131 (ge\u00e7mi\u015fte evlendiyseniz), pasaport, evlilik s\u00f6zle\u015fmesi (k\u00fc\u00e7\u00fckler i\u00e7in) Filipinliler i\u00e7in gerekli belgeler: Do\u011fum belgesi (PSA (eski NSO) taraf\u0131ndan verilir), do\u011fum kayd\u0131 yokluk bildirimi (do\u011fum belgesi olmadan veya g\u00f6r\u00fclmesi zor. PSA [&hellip;]<\/p>\n","protected":false},"author":2,"featured_media":0,"parent":0,"menu_order":0,"comment_status":"open","ping_status":"open","template":"","meta":{"footnotes":""},"tags":[],"class_list":["post-2438","page","type-page","status-publish"],"aioseo_notices":[],"_links":{"self":[{"href":"https:\/\/international-marriage.info\/tr\/wp-json\/wp\/v2\/pages\/2438","targetHints":{"allow":["GET"]}}],"collection":[{"href":"https:\/\/international-marriage.info\/tr\/wp-json\/wp\/v2\/pages"}],"about":[{"href":"https:\/\/international-marriage.info\/tr\/wp-json\/wp\/v2\/types\/page"}],"author":[{"embeddable":true,"href":"https:\/\/international-marriage.info\/tr\/wp-json\/wp\/v2\/users\/2"}],"replies":[{"embeddable":true,"href":"https:\/\/international-marriage.info\/tr\/wp-json\/wp\/v2\/comments?post=2438"}],"version-history":[{"count":0,"href":"https:\/\/international-marriage.info\/tr\/wp-json\/wp\/v2\/pages\/2438\/revisions"}],"wp:attachment":[{"href":"https:\/\/international-marriage.info\/tr\/wp-json\/wp\/v2\/media?parent=2438"}],"wp:term":[{"taxonomy":"post_tag","embeddable":true,"href":"https:\/\/international-marriage.info\/tr\/wp-json\/wp\/v2\/tags?post=2438"}],"curies":[{"name":"wp","href":"https:\/\/api.w.org\/{rel}","templated":true}]}}