{"id":4549,"date":"2021-01-15T03:02:47","date_gmt":"2021-01-14T18:02:47","guid":{"rendered":"https:\/\/international-marriage.info\/?page_id=4549"},"modified":"2021-01-15T03:02:47","modified_gmt":"2021-01-14T18:02:47","slug":"menseki","status":"publish","type":"page","link":"https:\/\/international-marriage.info\/tr\/menseki\/","title":{"rendered":"Sorumluluk reddi vb."},"content":{"rendered":"<h2><span>Telif hakk\u0131<\/span><\/h2>\n<p><span>Metin, resim vb. \u0130le ilgili t\u00fcm telif haklar\u0131 Ai-Support kapsaml\u0131 hukuk b\u00fcrosuna (Sertifikal\u0131 \u0130dari Prosed\u00fcrler Hukuk Uzmanlar\u0131) aittir.\u00a0L\u00fctfen izin almadan yaz\u0131ya d\u00f6kmekten veya \u00e7o\u011faltmaktan ka\u00e7\u0131n\u0131n.<\/span><\/p>\n<h2><span>Feragatname<\/span><\/h2>\n<ul>\n<li class=\"odd\"><span>Bu web sitesinde yer alan bilgilerin do\u011frulu\u011funu sa\u011flamak i\u00e7in her t\u00fcrl\u00fc \u00e7aba g\u00f6sterilmi\u015f olsa da, kesinli\u011fini veya eksiksizli\u011fini garanti edemiyoruz.<\/span><\/li>\n<li class=\"even\"><span>Bu web sitesindeki bilgilerin kullan\u0131m\u0131ndan do\u011fabilecek herhangi bir kay\u0131p veya hasar i\u00e7in herhangi bir sorumluluk kabul etmiyoruz ve bunu kendi sorumlulu\u011funuzda yapmaktas\u0131n\u0131z.<\/span><\/li>\n<li class=\"odd\"><span>Bu web sitesinde ba\u015fka web sitelerine ba\u011flant\u0131lar sa\u011flanabilir, ancak ba\u011flant\u0131l\u0131 sitelerde yer alan bilgilerin do\u011frulu\u011funu veya yasall\u0131\u011f\u0131n\u0131 garanti etmiyoruz.<\/span><\/li>\n<li class=\"even\"><span>Bu t\u00fcr ba\u011flant\u0131l\u0131 sitelerin kullan\u0131m\u0131ndan do\u011fabilecek herhangi bir sorundan sorumlu tutulamay\u0131z.<\/span><\/li>\n<li class=\"odd\"><span>Bu web sitesindeki i\u00e7erik ve URL&#8217;ler \u00f6nceden haber verilmeksizin de\u011fi\u015ftirilebilir veya silinebilir.<\/span><\/li>\n<li class=\"even\"><span>Sistem veya di\u011fer sorunlar nedeniyle bize e-posta veya ba\u015fka yollarla iletti\u011finiz herhangi bir bilgiyi saklayamamaktan sorumlu olmayaca\u011f\u0131z.<\/span><\/li>\n<\/ul>\n","protected":false},"excerpt":{"rendered":"<p>Telif hakk\u0131 Metin, resim vb. \u0130le ilgili t\u00fcm telif haklar\u0131 Ai-Support kapsaml\u0131 hukuk b\u00fcrosuna (Sertifikal\u0131 \u0130dari Prosed\u00fcrler Hukuk Uzmanlar\u0131) aittir.\u00a0L\u00fctfen izin almadan yaz\u0131ya d\u00f6kmekten veya \u00e7o\u011faltmaktan ka\u00e7\u0131n\u0131n. Feragatname Bu web sitesinde yer alan bilgilerin do\u011frulu\u011funu sa\u011flamak i\u00e7in her t\u00fcrl\u00fc \u00e7aba g\u00f6sterilmi\u015f olsa da, kesinli\u011fini veya eksiksizli\u011fini garanti edemiyoruz. Bu web sitesindeki bilgilerin kullan\u0131m\u0131ndan do\u011fabilecek herhangi bir kay\u0131p veya hasar i\u00e7in herhangi bir sorumluluk kabul etmiyoruz ve bunu kendi sorumlulu\u011funuzda yapmaktas\u0131n\u0131z. Bu web sitesinde ba\u015fka web sitelerine ba\u011flant\u0131lar sa\u011flanabilir, ancak ba\u011flant\u0131l\u0131 sitelerde yer alan bilgilerin do\u011frulu\u011funu veya yasall\u0131\u011f\u0131n\u0131 garanti etmiyoruz. Bu t\u00fcr ba\u011flant\u0131l\u0131 sitelerin kullan\u0131m\u0131ndan do\u011fabilecek herhangi bir sorundan sorumlu tutulamay\u0131z. Bu web sitesindeki i\u00e7erik ve URL&#8217;ler \u00f6nceden haber verilmeksizin de\u011fi\u015ftirilebilir [&hellip;]<\/p>\n","protected":false},"author":2,"featured_media":0,"parent":0,"menu_order":0,"comment_status":"open","ping_status":"open","template":"","meta":{"footnotes":""},"tags":[],"class_list":["post-4549","page","type-page","status-publish"],"aioseo_notices":[],"_links":{"self":[{"href":"https:\/\/international-marriage.info\/tr\/wp-json\/wp\/v2\/pages\/4549","targetHints":{"allow":["GET"]}}],"collection":[{"href":"https:\/\/international-marriage.info\/tr\/wp-json\/wp\/v2\/pages"}],"about":[{"href":"https:\/\/international-marriage.info\/tr\/wp-json\/wp\/v2\/types\/page"}],"author":[{"embeddable":true,"href":"https:\/\/international-marriage.info\/tr\/wp-json\/wp\/v2\/users\/2"}],"replies":[{"embeddable":true,"href":"https:\/\/international-marriage.info\/tr\/wp-json\/wp\/v2\/comments?post=4549"}],"version-history":[{"count":0,"href":"https:\/\/international-marriage.info\/tr\/wp-json\/wp\/v2\/pages\/4549\/revisions"}],"wp:attachment":[{"href":"https:\/\/international-marriage.info\/tr\/wp-json\/wp\/v2\/media?parent=4549"}],"wp:term":[{"taxonomy":"post_tag","embeddable":true,"href":"https:\/\/international-marriage.info\/tr\/wp-json\/wp\/v2\/tags?post=4549"}],"curies":[{"name":"wp","href":"https:\/\/api.w.org\/{rel}","templated":true}]}}