{"id":4563,"date":"2021-01-15T03:08:04","date_gmt":"2021-01-14T18:08:04","guid":{"rendered":"https:\/\/international-marriage.info\/?page_id=4563"},"modified":"2021-01-15T03:08:04","modified_gmt":"2021-01-14T18:08:04","slug":"faq","status":"publish","type":"page","link":"https:\/\/international-marriage.info\/tr\/faq\/","title":{"rendered":"Uluslararas\u0131 Evlilik Hakk\u0131nda S\u0131k\u00e7a Sorulan Sorular"},"content":{"rendered":"<p>Uluslararas\u0131 evlilik s\u00fcrecinde size yard\u0131mc\u0131 olmak i\u00e7in s\u0131k\u00e7a sorulan sorular\u0131n bir listesini haz\u0131rlad\u0131k.<\/p>\n<h4>S. Bir yabanc\u0131yla evlendi\u011fimde soyad\u0131ma ne olur?<\/h4>\n<p>Japon evliliklerinden farkl\u0131 olarak, bir yabanc\u0131yla evlenirseniz, herhangi bir \u00f6zel prosed\u00fcrden ge\u00e7medi\u011finiz takdirde soyad\u0131n\u0131zda (soyad\u0131n\u0131zda) herhangi bir de\u011fi\u015fiklik olmaz.<\/p>\n<p>Soyad\u0131n\u0131z\u0131 yabanc\u0131 e\u015finizin soyad\u0131yla de\u011fi\u015ftirmek isterseniz, bunu evlilik tarihinizden itibaren alt\u0131 ay i\u00e7inde ikamet etti\u011finiz belediyeye soyad de\u011fi\u015fikli\u011fi ba\u015fvurusunda bulunarak yapabilirsiniz.\u00a0(Evlili\u011finizi kaydettirirken ayn\u0131 zamanda ad\u0131n\u0131z\u0131 de\u011fi\u015ftirmeniz de m\u00fcmk\u00fcnd\u00fcr.<\/p>\n<p>(Evlilik kayd\u0131n\u0131zla ayn\u0131 zamanda da isminizi de\u011fi\u015ftirebilirsiniz.<\/p>\n<h4>S. Yabanc\u0131 e\u015fimin yabanc\u0131 uyruklu bir \u00fcvey \u00e7ocu\u011fu var.\u00a0Evlenirsek \u00e7ocuk bizimle Japonya&#8217;da ya\u015fayabilir mi?<\/h4>\n<p>C. Hay\u0131r. Yabanc\u0131 bir e\u015fin G\u00f6\u00e7menlik B\u00fcrosu&#8217;ndaki gerekli prosed\u00fcrlerden ge\u00e7meden Japonya&#8217;da ya\u015fayamayaca\u011f\u0131 gibi, \u00fcvey bir \u00e7ocu\u011fun da belirli prosed\u00fcrlerden ge\u00e7mesi gerekir.<\/p>\n<p>Yabanc\u0131 ebeveynin \u201cJapon Vatanda\u015f\u0131 E\u015f veya \u00c7ocu\u011fu\u201d stat\u00fcs\u00fc varsa ve \u00fcvey \u00e7ocuk a\u015fa\u011f\u0131daki t\u00fcm gereklilikleri kar\u015f\u0131l\u0131yorsa, \u00fcvey \u00e7ocuk \u201cDaimi Oturma \u0130zni\u201d stat\u00fcs\u00fcn\u00fc elde edebilecektir.<\/p>\n<ol class=\"has-cyan-bluish-gray-background-color has-background\">\n<li class=\"odd\">yabanc\u0131 ebeveynin biyolojik \u00e7ocu\u011fu olmak<\/li>\n<li class=\"even\">\u00e7ocuk k\u00fc\u00e7\u00fck olmal\u0131<\/li>\n<li class=\"odd\">Evlenmemi\u015fsin<\/li>\n<li class=\"even\">Yabanc\u0131 ebeveynin deste\u011fi alt\u0131nda ya\u015f\u0131yorsunuz.<\/li>\n<\/ol>\n<h4>S. Yabanc\u0131 e\u015fi olan bir \u00e7ocu\u011fum varsa, \u00e7ocu\u011fun uyru\u011fu ne olacak?<\/h4>\n<p>Kar\u0131 veya koca Japon ise, \u00e7ocu\u011fa Japon vatanda\u015fl\u0131\u011f\u0131 verilecektir, ancak yabanc\u0131 bir vatanda\u015fl\u0131k se\u00e7mek m\u00fcmk\u00fcnd\u00fcr, ancak \u015fartlar \u00fclkeden \u00fclkeye farkl\u0131l\u0131k g\u00f6sterir, bu nedenle, yabanc\u0131 e\u015fin el\u00e7ili\u011fi veya konsoloslu\u011funa dan\u0131\u015fmak en iyisidir. \u00fclke.<\/p>\n<p>Japonya&#8217;da \u00e7ifte vatanda\u015fl\u0131\u011fa izin verilmez, ancak 22 ya\u015f\u0131na kadar \u00e7ifte vatanda\u015fl\u0131\u011fa sahip olabilirsiniz, bu noktada iki uyruktan birini se\u00e7melisiniz ve 20 ya\u015f\u0131ndan sonra yabanc\u0131 uyruk al\u0131p \u00e7ift uyruklu olursan\u0131z, iki y\u0131l i\u00e7inde milletlerden birini se\u00e7melisiniz.<\/p>\n<p>Bu s\u00fcre i\u00e7inde uyru\u011funuzu se\u00e7mezseniz, Adalet Bakan\u0131 size uyru\u011funuzu se\u00e7meniz i\u00e7in yaz\u0131l\u0131 bir bildirimde bulunabilir ve uyru\u011funuzu bildirimi ald\u0131ktan sonraki bir ay i\u00e7inde se\u00e7mezseniz, otomatik olarak Japon uyru\u011funuzu kaybedersiniz.<\/p>\n<h4>S. Evlilik d\u0131\u015f\u0131 do\u011fan bir \u00e7ocu\u011fun milliyeti nedir?<\/h4>\n<p>Anne Japon ise, evli olsun veya olmas\u0131n \u00e7ocuk temelde Japon vatanda\u015fl\u0131\u011f\u0131n\u0131 kazanacakt\u0131r.\u00a0\u00c7ocu\u011fun baban\u0131n yabanc\u0131 vatanda\u015fl\u0131\u011f\u0131n\u0131 kazan\u0131p kazanamayaca\u011f\u0131, her bir yabanc\u0131 \u00fclkenin kanunlar\u0131na ba\u011fl\u0131d\u0131r.<\/p>\n<p>\u00d6te yandan, anne yabanc\u0131 ise, o zaman annenin uyru\u011fu otomatik olarak \u00e7ocu\u011fa verilir ve e\u011fer baba \u00e7ocu\u011fa Japon vatanda\u015fl\u0131\u011f\u0131 vermek istiyorsa, \u00e7ocu\u011fun kendisinin oldu\u011funu yasal olarak kabul etmesi gerekir.<\/p>\n<p>Tan\u0131ma, \u00e7ocuk hen\u00fcz anne karn\u0131ndayken yap\u0131l\u0131rsa, \u00e7ocuk do\u011fumdan sonra Japon vatanda\u015fl\u0131\u011f\u0131n\u0131 alabilir, ancak tan\u0131ma do\u011fumdan sonra yap\u0131l\u0131rsa, \u00e7ocuk resmi olarak evlenene ve \u201cyar\u0131 yar\u0131ya -kal\u0131c\u0131 \u201dprosed\u00fcr.<\/p>\n<p>Ancak, a\u015fa\u011f\u0131daki \u015fartlar yerine getirilirse, baba daha sonra bo\u015fansa veya \u00f6lse bile \u00e7ocuk Japon vatanda\u015fl\u0131\u011f\u0131n\u0131 alabilir.<\/p>\n<ul class=\"has-cyan-bluish-gray-background-color has-background\">\n<li class=\"odd\">\u00c7ocuk asla Japon vatanda\u015f\u0131 olmamal\u0131.<\/li>\n<li class=\"even\">\u00c7ocuk 20 ya\u015f\u0131n alt\u0131nda olmal\u0131d\u0131r.<\/li>\n<li class=\"odd\">Baban\u0131n do\u011fum an\u0131nda, \u00f6l\u00fcm an\u0131nda veya \u00f6l\u00fcm an\u0131nda Japon vatanda\u015f\u0131 olmas\u0131 gerekir.<\/li>\n<\/ul>\n<p>\u00c7ocuk yar\u0131 evlat edinme yoluyla Japon vatanda\u015fl\u0131\u011f\u0131n\u0131 kazan\u0131rsa, \u00e7ocuk baban\u0131n aile k\u00fct\u00fc\u011f\u00fcne kaydedilecek ve babas\u0131n\u0131n ad\u0131n\u0131 alacakt\u0131r.<\/p>\n<h4>S. Yurtd\u0131\u015f\u0131nda do\u011farsa \u00e7ocu\u011fun tabiiyetine ne olur?<\/h4>\n<p>\u00c7ocuk, Amerika Birle\u015fik Devletleri gibi do\u011fum yerinin tabiiyetini benimseyen bir \u00fclkede do\u011fmu\u015fsa, \u00e7ocu\u011fun do\u011fdu\u011fu \u00fclkenin vatanda\u015fl\u0131\u011f\u0131n\u0131 otomatik olarak alacakt\u0131r ve bu da \u00e7ifte vatanda\u015fl\u0131\u011fa neden olabilir.<\/p>\n<p>Bu durumda, &#8220;vatanda\u015fl\u0131\u011f\u0131n\u0131z\u0131 korumak&#8221; i\u00e7in do\u011fum tarihinden itibaren \u00fc\u00e7 ay i\u00e7inde ikamet etti\u011finiz \u00fclkedeki Japon el\u00e7ili\u011fine veya konsoloslu\u011funa ba\u015fvurman\u0131z gerekir.<\/p>\n<p>Bunu yapmazsan\u0131z, \u00e7ocu\u011funuz Japon bir \u00e7ift olsan\u0131z bile Japon vatanda\u015fl\u0131\u011f\u0131n\u0131 alamayacakt\u0131r.<\/p>\n<p>Ancak 20 ya\u015f\u0131na kadar \u00e7ocuk Japonya&#8217;ya d\u00f6nerek ve adres belirleyerek Japon vatanda\u015fl\u0131\u011f\u0131n\u0131 yeniden kazanabilir.<\/p>\n","protected":false},"excerpt":{"rendered":"<p>Uluslararas\u0131 evlilik s\u00fcrecinde size yard\u0131mc\u0131 olmak i\u00e7in s\u0131k\u00e7a sorulan sorular\u0131n bir listesini haz\u0131rlad\u0131k. S. Bir yabanc\u0131yla evlendi\u011fimde soyad\u0131ma ne olur? Japon evliliklerinden farkl\u0131 olarak, bir yabanc\u0131yla evlenirseniz, herhangi bir \u00f6zel prosed\u00fcrden ge\u00e7medi\u011finiz takdirde soyad\u0131n\u0131zda (soyad\u0131n\u0131zda) herhangi bir de\u011fi\u015fiklik olmaz. Soyad\u0131n\u0131z\u0131 yabanc\u0131 e\u015finizin soyad\u0131yla de\u011fi\u015ftirmek isterseniz, bunu evlilik tarihinizden itibaren alt\u0131 ay i\u00e7inde ikamet etti\u011finiz belediyeye soyad de\u011fi\u015fikli\u011fi ba\u015fvurusunda bulunarak yapabilirsiniz.\u00a0(Evlili\u011finizi kaydettirirken ayn\u0131 zamanda ad\u0131n\u0131z\u0131 de\u011fi\u015ftirmeniz de m\u00fcmk\u00fcnd\u00fcr. (Evlilik kayd\u0131n\u0131zla ayn\u0131 zamanda da isminizi de\u011fi\u015ftirebilirsiniz. S. Yabanc\u0131 e\u015fimin yabanc\u0131 uyruklu bir \u00fcvey \u00e7ocu\u011fu var.\u00a0Evlenirsek \u00e7ocuk bizimle Japonya&#8217;da ya\u015fayabilir mi? C. Hay\u0131r. Yabanc\u0131 bir e\u015fin G\u00f6\u00e7menlik B\u00fcrosu&#8217;ndaki gerekli prosed\u00fcrlerden ge\u00e7meden Japonya&#8217;da ya\u015fayamayaca\u011f\u0131 gibi, \u00fcvey bir \u00e7ocu\u011fun da belirli prosed\u00fcrlerden ge\u00e7mesi gerekir. Yabanc\u0131 [&hellip;]<\/p>\n","protected":false},"author":2,"featured_media":0,"parent":0,"menu_order":0,"comment_status":"open","ping_status":"open","template":"","meta":{"footnotes":""},"tags":[],"class_list":["post-4563","page","type-page","status-publish"],"aioseo_notices":[],"_links":{"self":[{"href":"https:\/\/international-marriage.info\/tr\/wp-json\/wp\/v2\/pages\/4563","targetHints":{"allow":["GET"]}}],"collection":[{"href":"https:\/\/international-marriage.info\/tr\/wp-json\/wp\/v2\/pages"}],"about":[{"href":"https:\/\/international-marriage.info\/tr\/wp-json\/wp\/v2\/types\/page"}],"author":[{"embeddable":true,"href":"https:\/\/international-marriage.info\/tr\/wp-json\/wp\/v2\/users\/2"}],"replies":[{"embeddable":true,"href":"https:\/\/international-marriage.info\/tr\/wp-json\/wp\/v2\/comments?post=4563"}],"version-history":[{"count":0,"href":"https:\/\/international-marriage.info\/tr\/wp-json\/wp\/v2\/pages\/4563\/revisions"}],"wp:attachment":[{"href":"https:\/\/international-marriage.info\/tr\/wp-json\/wp\/v2\/media?parent=4563"}],"wp:term":[{"taxonomy":"post_tag","embeddable":true,"href":"https:\/\/international-marriage.info\/tr\/wp-json\/wp\/v2\/tags?post=4563"}],"curies":[{"name":"wp","href":"https:\/\/api.w.org\/{rel}","templated":true}]}}