{"id":4566,"date":"2021-01-15T03:10:12","date_gmt":"2021-01-14T18:10:12","guid":{"rendered":"https:\/\/international-marriage.info\/?page_id=4566"},"modified":"2021-01-15T03:10:12","modified_gmt":"2021-01-14T18:10:12","slug":"kankouchou","status":"publish","type":"page","link":"https:\/\/international-marriage.info\/tr\/kankouchou\/","title":{"rendered":"Uluslararas\u0131 evlilikten \u00f6nce ve sonra ilgili olabilecek devlet daireleri"},"content":{"rendered":"<h5>\u015eehir, kasaba ve k\u00f6y ofis yerlerinin listesi<\/h5>\n<p>URL:\u00a0<a href=\"http:\/\/www.lasdec.nippon-net.ne.jp\/com\/addr\/jyu_top.htm\">http:\/\/www.lasdec.nippon-net.ne.jp\/com\/addr\/jyu_top.htm<\/a><\/p>\n<h5>G\u00f6\u00e7men B\u00fcrosu<\/h5>\n<p>URL:\u00a0<a href=\"http:\/\/www.immi-moj.go.jp\/index.html\">http:\/\/www.immi-moj.go.jp\/index.html<\/a><\/p>\n<h5>Pasaport bilgileri (D\u0131\u015fi\u015fleri Bakanl\u0131\u011f\u0131)<\/h5>\n<p>URL:\u00a0<a href=\"http:\/\/www.mofa.go.jp\/mofaj\/toko\/passport\/\">http:\/\/www.mofa.go.jp\/mofaj\/toko\/passport\/<\/a><\/p>\n<h5>Hukuk \u0130\u015fleri B\u00fcrolar\u0131 ve \u0130l\u00e7e Hukuk \u0130\u015fleri B\u00fcrolar\u0131 Listesi<\/h5>\n<p>URL:\u00a0<a href=\"http:\/\/www.moj.go.jp\/MINJI\/minji10.html\">http:\/\/www.moj.go.jp\/MINJI\/minji10.html<\/a><\/p>\n<h5>Merhaba \u0130\u015f Ofislerinin Listesi<\/h5>\n<p>URL:\u00a0<a href=\"http:\/\/www.mhlw.go.jp\/kyujin\/hwmap.html\">http:\/\/www.mhlw.go.jp\/kyujin\/hwmap.html<\/a><\/p>\n<h5>Ulusal Vergi Dairesi ve Vergi Dairesi Yerleri Listesi<\/h5>\n<p>URL:\u00a0<a href=\"http:\/\/www.nta.go.jp\/soshiki\/kokuzeikyoku\/chizu\/chizu.htm\">http:\/\/www.nta.go.jp\/soshiki\/kokuzeikyoku\/chizu\/chizu.htm<\/a><\/p>\n<h5>Noterlik dairelerinin listesi<\/h5>\n<p>URL:\u00a0<a href=\"http:\/\/www.koshonin.gr.jp\/sho.html\">http:\/\/www.koshonin.gr.jp\/sho.html<\/a><\/p>\n","protected":false},"excerpt":{"rendered":"<p>\u015eehir, kasaba ve k\u00f6y ofis yerlerinin listesi URL:\u00a0http:\/\/www.lasdec.nippon-net.ne.jp\/com\/addr\/jyu_top.htm G\u00f6\u00e7men B\u00fcrosu URL:\u00a0http:\/\/www.immi-moj.go.jp\/index.html Pasaport bilgileri (D\u0131\u015fi\u015fleri Bakanl\u0131\u011f\u0131) URL:\u00a0http:\/\/www.mofa.go.jp\/mofaj\/toko\/passport\/ Hukuk \u0130\u015fleri B\u00fcrolar\u0131 ve \u0130l\u00e7e Hukuk \u0130\u015fleri B\u00fcrolar\u0131 Listesi URL:\u00a0http:\/\/www.moj.go.jp\/MINJI\/minji10.html Merhaba \u0130\u015f Ofislerinin Listesi URL:\u00a0http:\/\/www.mhlw.go.jp\/kyujin\/hwmap.html Ulusal Vergi Dairesi ve Vergi Dairesi Yerleri Listesi URL:\u00a0http:\/\/www.nta.go.jp\/soshiki\/kokuzeikyoku\/chizu\/chizu.htm Noterlik dairelerinin listesi URL:\u00a0http:\/\/www.koshonin.gr.jp\/sho.html<\/p>\n","protected":false},"author":2,"featured_media":0,"parent":0,"menu_order":0,"comment_status":"open","ping_status":"open","template":"","meta":{"footnotes":""},"tags":[],"class_list":["post-4566","page","type-page","status-publish"],"aioseo_notices":[],"_links":{"self":[{"href":"https:\/\/international-marriage.info\/tr\/wp-json\/wp\/v2\/pages\/4566","targetHints":{"allow":["GET"]}}],"collection":[{"href":"https:\/\/international-marriage.info\/tr\/wp-json\/wp\/v2\/pages"}],"about":[{"href":"https:\/\/international-marriage.info\/tr\/wp-json\/wp\/v2\/types\/page"}],"author":[{"embeddable":true,"href":"https:\/\/international-marriage.info\/tr\/wp-json\/wp\/v2\/users\/2"}],"replies":[{"embeddable":true,"href":"https:\/\/international-marriage.info\/tr\/wp-json\/wp\/v2\/comments?post=4566"}],"version-history":[{"count":0,"href":"https:\/\/international-marriage.info\/tr\/wp-json\/wp\/v2\/pages\/4566\/revisions"}],"wp:attachment":[{"href":"https:\/\/international-marriage.info\/tr\/wp-json\/wp\/v2\/media?parent=4566"}],"wp:term":[{"taxonomy":"post_tag","embeddable":true,"href":"https:\/\/international-marriage.info\/tr\/wp-json\/wp\/v2\/tags?post=4566"}],"curies":[{"name":"wp","href":"https:\/\/api.w.org\/{rel}","templated":true}]}}