{"id":4575,"date":"2021-01-15T03:13:30","date_gmt":"2021-01-14T18:13:30","guid":{"rendered":"https:\/\/international-marriage.info\/?page_id=4575"},"modified":"2021-01-15T03:13:30","modified_gmt":"2021-01-14T18:13:30","slug":"taiwan","status":"publish","type":"page","link":"https:\/\/international-marriage.info\/tr\/taiwan\/","title":{"rendered":"Tayvan Vatanda\u015flar\u0131 ile Uluslararas\u0131 Evlilik Prosed\u00fcrleri"},"content":{"rendered":"<p><span class=\"tadv-background-color\">Tayvanl\u0131 e\u015finiz \u015fu anda Japonya&#8217;da ya\u015f\u0131yorsa ve onun aile sicilini Tayvan&#8217;da alabiliyorsan\u0131z, formaliteleri yaln\u0131zca Japonya&#8217;da tamamlayabiliriz!<\/span><\/p>\n<p>Di\u011fer durumlarda, prosed\u00fcr\u00fcn \u00f6nce Japonya&#8217;da m\u0131 yoksa Tayvan&#8217;da m\u0131 yap\u0131ld\u0131\u011f\u0131 \u00f6nemli de\u011fildir.<\/p>\n<p>Di\u011fer durumlarda, \u00f6nce Japonya&#8217;da m\u0131 yoksa Tayvan&#8217;da m\u0131 ba\u015fvurdu\u011funuz \u00f6nemli de\u011fildir.<\/p>\n<h2>\u00d6nce Japonya&#8217;da evlilik ba\u015fvurusunda bulunmak istiyorsan\u0131z<\/h2>\n<h4>1. Tayvan&#8217;daki aile sicilinizin bir kopyas\u0131n\u0131 edinme<\/h4>\n<p>Tayvan vatanda\u015f\u0131ysan\u0131z, Tayvan&#8217;daki aile sicilinizin \u00fc\u00e7 kopyas\u0131n\u0131 edinmeniz gerekir.\u00a0Japonya&#8217;daysan\u0131z ve Tayvan&#8217;da bir tan\u0131d\u0131klar\u0131n\u0131z varsa, ba\u015fvuru formunu ve tan\u0131d\u0131klar\u0131n\u0131z i\u00e7in bir avukat mektubu almak i\u00e7in Taipei Ekonomik ve K\u00fclt\u00fcrel Temsilcilik Ofisine gidebilirsiniz.<\/p>\n<h4>2. Evlili\u011fe Uygunluk Belgesi Alma<\/h4>\n<p>Taipei Ekonomik ve K\u00fclt\u00fcrel Temsilcilik Ofisine Evlilik \u0130\u00e7in Uygunluk Sertifikas\u0131 i\u00e7in ba\u015fvurabilirsiniz.<\/p>\n<div class=\"wp-block-group has-light-green-cyan-background-color has-background\">\n<div class=\"wp-block-group__inner-container\">\n<p>Tayvan vatanda\u015flar\u0131 i\u00e7in gerekli belgeler<\/p>\n<ul>\n<li class=\"odd\">Aile kayd\u0131n\u0131z\u0131n bir kopyas\u0131 (Japonca \u00e7evirisi gereklidir)<\/li>\n<li class=\"even\">Pasaport<\/li>\n<\/ul>\n<\/div>\n<\/div>\n<h4>3. Japonya&#8217;da evlilik kayd\u0131<\/h4>\n<p>Evlili\u011finizi Japonya&#8217;da kaydetmek i\u00e7in, l\u00fctfen Japonya&#8217;daki yerel belediye dairenizi ziyaret edin.<\/p>\n<div class=\"wp-block-group has-light-green-cyan-background-color has-background\">\n<div class=\"wp-block-group__inner-container\">\n<p>Gerekli belgeler<\/p>\n<ul>\n<li class=\"odd\">Tayvanl\u0131 aile sicilinin (Japonca \u00e7evirisi gereklidir) ve Tayvan pasaportunun bir kopyas\u0131<\/li>\n<li class=\"even\">Japon m\u00fchr\u00fc (inkan)<\/li>\n<\/ul>\n<\/div>\n<\/div>\n<p>Bildiriminiz kabul edildikten sonra, e\u015finizi g\u00f6steren aile kay\u0131t defterinizin bir kopyas\u0131n\u0131 elde edebileceksiniz.\u00a0L\u00fctfen bu belgenin \u00fc\u00e7 n\u00fcshas\u0131n\u0131 edinin.\u00a0(\u0130kamet vizesine ba\u015fvurmak i\u00e7in bunlardan biri kullan\u0131lacakt\u0131r)<\/p>\n<h4>4. Evlili\u011finizi Tayvan&#8217;da kaydettirin<\/h4>\n<p>Evlili\u011finizi Japonya&#8217;da veya Tayvan&#8217;da kaydedebilirsiniz.<\/p>\n<h5>Japonya&#8217;da ise<\/h5>\n<p>Siz ve e\u015finiz, Tayvan&#8217;daki evlili\u011finizi kaydettirmek i\u00e7in Taipei Ekonomi ve K\u00fclt\u00fcr Ofisine gitmelisiniz.<\/p>\n<div class=\"wp-block-group has-light-green-cyan-background-color has-background\">\n<div class=\"wp-block-group__inner-container\">\n<p>Gerekli belgeler<\/p>\n<ul>\n<li class=\"odd\">Ailenizin iki n\u00fcshas\u0131, \u00fczerinde e\u015finizin ad\u0131 ve her iki pasaportunuz ile kay\u0131tl\u0131d\u0131r.<\/li>\n<li class=\"even\">Tayvan vatanda\u015f\u0131n\u0131n tam ad\u0131 ile ki\u015fisel bir m\u00fch\u00fcr.<\/li>\n<li class=\"odd\">Tayvan vatanda\u015f\u0131n\u0131n evli olmad\u0131\u011f\u0131 zamanki aile sicilinin bir kopyas\u0131 (kopya 1&#8217;de al\u0131nm\u0131\u015ft\u0131r)<\/li>\n<li class=\"even\">Evlilik c\u00fczdan\u0131, ba\u015fvurudan yakla\u015f\u0131k 2 g\u00fcn sonra verilecektir.<\/li>\n<\/ul>\n<\/div>\n<\/div>\n<h5>Tayvan&#8217;da yap\u0131l\u0131rsa<\/h5>\n<p>Aile kayd\u0131n\u0131z\u0131n e\u015finizin bilgileriyle birlikte iki kopyas\u0131 Taipei Ekonomik ve K\u00fclt\u00fcrel Temsilcilik Ofisinde do\u011frulanacakt\u0131r.\u00a0Evlilik belgesinin iki onayl\u0131 kopyas\u0131, Tayvan&#8217;daki ikamet yerinizin belediye binas\u0131na ibraz edilmelidir.<\/p>\n<h2>\u00d6nce Tayvan&#8217;da evlilik ba\u015fvurusunda bulunmak istiyorsan\u0131z<\/h2>\n<h4>1. Aile kay\u0131t defterinizin bir kopyas\u0131n\u0131 edinme<\/h4>\n<p>Japon vatanda\u015flar\u0131, ikamet ettikleri veya ikamet ettikleri yerin belediye dairesinden aile kay\u0131tlar\u0131n\u0131n bir kopyas\u0131n\u0131 almal\u0131d\u0131r.\u00a0Aile kayd\u0131n\u0131z\u0131n bir kopyas\u0131n\u0131 ald\u0131ktan sonra, Japonya&#8217;dan Tayvan&#8217;a seyahat etmeniz gerekecektir.<\/p>\n<h4>2. Evlili\u011fe Uygunluk Belgesi Al\u0131n<\/h4>\n<p>Uluslararas\u0131 De\u011fi\u015fim Derne\u011fi Taipei Ofisi&#8217;nden veya Tayvan&#8217;daki Kaohsiung Ofisi&#8217;nden bir &#8220;Evlilik \u0130\u00e7in Uygunluk Sertifikas\u0131&#8221; alabilirsiniz.<\/p>\n<div class=\"wp-block-group has-light-green-cyan-background-color has-background\">\n<div class=\"wp-block-group__inner-container\">\n<p>Gerekli belgeler<\/p>\n<ul>\n<li class=\"odd\">Japon aile sicilinin bir kopyas\u0131<\/li>\n<li class=\"even\">Japon pasaportu (asl\u0131 ve fotokopisi)<\/li>\n<\/ul>\n<\/div>\n<\/div>\n<h4>3. Evlilik \u0130\u00e7in Uygunluk Belgesinin Tasdiki<\/h4>\n<p>Evlilik i\u00e7in Uygunluk Sertifikas\u0131, Tayvan&#8217;daki D\u0131\u015fi\u015fleri Bakanl\u0131\u011f\u0131 Konsolosluk B\u00fcrosunda do\u011frulanacakt\u0131r.\u00a0Bu i\u015flem yakla\u015f\u0131k iki g\u00fcn s\u00fcrer.<\/p>\n<h4>4\uff0eTayvan&#8217;a Evlilik Belgesinin Sunulmas\u0131<\/h4>\n<p>Siz ve e\u015finiz Tayvan belediye binas\u0131na gidip \u201cEvlili\u011fe Uygunluk Belgesi\u201d ve \u201cEvlilik Belgesi\u201d sunacaks\u0131n\u0131z.\u00a0Bildirim kabul edildi\u011finde, \u201ce\u015finizin bilgilerinin bulundu\u011fu aile sicilinin bir kopyas\u0131\u201d ve \u201cevlilik c\u00fczdan\u0131\u201d alabileceksiniz.<\/p>\n<p>Bu, Tayvan&#8217;daki prosed\u00fcr\u00fcn sonudur.\u00a0Japonya&#8217;ya geri d\u00f6nelim.<\/p>\n<h4>5. Evlili\u011finizi Japonya&#8217;da kaydettirin<\/h4>\n<p>Evlili\u011finizi Japonya&#8217;daki belediye dairesine kaydedebilirsiniz.<\/p>\n<div class=\"wp-block-group has-light-green-cyan-background-color has-background\">\n<div class=\"wp-block-group__inner-container\">\n<p>Gerekli belgeler<\/p>\n<ul>\n<li class=\"odd\">Evlilik c\u00fczdan\u0131 (Japonca \u00e7evirisi gereklidir) ve e\u015finizin aile kayd\u0131n\u0131n bir kopyas\u0131 (Japonca \u00e7evirisi gereklidir)<\/li>\n<li class=\"even\">Tayvan pasaportu (hen\u00fcz d\u00fczenlenmemi\u015fse gerekli de\u011fildir)<\/li>\n<li class=\"odd\">Japon m\u00fchr\u00fc (inkan)<\/li>\n<\/ul>\n<\/div>\n<\/div>\n","protected":false},"excerpt":{"rendered":"<p>Tayvanl\u0131 e\u015finiz \u015fu anda Japonya&#8217;da ya\u015f\u0131yorsa ve onun aile sicilini Tayvan&#8217;da alabiliyorsan\u0131z, formaliteleri yaln\u0131zca Japonya&#8217;da tamamlayabiliriz! Di\u011fer durumlarda, prosed\u00fcr\u00fcn \u00f6nce Japonya&#8217;da m\u0131 yoksa Tayvan&#8217;da m\u0131 yap\u0131ld\u0131\u011f\u0131 \u00f6nemli de\u011fildir. Di\u011fer durumlarda, \u00f6nce Japonya&#8217;da m\u0131 yoksa Tayvan&#8217;da m\u0131 ba\u015fvurdu\u011funuz \u00f6nemli de\u011fildir. \u00d6nce Japonya&#8217;da evlilik ba\u015fvurusunda bulunmak istiyorsan\u0131z 1. Tayvan&#8217;daki aile sicilinizin bir kopyas\u0131n\u0131 edinme Tayvan vatanda\u015f\u0131ysan\u0131z, Tayvan&#8217;daki aile sicilinizin \u00fc\u00e7 kopyas\u0131n\u0131 edinmeniz gerekir.\u00a0Japonya&#8217;daysan\u0131z ve Tayvan&#8217;da bir tan\u0131d\u0131klar\u0131n\u0131z varsa, ba\u015fvuru formunu ve tan\u0131d\u0131klar\u0131n\u0131z i\u00e7in bir avukat mektubu almak i\u00e7in Taipei Ekonomik ve K\u00fclt\u00fcrel Temsilcilik Ofisine gidebilirsiniz. 2. Evlili\u011fe Uygunluk Belgesi Alma Taipei Ekonomik ve K\u00fclt\u00fcrel Temsilcilik Ofisine Evlilik \u0130\u00e7in Uygunluk Sertifikas\u0131 i\u00e7in ba\u015fvurabilirsiniz. Tayvan vatanda\u015flar\u0131 i\u00e7in gerekli belgeler Aile kayd\u0131n\u0131z\u0131n bir kopyas\u0131 (Japonca [&hellip;]<\/p>\n","protected":false},"author":2,"featured_media":0,"parent":0,"menu_order":0,"comment_status":"closed","ping_status":"closed","template":"","meta":{"footnotes":""},"tags":[],"class_list":["post-4575","page","type-page","status-publish"],"aioseo_notices":[],"_links":{"self":[{"href":"https:\/\/international-marriage.info\/tr\/wp-json\/wp\/v2\/pages\/4575","targetHints":{"allow":["GET"]}}],"collection":[{"href":"https:\/\/international-marriage.info\/tr\/wp-json\/wp\/v2\/pages"}],"about":[{"href":"https:\/\/international-marriage.info\/tr\/wp-json\/wp\/v2\/types\/page"}],"author":[{"embeddable":true,"href":"https:\/\/international-marriage.info\/tr\/wp-json\/wp\/v2\/users\/2"}],"replies":[{"embeddable":true,"href":"https:\/\/international-marriage.info\/tr\/wp-json\/wp\/v2\/comments?post=4575"}],"version-history":[{"count":0,"href":"https:\/\/international-marriage.info\/tr\/wp-json\/wp\/v2\/pages\/4575\/revisions"}],"wp:attachment":[{"href":"https:\/\/international-marriage.info\/tr\/wp-json\/wp\/v2\/media?parent=4575"}],"wp:term":[{"taxonomy":"post_tag","embeddable":true,"href":"https:\/\/international-marriage.info\/tr\/wp-json\/wp\/v2\/tags?post=4575"}],"curies":[{"name":"wp","href":"https:\/\/api.w.org\/{rel}","templated":true}]}}