{"id":4621,"date":"2021-01-15T03:31:31","date_gmt":"2021-01-14T18:31:31","guid":{"rendered":"https:\/\/international-marriage.info\/?page_id=4621"},"modified":"2021-01-15T03:31:31","modified_gmt":"2021-01-14T18:31:31","slug":"heart","status":"publish","type":"page","link":"https:\/\/international-marriage.info\/tr\/heart\/","title":{"rendered":"Vize ba\u015fvuru deste\u011fi konusundaki d\u00fc\u015f\u00fcncelerimiz"},"content":{"rendered":"<figure class=\"wp-block-image\"><img decoding=\"async\" title=\"D\u00fc\u015f\u00fcnce destek personeli\" src=\"https:\/\/international-marriage.info\/wp-admin\/images\/support.png\" alt=\"D\u00fc\u015f\u00fcnce destek personeli\" \/><\/figure>\n<p class=\"has-luminous-vivid-orange-color has-text-color has-large-font-size\"><span>Vize almak evlilik hayat\u0131n\u0131za engel olmamal\u0131d\u0131r.<\/span><\/p>\n<p><span>Son y\u0131llarda, oturma vizesi alman\u0131n \u00f6n\u00fcndeki engeller \u00e7ok artt\u0131.<\/span><\/p>\n<p><span>Uzun zaman \u00f6nce ihtiya\u00e7 duyulmayan \u201cili\u015fki ispat\u0131\u201d gibi belgelerin art\u0131k neredeyse zorunlu oldu\u011funu s\u00f6ylemek abart\u0131 olmaz.<\/span><\/p>\n<p><span>\u00c7\u00fcnk\u00fc ama\u00e7 sahte evlilikleri ortadan kald\u0131rmakt\u0131r.<\/span><\/p>\n<p><span>Japonya&#8217;ya \u201cJapon Vatanda\u015f\u0131n\u0131n E\u015fi veya \u00c7ocu\u011fu\u201d stat\u00fcs\u00fc ile giri\u015f yaparsan\u0131z mesle\u011finiz a\u00e7\u0131s\u0131ndan k\u0131s\u0131tlanmayacaks\u0131n\u0131z, bu da \u00e7al\u0131\u015fmak isteyenler i\u00e7in ideal.<\/span><\/p>\n<p><span>Bu nedenle Japonya&#8217;da \u00e7al\u0131\u015fmak i\u00e7in sahte evlilik yoluyla Japonya&#8217;ya giren yabanc\u0131lar\u0131n say\u0131s\u0131 her ge\u00e7en y\u0131l artmaktad\u0131r.<\/span><\/p>\n<p><span>Bu arka plana kar\u015f\u0131, birbirini seven, ger\u00e7ekten evlenmek ve birlikte ya\u015famak isteyen s\u0131radan insanlar bile, evlili\u011fin ger\u00e7ek oldu\u011funu ka\u011f\u0131t \u00fczerinde kan\u0131tlayamazlarsa, sahte bir evlilik i\u00e7in izin verilmezler.<\/span><\/p>\n<p><span>Ama a\u00e7\u0131k\u00e7as\u0131, bu do\u011fru de\u011fil ve \u00fcz\u00fcc\u00fc, de\u011fil mi?<\/span><\/p>\n<p><span>\u00c7ift olarak birlikte ya\u015fayamayacak olmam\u0131z bir trajedi.<\/span><\/p>\n<p><span>Bu ger\u00e7ekten istedi\u011fimiz \u015fey.<\/span><\/p>\n<p><span>Ge\u00e7en g\u00fcn, yeni onaylanm\u0131\u015f biriyle telefondayd\u0131m.\u00a0O bana s\u00f6yledi.<\/span><\/p>\n<p><span>Onlara verecek param yok ve onlara \u00e7ok fazla hediye alamam.<\/span><\/p>\n<p><span>Onlara verecek param yok ve \u00e7ok fazla hediye alamam.\u00a0Onlar\u0131 mutlu etmenin tek yolu bu.<\/span><\/p>\n<p><span>Japonya&#8217;da birlikte ya\u015famak.<\/span><\/p>\n<p><span>Uluslararas\u0131 evli bir \u00e7ift i\u00e7in en \u00f6nemli \u015feyin mutlu olmak oldu\u011funu hat\u0131rlatan s\u00f6zler bunlar.<\/span><\/p>\n<p><span>Mutlu bir hayata ba\u015flayamama talihsizli\u011finden ka\u00e7\u0131nmak veya reddedilme \u00e7\u0131kmaz\u0131n\u0131 defalarca k\u0131rmak istiyorsan\u0131z, l\u00fctfen bizimle ileti\u015fime ge\u00e7in.<\/span><\/p>\n<p><span>Size yard\u0131mc\u0131 olmak i\u00e7in elimizden gelen her \u015feyi yapaca\u011f\u0131z.<\/span><\/p>\n","protected":false},"excerpt":{"rendered":"<p>Vize almak evlilik hayat\u0131n\u0131za engel olmamal\u0131d\u0131r. Son y\u0131llarda, oturma vizesi alman\u0131n \u00f6n\u00fcndeki engeller \u00e7ok artt\u0131. Uzun zaman \u00f6nce ihtiya\u00e7 duyulmayan \u201cili\u015fki ispat\u0131\u201d gibi belgelerin art\u0131k neredeyse zorunlu oldu\u011funu s\u00f6ylemek abart\u0131 olmaz. \u00c7\u00fcnk\u00fc ama\u00e7 sahte evlilikleri ortadan kald\u0131rmakt\u0131r. Japonya&#8217;ya \u201cJapon Vatanda\u015f\u0131n\u0131n E\u015fi veya \u00c7ocu\u011fu\u201d stat\u00fcs\u00fc ile giri\u015f yaparsan\u0131z mesle\u011finiz a\u00e7\u0131s\u0131ndan k\u0131s\u0131tlanmayacaks\u0131n\u0131z, bu da \u00e7al\u0131\u015fmak isteyenler i\u00e7in ideal. Bu nedenle Japonya&#8217;da \u00e7al\u0131\u015fmak i\u00e7in sahte evlilik yoluyla Japonya&#8217;ya giren yabanc\u0131lar\u0131n say\u0131s\u0131 her ge\u00e7en y\u0131l artmaktad\u0131r. Bu arka plana kar\u015f\u0131, birbirini seven, ger\u00e7ekten evlenmek ve birlikte ya\u015famak isteyen s\u0131radan insanlar bile, evlili\u011fin ger\u00e7ek oldu\u011funu ka\u011f\u0131t \u00fczerinde kan\u0131tlayamazlarsa, sahte bir evlilik i\u00e7in izin verilmezler. Ama a\u00e7\u0131k\u00e7as\u0131, bu do\u011fru de\u011fil ve \u00fcz\u00fcc\u00fc, de\u011fil mi? \u00c7ift olarak [&hellip;]<\/p>\n","protected":false},"author":2,"featured_media":0,"parent":0,"menu_order":0,"comment_status":"closed","ping_status":"closed","template":"","meta":{"footnotes":""},"tags":[],"class_list":["post-4621","page","type-page","status-publish"],"aioseo_notices":[],"_links":{"self":[{"href":"https:\/\/international-marriage.info\/tr\/wp-json\/wp\/v2\/pages\/4621","targetHints":{"allow":["GET"]}}],"collection":[{"href":"https:\/\/international-marriage.info\/tr\/wp-json\/wp\/v2\/pages"}],"about":[{"href":"https:\/\/international-marriage.info\/tr\/wp-json\/wp\/v2\/types\/page"}],"author":[{"embeddable":true,"href":"https:\/\/international-marriage.info\/tr\/wp-json\/wp\/v2\/users\/2"}],"replies":[{"embeddable":true,"href":"https:\/\/international-marriage.info\/tr\/wp-json\/wp\/v2\/comments?post=4621"}],"version-history":[{"count":0,"href":"https:\/\/international-marriage.info\/tr\/wp-json\/wp\/v2\/pages\/4621\/revisions"}],"wp:attachment":[{"href":"https:\/\/international-marriage.info\/tr\/wp-json\/wp\/v2\/media?parent=4621"}],"wp:term":[{"taxonomy":"post_tag","embeddable":true,"href":"https:\/\/international-marriage.info\/tr\/wp-json\/wp\/v2\/tags?post=4621"}],"curies":[{"name":"wp","href":"https:\/\/api.w.org\/{rel}","templated":true}]}}